{"id":25096,"date":"2023-10-10T14:16:06","date_gmt":"2023-10-10T14:16:06","guid":{"rendered":"https:\/\/www.dadco.net\/quem-somos-nos\/patented-products\/international-patents\/"},"modified":"2024-11-18T16:53:47","modified_gmt":"2024-11-18T21:53:47","slug":"international-patents","status":"publish","type":"page","link":"https:\/\/www.dadco.net\/pt-br\/quem-somos-nos\/patented-products\/international-patents\/","title":{"rendered":"Patentes Internacionais"},"content":{"rendered":"<section class=\"l-section wpb_row height_auto\"><div class=\"l-section-h i-cf\"><div class=\"g-cols vc_row via_flex valign_top type_default stacking_default\"><div class=\"vc_col-sm-12 wpb_column vc_column_container\"><div class=\"vc_column-inner\"><div class=\"wpb_wrapper\"><div class=\"wpb_text_column\"><div class=\"wpb_wrapper\"><table border=\"0\" cellpadding=\"6\">\n<tbody>\n<tr>\n<th><strong>Nome(s) do Produto<\/strong><\/th>\n<th><strong>Patente N\u00ba.<\/strong><\/th>\n<\/tr>\n<tr>\n<td>90.10RX<\/td>\n<td><strong>Patente da UE No.<\/strong> \u2013 1,628,037<\/td>\n<\/tr>\n<tr>\n<td><\/td>\n<td><strong>Patente Alem\u00e3 No.<\/strong> \u2013 602005024903.6-08<\/td>\n<\/tr>\n<tr>\n<td><\/td>\n<td><strong>Patente It\u00e1lia No.<\/strong> \u2013 47860BE2011<\/td>\n<\/tr>\n<tr>\n<td><\/td>\n<td><strong>Patente Jap\u00e3o No. No.<\/strong>  &#8211; 4,733,464<\/td>\n<\/tr>\n<tr>\n<td><\/td>\n<td><strong>Patente Coreia No.<\/strong> \u2013 10-1205274<\/td>\n<\/tr>\n<tr>\n<td><\/td>\n<td><strong>Patente Espanha No.<\/strong> \u2013 ES2355261 T3<\/td>\n<\/tr>\n<tr>\n<td><\/td>\n<td><strong>Patente Su\u00e9cia No.<\/strong> \u2013 SE-21050612<\/td>\n<\/tr>\n<tr>\n<td>SL2.090, SL2.180 e SL2.300<\/td>\n<td><strong>Patente da UE No.<\/strong> \u2013 1,767,310<\/td>\n<\/tr>\n<tr>\n<td><\/td>\n<td><strong>Patente Alem\u00e3 No.<\/strong> \u2013 602006012143.1<\/td>\n<\/tr>\n<tr>\n<td><\/td>\n<td><strong>Patente It\u00e1lia No.<\/strong> \u2013 1767310 (Refer to EP)<\/td>\n<\/tr>\n<tr>\n<td><\/td>\n<td><strong>Patente Espanha No.<\/strong> \u2013 2340411<\/td>\n<\/tr>\n<tr>\n<td><\/td>\n<td><strong>Patente Su\u00e9cia No.<\/strong> \u2013 1767310 (Refer to EP)<\/td>\n<\/tr>\n<tr>\n<td>SLN.180<\/td>\n<td><strong>Patente Canad\u00e1 No.<\/strong> \u2013 Patente Pendente<\/td>\n<\/tr>\n<tr>\n<td><\/td>\n<td><strong>Patente da UE No.<\/strong> \u2013 1,859,875<\/td>\n<\/tr>\n<tr>\n<td><\/td>\n<td><strong>Patente Alem\u00e3 No.<\/strong> \u2013 602006014513.6<\/td>\n<\/tr>\n<tr>\n<td><\/td>\n<td><strong>Patente It\u00e1lia No. <\/strong>\u2013 1,859,875 (Refer to EP)<\/td>\n<\/tr>\n<tr>\n<td><\/td>\n<td><strong>Patente Espanha No.<\/strong> \u2013 1,859,875 (Refer to EP)<\/td>\n<\/tr>\n<tr>\n<td><\/td>\n<td><strong>Patente Su\u00e9cia No.<\/strong> \u20131,859,875 (Refer to EP)<\/td>\n<\/tr>\n<tr>\n<td>90.243 Indicador de Press\u00e3o<\/td>\n<td><strong>Patente da UE No.<\/strong> \u2013 1,992,931<\/td>\n<\/tr>\n<tr>\n<td><\/td>\n<td><strong>Patente Jap\u00e3o No. No.<\/strong> \u2013 JP. 5,373,314<\/td>\n<\/tr>\n<tr>\n<td>Sistema de Retorno com Atraso (DRS)<\/td>\n<td><strong>Patente Brasil No. <\/strong>\u2013 BR 1020140230807<\/td>\n<\/tr>\n<tr>\n<td><\/td>\n<td><strong>Patente China No.<\/strong> \u2013 ZL 200910211678.3<\/td>\n<\/tr>\n<tr>\n<td><\/td>\n<td><strong>Patente da UE No.<\/strong> \u2013 2,147,730 B1<\/td>\n<\/tr>\n<tr>\n<td><\/td>\n<td><strong>Patente Jap\u00e3o No.<\/strong> \u2013 5,734,554<\/td>\n<\/tr>\n<tr>\n<td><\/td>\n<td><strong>Patente Coreia No.<\/strong> \u2013 10-2009-0095292<\/td>\n<\/tr>\n<tr>\n<td>S\u00e9rie UX<\/td>\n<td><strong>Patente Brasil No.<\/strong> \u2013 PI0804076-1<\/td>\n<\/tr>\n<tr>\n<td><\/td>\n<td><strong>Patente Canad\u00e1 No.<\/strong> \u2013 2639191<\/td>\n<\/tr>\n<tr>\n<td><\/td>\n<td><strong>Patente da UE No.<\/strong> \u2013 2037148<\/td>\n<\/tr>\n<tr>\n<td><\/td>\n<td><strong>Patente Jap\u00e3o No.<\/strong> \u2013 5560204<\/td>\n<\/tr>\n<tr>\n<td><\/td>\n<td><strong>Patente Coreia No.<\/strong> \u2013 1463453<\/td>\n<\/tr>\n<tr>\n<td><\/td>\n<td><strong>Patente M\u00e9xico No.<\/strong> \u2013 297413<\/td>\n<\/tr>\n<tr>\n<td>S\u00e9rie UX<\/td>\n<td><strong>Patente China No.<\/strong> \u2013 201310092148.8<\/td>\n<\/tr>\n<tr>\n<td><\/td>\n<td><strong>Patente da UE No.<\/strong> \u2013 2628975<\/td>\n<\/tr>\n<tr>\n<td><\/td>\n<td><strong>Patente It\u00e1lia No.<\/strong> \u2013 13000640.6<\/td>\n<\/tr>\n<tr>\n<td><\/td>\n<td><strong>Patente Coreia No.<\/strong> \u2013 2561.3062.005 (Patente Pendente)<\/td>\n<\/tr>\n<tr>\n<td>S\u00e9rie FCL<\/td>\n<td><strong>Patente Alem\u00e3 No.<\/strong> \u2013 10 2010 000 574.6<\/td>\n<\/tr>\n<tr>\n<td>Conjuntos de Guia (S\u00e9rie GRS)<\/td>\n<td><strong>Patente Brasil No.<\/strong> \u2013 PI 1100160-7<\/td>\n<\/tr>\n<tr>\n<td><\/td>\n<td><strong>Patente Canad\u00e1 No.<\/strong> \u2013 2,731,089<\/td>\n<\/tr>\n<tr>\n<td><\/td>\n<td><strong>Patente da UE No.<\/strong> \u2013 2,353,747<\/td>\n<\/tr>\n<tr>\n<td><\/td>\n<td><strong>Patente Jap\u00e3o No. <\/strong>\u2013 5,560,204<\/td>\n<\/tr>\n<tr>\n<td>Sobrecurso Al\u00edvio de Press\u00e3o de uma Mola a G\u00e1s<\/td>\n<td><strong>Patente China No.<\/strong> \u2013 ZL201410094454.X<\/td>\n<\/tr>\n<tr>\n<td><\/td>\n<td><strong>Patente da UE No.<\/strong> \u2013 14 158 102.5 (Patente Pendente)<\/td>\n<\/tr>\n<tr>\n<td>Sobrecurso Al\u00edvio de Press\u00e3o de uma Mola a G\u00e1s<\/td>\n<td><strong>Patente Brasil No.<\/strong> \u2013 Patente Pendente<\/td>\n<\/tr>\n<tr>\n<td><\/td>\n<td><strong>Patente China No. <\/strong> \u2013 ZL201780060762.2<\/td>\n<\/tr>\n<tr>\n<td><\/td>\n<td><strong>Patente da UE No.<\/strong> \u2013 EP 2 778 465 B1<\/td>\n<\/tr>\n<tr>\n<td><\/td>\n<td><strong>Patente \u00cdndia No.<\/strong> \u2013 201937010288<\/td>\n<\/tr>\n<tr>\n<td><\/td>\n<td><strong>Patente Jap\u00e3o No.<\/strong> \u2013 6,961,183<\/td>\n<\/tr>\n<tr>\n<td><\/td>\n<td><strong>Patente Coreia No.<\/strong>\u2013 10-2019-7011878 (Patente Pendente)<\/td>\n<\/tr>\n<tr>\n<td><\/td>\n<td><strong>Patente Su\u00ed\u00e7a No.<\/strong> \u2013 Patente Pendente<\/td>\n<\/tr>\n<tr>\n<td>Sobrecurso Al\u00edvio de Press\u00e3o de uma Mola a G\u00e1s<\/td>\n<td><strong>Patente Brasil No.<\/strong> \u2013 Patente Pendente<\/td>\n<\/tr>\n<tr>\n<td><\/td>\n<td><strong>China Patent No. <\/strong> \u2013 Patente Pendente<\/td>\n<\/tr>\n<tr>\n<td><\/td>\n<td><strong>Patente da UE No.<\/strong> \u2013 3296589 Patente Pendente<\/td>\n<\/tr>\n<tr>\n<td><\/td>\n<td><strong>Patente \u00cdndia No.<\/strong> \u2013 3296589 Patente Pendente<\/td>\n<\/tr>\n<tr>\n<td><\/td>\n<td><strong>Patente It\u00e1lia No.<\/strong> \u2013 17191093.8<\/td>\n<\/tr>\n<tr>\n<td><\/td>\n<td><strong>Patente Jap\u00e3o No.<\/strong> \u2013 6,961,182<\/td>\n<\/tr>\n<tr>\n<td><\/td>\n<td><strong>Patente Coreia No. <\/strong> \u2013 10-2405027 (Patente Pendente)<\/td>\n<\/tr>\n<tr>\n<td><\/td>\n<td><strong>Patente de Taiwan No.<\/strong> \u2013 Patente Pendente<\/td>\n<\/tr>\n<tr>\n<td><\/td>\n<td><strong>Patente da Turquia No.<\/strong> \u2013 3296589 Patente Pendente<\/td>\n<\/tr>\n<tr>\n<td>Sobrecurso Al\u00edvio de Press\u00e3o de uma Mola a G\u00e1s<\/td>\n<td><strong>Patente Brasil No.<\/strong> \u2013 BR1120210185828<\/td>\n<\/tr>\n<tr>\n<td><\/td>\n<td><strong>China Patent No.<\/strong> \u2013 Patente Pendente<\/td>\n<\/tr>\n<tr>\n<td><\/td>\n<td><strong>Patente da UE No.<\/strong> \u2013 Patente Pendente<\/td>\n<\/tr>\n<tr>\n<td><\/td>\n<td><strong>Patente de Taiwan No.<\/strong> \u2013 Patente Pendente<\/td>\n<\/tr>\n<tr>\n<td>Conjunto de V\u00e1lvula de Al\u00edvio de Press\u00e3o<\/td>\n<td><strong>Patente China No.<\/strong> \u2013 ZL201980038957.6<\/td>\n<\/tr>\n<tr>\n<td><\/td>\n<td><strong>Patente da UE No.<\/strong> \u2013 Patente Pendente<\/td>\n<\/tr>\n<tr>\n<td><\/td>\n<td><strong>Patente de Taiwan No.<\/strong> \u2013 Patente Pendente<\/td>\n<\/tr>\n<\/tbody>\n<\/table>\n<p>\n<\/div><\/div><\/div><\/div><\/div><\/div><\/div><\/section>\n","protected":false},"excerpt":{"rendered":"Nome(s) do Produto Patente N\u00ba. 90.10RX Patente da UE No. \u2013 1,628,037 Patente Alem\u00e3 No. \u2013 602005024903.6-08 Patente It\u00e1lia No. \u2013 47860BE2011 Patente Jap\u00e3o No. No. &#8211; 4,733,464 Patente Coreia No. \u2013 10-1205274 Patente Espanha No. \u2013 ES2355261 T3 Patente Su\u00e9cia No. \u2013 SE-21050612 SL2.090, SL2.180 e SL2.300 Patente da UE No. \u2013 1,767,310 Patente...","protected":false},"author":1,"featured_media":0,"parent":25072,"menu_order":0,"comment_status":"closed","ping_status":"closed","template":"","meta":{"footnotes":""},"class_list":["post-25096","page","type-page","status-publish","hentry"],"acf":[],"_links":{"self":[{"href":"https:\/\/www.dadco.net\/pt-br\/wp-json\/wp\/v2\/pages\/25096","targetHints":{"allow":["GET"]}}],"collection":[{"href":"https:\/\/www.dadco.net\/pt-br\/wp-json\/wp\/v2\/pages"}],"about":[{"href":"https:\/\/www.dadco.net\/pt-br\/wp-json\/wp\/v2\/types\/page"}],"author":[{"embeddable":true,"href":"https:\/\/www.dadco.net\/pt-br\/wp-json\/wp\/v2\/users\/1"}],"replies":[{"embeddable":true,"href":"https:\/\/www.dadco.net\/pt-br\/wp-json\/wp\/v2\/comments?post=25096"}],"version-history":[{"count":5,"href":"https:\/\/www.dadco.net\/pt-br\/wp-json\/wp\/v2\/pages\/25096\/revisions"}],"predecessor-version":[{"id":32435,"href":"https:\/\/www.dadco.net\/pt-br\/wp-json\/wp\/v2\/pages\/25096\/revisions\/32435"}],"up":[{"embeddable":true,"href":"https:\/\/www.dadco.net\/pt-br\/wp-json\/wp\/v2\/pages\/25072"}],"wp:attachment":[{"href":"https:\/\/www.dadco.net\/pt-br\/wp-json\/wp\/v2\/media?parent=25096"}],"curies":[{"name":"wp","href":"https:\/\/api.w.org\/{rel}","templated":true}]}}