{"id":25072,"date":"2022-09-02T14:40:40","date_gmt":"2022-09-02T14:40:40","guid":{"rendered":"https:\/\/www.dadco.net\/quem-somos-nos\/patented-products\/"},"modified":"2024-11-18T15:52:02","modified_gmt":"2024-11-18T20:52:02","slug":"patented-products","status":"publish","type":"page","link":"https:\/\/www.dadco.net\/pt-br\/quem-somos-nos\/patented-products\/","title":{"rendered":"Produtos Patenteados"},"content":{"rendered":"<section class=\"l-section wpb_row height_auto\"><div class=\"l-section-h i-cf\"><div class=\"g-cols vc_row via_flex valign_top type_default stacking_default\"><div class=\"vc_col-sm-12 wpb_column vc_column_container\"><div class=\"vc_column-inner\"><div class=\"wpb_wrapper\"><div class=\"wpb_text_column\"><div class=\"wpb_wrapper\"><p>Em acordo com a Se\u00e7\u00e3o 287 (a) do T\u00edtulo 35 do C\u00f3digo dos Estados Unidos, aviso de que cada um dos seguintes produtos DADCO \u00e9 coberto pela(s) Patente(s) DADCO U.S. associada(s):<\/p>\n<table border=\"0\" cellpadding=\"6\">\n<tbody>\n<tr>\n<th width=\"325px\"><b>Nome(s) do Produto<br \/>\n<\/b><\/th>\n<th width=\"250px\"><b>Patente dos EUA No.<\/b><\/th>\n<td width=\"125px\"><\/td>\n<\/tr>\n<tr align=\"left\">\n<td>90.10RX<\/td>\n<td>7,559,542 B2<\/td>\n<td><\/td>\n<\/tr>\n<tr align=\"left\">\n<td>SL2.090, SL2.180 e SL2.300<\/td>\n<td>7,861,569 B2<\/td>\n<td><\/td>\n<\/tr>\n<tr align=\"left\">\n<td>SLN.180<\/td>\n<td>7,152,451 B1<\/td>\n<td><\/td>\n<\/tr>\n<tr align=\"left\">\n<td>90.243 Indicador de Press\u00e3o<\/td>\n<td>7,870,832 B2<\/td>\n<td><\/td>\n<\/tr>\n<tr align=\"left\">\n<td>Sistema de Retorno com Atraso (DRS)<\/td>\n<td>8,348,249 B2<\/td>\n<td><\/td>\n<\/tr>\n<tr align=\"left\">\n<td>S\u00e9rie UX<\/td>\n<td>8,444,122 and 9,046,246 B2<\/td>\n<td><\/td>\n<\/tr>\n<tr align=\"left\">\n<td>S\u00e9rie FCL<\/td>\n<td>8,490,763<\/td>\n<td><\/td>\n<\/tr>\n<tr align=\"left\">\n<td>Conjuntos de Guia (S\u00e9rie GRS)<\/td>\n<td>8,567,227 B2<\/td>\n<td><\/td>\n<\/tr>\n<tr align=\"left\">\n<td>Sobrecurso Al\u00edvio de Press\u00e3o de uma Mola a G\u00e1s<\/td>\n<td>9,347,510, 10,113,605 B2, 10,527,121, and 11,460,087 B2<\/td>\n<td><\/td>\n<\/tr>\n<tr align=\"left\">\n<td>HP3 Levantador<\/td>\n<td>10,962,030<\/td>\n<td><\/td>\n<\/tr>\n<tr align=\"left\">\n<td>Conjunto de V\u00e1lvula de Al\u00edvio de Press\u00e3o<\/td>\n<td>Patente Pendente<\/td>\n<td><\/td>\n<\/tr>\n<tr align=\"left\">\n<td>Mola a G\u00e1s com Acumulador Hidr\u00e1ulico<\/td>\n<td>Patente Pendente<\/td>\n<td><\/td>\n<\/tr>\n<tr align=\"left\">\n<td>Bra\u00e7adeira Acion\u00e1vel por Came<\/td>\n<td>Patente Pendente<\/td>\n<td><\/td>\n<\/tr>\n<\/tbody>\n<\/table>\n<\/div><\/div><\/div><\/div><\/div><\/div><\/div><\/section>\n","protected":false},"excerpt":{"rendered":"Em acordo com a Se\u00e7\u00e3o 287 (a) do T\u00edtulo 35 do C\u00f3digo dos Estados Unidos, aviso de que cada um dos seguintes produtos DADCO \u00e9 coberto pela(s) Patente(s) DADCO U.S. associada(s): Nome(s) do Produto Patente dos EUA No. 90.10RX 7,559,542 B2 SL2.090, SL2.180 e SL2.300 7,861,569 B2 SLN.180 7,152,451 B1 90.243 Indicador de Press\u00e3o 7,870,832...","protected":false},"author":1,"featured_media":0,"parent":14795,"menu_order":6,"comment_status":"closed","ping_status":"closed","template":"","meta":{"footnotes":""},"class_list":["post-25072","page","type-page","status-publish","hentry"],"acf":[],"_links":{"self":[{"href":"https:\/\/www.dadco.net\/pt-br\/wp-json\/wp\/v2\/pages\/25072","targetHints":{"allow":["GET"]}}],"collection":[{"href":"https:\/\/www.dadco.net\/pt-br\/wp-json\/wp\/v2\/pages"}],"about":[{"href":"https:\/\/www.dadco.net\/pt-br\/wp-json\/wp\/v2\/types\/page"}],"author":[{"embeddable":true,"href":"https:\/\/www.dadco.net\/pt-br\/wp-json\/wp\/v2\/users\/1"}],"replies":[{"embeddable":true,"href":"https:\/\/www.dadco.net\/pt-br\/wp-json\/wp\/v2\/comments?post=25072"}],"version-history":[{"count":5,"href":"https:\/\/www.dadco.net\/pt-br\/wp-json\/wp\/v2\/pages\/25072\/revisions"}],"predecessor-version":[{"id":32426,"href":"https:\/\/www.dadco.net\/pt-br\/wp-json\/wp\/v2\/pages\/25072\/revisions\/32426"}],"up":[{"embeddable":true,"href":"https:\/\/www.dadco.net\/pt-br\/wp-json\/wp\/v2\/pages\/14795"}],"wp:attachment":[{"href":"https:\/\/www.dadco.net\/pt-br\/wp-json\/wp\/v2\/media?parent=25072"}],"curies":[{"name":"wp","href":"https:\/\/api.w.org\/{rel}","templated":true}]}}