{"id":17993,"date":"2022-09-15T15:43:59","date_gmt":"2022-09-15T15:43:59","guid":{"rendered":"https:\/\/www.dadco.net\/support\/faq\/norma-de-equipamento-pressurizado-pressure-equipment-directive\/"},"modified":"2024-02-26T11:22:44","modified_gmt":"2024-02-26T16:22:44","slug":"norma-de-equipamento-pressurizado-pressure-equipment-directive","status":"publish","type":"page","link":"https:\/\/www.dadco.net\/pt-br\/support\/faq\/norma-de-equipamento-pressurizado-pressure-equipment-directive\/","title":{"rendered":"Diretriz de Equipamentos de Press\u00e3o"},"content":{"rendered":"<section class=\"l-section wpb_row height_auto\"><div class=\"l-section-h i-cf\"><div class=\"g-cols vc_row via_flex valign_top type_default stacking_default\"><div class=\"vc_col-sm-12 wpb_column vc_column_container\"><div class=\"vc_column-inner\"><div class=\"wpb_wrapper\"><div class=\"w-tabs style_default switch_click accordion has_scrolling\"><div class=\"w-tabs-sections titles-align_none icon_chevron cpos_right\"><div class=\"w-tabs-section active\" id=\"c578\"><button class=\"w-tabs-section-header active\" aria-controls=\"content-c578\" aria-expanded=\"true\"><h2 class=\"w-tabs-section-title\">Quest\u00f5es frequentes referente ao PED<\/h2><div class=\"w-tabs-section-control\"><\/div><\/button><div  class=\"w-tabs-section-content\" id=\"content-c578\"><div class=\"w-tabs-section-content-h i-cf\"><div class=\"g-cols wpb_row via_flex valign_top type_default stacking_default\"><div class=\"vc_col-sm-12 wpb_column vc_column_container\"><div class=\"vc_column-inner\"><div class=\"wpb_wrapper\"><div class=\"wpb_text_column\"><div class=\"wpb_wrapper\"><div class=\"wrap\">\n<section id=\"contentwrap\">\n<section id=\"content\">\n<article id=\"post-428\" class=\"post\">\n<div class=\"entry\">\n<div id=\"target-id632347f0c1aa3\" class=\"collapseomatic_content \">\n<div>\n<h3>O que \u00e9 a PED?<\/h3>\n<p>PED significa Norma de Equipamento Pressurizado. (Pressure Equipment Directive) Em um esfor\u00e7o para harmonizar a legisla\u00e7\u00e3o nacional em mat\u00e9ria de design, fabrica\u00e7\u00e3o e testes de equipamentos de press\u00e3o, o Parlamento Europeu e do Conselho da Uni\u00e3o Europ\u00e9ia adotou a PED. A PED entrou em vigor em 29 de Maio de 2002, estabelecendo que todos os equipamentos de press\u00e3o fabricados e colocados no mercado na Uni\u00e3o Europ\u00e9ia ap\u00f3s essa data estar\u00e3o sujeitos \u00e0s exig\u00eancias da PED.  <\/p>\n<\/div>\n<\/div>\n<\/div>\n<\/article>\n<\/section>\n<\/section>\n<\/div>\n<\/div><\/div><\/div><\/div><\/div><\/div><div class=\"g-cols wpb_row via_flex valign_top type_default stacking_default\"><div class=\"vc_col-sm-12 wpb_column vc_column_container\"><div class=\"vc_column-inner\"><div class=\"wpb_wrapper\"><div class=\"wpb_text_column\"><div class=\"wpb_wrapper\"><div>\n<h3>A DADCO est\u00e1 em conformidade com a PED?<\/h3>\n<p>Sim, a DADCO \u00e9 certificada pela T\u00dcV CERT, T\u00dcV Rheinland\/Berlin-Brandenburg em conformidade com a PED. Todas as molas a g\u00e1s nitrog\u00eanio da DADCO est\u00e3o em conformidade com aquelas utilizadas na Uni\u00e3o Europ\u00e9ia, exigida pela PED a ter a marca CE, s\u00e3o marcados CE 0035. Segundo a PED, a marca CE somente pode ser utilizada nos cilindros que se enquadram dentro das categorias especificadas de acordo com a PED. (ex. tamanhos menores n\u00e3o recebem a marca CE).  <\/p>\n<\/div>\n<\/div><\/div><\/div><\/div><\/div><\/div><div class=\"g-cols wpb_row via_flex valign_top type_default stacking_default\"><div class=\"vc_col-sm-12 wpb_column vc_column_container\"><div class=\"vc_column-inner\"><div class=\"wpb_wrapper\"><div class=\"wpb_text_column\"><div class=\"wpb_wrapper\"><div>\n<h3>A conformidade com a PED exigiu altera\u00e7\u00f5es no design de DADCO molas a g\u00e1s?<\/h3>\n<p>N\u00e3o, n\u00f3s n\u00e3o fomos obrigados a fazer qualquer altera\u00e7\u00e3o no design da mola a g\u00e1s DADCO para estar em conformidade com a PED.<\/p>\n<\/div>\n<\/div><\/div><\/div><\/div><\/div><\/div><div class=\"g-cols wpb_row via_flex valign_top type_default stacking_default\"><div class=\"vc_col-sm-12 wpb_column vc_column_container\"><div class=\"vc_column-inner\"><div class=\"wpb_wrapper\"><div class=\"wpb_text_column\"><div class=\"wpb_wrapper\"><div>\n<h3>A DADCO \u00e9 aprovada sob qual m\u00f3dulo da PED?<\/h3>\n<p>A DADCO \u00e9 aprovada pelo T\u00dcV CERT, T\u00dcV Rheinland\/Berlin-Brandenburg sob PED, Modulo A1.<\/p>\n<\/div>\n<\/div><\/div><\/div><\/div><\/div><\/div><div class=\"g-cols wpb_row via_flex valign_top type_default stacking_default\"><div class=\"vc_col-sm-12 wpb_column vc_column_container\"><div class=\"vc_column-inner\"><div class=\"wpb_wrapper\"><div class=\"wpb_text_column\"><div class=\"wpb_wrapper\"><div>\n<h3>Haver\u00e1 quest\u00f5es em rela\u00e7\u00e3o \u00e0 reparo ou adapta\u00e7\u00e3o de antigos modelos de molas a g\u00e1s nitrog\u00eanio da DADCO?<\/h3>\n<p>N\u00e3o, a habilidade de reparar ou adaptar cilindros DADCO existentes ainda ser\u00e1 t\u00e3o f\u00e1cil como sempre foi. Todos os componentes de molas a g\u00e1s conforme a PED s\u00e3o iguais \u00e0queles fabricados antes do estabelecimento da PED. O melhor caminho para manuten\u00e7\u00e3o segura \u00e9 treinamento adequada, ader\u00eancia \u00e0s instru\u00e7\u00f5es de manuten\u00e7\u00e3o publicadas, e utiliza\u00e7\u00e3o de pe\u00e7as da mesma OEM.  <\/p>\n<\/div>\n<\/div><\/div><\/div><\/div><\/div><\/div><div class=\"g-cols wpb_row via_flex valign_top type_default stacking_default\"><div class=\"vc_col-sm-12 wpb_column vc_column_container\"><div class=\"vc_column-inner\"><div class=\"wpb_wrapper\"><div class=\"wpb_text_column\"><div class=\"wpb_wrapper\"><div>\n<h3>A PED exige auditoria dos materiais utilizados na produ\u00e7\u00e3o?<\/h3>\n<p>Sim, a PED requer equipamentos de press\u00e3o para ter um alto n\u00edvel de rastreabilidade. Estes materiais tamb\u00e9m devem estar de acordo com os requisitos de impacto e alongamento. Todos os materiais utilizados na S\u00e9rie 90.10 j\u00e1 estavam em conformidade com este requisito.  <\/p>\n<\/div>\n<\/div><\/div><\/div><\/div><\/div><\/div><div class=\"g-cols wpb_row via_flex valign_top type_default stacking_default\"><div class=\"vc_col-sm-12 wpb_column vc_column_container\"><div class=\"vc_column-inner\"><div class=\"wpb_wrapper\"><div class=\"wpb_text_column\"><div class=\"wpb_wrapper\"><h3>Qual \u00e9 a diferen\u00e7a entre os cilindros DADCO com a marca CE e os que n\u00e3o tem marca\u00e7\u00e3o CE?<\/h3>\n<p>O design, o processamento, materiais, e n\u00edvel de qualidade s\u00e3o iguais. Os cilindros marcados CE s\u00e3o sujeitos a testes adicionais de solda e press\u00e3o exigida pela PED. A marca CE s\u00f3 \u00e9 necess\u00e1ria nos produtos sendo utilizados no mercado da Uni\u00e3o Europ\u00e9ia, a marca CE est\u00e1 dispon\u00edvel como uma op\u00e7\u00e3o para embarques dom\u00e9sticos.<\/p>\n<\/div><\/div><\/div><\/div><\/div><\/div><\/div><\/div><\/div><\/div><\/div><\/div><\/div><\/div><\/div><\/div><\/section>\n","protected":false},"excerpt":{"rendered":"Quest\u00f5es frequentes referente ao PED O que \u00e9 a PED? PED significa Norma de Equipamento Pressurizado. (Pressure Equipment Directive) Em um esfor\u00e7o para harmonizar a legisla\u00e7\u00e3o nacional em mat\u00e9ria de design, fabrica\u00e7\u00e3o e testes de equipamentos de press\u00e3o, o Parlamento Europeu e do Conselho da Uni\u00e3o Europ\u00e9ia adotou a PED. A PED entrou em vigor...","protected":false},"author":1,"featured_media":0,"parent":17631,"menu_order":5,"comment_status":"closed","ping_status":"closed","template":"","meta":{"_acf_changed":false,"footnotes":""},"class_list":["post-17993","page","type-page","status-publish","hentry"],"acf":[],"_links":{"self":[{"href":"https:\/\/www.dadco.net\/pt-br\/wp-json\/wp\/v2\/pages\/17993","targetHints":{"allow":["GET"]}}],"collection":[{"href":"https:\/\/www.dadco.net\/pt-br\/wp-json\/wp\/v2\/pages"}],"about":[{"href":"https:\/\/www.dadco.net\/pt-br\/wp-json\/wp\/v2\/types\/page"}],"author":[{"embeddable":true,"href":"https:\/\/www.dadco.net\/pt-br\/wp-json\/wp\/v2\/users\/1"}],"replies":[{"embeddable":true,"href":"https:\/\/www.dadco.net\/pt-br\/wp-json\/wp\/v2\/comments?post=17993"}],"version-history":[{"count":5,"href":"https:\/\/www.dadco.net\/pt-br\/wp-json\/wp\/v2\/pages\/17993\/revisions"}],"predecessor-version":[{"id":31166,"href":"https:\/\/www.dadco.net\/pt-br\/wp-json\/wp\/v2\/pages\/17993\/revisions\/31166"}],"up":[{"embeddable":true,"href":"https:\/\/www.dadco.net\/pt-br\/wp-json\/wp\/v2\/pages\/17631"}],"wp:attachment":[{"href":"https:\/\/www.dadco.net\/pt-br\/wp-json\/wp\/v2\/media?parent=17993"}],"curies":[{"name":"wp","href":"https:\/\/api.w.org\/{rel}","templated":true}]}}