{"id":17983,"date":"2022-09-15T15:42:26","date_gmt":"2022-09-15T15:42:26","guid":{"rendered":"https:\/\/www.dadco.net\/support\/faq\/cilindros-hidraulicos\/"},"modified":"2024-02-26T11:22:44","modified_gmt":"2024-02-26T16:22:44","slug":"cilindros-hidraulicos","status":"publish","type":"page","link":"https:\/\/www.dadco.net\/pt-br\/support\/faq\/cilindros-hidraulicos\/","title":{"rendered":"Cilindros Hidr\u00e1ulicos"},"content":{"rendered":"<section class=\"l-section wpb_row height_auto\"><div class=\"l-section-h i-cf\"><div class=\"g-cols vc_row via_flex valign_top type_default stacking_default\"><div class=\"vc_col-sm-12 wpb_column vc_column_container\"><div class=\"vc_column-inner\"><div class=\"wpb_wrapper\"><div class=\"w-tabs style_default switch_click accordion has_scrolling\"><div class=\"w-tabs-sections titles-align_none icon_chevron cpos_right\"><div class=\"w-tabs-section active\" id=\"b1f1\"><button class=\"w-tabs-section-header active\" aria-controls=\"content-b1f1\" aria-expanded=\"true\"><h2 class=\"w-tabs-section-title\">Perguntas frequentes sobre cilindros hidr\u00e1ulicos<\/h2><div class=\"w-tabs-section-control\"><\/div><\/button><div  class=\"w-tabs-section-content\" id=\"content-b1f1\"><div class=\"w-tabs-section-content-h i-cf\"><div class=\"g-cols wpb_row via_flex valign_top type_default stacking_default\"><div class=\"vc_col-sm-12 wpb_column vc_column_container\"><div class=\"vc_column-inner\"><div class=\"wpb_wrapper\"><div class=\"wpb_text_column\"><div class=\"wpb_wrapper\"><div>\n<h3>Quais s\u00e3o as diferen\u00e7as entre cilindros DK e os componentes antigos da s\u00e9rie K?<\/h3>\n<table border=\"1\" cellspacing=\"0\" cellpadding=\"0\">\n<tbody>\n<tr>\n<td>\n                    <b>Caracter\u00edsticas<\/b>\n                  <\/td>\n<td>\n<p align=\"center\">\n                      <b>DADCO<br \/>\nS\u00e9rie DK<\/b>\n                    <\/p>\n<\/td>\n<td>\n<p align=\"center\">\n                      <b>Power Components S\u00e9rie K<br \/>\n<\/b>\n                    <\/p>\n<\/td>\n<\/tr>\n<tr>\n<td>Forma Redonda do corpo permite f\u00e1cil inser\u00e7\u00e3o nos alojamentos dentro do molde<\/td>\n<td>\n<p align=\"center\">sim<\/p>\n<\/td>\n<td>\n<p align=\"center\">sim<\/p>\n<\/td>\n<\/tr>\n<tr>\n<td>A forma da pe\u00e7a \u00fanica elimina vazamentos potenciais<\/td>\n<td>\n<p align=\"center\">sim<\/p>\n<\/td>\n<td>\n<p align=\"center\">n\u00e3o<\/p>\n<\/td>\n<\/tr>\n<tr>\n<td>Dois parafusos de montagem atrav\u00e9s do comprimento inteiro do corpo (Furos de montagem s\u00e3o do mesmo padr\u00e3o para as S\u00e9ries DK e K).<\/td>\n<td>\n<p align=\"center\">sim<\/p>\n<\/td>\n<td>\n<p align=\"center\">sim<\/p>\n<\/td>\n<\/tr>\n<tr>\n<td>Flange acopl\u00e1vel dispon\u00edvel para o aumento de op\u00e7\u00f5es de montagem.<\/td>\n<td>\n<p align=\"center\">sim<\/p>\n<\/td>\n<td>\n<p align=\"center\">n\u00e3o<\/p>\n<\/td>\n<\/tr>\n<tr>\n<td>Selos resistentes de alta temperatura fornecidos como padr\u00e3o \u2013 at\u00e9 204\u00b0C (400\u00b0F) para trabalho constante e at\u00e9 260\u00b0C (500\u00b0F) para dura\u00e7\u00f5es curtas.<\/td>\n<td>\n<p align=\"center\">sim<\/p>\n<\/td>\n<td>\n<p align=\"center\">n\u00e3o<\/p>\n<\/td>\n<\/tr>\n<tr>\n<td>Selos padronizados fornecem completa prote\u00e7\u00e3o contra passagem de fluidos<\/td>\n<td>\n<p align=\"center\">sim<\/p>\n<\/td>\n<td>\n<p align=\"center\">n\u00e3o<\/p>\n<\/td>\n<\/tr>\n<tr>\n<td>Extremidades da haste macho e f\u00eamea dispon\u00edveis<\/td>\n<td>\n<p align=\"center\">sim<\/p>\n<\/td>\n<td>\n<p align=\"center\">n\u00e3o<\/p>\n<\/td>\n<\/tr>\n<tr>\n<td>Convenientes entradas na base fornecidas em cada cilindro<\/td>\n<td>\n<p align=\"center\">sim<\/p>\n<\/td>\n<td>\n<p align=\"center\">sim<\/p>\n<\/td>\n<\/tr>\n<tr>\n<td>Simples troca de conex\u00f5es G 1\/8 permite a troca do orif\u00edcio da parte de tr\u00e1s para a lateral<\/td>\n<td>\n<p align=\"center\">sim<\/p>\n<\/td>\n<td>\n<p align=\"center\">n\u00e3o<\/p>\n<\/td>\n<\/tr>\n<tr>\n<td>Cada entrada vedada com selos resistentes a altas temperaturas<\/td>\n<td>\n<p align=\"center\">sim<\/p>\n<\/td>\n<td>\n<p align=\"center\">n\u00e3o<\/p>\n<\/td>\n<\/tr>\n<tr>\n<td>Fornecido com conex\u00f5es de servi\u00e7o instalados no orif\u00edcio na parte de tr\u00e1s<\/td>\n<td>\n<p align=\"center\">sim<\/p>\n<\/td>\n<td>\n<p align=\"center\">n\u00e3o<\/p>\n<\/td>\n<\/tr>\n<tr>\n<td>Modelos n\u00e3o-rotativos dispon\u00edveis<\/td>\n<td>\n<p align=\"center\">sim<\/p>\n<\/td>\n<td>\n<p align=\"center\">sim<\/p>\n<\/td>\n<\/tr>\n<tr>\n<td>O comprimento total do modelo n\u00e3o-rotativo \u00e9 igual ao modelo padronizado<\/td>\n<td>\n<p align=\"center\">sim<\/p>\n<\/td>\n<td>\n<p align=\"center\">n\u00e3o<\/p>\n<\/td>\n<\/tr>\n<tr>\n<td>Modelo de haste dupla dispon\u00edvel<\/td>\n<td>\n<p align=\"center\">sim<\/p>\n<\/td>\n<td>\n<p align=\"center\">sim<\/p>\n<\/td>\n<\/tr>\n<tr>\n<td>O comprimento total do modelo de haste dupla \u00e9 igual ao modelo padronizado.<\/td>\n<td>\n<p align=\"center\">sim<\/p>\n<\/td>\n<td>\n<p align=\"center\">n\u00e3o<\/p>\n<\/td>\n<\/tr>\n<\/tbody>\n<\/table>\n<\/div>\n<\/div><\/div><\/div><\/div><\/div><\/div><div class=\"g-cols wpb_row via_flex valign_top type_default stacking_default\"><div class=\"vc_col-sm-12 wpb_column vc_column_container\"><div class=\"vc_column-inner\"><div class=\"wpb_wrapper\"><div class=\"wpb_text_column\"><div class=\"wpb_wrapper\"><h3>Ser\u00e1 que o pino central da DADCO cilindro DK se adapta ao modelo antigo?<\/h3>\n<p>Consulte \u201cQuais s\u00e3o as diferen\u00e7as entre cilindros DK e os componentes antigos da s\u00e9rie K?\u201d<\/p>\n<\/div><\/div><\/div><\/div><\/div><\/div><\/div><\/div><\/div><div class=\"w-tabs-section\" id=\"ua47\"><button class=\"w-tabs-section-header\" aria-controls=\"content-ua47\" aria-expanded=\"false\"><h2 class=\"w-tabs-section-title\">Reparo<\/h2><div class=\"w-tabs-section-control\"><\/div><\/button><div  class=\"w-tabs-section-content\" id=\"content-ua47\"><div class=\"w-tabs-section-content-h i-cf\"><div class=\"g-cols wpb_row via_flex valign_top type_default stacking_default\"><div class=\"vc_col-sm-12 wpb_column vc_column_container\"><div class=\"vc_column-inner\"><div class=\"wpb_wrapper\"><div class=\"wpb_text_column\"><div class=\"wpb_wrapper\"><h3>Como fa\u00e7o para reparar cilindros da s\u00e9rie DK?<\/h3>\n<h3>Ferramentas especiais s\u00e3o necess\u00e1rias para reparar os cilindros da s\u00e9rie DK?<\/h3>\n<\/div><\/div><div class=\"w-btn-wrapper align_none\"><a class=\"w-btn us-btn-style_1\" target=\"_blank\" href=\"https:\/\/www.dadco.net\/wp-content\/uploads\/2013\/02\/core_pin_repair1.pdf\"><span class=\"w-btn-label\">S\u00e9rie DK Instru\u00e7\u00f5es de Manuten\u00e7\u00e3o<\/span><\/a><\/div><\/div><\/div><\/div><\/div><\/div><\/div><\/div><\/div><\/div><\/div><\/div><\/div><\/div><\/div><\/section>\n","protected":false},"excerpt":{"rendered":"Perguntas frequentes sobre cilindros hidr\u00e1ulicos Quais s\u00e3o as diferen\u00e7as entre cilindros DK e os componentes antigos da s\u00e9rie K? Caracter\u00edsticas DADCO S\u00e9rie DK Power Components S\u00e9rie K Forma Redonda do corpo permite f\u00e1cil inser\u00e7\u00e3o nos alojamentos dentro do molde sim sim A forma da pe\u00e7a \u00fanica elimina vazamentos potenciais sim n\u00e3o Dois parafusos de montagem...","protected":false},"author":1,"featured_media":0,"parent":17631,"menu_order":4,"comment_status":"closed","ping_status":"closed","template":"","meta":{"_acf_changed":false,"footnotes":""},"class_list":["post-17983","page","type-page","status-publish","hentry"],"acf":[],"_links":{"self":[{"href":"https:\/\/www.dadco.net\/pt-br\/wp-json\/wp\/v2\/pages\/17983","targetHints":{"allow":["GET"]}}],"collection":[{"href":"https:\/\/www.dadco.net\/pt-br\/wp-json\/wp\/v2\/pages"}],"about":[{"href":"https:\/\/www.dadco.net\/pt-br\/wp-json\/wp\/v2\/types\/page"}],"author":[{"embeddable":true,"href":"https:\/\/www.dadco.net\/pt-br\/wp-json\/wp\/v2\/users\/1"}],"replies":[{"embeddable":true,"href":"https:\/\/www.dadco.net\/pt-br\/wp-json\/wp\/v2\/comments?post=17983"}],"version-history":[{"count":5,"href":"https:\/\/www.dadco.net\/pt-br\/wp-json\/wp\/v2\/pages\/17983\/revisions"}],"predecessor-version":[{"id":31163,"href":"https:\/\/www.dadco.net\/pt-br\/wp-json\/wp\/v2\/pages\/17983\/revisions\/31163"}],"up":[{"embeddable":true,"href":"https:\/\/www.dadco.net\/pt-br\/wp-json\/wp\/v2\/pages\/17631"}],"wp:attachment":[{"href":"https:\/\/www.dadco.net\/pt-br\/wp-json\/wp\/v2\/media?parent=17983"}],"curies":[{"name":"wp","href":"https:\/\/api.w.org\/{rel}","templated":true}]}}