{"id":17973,"date":"2022-09-15T15:40:18","date_gmt":"2022-09-15T15:40:18","guid":{"rendered":"https:\/\/www.dadco.net\/support\/faq\/cilindros-pneumaticos\/"},"modified":"2024-02-26T11:22:43","modified_gmt":"2024-02-26T16:22:43","slug":"cilindros-pneumaticos","status":"publish","type":"page","link":"https:\/\/www.dadco.net\/pt-br\/support\/faq\/cilindros-pneumaticos\/","title":{"rendered":"Cilindros Pneum\u00e1ticos"},"content":{"rendered":"<section class=\"l-section wpb_row height_auto\"><div class=\"l-section-h i-cf\"><div class=\"g-cols vc_row via_flex valign_top type_default stacking_default\"><div class=\"vc_col-sm-12 wpb_column vc_column_container\"><div class=\"vc_column-inner\"><div class=\"wpb_wrapper\"><div class=\"w-tabs style_default switch_click accordion has_scrolling\"><div class=\"w-tabs-sections titles-align_none icon_chevron cpos_right\"><div class=\"w-tabs-section active\" id=\"n8e3\"><button class=\"w-tabs-section-header active\" aria-controls=\"content-n8e3\" aria-expanded=\"true\"><h2 class=\"w-tabs-section-title\">Quest\u00f5es gerais referente cilindros pneum\u00e1ticos<\/h2><div class=\"w-tabs-section-control\"><\/div><\/button><div  class=\"w-tabs-section-content\" id=\"content-n8e3\"><div class=\"w-tabs-section-content-h i-cf\"><div class=\"g-cols wpb_row via_flex valign_top type_default stacking_default\"><div class=\"vc_col-sm-12 wpb_column vc_column_container\"><div class=\"vc_column-inner\"><div class=\"wpb_wrapper\"><div class=\"wpb_text_column\"><div class=\"wpb_wrapper\"><h3>DADCO cilindros pneum\u00e1ticos HP cumprem as normas automotivas?<\/h3>\n<p>Sim, a S\u00e9rie HP atende ou excede as normas internacionais. O produto est\u00e1 em conformidade com a Norma M\u00e9trica Automotiva Norte Americana (North American Automotive Metric Standards (NAAMS)), a Organiza\u00e7\u00e3o dos Padr\u00f5es Internacionais (International Standards Organization (ISO 6431)), e a Norma Automotiva Alem\u00e3 (German Automotive Standards (Verband Deutscher Maschinen \u2013 und Anlagenbau e.V. \u2014 VDMA 24-562).<\/p>\n<\/div><\/div><\/div><\/div><\/div><\/div><div class=\"g-cols wpb_row via_flex valign_top type_default stacking_default\"><div class=\"vc_col-sm-12 wpb_column vc_column_container\"><div class=\"vc_column-inner\"><div class=\"wpb_wrapper\"><div class=\"wpb_text_column\"><div class=\"wpb_wrapper\"><div>\n<h3>S\u00e3o dispon\u00edveis sensores de proximidade ou disjuntores?<\/h3>\n<\/p>\n<\/div>\n<div>\n<p>Sim, ambos s\u00e3o dispon\u00edveis.<\/p>\n<p>O disjuntor magn\u00e9tico \u00e9 um tipo de sensor muito comum. Tipicamente, o disjuntor \u00e9 afixado ao pist\u00e3o e aloja firmemente contra o tubo n\u00e3o magn\u00e9tico. O interruptor identifica o pist\u00e3o magn\u00e9tico quando ele passa pelo disjuntor.  <\/p>\n<p>Outro sensor comum \u00e9 o disjuntor de proximidade. Alguns sensores de proximidade s\u00e3o projetados especificamente para uso de cilindros, mas a maioria dos sensores convencionais podem ser adaptados para cilindros pneum\u00e1ticos. O cilindro tem que ser fabricado com uma abertura de proximidade para que a sonda possa ser instalada. Refira-se \u00e0 p\u00e1gina 29 do cat\u00e1logo da S\u00e9rie HP Cilindros Pneum\u00e1ticos M\u00e9tricos para informa\u00e7\u00f5es de como fazer uma solicita\u00e7\u00e3o.   <\/p>\n<\/div>\n<\/div><\/div><\/div><\/div><\/div><\/div><\/div><\/div><\/div><div class=\"w-tabs-section\" id=\"i95a\"><button class=\"w-tabs-section-header\" aria-controls=\"content-i95a\" aria-expanded=\"false\"><h2 class=\"w-tabs-section-title\">Solicita\u00e7\u00f5es e reparos<\/h2><div class=\"w-tabs-section-control\"><\/div><\/button><div  class=\"w-tabs-section-content\" id=\"content-i95a\"><div class=\"w-tabs-section-content-h i-cf\"><div class=\"g-cols wpb_row via_flex valign_top type_default stacking_default\"><div class=\"vc_col-sm-12 wpb_column vc_column_container\"><div class=\"vc_column-inner\"><div class=\"wpb_wrapper\"><div class=\"wpb_text_column\"><div class=\"wpb_wrapper\"><h3>Posso pedir um comprimento de curso que n\u00e3o esteja listado no cat\u00e1logo?<\/h3>\n<p>Sim, comprimentos de curso sob encomenda est\u00e3o dispon\u00edveis por uma taxa adicional. Fale com a DADCO referente \u00e0 disponibilidade.<\/p>\n<\/div><\/div><\/div><\/div><\/div><\/div><div class=\"g-cols wpb_row via_flex valign_top type_default stacking_default\"><div class=\"vc_col-sm-12 wpb_column vc_column_container\"><div class=\"vc_column-inner\"><div class=\"wpb_wrapper\"><div class=\"wpb_text_column\"><div class=\"wpb_wrapper\"><h3>Como fa\u00e7o para reparar a S\u00e9rie HP cilindros pneum\u00e1ticos?<\/h3>\n<\/div><\/div><div class=\"w-hwrapper valign_top align_none\"><div class=\"w-btn-wrapper align_none\"><a class=\"w-btn us-btn-style_1\" target=\"_blank\" href=\"https:\/\/www.dadco.net\/wp-content\/uploads\/2013\/02\/hp_repair_kit-bulletin_revB4.pdf\"><span class=\"w-btn-label\">Cilindro Pneum\u00e1tico S\u00e9rie HP Kit de Reparo Instala\u00e7\u00e3o<\/span><\/a><\/div><div class=\"w-btn-wrapper align_none\"><a class=\"w-btn us-btn-style_1\" target=\"_blank\" href=\"https:\/\/www.dadco.net\/wp-content\/uploads\/2013\/02\/hp_sealrepair_revb.pdf\"><span class=\"w-btn-label\">S\u00e9rie HP Kit de Instala\u00e7\u00e3o de Selos do Cilindro Pneum\u00e1tico<\/span><\/a><\/div><div class=\"w-btn-wrapper align_none\"><a class=\"w-btn us-btn-style_1\" target=\"_blank\" href=\"https:\/\/www.dadco.net\/wp-content\/uploads\/2013\/03\/hpn_repair_reva.pdf\"><span class=\"w-btn-label\">S\u00e9rie HP.N Kit de Instala\u00e7\u00e3o de Selos do Cilindro Pneum\u00e1tico<\/span><\/a><\/div><div class=\"w-btn-wrapper align_none\"><a class=\"w-btn us-btn-style_1\" target=\"_blank\" href=\"https:\/\/www.dadco.net\/wp-content\/uploads\/2013\/02\/spHPsquare.pdf\"><span class=\"w-btn-label\">HP.S.50 Kit de Selos Mec\u00e2nicos -Instala\u00e7\u00e3o<\/span><\/a><\/div><\/div><\/div><\/div><\/div><\/div><\/div><\/div><\/div><\/div><\/div><\/div><\/div><\/div><\/div><\/div><\/section>\n","protected":false},"excerpt":{"rendered":"Quest\u00f5es gerais referente cilindros pneum\u00e1ticosDADCO cilindros pneum\u00e1ticos HP cumprem as normas automotivas? Sim, a S\u00e9rie HP atende ou excede as normas internacionais. O produto est\u00e1 em conformidade com a Norma M\u00e9trica Automotiva Norte Americana (North American Automotive Metric Standards (NAAMS)), a Organiza\u00e7\u00e3o dos Padr\u00f5es Internacionais (International Standards Organization (ISO 6431)), e a Norma Automotiva Alem\u00e3...","protected":false},"author":1,"featured_media":0,"parent":17631,"menu_order":3,"comment_status":"closed","ping_status":"closed","template":"","meta":{"_acf_changed":false,"footnotes":""},"class_list":["post-17973","page","type-page","status-publish","hentry"],"acf":[],"_links":{"self":[{"href":"https:\/\/www.dadco.net\/pt-br\/wp-json\/wp\/v2\/pages\/17973","targetHints":{"allow":["GET"]}}],"collection":[{"href":"https:\/\/www.dadco.net\/pt-br\/wp-json\/wp\/v2\/pages"}],"about":[{"href":"https:\/\/www.dadco.net\/pt-br\/wp-json\/wp\/v2\/types\/page"}],"author":[{"embeddable":true,"href":"https:\/\/www.dadco.net\/pt-br\/wp-json\/wp\/v2\/users\/1"}],"replies":[{"embeddable":true,"href":"https:\/\/www.dadco.net\/pt-br\/wp-json\/wp\/v2\/comments?post=17973"}],"version-history":[{"count":5,"href":"https:\/\/www.dadco.net\/pt-br\/wp-json\/wp\/v2\/pages\/17973\/revisions"}],"predecessor-version":[{"id":31160,"href":"https:\/\/www.dadco.net\/pt-br\/wp-json\/wp\/v2\/pages\/17973\/revisions\/31160"}],"up":[{"embeddable":true,"href":"https:\/\/www.dadco.net\/pt-br\/wp-json\/wp\/v2\/pages\/17631"}],"wp:attachment":[{"href":"https:\/\/www.dadco.net\/pt-br\/wp-json\/wp\/v2\/media?parent=17973"}],"curies":[{"name":"wp","href":"https:\/\/api.w.org\/{rel}","templated":true}]}}