{"id":17963,"date":"2022-09-15T15:36:50","date_gmt":"2022-09-15T15:36:50","guid":{"rendered":"https:\/\/www.dadco.net\/support\/faq\/levantadores-a-gas-nitrogenio\/"},"modified":"2024-02-26T11:22:43","modified_gmt":"2024-02-26T16:22:43","slug":"levantadores-a-gas-nitrogenio","status":"publish","type":"page","link":"https:\/\/www.dadco.net\/pt-br\/support\/faq\/levantadores-a-gas-nitrogenio\/","title":{"rendered":"Levantadores a G\u00e1s Nitrog\u00eanio"},"content":{"rendered":"<section class=\"l-section wpb_row height_auto\"><div class=\"l-section-h i-cf\"><div class=\"g-cols vc_row via_flex valign_top type_default stacking_default\"><div class=\"vc_col-sm-12 wpb_column vc_column_container\"><div class=\"vc_column-inner\"><div class=\"wpb_wrapper\"><div class=\"w-tabs style_default switch_click accordion has_scrolling\"><div class=\"w-tabs-sections titles-align_none icon_chevron cpos_right\"><div class=\"w-tabs-section active\" id=\"v03c\"><button class=\"w-tabs-section-header active\" aria-controls=\"content-v03c\" aria-expanded=\"true\"><h2 class=\"w-tabs-section-title\">Instala\u00e7\u00e3o<\/h2><div class=\"w-tabs-section-control\"><\/div><\/button><div  class=\"w-tabs-section-content\" id=\"content-v03c\"><div class=\"w-tabs-section-content-h i-cf\"><div class=\"g-cols wpb_row via_flex valign_top type_default stacking_default\"><div class=\"vc_col-sm-12 wpb_column vc_column_container\"><div class=\"vc_column-inner\"><div class=\"wpb_wrapper\"><div class=\"wpb_text_column\"><div class=\"wpb_wrapper\"><h3>Como fa\u00e7o para instalar levantadores a g\u00e1s?<\/h3>\n<\/div><\/div><div class=\"w-btn-wrapper align_none\"><a class=\"w-btn us-btn-style_1\" target=\"_blank\" href=\"https:\/\/www.dadco.net\/wp-content\/uploads\/2013\/02\/lifter_installation_bulletin_revb.pdf\"><span class=\"w-btn-label\">Instala\u00e7\u00e3o e Opera\u00e7\u00e3o de levantadores a g\u00e1s Nitrog\u00eanio<\/span><\/a><\/div><\/div><\/div><\/div><\/div><\/div><\/div><\/div><div class=\"w-tabs-section\" id=\"vc66\"><button class=\"w-tabs-section-header\" aria-controls=\"content-vc66\" aria-expanded=\"false\"><h2 class=\"w-tabs-section-title\">Reparo<\/h2><div class=\"w-tabs-section-control\"><\/div><\/button><div  class=\"w-tabs-section-content\" id=\"content-vc66\"><div class=\"w-tabs-section-content-h i-cf\"><div class=\"g-cols wpb_row via_flex valign_top type_default stacking_default\"><div class=\"vc_col-sm-12 wpb_column vc_column_container\"><div class=\"vc_column-inner\"><div class=\"wpb_wrapper\"><div class=\"wpb_text_column\"><div class=\"wpb_wrapper\"><h3>Como fa\u00e7o para instalar levantadores a g\u00e1s?<\/h3>\n<\/div><\/div><div class=\"w-btn-wrapper align_none\"><a class=\"w-btn us-btn-style_1\" target=\"_blank\" href=\"https:\/\/www.dadco.net\/wp-content\/uploads\/2013\/02\/lifter_installation_bulletin_revb.pdf\"><span class=\"w-btn-label\">Instala\u00e7\u00e3o e Opera\u00e7\u00e3o de levantadores a g\u00e1s Nitrog\u00eanio<\/span><\/a><\/div><\/div><\/div><\/div><\/div><div class=\"g-cols wpb_row via_flex valign_top type_default stacking_default\"><div class=\"vc_col-sm-12 wpb_column vc_column_container\"><div class=\"vc_column-inner\"><div class=\"wpb_wrapper\"><div class=\"wpb_text_column\"><div class=\"wpb_wrapper\"><h3>Como fa\u00e7o para reparar meus levantadores de g\u00e1s?<\/h3>\n<p><strong>1. Determinar o kit de reparo necess\u00e1rio:<\/strong><br \/>\nSL2.090 Kit de Reparo Levantador a G\u00e1s Nitrog\u00eanio com Haste Dupla \u2013 SL2.RK.090<br \/>\nSL2.180 Kit de Reparo Levantador a G\u00e1s Nitrog\u00eanio com Haste Dupla \u2013 SL2.RK.180<br \/>\nSLN.090 Kit de Reparo Levantador a G\u00e1s Nitrog\u00eanio \u2013 SLN.RK.090<br \/>\nSLN.180 Kit de Reparo Levantador a G\u00e1s Nitrog\u00eanio \u2013 SLN.RK.180<br \/>\nSLN.300 Kit de Reparo Levantador a G\u00e1s Nitrog\u00eanio \u2013 SLN.RK.300<br \/>\nSLC.500 Kit de Reparo Levantador a G\u00e1s Nitrog\u00eanio \u2013 SLC.RK.500<br \/>\nSLC.800 Kit de Reparo Levantador a G\u00e1s Nitrog\u00eanio \u2013 SLC.RK.800<\/p>\n<p><strong>2. Segue boletim de reparo para consertar levantadores a g\u00e1s:<\/strong><\/p>\n<\/div><\/div><div class=\"w-hwrapper valign_top wrap align_none\"><div class=\"w-btn-wrapper align_none\"><a class=\"w-btn us-btn-style_1\" target=\"_blank\" href=\"https:\/\/www.dadco.net\/wp-content\/uploads\/2018\/07\/SL2.090-Long-Stk-Accessories.pdf\"><span class=\"w-btn-label\">SL2.090 Levantador a G\u00e1s Nitrog\u00eanio com Haste Dupla Instru\u00e7\u00f5es de Manuten\u00e7\u00e3o<\/span><\/a><\/div><div class=\"w-btn-wrapper align_none\"><a class=\"w-btn us-btn-style_1\" target=\"_blank\" href=\"https:\/\/www.dadco.net\/wp-content\/uploads\/2013\/02\/sl2180_repair.pdf\"><span class=\"w-btn-label\">SL2.180 Levantador a G\u00e1s Nitrog\u00eanio com Haste Dupla Instru\u00e7\u00f5es de Manuten\u00e7\u00e3o<\/span><\/a><\/div><div class=\"w-btn-wrapper align_none\"><a class=\"w-btn us-btn-style_1\" target=\"_blank\" href=\"https:\/\/www.dadco.net\/wp-content\/uploads\/2013\/02\/sln090_maintenance.pdf\"><span class=\"w-btn-label\">SLN.090 Levantador a G\u00e1s Nitrog\u00eanio Instru\u00e7\u00f5es de Manuten\u00e7\u00e3o<\/span><\/a><\/div><div class=\"w-btn-wrapper align_none\"><a class=\"w-btn us-btn-style_1\" target=\"_blank\" href=\"https:\/\/www.dadco.net\/wp-content\/uploads\/2013\/02\/sln300_repair_insert.pdf\"><span class=\"w-btn-label\">SLN.300 Levantador a G\u00e1s Nitrog\u00eanio Instru\u00e7\u00f5es de Manuten\u00e7\u00e3o<\/span><\/a><\/div><div class=\"w-btn-wrapper align_none\"><a class=\"w-btn us-btn-style_1\" target=\"_blank\" href=\"https:\/\/www.dadco.net\/wp-content\/uploads\/2013\/02\/sln300_repair_insert.pdf\"><span class=\"w-btn-label\">Instru\u00e7\u00f5es de Suplemento<\/span><\/a><\/div><div class=\"w-btn-wrapper align_none\"><a class=\"w-btn us-btn-style_1\" target=\"_blank\" href=\"https:\/\/www.dadco.net\/wp-content\/uploads\/2013\/02\/slc500_800_maint_instr.pdf\"><span class=\"w-btn-label\">SLC.500\/SLC.800 Levantador Trilho Guia a G\u00e1s Nitrog\u00eanio Instru\u00e7\u00f5es de Manuten\u00e7\u00e3o<\/span><\/a><\/div><\/div><\/div><\/div><\/div><\/div><\/div><\/div><\/div><\/div><\/div><\/div><\/div><\/div><\/div><\/div><\/section>\n","protected":false},"excerpt":{"rendered":"Instala\u00e7\u00e3oComo fa\u00e7o para instalar levantadores a g\u00e1s? Instala\u00e7\u00e3o e Opera\u00e7\u00e3o de levantadores a g\u00e1s Nitrog\u00eanioReparoComo fa\u00e7o para instalar levantadores a g\u00e1s? Instala\u00e7\u00e3o e Opera\u00e7\u00e3o de levantadores a g\u00e1s Nitrog\u00eanioComo fa\u00e7o para reparar meus levantadores de g\u00e1s? 1. Determinar o kit de reparo necess\u00e1rio: SL2.090 Kit de Reparo Levantador a G\u00e1s Nitrog\u00eanio com Haste Dupla \u2013...","protected":false},"author":1,"featured_media":0,"parent":17631,"menu_order":2,"comment_status":"closed","ping_status":"closed","template":"","meta":{"footnotes":""},"class_list":["post-17963","page","type-page","status-publish","hentry"],"acf":[],"_links":{"self":[{"href":"https:\/\/www.dadco.net\/pt-br\/wp-json\/wp\/v2\/pages\/17963","targetHints":{"allow":["GET"]}}],"collection":[{"href":"https:\/\/www.dadco.net\/pt-br\/wp-json\/wp\/v2\/pages"}],"about":[{"href":"https:\/\/www.dadco.net\/pt-br\/wp-json\/wp\/v2\/types\/page"}],"author":[{"embeddable":true,"href":"https:\/\/www.dadco.net\/pt-br\/wp-json\/wp\/v2\/users\/1"}],"replies":[{"embeddable":true,"href":"https:\/\/www.dadco.net\/pt-br\/wp-json\/wp\/v2\/comments?post=17963"}],"version-history":[{"count":5,"href":"https:\/\/www.dadco.net\/pt-br\/wp-json\/wp\/v2\/pages\/17963\/revisions"}],"predecessor-version":[{"id":31157,"href":"https:\/\/www.dadco.net\/pt-br\/wp-json\/wp\/v2\/pages\/17963\/revisions\/31157"}],"up":[{"embeddable":true,"href":"https:\/\/www.dadco.net\/pt-br\/wp-json\/wp\/v2\/pages\/17631"}],"wp:attachment":[{"href":"https:\/\/www.dadco.net\/pt-br\/wp-json\/wp\/v2\/media?parent=17963"}],"curies":[{"name":"wp","href":"https:\/\/api.w.org\/{rel}","templated":true}]}}