{"id":17773,"date":"2022-09-09T01:47:24","date_gmt":"2022-09-09T01:47:24","guid":{"rendered":"https:\/\/www.dadco.net\/support\/produtos-suplementares-para-molas-a-gas-nitrogenio\/"},"modified":"2023-11-09T20:35:19","modified_gmt":"2023-11-09T20:35:19","slug":"produtos-suplementares-para-molas-a-gas-nitrogenio","status":"publish","type":"page","link":"https:\/\/www.dadco.net\/pt-br\/support\/produtos-suplementares-para-molas-a-gas-nitrogenio\/","title":{"rendered":"Produtos Suplementares para Molas a G\u00e1s Nitrog\u00eanio"},"content":{"rendered":"<section class=\"l-section wpb_row height_auto\"><div class=\"l-section-h i-cf\"><div class=\"g-cols vc_row via_flex valign_top type_default stacking_default\"><div class=\"vc_col-sm-12 wpb_column vc_column_container\"><div class=\"vc_column-inner\"><div class=\"wpb_wrapper\"><div class=\"w-tabs style_default switch_click accordion has_scrolling\"><div class=\"w-tabs-sections titles-align_none icon_chevron cpos_right\"><div class=\"w-tabs-section\" id=\"h36b\"><button class=\"w-tabs-section-header\" aria-controls=\"content-h36b\" aria-expanded=\"false\"><h2 class=\"w-tabs-section-title\">S\u00e9rie Micro<\/h2><div class=\"w-tabs-section-control\"><\/div><\/button><div  class=\"w-tabs-section-content\" id=\"content-h36b\"><div class=\"w-tabs-section-content-h i-cf\"><div class=\"g-cols wpb_row via_flex valign_top type_default stacking_default\"><div class=\"vc_col-sm-12 wpb_column vc_column_container\"><div class=\"vc_column-inner\"><div class=\"wpb_wrapper\"><div class=\"wpb_text_column\"><div class=\"wpb_wrapper\"><h3>Micro 45<sup>\u00ae<\/sup> Micro Luva<\/h3>\n<p>Dimens\u00e3o e detalhes do produto para a Micro Luva projetada para aumentar o di\u00e2metro da mola de g\u00e1s nitrog\u00eanio Micro 45<sup>\u00ae<\/sup> para os clientes com alojamentos de 13 mm ou \u00bd polegada.<\/p>\n<\/div><\/div><div class=\"w-btn-wrapper align_none\"><a class=\"w-btn us-btn-style_1\" target=\"_blank\" href=\"https:\/\/dadco.net\/wp-content\/uploads\/2013\/02\/c45Sleeve.pdf\"><span class=\"w-btn-label\">Micro 45\u00ae Micro Luva<\/span><\/a><\/div><\/div><\/div><\/div><\/div><div class=\"g-cols wpb_row via_flex valign_top type_default stacking_default\"><div class=\"vc_col-sm-12 wpb_column vc_column_container\"><div class=\"vc_column-inner\"><div class=\"wpb_wrapper\"><div class=\"wpb_text_column\"><div class=\"wpb_wrapper\"><h3>Micro 45<sup>\u00ae<\/sup> Tension Mount<\/h3>\n<p>Dimens\u00f5es e informa\u00e7\u00f5es detalhadas sobre o Micro 45<sup>\u00ae<\/sup> Tension Mount utilizado quando o espa\u00e7o \u00e9 limitado ou for\u00e7a de retorno \u00e9 necess\u00e1ri.<\/p>\n<\/div><\/div><div class=\"w-btn-wrapper align_none\"><a class=\"w-btn us-btn-style_1\" target=\"_blank\" href=\"https:\/\/dadco.net\/wp-content\/uploads\/2013\/02\/c45_tension_mount.pdf\"><span class=\"w-btn-label\">Micro 45\u00ae Tension Mount<\/span><\/a><\/div><\/div><\/div><\/div><\/div><div class=\"g-cols wpb_row via_flex valign_top type_default stacking_default\"><div class=\"vc_col-sm-12 wpb_column vc_column_container\"><div class=\"vc_column-inner\"><div class=\"wpb_wrapper\"><div class=\"wpb_text_column\"><div class=\"wpb_wrapper\"><h3>Micro 45<sup>\u00ae<\/sup> Tension Mount<\/h3>\n<p>Dimens\u00f5es e informa\u00e7\u00f5es detalhadas sobre o Micro 45<sup>\u00ae<\/sup> Tension Mount utilizado quando o espa\u00e7o \u00e9 limitado ou for\u00e7a de retorno \u00e9 necess\u00e1ri.<\/p>\n<\/div><\/div><div class=\"w-btn-wrapper align_none\"><a class=\"w-btn us-btn-style_1\" target=\"_blank\" href=\"https:\/\/dadco.net\/wp-content\/uploads\/2013\/02\/c45_tension_mount.pdf\"><span class=\"w-btn-label\">Micro 45\u00ae Tension Mount<\/span><\/a><\/div><\/div><\/div><\/div><\/div><div class=\"g-cols wpb_row via_flex valign_top type_default stacking_default\"><div class=\"vc_col-sm-12 wpb_column vc_column_container\"><div class=\"vc_column-inner\"><div class=\"wpb_wrapper\"><div class=\"wpb_text_column\"><div class=\"wpb_wrapper\"><h3>E.16 Levantador a G\u00e1s Nitrog\u00eanio<\/h3>\n<p>Dimens\u00f5es e detalhes dos produtos para a DADCO E.16 Levantadores a G\u00e1s Nitrog\u00eanio. A DADCO E.16 tem um corpo roscado M16, a extremidade da haste com raio, e atende o padr\u00e3o europeu VDI-BAK e norma Ford WDX35-70.<\/p>\n<\/div><\/div><div class=\"w-btn-wrapper align_none\"><a class=\"w-btn us-btn-style_1\" target=\"_blank\" href=\"https:\/\/dadco.net\/wp-content\/uploads\/2013\/02\/e16_bulletin.pdf\"><span class=\"w-btn-label\">E.16 Levantador a G\u00e1s Nitrog\u00eanio<\/span><\/a><\/div><\/div><\/div><\/div><\/div><div class=\"g-cols wpb_row via_flex valign_top type_default stacking_default\"><div class=\"vc_col-sm-12 wpb_column vc_column_container\"><div class=\"vc_column-inner\"><div class=\"wpb_wrapper\"><div class=\"wpb_text_column\"><div class=\"wpb_wrapper\"><h3>E.24 Levantador a G\u00e1s Nitrog\u00eanio<\/h3>\n<p>Dimens\u00f5es e detalhes dos produtos para a DADCO E.24 Levantadores a G\u00e1s Nitrog\u00eanio. A DADCO E.24 tem um corpo roscado M24, a extremidade da haste com raio, e atende o padr\u00e3o europeu VDI-BAK e norma Ford WDX35-70.<\/p>\n<\/div><\/div><div class=\"w-btn-wrapper align_none\"><a class=\"w-btn us-btn-style_1\" target=\"_blank\" href=\"https:\/\/dadco.net\/wp-content\/uploads\/2013\/02\/e16_bulletin.pdf\"><span class=\"w-btn-label\">E.24 Levantador a G\u00e1s Nitrog\u00eanio<\/span><\/a><\/div><\/div><\/div><\/div><\/div><div class=\"g-cols wpb_row via_flex valign_top type_default stacking_default\"><div class=\"vc_col-sm-12 wpb_column vc_column_container\"><div class=\"vc_column-inner\"><div class=\"wpb_wrapper\"><div class=\"wpb_text_column\"><div class=\"wpb_wrapper\"><h3>E.16.TB5<\/h3>\n<p>Detalhes do produto e dimens\u00f5es para o destacador E.16 com corpo roscado TB5. O modelo E.16.TB5 substitui o GC.045.015.TB5 e conforme aos padr\u00f5es de projeto da GM.<\/p>\n<\/div><\/div><div class=\"w-btn-wrapper align_none\"><a class=\"w-btn us-btn-style_1\" target=\"_blank\" href=\"https:\/\/dadco.net\/wp-content\/uploads\/2018\/08\/E.16.TB5_bulletin.pdf\"><span class=\"w-btn-label\">E.16.TB5<\/span><\/a><\/div><\/div><\/div><\/div><\/div><div class=\"g-cols wpb_row via_flex valign_top type_default stacking_default\"><div class=\"vc_col-sm-12 wpb_column vc_column_container\"><div class=\"vc_column-inner\"><div class=\"wpb_wrapper\"><div class=\"wpb_text_column\"><div class=\"wpb_wrapper\"><h3>Micro 90<sup>\u00ae<\/sup> \u2013 TB3 Corpo Roscado<\/h3>\n<p>Dimens\u00f5es e detalhes dos produto para DADCO S\u00e9rie Micro 90<sup>\u00ae<\/sup> \u2013 TB3 corpo roscado.<\/p>\n<\/div><\/div><div class=\"w-btn-wrapper align_none\"><a class=\"w-btn us-btn-style_1\" target=\"_blank\" href=\"https:\/\/dadco.net\/wp-content\/uploads\/2013\/02\/c.90.tb3_.pdf\"><span class=\"w-btn-label\">Micro 90\u00ae \u2013 TB3 Corpo Roscado<\/span><\/a><\/div><\/div><\/div><\/div><\/div><div class=\"g-cols wpb_row via_flex valign_top type_default stacking_default\"><div class=\"vc_col-sm-12 wpb_column vc_column_container\"><div class=\"vc_column-inner\"><div class=\"wpb_wrapper\"><div class=\"wpb_text_column\"><div class=\"wpb_wrapper\"><h3>Micro 90<sup>\u00ae<\/sup> com Corpo Estendido<\/h3>\n<p>Dimens\u00f5es e detalhes dos produtos para o Micro 90<sup>\u00ae<\/sup> com Corpo estendido e TB2 corpo roscado.<\/p>\n<\/div><\/div><div class=\"w-btn-wrapper align_none\"><a class=\"w-btn us-btn-style_1\" target=\"_blank\" href=\"https:\/\/dadco.net\/wp-content\/uploads\/2013\/02\/micro90_extended.pdf\"><span class=\"w-btn-label\">Micro 90\u00ae com Corpo Estendido<\/span><\/a><\/div><\/div><\/div><\/div><\/div><div class=\"g-cols wpb_row via_flex valign_top type_default stacking_default\"><div class=\"vc_col-sm-12 wpb_column vc_column_container\"><div class=\"vc_column-inner\"><div class=\"wpb_wrapper\"><div class=\"wpb_text_column\"><div class=\"wpb_wrapper\"><h3>Acess\u00f3rios da S\u00e9rie Micro<\/h3>\n<p>Informa\u00e7\u00f5es sobre acess\u00f3rios opcionais da S\u00e9rie Micro (C) molas a g\u00e1s nitrog\u00eanio, incluindo a capa raspadeira C.180 e tamp\u00e3o para a extremidade da haste do C.090.<\/p>\n<\/div><\/div><div class=\"w-btn-wrapper align_none\"><a class=\"w-btn us-btn-style_1\" target=\"_blank\" href=\"https:\/\/dadco.net\/wp-content\/uploads\/2013\/02\/micrptions.pdf\"><span class=\"w-btn-label\">Acess\u00f3rios da S\u00e9rie Micro<\/span><\/a><\/div><\/div><\/div><\/div><\/div><\/div><\/div><\/div><div class=\"w-tabs-section\" id=\"n936\"><button class=\"w-tabs-section-header\" aria-controls=\"content-n936\" aria-expanded=\"false\"><h2 class=\"w-tabs-section-title\">L \/LJ \/U<\/h2><div class=\"w-tabs-section-control\"><\/div><\/button><div  class=\"w-tabs-section-content\" id=\"content-n936\"><div class=\"w-tabs-section-content-h i-cf\"><div class=\"g-cols wpb_row via_flex valign_top type_default stacking_default\"><div class=\"vc_col-sm-12 wpb_column vc_column_container\"><div class=\"vc_column-inner\"><div class=\"wpb_wrapper\"><div class=\"wpb_text_column\"><div class=\"wpb_wrapper\"><h3>LJ.750.TC1<\/h3>\n<p>Dimens\u00f5es e detalhes dos produtos para a mola a g\u00e1s LJ.750 com montagem TC1.<\/p>\n<\/div><\/div><div class=\"w-btn-wrapper align_none\"><a class=\"w-btn us-btn-style_1\" target=\"_blank\" href=\"https:\/\/dadco.net\/wp-content\/uploads\/2013\/02\/lj_750_tc1mount.pdf\"><span class=\"w-btn-label\">LJ.750.TC1<\/span><\/a><\/div><\/div><\/div><\/div><\/div><div class=\"g-cols wpb_row via_flex valign_top type_default stacking_default\"><div class=\"vc_col-sm-12 wpb_column vc_column_container\"><div class=\"vc_column-inner\"><div class=\"wpb_wrapper\"><div class=\"wpb_text_column\"><div class=\"wpb_wrapper\"><h3>U.0600.TP Mola a G\u00e1s Nitrog\u00eanio<\/h3>\n<p>Dimens\u00f5es e detalhes dos produtos para a mola a g\u00e1s nitrog\u00eanio modelo U.0600.TP que corresponde ao modelo anterior. Utilizado somente para retrofit.<\/p>\n<\/div><\/div><div class=\"w-btn-wrapper align_none\"><a class=\"w-btn us-btn-style_1\" target=\"_blank\" href=\"https:\/\/dadco.net\/wp-content\/uploads\/2013\/02\/U.0600_mounting-hole-retrofit1.pdf\"><span class=\"w-btn-label\">U.0600.TP Mola a G\u00e1s Nitrog\u00eanio<\/span><\/a><\/div><\/div><\/div><\/div><\/div><\/div><\/div><\/div><div class=\"w-tabs-section\" id=\"y4b3\"><button class=\"w-tabs-section-header\" aria-controls=\"content-y4b3\" aria-expanded=\"false\"><h2 class=\"w-tabs-section-title\">Diversos Suportes e Acess\u00f3rios<\/h2><div class=\"w-tabs-section-control\"><\/div><\/button><div  class=\"w-tabs-section-content\" id=\"content-y4b3\"><div class=\"w-tabs-section-content-h i-cf\"><div class=\"g-cols wpb_row via_flex valign_top type_default stacking_default\"><div class=\"vc_col-sm-12 wpb_column vc_column_container\"><div class=\"vc_column-inner\"><div class=\"wpb_wrapper\"><div class=\"wpb_text_column\"><div class=\"wpb_wrapper\"><h3>Ferramenta de Instala\u00e7\u00e3o do Anel de Reten\u00e7\u00e3o<\/h3>\n<p>Ferramenta de instala\u00e7\u00e3o usada para inserir o anel de reten\u00e7\u00e3o no entalhe da flange de fixa\u00e7\u00e3o das montagens B41 \/ B42. Utilizado nas molas a g\u00e1s nitrog\u00eanio DADCO da S\u00e9rie UT.<\/p>\n<\/div><\/div><div class=\"w-btn-wrapper align_none\"><a class=\"w-btn us-btn-style_1\" target=\"_blank\" href=\"https:\/\/dadco.net\/wp-content\/uploads\/2016\/11\/mount_ring_installation_tool.pdf\"><span class=\"w-btn-label\">Ferramenta de Instala\u00e7\u00e3o do Anel de Reten\u00e7\u00e3o<\/span><\/a><\/div><\/div><\/div><\/div><\/div><div class=\"g-cols wpb_row via_flex valign_top type_default stacking_default\"><div class=\"vc_col-sm-12 wpb_column vc_column_container\"><div class=\"vc_column-inner\"><div class=\"wpb_wrapper\"><div class=\"wpb_text_column\"><div class=\"wpb_wrapper\"><h3>Suporte Acopl\u00e1vel BTF (B14\/90.14)<\/h3>\n<p>A Fixa\u00e7\u00e3o TF est\u00e1 dispon\u00edvel como um suporte acopl\u00e1vel. Os detalhes incluem as dimens\u00f5es e informa\u00e7\u00f5es para pedidos.<\/p>\n<\/div><\/div><div class=\"w-btn-wrapper align_none\"><a class=\"w-btn us-btn-style_1\" target=\"_blank\" href=\"https:\/\/dadco.net\/wp-content\/uploads\/2013\/02\/btf_-mount.pdf\"><span class=\"w-btn-label\">Suporte Acopl\u00e1vel BTF<\/span><\/a><\/div><\/div><\/div><\/div><\/div><div class=\"g-cols wpb_row via_flex valign_top type_default stacking_default\"><div class=\"vc_col-sm-12 wpb_column vc_column_container\"><div class=\"vc_column-inner\"><div class=\"wpb_wrapper\"><div class=\"wpb_text_column\"><div class=\"wpb_wrapper\"><h3>Compact Split Flange Mount (B30\/90.30)<\/h3>\n<p>A flange B30 \u00e9 uma fixa\u00e7\u00e3o compacta que utiliza o entalhe inferior para montagem.<\/p>\n<\/div><\/div><div class=\"w-btn-wrapper align_none\"><a class=\"w-btn us-btn-style_1\" target=\"_blank\" href=\"https:\/\/dadco.net\/wp-content\/uploads\/2019\/05\/90_30_mount.pdf\"><span class=\"w-btn-label\">Compact Split Flange Mount (B30\/90.30)<\/span><\/a><\/div><\/div><\/div><\/div><\/div><div class=\"g-cols wpb_row via_flex valign_top type_default stacking_default\"><div class=\"vc_col-sm-12 wpb_column vc_column_container\"><div class=\"vc_column-inner\"><div class=\"wpb_wrapper\"><div class=\"wpb_text_column\"><div class=\"wpb_wrapper\"><h3>Suporte Acopl\u00e1vel (B31\/90.31)<\/h3>\n<p>DADCO Suporte B31\/90.31 \u00e9 um suporte com dimens\u00f5es dos furos que correspondem exatamente com o suporte soldado TSW.<\/p>\n<\/div><\/div><div class=\"w-btn-wrapper align_none\"><a class=\"w-btn us-btn-style_1\" target=\"_blank\" href=\"https:\/\/dadco.net\/wp-content\/uploads\/2013\/02\/90_31_flyer.pdf\"><span class=\"w-btn-label\">Suporte Acopl\u00e1vel (B31\/90.31)<\/span><\/a><\/div><\/div><\/div><\/div><\/div><div class=\"g-cols wpb_row via_flex valign_top type_default stacking_default\"><div class=\"vc_col-sm-12 wpb_column vc_column_container\"><div class=\"vc_column-inner\"><div class=\"wpb_wrapper\"><div class=\"wpb_text_column\"><div class=\"wpb_wrapper\"><h3>Cinch-Lock<\/h3>\n<p>Boletim fornece detalhes do parafuso Cinch-Lock e conjunto de an\u00e9is de uretano usados para fixar as molas a g\u00e1s DADCO nos alojamentos sem componentes de suporte adicionais.<\/p>\n<\/div><\/div><div class=\"w-btn-wrapper align_none\"><a class=\"w-btn us-btn-style_1\" target=\"_blank\" href=\"https:\/\/dadco.net\/wp-content\/uploads\/2013\/02\/cinch_lock_reva.pdf\"><span class=\"w-btn-label\">Cinch Lock<\/span><\/a><\/div><\/div><\/div><\/div><\/div><div class=\"g-cols wpb_row via_flex valign_top type_default stacking_default\"><div class=\"vc_col-sm-12 wpb_column vc_column_container\"><div class=\"vc_column-inner\"><div class=\"wpb_wrapper\"><div class=\"wpb_text_column\"><div class=\"wpb_wrapper\"><h3>Protetor de Haste<\/h3>\n<p>Boletim fornece detalhes e instru\u00e7\u00f5es de instala\u00e7\u00e3o para a protetor de haste opcional utilizada em ambientes agressivos para excluir materiais corrosivos.<\/p>\n<\/div><\/div><div class=\"w-btn-wrapper align_none\"><a class=\"w-btn us-btn-style_1\" target=\"_blank\" href=\"https:\/\/dadco.net\/wp-content\/uploads\/2013\/03\/rod_cover_installation.pdf\"><span class=\"w-btn-label\">Protetor de Haste<\/span><\/a><\/div><\/div><\/div><\/div><\/div><div class=\"g-cols wpb_row via_flex valign_top type_default stacking_default\"><div class=\"vc_col-sm-12 wpb_column vc_column_container\"><div class=\"vc_column-inner\"><div class=\"wpb_wrapper\"><div class=\"wpb_text_column\"><div class=\"wpb_wrapper\"><h3>Riser Block<\/h3>\n<p>Desenhos detalhados com dimens\u00f5es dos tr\u00eas modelos DADCO blocos padronizados para o painel de controle comum.<\/p>\n<\/div><\/div><div class=\"w-btn-wrapper align_none\"><a class=\"w-btn us-btn-style_1\" target=\"_blank\" href=\"https:\/\/dadco.net\/wp-content\/uploads\/2013\/02\/riser_block4.pdf\"><span class=\"w-btn-label\">Riser Block<\/span><\/a><\/div><\/div><\/div><\/div><\/div><div class=\"g-cols wpb_row via_flex valign_top type_default stacking_default\"><div class=\"vc_col-sm-12 wpb_column vc_column_container\"><div class=\"vc_column-inner\"><div class=\"wpb_wrapper\"><div class=\"wpb_text_column\"><div class=\"wpb_wrapper\"><h3>Blocos de Armazenamento Tecarim TEC Die<\/h3>\n<p>Detalhes do TEC \u2013 Blocos de Armazenamento utilizados para separar ferramentais durante armazenagem.<\/p>\n<\/div><\/div><div class=\"w-btn-wrapper align_none\"><a class=\"w-btn us-btn-style_1\" target=\"_blank\" href=\"https:\/\/dadco.net\/wp-content\/uploads\/2013\/02\/tec_diestorageblocks.pdf\"><span class=\"w-btn-label\">Blocos de Armazenamento Tecarim TEC Die<\/span><\/a><\/div><\/div><\/div><\/div><\/div><div class=\"g-cols wpb_row via_flex valign_top type_default stacking_default\"><div class=\"vc_col-sm-12 wpb_column vc_column_container\"><div class=\"vc_column-inner\"><div class=\"wpb_wrapper\"><div class=\"wpb_text_column\"><div class=\"wpb_wrapper\"><h3>Bloco de distribui\u00e7\u00e3o<\/h3>\n<p>Boletim detalha a variedade de blocos de distribui\u00e7\u00e3o e informa\u00e7\u00e3o de como s\u00e3o utilizados em sistemas interligados.<\/p>\n<\/div><\/div><div class=\"w-btn-wrapper align_none\"><a class=\"w-btn us-btn-style_1\" target=\"_blank\" href=\"https:\/\/dadco.net\/wp-content\/uploads\/2013\/02\/distblock_bulletin4.pdf\"><span class=\"w-btn-label\">Bloco de distribui\u00e7\u00e3o<\/span><\/a><\/div><\/div><\/div><\/div><\/div><div class=\"g-cols wpb_row via_flex valign_top type_default stacking_default\"><div class=\"vc_col-sm-12 wpb_column vc_column_container\"><div class=\"vc_column-inner\"><div class=\"wpb_wrapper\"><div class=\"wpb_text_column\"><div class=\"wpb_wrapper\"><h3>Bloco de distribui\u00e7\u00e3o<\/h3>\n<p>Boletim detalha a variedade de blocos de distribui\u00e7\u00e3o e informa\u00e7\u00e3o de como s\u00e3o utilizados em sistemas interligados.<\/p>\n<\/div><\/div><div class=\"w-btn-wrapper align_none\"><a class=\"w-btn us-btn-style_1\" target=\"_blank\" href=\"https:\/\/dadco.net\/wp-content\/uploads\/2013\/02\/distblock_bulletin4.pdf\"><span class=\"w-btn-label\">Bloco de distribui\u00e7\u00e3o<\/span><\/a><\/div><\/div><\/div><\/div><\/div><\/div><\/div><\/div><\/div><\/div><\/div><\/div><\/div><\/div><\/div><\/section>\n","protected":false},"excerpt":{"rendered":"S\u00e9rie MicroMicro 45\u00ae Micro Luva Dimens\u00e3o e detalhes do produto para a Micro Luva projetada para aumentar o di\u00e2metro da mola de g\u00e1s nitrog\u00eanio Micro 45\u00ae para os clientes com alojamentos de 13 mm ou \u00bd polegada. Micro 45\u00ae Micro LuvaMicro 45\u00ae Tension Mount Dimens\u00f5es e informa\u00e7\u00f5es detalhadas sobre o Micro 45\u00ae Tension Mount utilizado...","protected":false},"author":1,"featured_media":0,"parent":14911,"menu_order":6,"comment_status":"closed","ping_status":"closed","template":"","meta":{"footnotes":""},"class_list":["post-17773","page","type-page","status-publish","hentry"],"acf":[],"_links":{"self":[{"href":"https:\/\/www.dadco.net\/pt-br\/wp-json\/wp\/v2\/pages\/17773","targetHints":{"allow":["GET"]}}],"collection":[{"href":"https:\/\/www.dadco.net\/pt-br\/wp-json\/wp\/v2\/pages"}],"about":[{"href":"https:\/\/www.dadco.net\/pt-br\/wp-json\/wp\/v2\/types\/page"}],"author":[{"embeddable":true,"href":"https:\/\/www.dadco.net\/pt-br\/wp-json\/wp\/v2\/users\/1"}],"replies":[{"embeddable":true,"href":"https:\/\/www.dadco.net\/pt-br\/wp-json\/wp\/v2\/comments?post=17773"}],"version-history":[{"count":5,"href":"https:\/\/www.dadco.net\/pt-br\/wp-json\/wp\/v2\/pages\/17773\/revisions"}],"predecessor-version":[{"id":28897,"href":"https:\/\/www.dadco.net\/pt-br\/wp-json\/wp\/v2\/pages\/17773\/revisions\/28897"}],"up":[{"embeddable":true,"href":"https:\/\/www.dadco.net\/pt-br\/wp-json\/wp\/v2\/pages\/14911"}],"wp:attachment":[{"href":"https:\/\/www.dadco.net\/pt-br\/wp-json\/wp\/v2\/media?parent=17773"}],"curies":[{"name":"wp","href":"https:\/\/api.w.org\/{rel}","templated":true}]}}