{"id":17758,"date":"2022-09-09T01:49:58","date_gmt":"2022-09-09T01:49:58","guid":{"rendered":"https:\/\/www.dadco.net\/support\/levantadores-a-gas-nitrogenio\/"},"modified":"2026-03-06T13:15:18","modified_gmt":"2026-03-06T18:15:18","slug":"levantadores-a-gas-nitrogenio","status":"publish","type":"page","link":"https:\/\/www.dadco.net\/pt-br\/support\/levantadores-a-gas-nitrogenio\/","title":{"rendered":"Levantadores a G\u00e1s Nitrog\u00eanio"},"content":{"rendered":"<section class=\"l-section wpb_row height_medium\"><div class=\"l-section-h i-cf\"><div class=\"g-cols vc_row via_flex valign_top type_default stacking_default\"><div class=\"vc_col-sm-12 wpb_column vc_column_container\"><div class=\"vc_column-inner\"><div class=\"wpb_wrapper\"><h1 class=\"w-post-elm post_custom_field us_custom_eb849559 type_text h1_title color_link_inherit\"><span class=\"w-post-elm-value\">Levantadores a G\u00e1s Nitrog\u00eanio<\/span><\/h1><\/div><\/div><\/div><\/div><\/div><\/section><section class=\"l-section wpb_row height_medium\"><div class=\"l-section-h i-cf\"><div class=\"g-cols vc_row via_flex valign_top type_default stacking_default\"><div class=\"vc_col-sm-12 wpb_column vc_column_container\"><div class=\"vc_column-inner\"><div class=\"wpb_wrapper\"><div class=\"w-tabs layout_hor style_modern switch_click has_scrolling\" style=\"--sections-title-size:1.1rem\" data-accordion-at-width=\"768\"><div class=\"w-tabs-list items_3 align_none\" style=\"font-family:var(--h1-font-family);\"><div class=\"w-tabs-list-h\"><button class=\"w-tabs-item active defined-active\" aria-controls=\"content-e30b\" aria-expanded=\"true\"><span class=\"w-tabs-item-title\">Instala\u00e7\u00e3o e Manuseio<\/span><\/button><button class=\"w-tabs-item\" aria-controls=\"content-w4d8\" aria-expanded=\"false\"><span class=\"w-tabs-item-title\">Acess\u00f3rios<\/span><\/button><button class=\"w-tabs-item\" aria-controls=\"content-sc23\" aria-expanded=\"false\"><span class=\"w-tabs-item-title\">Manuten\u00e7\u00e3o<\/span><\/button><\/div><\/div><div class=\"w-tabs-sections titles-align_none icon_plus cpos_right\"><div class=\"w-tabs-section active\" id=\"e30b\"><button class=\"w-tabs-section-header active\" aria-controls=\"content-e30b\" aria-expanded=\"true\"><h2 class=\"w-tabs-section-title\">Instala\u00e7\u00e3o e Manuseio<\/h2><div class=\"w-tabs-section-control\"><\/div><\/button><div  class=\"w-tabs-section-content\" id=\"content-e30b\"><div class=\"w-tabs-section-content-h i-cf\"><div class=\"g-cols wpb_row via_flex valign_top type_default stacking_default\"><div class=\"vc_col-sm-12 wpb_column vc_column_container\"><div class=\"vc_column-inner\"><div class=\"wpb_wrapper\"><div class=\"w-btn-wrapper align_none\"><a class=\"w-btn us-btn-style_1\" target=\"_blank\" href=\"https:\/\/www.dadco.net\/wp-content\/uploads\/2023\/06\/port_lifterinstall_bulletin.pdf\"><span class=\"w-btn-label\">Instala\u00e7\u00e3o e Manuseio de Levantadores<\/span><\/a><\/div><\/div><\/div><\/div><\/div><\/div><\/div><\/div><div class=\"w-tabs-section\" id=\"w4d8\"><button class=\"w-tabs-section-header\" aria-controls=\"content-w4d8\" aria-expanded=\"false\"><h2 class=\"w-tabs-section-title\">Acess\u00f3rios<\/h2><div class=\"w-tabs-section-control\"><\/div><\/button><div  class=\"w-tabs-section-content\" id=\"content-w4d8\"><div class=\"w-tabs-section-content-h i-cf\"><div class=\"g-cols wpb_row via_flex valign_top type_default stacking_default\"><div class=\"vc_col-sm-12 wpb_column vc_column_container\"><div class=\"vc_column-inner\"><div class=\"wpb_wrapper\"><div class=\"w-btn-wrapper align_none\"><a class=\"w-btn us-btn-style_1\" target=\"_blank\" href=\"https:\/\/www.dadco.net\/wp-content\/uploads\/2018\/07\/SL2.090-Long-Stk-Accessories.pdf\"><span class=\"w-btn-label\">SL2.090 Placa Trilho Compacta e Montagem Lateral<\/span><\/a><\/div><\/div><\/div><\/div><\/div><\/div><\/div><\/div><div class=\"w-tabs-section\" id=\"sc23\"><button class=\"w-tabs-section-header\" aria-controls=\"content-sc23\" aria-expanded=\"false\"><h2 class=\"w-tabs-section-title\">Manuten\u00e7\u00e3o<\/h2><div class=\"w-tabs-section-control\"><\/div><\/button><div  class=\"w-tabs-section-content\" id=\"content-sc23\"><div class=\"w-tabs-section-content-h i-cf\"><div class=\"g-cols wpb_row via_flex valign_top type_default stacking_default\"><div class=\"vc_col-sm-12 wpb_column vc_column_container\"><div class=\"vc_column-inner\"><div class=\"wpb_wrapper\"><div class=\"w-btn-wrapper align_none\"><a class=\"w-btn us-btn-style_1\" target=\"_blank\" href=\"https:\/\/www.dadco.net\/wp-content\/uploads\/2013\/03\/sl2_maint_bulletin.pdf\"><span class=\"w-btn-label\">SL2 Instru\u00e7\u00f5es de Manuten\u00e7\u00e3o<\/span><\/a><\/div><\/div><\/div><\/div><\/div><div class=\"g-cols wpb_row via_flex valign_top type_default stacking_default\"><div class=\"vc_col-sm-12 wpb_column vc_column_container\"><div class=\"vc_column-inner\"><div class=\"wpb_wrapper\"><div class=\"w-btn-wrapper align_none\"><a class=\"w-btn us-btn-style_1\" target=\"_blank\" href=\"https:\/\/www.dadco.net\/wp-content\/uploads\/2013\/03\/slc500_800_maint_-instr.pdf\"><span class=\"w-btn-label\">SLC.500\/SLC.800 Instru\u00e7\u00f5es de Manuten\u00e7\u00e3o<\/span><\/a><\/div><\/div><\/div><\/div><\/div><div class=\"g-cols wpb_row via_flex valign_top type_default stacking_default\"><div class=\"vc_col-sm-12 wpb_column vc_column_container\"><div class=\"vc_column-inner\"><div class=\"wpb_wrapper\"><div class=\"w-btn-wrapper align_none\"><a class=\"w-btn us-btn-style_1\" target=\"_blank\" href=\"https:\/\/www.dadco.net\/wp-content\/uploads\/2013\/02\/sln.090_maintenance.pdf\"><span class=\"w-btn-label\">SLN.090 Instru\u00e7\u00f5es de Manuten\u00e7\u00e3o<\/span><\/a><\/div><\/div><\/div><\/div><\/div><div class=\"g-cols wpb_row via_flex valign_top type_default stacking_default\"><div class=\"vc_col-sm-12 wpb_column vc_column_container\"><div class=\"vc_column-inner\"><div class=\"wpb_wrapper\"><div class=\"w-btn-wrapper align_none\"><a class=\"w-btn us-btn-style_1\" target=\"_blank\" href=\"https:\/\/www.dadco.net\/wp-content\/uploads\/2013\/03\/sln.180_maintenance.pdf\"><span class=\"w-btn-label\">SLN.180 Instru\u00e7\u00f5es de Manuten\u00e7\u00e3o<\/span><\/a><\/div><\/div><\/div><\/div><\/div><div class=\"g-cols wpb_row via_flex valign_top type_default stacking_default\"><div class=\"vc_col-sm-12 wpb_column vc_column_container\"><div class=\"vc_column-inner\"><div class=\"wpb_wrapper\"><div class=\"w-btn-wrapper align_none\"><a class=\"w-btn us-btn-style_1\" target=\"_blank\" href=\"https:\/\/www.dadco.net\/wp-content\/uploads\/2013\/02\/sln300_repair_reva.pdf\"><span class=\"w-btn-label\">SLN.300 Instru\u00e7\u00f5es de Manuten\u00e7\u00e3o<\/span><\/a><\/div><\/div><\/div><\/div><\/div><\/div><\/div><\/div><\/div><\/div><\/div><\/div><\/div><div class=\"vc_col-sm-12 wpb_column vc_column_container\"><div class=\"vc_column-inner\"><div class=\"wpb_wrapper\"><\/div><\/div><\/div><\/div><\/div><\/section>\n","protected":false},"excerpt":{"rendered":"Levantadores a G\u00e1s Nitrog\u00eanioInstala\u00e7\u00e3o e ManuseioAcess\u00f3riosManuten\u00e7\u00e3oInstala\u00e7\u00e3o e ManuseioInstala\u00e7\u00e3o e Manuseio de LevantadoresAcess\u00f3riosSL2.090 Placa Trilho Compacta e Montagem LateralManuten\u00e7\u00e3oSL2 Instru\u00e7\u00f5es de Manuten\u00e7\u00e3oSLC.500\/SLC.800 Instru\u00e7\u00f5es de Manuten\u00e7\u00e3oSLN.090 Instru\u00e7\u00f5es de Manuten\u00e7\u00e3oSLN.180 Instru\u00e7\u00f5es de Manuten\u00e7\u00e3oSLN.300 Instru\u00e7\u00f5es de Manuten\u00e7\u00e3o","protected":false},"author":1,"featured_media":0,"parent":14911,"menu_order":5,"comment_status":"closed","ping_status":"closed","template":"","meta":{"footnotes":""},"class_list":["post-17758","page","type-page","status-publish","hentry"],"acf":[],"_links":{"self":[{"href":"https:\/\/www.dadco.net\/pt-br\/wp-json\/wp\/v2\/pages\/17758","targetHints":{"allow":["GET"]}}],"collection":[{"href":"https:\/\/www.dadco.net\/pt-br\/wp-json\/wp\/v2\/pages"}],"about":[{"href":"https:\/\/www.dadco.net\/pt-br\/wp-json\/wp\/v2\/types\/page"}],"author":[{"embeddable":true,"href":"https:\/\/www.dadco.net\/pt-br\/wp-json\/wp\/v2\/users\/1"}],"replies":[{"embeddable":true,"href":"https:\/\/www.dadco.net\/pt-br\/wp-json\/wp\/v2\/comments?post=17758"}],"version-history":[{"count":7,"href":"https:\/\/www.dadco.net\/pt-br\/wp-json\/wp\/v2\/pages\/17758\/revisions"}],"predecessor-version":[{"id":33727,"href":"https:\/\/www.dadco.net\/pt-br\/wp-json\/wp\/v2\/pages\/17758\/revisions\/33727"}],"up":[{"embeddable":true,"href":"https:\/\/www.dadco.net\/pt-br\/wp-json\/wp\/v2\/pages\/14911"}],"wp:attachment":[{"href":"https:\/\/www.dadco.net\/pt-br\/wp-json\/wp\/v2\/media?parent=17758"}],"curies":[{"name":"wp","href":"https:\/\/api.w.org\/{rel}","templated":true}]}}