{"id":17752,"date":"2022-09-09T01:49:47","date_gmt":"2022-09-09T01:49:47","guid":{"rendered":"https:\/\/www.dadco.net\/support\/interligacao-e-monitoramento-de-sistemas-de-nitrogenio\/"},"modified":"2023-11-09T20:34:34","modified_gmt":"2023-11-09T20:34:34","slug":"interligacao-e-monitoramento-de-sistemas-de-nitrogenio","status":"publish","type":"page","link":"https:\/\/www.dadco.net\/pt-br\/support\/interligacao-e-monitoramento-de-sistemas-de-nitrogenio\/","title":{"rendered":"Interliga\u00e7\u00e3o e Monitoramento de Sistemas de Nitrog\u00eanio"},"content":{"rendered":"<section class=\"l-section wpb_row height_auto\"><div class=\"l-section-h i-cf\"><div class=\"g-cols vc_row via_flex valign_top type_default stacking_default\"><div class=\"vc_col-sm-12 wpb_column vc_column_container\"><div class=\"vc_column-inner\"><div class=\"wpb_wrapper\"><div class=\"w-tabs style_default switch_click accordion has_scrolling\"><div class=\"w-tabs-sections titles-align_none icon_chevron cpos_right\"><div class=\"w-tabs-section active\" id=\"d094\"><button class=\"w-tabs-section-header active\" aria-controls=\"content-d094\" aria-expanded=\"true\"><h2 class=\"w-tabs-section-title\">Sistemas SMS-i\u00ae \/ SMS\u00ae<\/h2><div class=\"w-tabs-section-control\"><\/div><\/button><div  class=\"w-tabs-section-content\" id=\"content-d094\"><div class=\"w-tabs-section-content-h i-cf\"><div class=\"g-cols wpb_row via_flex valign_top type_default stacking_default\"><div class=\"vc_col-sm-12 wpb_column vc_column_container\"><div class=\"vc_column-inner\"><div class=\"wpb_wrapper\"><div class=\"wpb_text_column\"><div class=\"wpb_wrapper\"><h3>Sistemas de Montagem Seccional<\/h3>\n<p>Descri\u00e7\u00f5es e exemplos de sistemas de montagem seccionais \u2013 sistemas de montagem internos (SMS-i<sup>\u00ae<\/sup>) e seccionais (SMS<sup>\u00ae<\/sup>).<\/p>\n<\/div><\/div><div class=\"w-btn-wrapper align_none\"><a class=\"w-btn us-btn-style_1\" target=\"_blank\" href=\"https:\/\/dadco.net\/wp-content\/uploads\/2013\/02\/sms_smsi_catalog.pdf\"><span class=\"w-btn-label\">Sistemas de Montagem Seccional<\/span><\/a><\/div><\/div><\/div><\/div><\/div><div class=\"g-cols wpb_row via_flex valign_top type_default stacking_default\"><div class=\"vc_col-sm-12 wpb_column vc_column_container\"><div class=\"vc_column-inner\"><div class=\"wpb_wrapper\"><div class=\"wpb_text_column\"><div class=\"wpb_wrapper\"><h3>SMS-i<sup>\u00ae<\/sup> Installation and Operation<\/h3>\n<p>Recomenda\u00e7\u00f5es para desenho de modelos SMS-i<sup>\u00ae<\/sup> para maximizar custo benef\u00edcio.<\/p>\n<\/div><\/div><div class=\"w-btn-wrapper align_none\"><a class=\"w-btn us-btn-style_1\" target=\"_blank\" href=\"https:\/\/dadco.net\/wp-content\/uploads\/2013\/02\/smsi_technical.pdf\"><span class=\"w-btn-label\">Instala\u00e7\u00e3o e Opera\u00e7\u00e3o do SMS-i\u00ae<\/span><\/a><\/div><\/div><\/div><\/div><\/div><div class=\"g-cols wpb_row via_flex valign_top type_default stacking_default\"><div class=\"vc_col-sm-12 wpb_column vc_column_container\"><div class=\"vc_column-inner\"><div class=\"wpb_wrapper\"><div class=\"wpb_text_column\"><div class=\"wpb_wrapper\"><h3>V\u00e1lvula desligar para SMS-i<sup>\u00ae<\/sup><\/h3>\n<p>Detalhes sobre a v\u00e1lvula desligar MV-3G, usada com o Sistema de Montagem Secional \u2013 Interno (SMS-i<sup>\u00ae<\/sup>).<\/p>\n<\/div><\/div><div class=\"w-btn-wrapper align_none\"><a class=\"w-btn us-btn-style_1\" target=\"_blank\" href=\"https:\/\/dadco.net\/wp-content\/uploads\/2013\/03\/shut-off-_valve.pdf\"><span class=\"w-btn-label\">V\u00e1lvula desligar para SMS-i\u00ae<\/span><\/a><\/div><\/div><\/div><\/div><\/div><\/div><\/div><\/div><div class=\"w-tabs-section\" id=\"ef93\"><button class=\"w-tabs-section-header\" aria-controls=\"content-ef93\" aria-expanded=\"false\"><h2 class=\"w-tabs-section-title\">Convertendo para um Sistema Interligado e Recomenda\u00e7\u00f5es de Instala\u00e7\u00e3o<\/h2><div class=\"w-tabs-section-control\"><\/div><\/button><div  class=\"w-tabs-section-content\" id=\"content-ef93\"><div class=\"w-tabs-section-content-h i-cf\"><div class=\"g-cols wpb_row via_flex valign_top type_default stacking_default\"><div class=\"vc_col-sm-12 wpb_column vc_column_container\"><div class=\"vc_column-inner\"><div class=\"wpb_wrapper\"><div class=\"wpb_text_column\"><div class=\"wpb_wrapper\"><h3>Sistemas Interligados<\/h3>\n<p>Instru\u00e7\u00f5es de como converter um cilindro aut\u00f4nomo para um sistema de fluxo aberto ou sistema interligado.<\/p>\n<\/div><\/div><div class=\"w-btn-wrapper align_none\"><a class=\"w-btn us-btn-style_1\" target=\"_blank\" href=\"https:\/\/dadco.net\/wp-content\/uploads\/2013\/02\/linkedop1.pdf\"><span class=\"w-btn-label\">Sistemas Interligados<\/span><\/a><\/div><\/div><\/div><\/div><\/div><div class=\"g-cols wpb_row via_flex valign_top type_default stacking_default\"><div class=\"vc_col-sm-12 wpb_column vc_column_container\"><div class=\"vc_column-inner\"><div class=\"wpb_wrapper\"><div class=\"wpb_text_column\"><div class=\"wpb_wrapper\"><h3>Sistemas Interligados \u2013 S\u00e9rie U<\/h3>\n<p>Instru\u00e7\u00f5es de como converter uma mola a g\u00e1s Ultra Force<sup>\u00ae<\/sup> aut\u00f4nomo para um sistema de fluxo aberto ou sistema interligado.<\/p>\n<\/div><\/div><div class=\"w-btn-wrapper align_none\"><a class=\"w-btn us-btn-style_1\" target=\"_blank\" href=\"https:\/\/dadco.net\/wp-content\/uploads\/2013\/02\/linkedop_useries.pdf\"><span class=\"w-btn-label\">Sistemas Interligados \u2013 S\u00e9rie U<\/span><\/a><\/div><\/div><\/div><\/div><\/div><div class=\"g-cols wpb_row via_flex valign_top type_default stacking_default\"><div class=\"vc_col-sm-12 wpb_column vc_column_container\"><div class=\"vc_column-inner\"><div class=\"wpb_wrapper\"><div class=\"wpb_text_column\"><div class=\"wpb_wrapper\"><h3>Sistema Interligado S\u00e9rie Micro<\/h3>\n<p>Instru\u00e7\u00f5es de interliga\u00e7\u00e3o da DADCO S\u00e9rie Micro Molas a G\u00e1s Nitrog\u00eanio usando a sistema exclusivo <i>MINILink<\/i><sup>\u00ae<\/sup>.<\/p>\n<\/div><\/div><div class=\"w-btn-wrapper align_none\"><a class=\"w-btn us-btn-style_1\" target=\"_blank\" href=\"https:\/\/dadco.net\/wp-content\/uploads\/2013\/02\/micros_linked.pdf\"><span class=\"w-btn-label\">Sistema Interligado S\u00e9rie Micro<\/span><\/a><\/div><\/div><\/div><\/div><\/div><div class=\"g-cols wpb_row via_flex valign_top type_default stacking_default\"><div class=\"vc_col-sm-12 wpb_column vc_column_container\"><div class=\"vc_column-inner\"><div class=\"wpb_wrapper\"><div class=\"wpb_text_column\"><div class=\"wpb_wrapper\"><h3>Tubo DF<\/h3>\n<p>Instru\u00e7\u00f5es sobre como solicitar um conjunto de tubos DF.<\/p>\n<\/div><\/div><div class=\"w-btn-wrapper align_none\"><a class=\"w-btn us-btn-style_1\" target=\"_blank\" href=\"https:\/\/dadco.net\/wp-content\/uploads\/2013\/02\/df_tubing.pdf\"><span class=\"w-btn-label\">Tubo DF<\/span><\/a><\/div><\/div><\/div><\/div><\/div><div class=\"g-cols wpb_row via_flex valign_top type_default stacking_default\"><div class=\"vc_col-sm-12 wpb_column vc_column_container\"><div class=\"vc_column-inner\"><div class=\"wpb_wrapper\"><div class=\"wpb_text_column\"><div class=\"wpb_wrapper\"><h3>Como encomendar um conjunto de mangueira<\/h3>\n<p>Etapas de instru\u00e7\u00e3o para solicitar um conjunto de mangueira.<\/p>\n<\/div><\/div><div class=\"w-btn-wrapper align_none\"><a class=\"w-btn us-btn-style_1\" target=\"_blank\" href=\"https:\/\/dadco.net\/wp-content\/uploads\/2013\/02\/how_to_order_hose_assembly2.pdf\"><span class=\"w-btn-label\">Como encomendar um conjunto de mangueira<\/span><\/a><\/div><\/div><\/div><\/div><\/div><div class=\"g-cols wpb_row via_flex valign_top type_default stacking_default\"><div class=\"vc_col-sm-12 wpb_column vc_column_container\"><div class=\"vc_column-inner\"><div class=\"wpb_wrapper\"><div class=\"wpb_text_column\"><div class=\"wpb_wrapper\"><h3>Sistema MINILink<\/h3>\n<p>Detalha os componentes necess\u00e1rios para o sistema <i>MINILink<\/i><i><sup>\u00ae.<\/sup><\/i><\/p>\n<\/div><\/div><div class=\"w-btn-wrapper align_none\"><a class=\"w-btn us-btn-style_1\" target=\"_blank\" href=\"https:\/\/dadco.net\/wp-content\/uploads\/2013\/02\/minilink.pdf\"><span class=\"w-btn-label\">Sistema MINILink<\/span><\/a><\/div><\/div><\/div><\/div><\/div><\/div><\/div><\/div><div class=\"w-tabs-section\" id=\"c89f\"><button class=\"w-tabs-section-header\" aria-controls=\"content-c89f\" aria-expanded=\"false\"><h2 class=\"w-tabs-section-title\">Montando um Conjunto de Mangueira<\/h2><div class=\"w-tabs-section-control\"><\/div><\/button><div  class=\"w-tabs-section-content\" id=\"content-c89f\"><div class=\"w-tabs-section-content-h i-cf\"><div class=\"g-cols wpb_row via_flex valign_top type_default stacking_default\"><div class=\"vc_col-sm-12 wpb_column vc_column_container\"><div class=\"vc_column-inner\"><div class=\"wpb_wrapper\"><div class=\"wpb_text_column\"><div class=\"wpb_wrapper\"><h3>Montando um conjunto de mangueira SEAL-LOK<\/h3>\n<p>Instru\u00e7\u00f5es sobre como montar conjuntos de mangueiras SEAL-LOK reutiliz\u00e1veis ou permanentes.<\/p>\n<\/div><\/div><div class=\"w-btn-wrapper align_none\"><a class=\"w-btn us-btn-style_1\" target=\"_blank\" href=\"https:\/\/dadco.net\/wp-content\/uploads\/2013\/02\/sealokhac-bulletin-B00120D-1.pdf\"><span class=\"w-btn-label\">Montando um conjunto de mangueira SEAL-LOK<\/span><\/a><\/div><\/div><\/div><\/div><\/div><div class=\"g-cols wpb_row via_flex valign_top type_default stacking_default\"><div class=\"vc_col-sm-12 wpb_column vc_column_container\"><div class=\"vc_column-inner\"><div class=\"wpb_wrapper\"><div class=\"wpb_text_column\"><div class=\"wpb_wrapper\"><h3>Montando um conjunto de mangueira MINILink e utiliza\u00e7\u00e3o do 90.710.8 Mini-Crimp<\/h3>\n<p>Instru\u00e7\u00f5es para a montagem de um conjunto de mangueira usando o sistema <i>MINILink<\/i><sup>\u00ae<\/sup> e utiliza\u00e7\u00e3o do mini-90.710.8 mini-crimp.<\/p>\n<\/div><\/div><div class=\"w-btn-wrapper align_none\"><a class=\"w-btn us-btn-style_1\" target=\"_blank\" href=\"https:\/\/dadco.net\/wp-content\/uploads\/2013\/02\/Mini_HC_revB-B11110B-1.pdf\"><span class=\"w-btn-label\">Conjunto de mangueira usando o sistema MINILink\u00ae e utiliza\u00e7\u00e3o do mini-90.710.8 mini-crimp<\/span><\/a><\/div><\/div><\/div><\/div><\/div><div class=\"g-cols wpb_row via_flex valign_top type_default stacking_default\"><div class=\"vc_col-sm-12 wpb_column vc_column_container\"><div class=\"vc_column-inner\"><div class=\"wpb_wrapper\"><div class=\"wpb_text_column\"><div class=\"wpb_wrapper\"><h3>Unidade de Prensa Port\u00e1til<\/h3>\n<p>Boletim fornece n\u00fameros e descri\u00e7\u00f5es de pe\u00e7as da Unidade de Prensa Port\u00e1til e instru\u00e7\u00f5es passo a passo de como utilizar este equipamento.<\/p>\n<\/div><\/div><div class=\"w-btn-wrapper align_none\"><a class=\"w-btn us-btn-style_1\" target=\"_blank\" href=\"https:\/\/dadco.net\/wp-content\/uploads\/2015\/07\/portable_crimper.pdf\"><span class=\"w-btn-label\">Instru\u00e7\u00f5es da unidade de presna port\u00e1til<\/span><\/a><\/div><\/div><\/div><\/div><\/div><\/div><\/div><\/div><div class=\"w-tabs-section\" id=\"dbb4\"><button class=\"w-tabs-section-header\" aria-controls=\"content-dbb4\" aria-expanded=\"false\"><h2 class=\"w-tabs-section-title\">Tanque de Compensa\u00e7\u00e3o<\/h2><div class=\"w-tabs-section-control\"><\/div><\/button><div  class=\"w-tabs-section-content\" id=\"content-dbb4\"><div class=\"w-tabs-section-content-h i-cf\"><div class=\"g-cols wpb_row via_flex valign_top type_default stacking_default\"><div class=\"vc_col-sm-12 wpb_column vc_column_container\"><div class=\"vc_column-inner\"><div class=\"wpb_wrapper\"><div class=\"wpb_text_column\"><div class=\"wpb_wrapper\"><h3>Design de Tanque de Compensa\u00e7\u00e3o, Instala\u00e7\u00e3o &amp; Manuten\u00e7\u00e3o<\/h3>\n<p>Informa\u00e7\u00f5es de design e instru\u00e7\u00f5es de manuten\u00e7\u00e3o para tanques de compensa\u00e7\u00e3o que s\u00e3o utilizados em sistemas interligados para aumentar o volume no sistema, reduzindo o aumento de press\u00e3o.<\/p>\n<\/div><\/div><div class=\"w-btn-wrapper align_none\"><a class=\"w-btn us-btn-style_1\" target=\"_blank\" href=\"https:\/\/dadco.net\/wp-content\/uploads\/2013\/03\/surge_tank_maint_bulletin.pdf\"><span class=\"w-btn-label\">Design de Tanque de Compensa\u00e7\u00e3o, Instala\u00e7\u00e3o &amp; Manuten\u00e7\u00e3o<\/span><\/a><\/div><\/div><\/div><\/div><\/div><\/div><\/div><\/div><div class=\"w-tabs-section\" id=\"k417\"><button class=\"w-tabs-section-header\" aria-controls=\"content-k417\" aria-expanded=\"false\"><h2 class=\"w-tabs-section-title\">Acess\u00f3rios<\/h2><div class=\"w-tabs-section-control\"><\/div><\/button><div  class=\"w-tabs-section-content\" id=\"content-k417\"><div class=\"w-tabs-section-content-h i-cf\"><div class=\"g-cols wpb_row via_flex valign_top type_default stacking_default\"><div class=\"vc_col-sm-12 wpb_column vc_column_container\"><div class=\"vc_column-inner\"><div class=\"wpb_wrapper\"><div class=\"wpb_text_column\"><div class=\"wpb_wrapper\"><h3>D-24 Conex\u00f5es C\u00f4nicos<\/h3>\n<p>Detalha a S\u00e9rie de conex\u00f5es D-24<\/p>\n<\/div><\/div><div class=\"w-btn-wrapper align_none\"><a class=\"w-btn us-btn-style_1\" target=\"_blank\" href=\"https:\/\/dadco.net\/wp-content\/uploads\/2013\/02\/d24_fittings.pdf\"><span class=\"w-btn-label\">D-24 Conex\u00f5es C\u00f4nicos<\/span><\/a><\/div><\/div><\/div><\/div><\/div><div class=\"g-cols wpb_row via_flex valign_top type_default stacking_default\"><div class=\"vc_col-sm-12 wpb_column vc_column_container\"><div class=\"vc_column-inner\"><div class=\"wpb_wrapper\"><div class=\"wpb_text_column\"><div class=\"wpb_wrapper\"><h3>Adaptadores de Entrada M6 para G 1\/8<\/h3>\n<p>Detalha os adaptadores de entrada M6 que permitem a liga\u00e7\u00e3o de molas a g\u00e1s com entradas M6 com mangueiras grandes, necessitando conex\u00f5es G 1\/8 BSPP.<\/p>\n<\/div><\/div><div class=\"w-btn-wrapper align_none\"><a class=\"w-btn us-btn-style_1\" target=\"_blank\" href=\"https:\/\/dadco.net\/wp-content\/uploads\/2013\/02\/m6_port_adapters.pdf\"><span class=\"w-btn-label\">Adaptadores de Entrada M6 para G 1\/8<\/span><\/a><\/div><\/div><\/div><\/div><\/div><div class=\"g-cols wpb_row via_flex valign_top type_default stacking_default\"><div class=\"vc_col-sm-12 wpb_column vc_column_container\"><div class=\"vc_column-inner\"><div class=\"wpb_wrapper\"><div class=\"wpb_text_column\"><div class=\"wpb_wrapper\"><h3>ORFS Adaptadores de Mangueira Compactos<\/h3>\n<p>Detalha os adaptadores de mangueira compactos com veda\u00e7\u00e3o tipo O-ring (ORFS).<\/p>\n<\/div><\/div><div class=\"w-btn-wrapper align_none\"><a class=\"w-btn us-btn-style_1\" target=\"_blank\" href=\"https:\/\/dadco.net\/wp-content\/uploads\/2017\/03\/compactfittings_bulletin.pdf\"><span class=\"w-btn-label\">ORFS Adaptadores de Mangueira Compactos<\/span><\/a><\/div><\/div><\/div><\/div><\/div><\/div><\/div><\/div><div class=\"w-tabs-section\" id=\"ff0d\"><button class=\"w-tabs-section-header\" aria-controls=\"content-ff0d\" aria-expanded=\"false\"><h2 class=\"w-tabs-section-title\">Pain\u00e9is de Controle<\/h2><div class=\"w-tabs-section-control\"><\/div><\/button><div  class=\"w-tabs-section-content\" id=\"content-ff0d\"><div class=\"w-tabs-section-content-h i-cf\"><div class=\"g-cols wpb_row via_flex valign_top type_default stacking_default\"><div class=\"vc_col-sm-12 wpb_column vc_column_container\"><div class=\"vc_column-inner\"><div class=\"wpb_wrapper\"><div class=\"wpb_text_column\"><div class=\"wpb_wrapper\"><h3>Pain\u00e9is de Controle<\/h3>\n<p>Informa\u00e7\u00f5es de como solicitar, destacando recursos dos novos pain\u00e9is de controle, usados para carregar, drenar e monitorar a press\u00e3o em sistemas interligados: Painel de Controle Convers\u00edvel Mini e Painel de Controle Convers\u00edvel.<\/p>\n<\/div><\/div><div class=\"w-btn-wrapper align_none\"><a class=\"w-btn us-btn-style_1\" target=\"_blank\" href=\"https:\/\/dadco.net\/wp-content\/uploads\/2013\/02\/cp_bulletin.pdf\"><span class=\"w-btn-label\">Pain\u00e9is de Controle<\/span><\/a><\/div><\/div><\/div><\/div><\/div><div class=\"g-cols wpb_row via_flex valign_top type_default stacking_default\"><div class=\"vc_col-sm-12 wpb_column vc_column_container\"><div class=\"vc_column-inner\"><div class=\"wpb_wrapper\"><div class=\"wpb_text_column\"><div class=\"wpb_wrapper\"><h3>V\u00e1lvula de Exaust\u00e3o Resistente a Vibra\u00e7\u00f5es<\/h3>\n<p>Opcional v\u00e1lvula de exaust\u00e3o resistente a vibra\u00e7\u00f5es utilizada com os pain\u00e9is de controle convers\u00edvel mini e convers\u00edvel padr\u00e3o para evitar exaust\u00e3o n\u00e3o intencional do sistema resultante de vibra\u00e7\u00e3o excessiva na ferramenta.<\/p>\n<\/div><\/div><div class=\"w-btn-wrapper align_none\"><a class=\"w-btn us-btn-style_1\" target=\"_blank\" href=\"https:\/\/dadco.net\/wp-content\/uploads\/2018\/06\/bv_5g_valve.pdf\"><span class=\"w-btn-label\">V\u00e1lvula de Exaust\u00e3o Resistente a Vibra\u00e7\u00f5es<\/span><\/a><\/div><\/div><\/div><\/div><\/div><div class=\"g-cols wpb_row via_flex valign_top type_default stacking_default\"><div class=\"vc_col-sm-12 wpb_column vc_column_container\"><div class=\"vc_column-inner\"><div class=\"wpb_wrapper\"><div class=\"wpb_text_column\"><div class=\"wpb_wrapper\"><h3>Painel M\u00faltiplo<\/h3>\n<p>Informa\u00e7\u00f5es e detalhes do Painel M\u00faltiplo. Inclui informa\u00e7\u00f5es de como carregar e drenar sistemas interligados usando o Multi Panel de Controle.<\/p>\n<\/div><\/div><div class=\"w-btn-wrapper align_none\"><a class=\"w-btn us-btn-style_1\" target=\"_blank\" href=\"https:\/\/dadco.net\/wp-content\/uploads\/2013\/02\/multi_panel_revb.pdf\"><span class=\"w-btn-label\">Painel M\u00faltiplo<\/span><\/a><\/div><\/div><\/div><\/div><\/div><div class=\"g-cols wpb_row via_flex valign_top type_default stacking_default\"><div class=\"vc_col-sm-12 wpb_column vc_column_container\"><div class=\"vc_column-inner\"><div class=\"wpb_wrapper\"><div class=\"wpb_text_column\"><div class=\"wpb_wrapper\"><h3>Man\u00f4metros<\/h3>\n<p>Guia para encomendar medidores de reposi\u00e7\u00e3o para c\u00e9lulas de carga e pain\u00e9is de controle.<\/p>\n<\/div><\/div><div class=\"w-btn-wrapper align_none\"><a class=\"w-btn us-btn-style_1\" target=\"_blank\" href=\"https:\/\/dadco.net\/wp-content\/uploads\/2018\/06\/gauge_bulletin.pdf\"><span class=\"w-btn-label\">Man\u00f4metros<\/span><\/a><\/div><\/div><\/div><\/div><\/div><\/div><\/div><\/div><div class=\"w-tabs-section\" id=\"g211\"><button class=\"w-tabs-section-header\" aria-controls=\"content-g211\" aria-expanded=\"false\"><h2 class=\"w-tabs-section-title\">Monitores de Press\u00e3o<\/h2><div class=\"w-tabs-section-control\"><\/div><\/button><div  class=\"w-tabs-section-content\" id=\"content-g211\"><div class=\"w-tabs-section-content-h i-cf\"><div class=\"g-cols wpb_row via_flex valign_top type_default stacking_default\"><div class=\"vc_col-sm-12 wpb_column vc_column_container\"><div class=\"vc_column-inner\"><div class=\"wpb_wrapper\"><div class=\"wpb_text_column\"><div class=\"wpb_wrapper\"><h3>Monitores de Press\u00e3o Eletr\u00f4nico<\/h3>\n<p>Detalhes sobre a variedade de monitores de press\u00e3o eletr\u00f4nicas e op\u00e7\u00f5es dispon\u00edveis.<\/p>\n<\/div><\/div><div class=\"w-btn-wrapper align_none\"><a class=\"w-btn us-btn-style_1\" target=\"_blank\" href=\"https:\/\/dadco.net\/wp-content\/uploads\/2013\/02\/pressure_monitors1.pdf\"><span class=\"w-btn-label\">Monitores de Press\u00e3o Eletr\u00f4nico<\/span><\/a><\/div><\/div><\/div><\/div><\/div><div class=\"g-cols wpb_row via_flex valign_top type_default stacking_default\"><div class=\"vc_col-sm-12 wpb_column vc_column_container\"><div class=\"vc_column-inner\"><div class=\"wpb_wrapper\"><div class=\"wpb_text_column\"><div class=\"wpb_wrapper\"><h3>Monitor Eletr\u00f4nico de Press\u00e3o com Padr\u00e3o da GM<\/h3>\n<p>Details on the General Motors specific pressure monitor to monitor nitrogen gas pressure during operation. The block is specifically designed to match GM standards.<\/p>\n<\/div><\/div><div class=\"w-btn-wrapper align_none\"><a class=\"w-btn us-btn-style_1\" target=\"_blank\" href=\"https:\/\/dadco.net\/wp-content\/uploads\/2016\/06\/GM_pressure_monitor_bulletin.pdf\"><span class=\"w-btn-label\">Monitor Eletr\u00f4nico de Press\u00e3o com Padr\u00e3o da GM<\/span><\/a><\/div><\/div><\/div><\/div><\/div><div class=\"g-cols wpb_row via_flex valign_top type_default stacking_default\"><div class=\"vc_col-sm-12 wpb_column vc_column_container\"><div class=\"vc_column-inner\"><div class=\"wpb_wrapper\"><div class=\"wpb_text_column\"><div class=\"wpb_wrapper\"><h3>Compact Digital Pressure Monitors<\/h3>\n<p>Details on the Compact Digital Monitors, 90.421 and 90.422.D.<\/p>\n<\/div><\/div><div class=\"w-btn-wrapper align_none\"><a class=\"w-btn us-btn-style_1\" target=\"_blank\" href=\"https:\/\/dadco.net\/wp-content\/uploads\/2019\/09\/CD_pressure_monitor.pdf\"><span class=\"w-btn-label\">Compact Digital Pressure Monitors<\/span><\/a><\/div><\/div><\/div><\/div><\/div><div class=\"g-cols wpb_row via_flex valign_top type_default stacking_default\"><div class=\"vc_col-sm-12 wpb_column vc_column_container\"><div class=\"vc_column-inner\"><div class=\"wpb_wrapper\"><div class=\"wpb_text_column\"><div class=\"wpb_wrapper\"><h3>90.421.1 \/ DPM1<\/h3>\n<p>Instru\u00e7\u00f5es para a utiliza\u00e7\u00e3o de monitores de press\u00e3o.<\/p>\n<\/div><\/div><div class=\"w-btn-wrapper align_none\"><a class=\"w-btn us-btn-style_1\" target=\"_blank\" href=\"https:\/\/dadco.net\/wp-content\/uploads\/2013\/02\/dpm12.pdf\"><span class=\"w-btn-label\">90.421.1 \/ DPM1<\/span><\/a><\/div><\/div><\/div><\/div><\/div><div class=\"g-cols wpb_row via_flex valign_top type_default stacking_default\"><div class=\"vc_col-sm-12 wpb_column vc_column_container\"><div class=\"vc_column-inner\"><div class=\"wpb_wrapper\"><div class=\"w-btn-wrapper align_none\"><a class=\"w-btn us-btn-style_1\" target=\"_blank\" href=\"https:\/\/dadco.net\/wp-content\/uploads\/2013\/02\/dpm22.pdf\"><span class=\"w-btn-label\">90.421.2 \/ DPM2<\/span><\/a><\/div><\/div><\/div><\/div><\/div><div class=\"g-cols wpb_row via_flex valign_top type_default stacking_default\"><div class=\"vc_col-sm-12 wpb_column vc_column_container\"><div class=\"vc_column-inner\"><div class=\"wpb_wrapper\"><div class=\"w-btn-wrapper align_none\"><a class=\"w-btn us-btn-style_1\" target=\"_blank\" href=\"https:\/\/dadco.net\/wp-content\/uploads\/2013\/02\/dpm-2d2.pdf\"><span class=\"w-btn-label\">90.421.2D \/ DPM 2D<\/span><\/a><\/div><\/div><\/div><\/div><\/div><div class=\"g-cols wpb_row via_flex valign_top type_default stacking_default\"><div class=\"vc_col-sm-12 wpb_column vc_column_container\"><div class=\"vc_column-inner\"><div class=\"wpb_wrapper\"><div class=\"w-btn-wrapper align_none\"><a class=\"w-btn us-btn-style_1\" target=\"_blank\" href=\"https:\/\/dadco.net\/wp-content\/uploads\/2016\/03\/90.406.421_instruction_manual.pdf\"><span class=\"w-btn-label\">90.406.421 \/ Digital Control Panel Instruction Manual<\/span><\/a><\/div><\/div><\/div><\/div><\/div><div class=\"g-cols wpb_row via_flex valign_top type_default stacking_default\"><div class=\"vc_col-sm-12 wpb_column vc_column_container\"><div class=\"vc_column-inner\"><div class=\"wpb_wrapper\"><div class=\"wpb_text_column\"><div class=\"wpb_wrapper\"><h3>Indicador de press\u00e3o<\/h3>\n<p>Os detalhes sobre o indicador de press\u00e3o opcional que \u00e9 utilizado para monitorar a press\u00e3o no interior da mola de g\u00e1s nitrog\u00eanio.<\/p>\n<\/div><\/div><div class=\"w-btn-wrapper align_none\"><a class=\"w-btn us-btn-style_1\" target=\"_blank\" href=\"https:\/\/dadco.net\/wp-content\/uploads\/2013\/03\/pressure_indicator_bulletin.pdf\"><span class=\"w-btn-label\">Indicador de press\u00e3o<\/span><\/a><\/div><\/div><\/div><\/div><\/div><\/div><\/div><\/div><\/div><\/div><\/div><\/div><\/div><\/div><\/div><\/section>\n","protected":false},"excerpt":{"rendered":"Sistemas SMS-i\u00ae \/ SMS\u00aeSistemas de Montagem Seccional Descri\u00e7\u00f5es e exemplos de sistemas de montagem seccionais \u2013 sistemas de montagem internos (SMS-i\u00ae) e seccionais (SMS\u00ae). Sistemas de Montagem SeccionalSMS-i\u00ae Installation and Operation Recomenda\u00e7\u00f5es para desenho de modelos SMS-i\u00ae para maximizar custo benef\u00edcio. Instala\u00e7\u00e3o e Opera\u00e7\u00e3o do SMS-i\u00aeV\u00e1lvula desligar para SMS-i\u00ae Detalhes sobre a v\u00e1lvula desligar MV-3G,...","protected":false},"author":1,"featured_media":0,"parent":14911,"menu_order":4,"comment_status":"closed","ping_status":"closed","template":"","meta":{"footnotes":""},"class_list":["post-17752","page","type-page","status-publish","hentry"],"acf":[],"_links":{"self":[{"href":"https:\/\/www.dadco.net\/pt-br\/wp-json\/wp\/v2\/pages\/17752","targetHints":{"allow":["GET"]}}],"collection":[{"href":"https:\/\/www.dadco.net\/pt-br\/wp-json\/wp\/v2\/pages"}],"about":[{"href":"https:\/\/www.dadco.net\/pt-br\/wp-json\/wp\/v2\/types\/page"}],"author":[{"embeddable":true,"href":"https:\/\/www.dadco.net\/pt-br\/wp-json\/wp\/v2\/users\/1"}],"replies":[{"embeddable":true,"href":"https:\/\/www.dadco.net\/pt-br\/wp-json\/wp\/v2\/comments?post=17752"}],"version-history":[{"count":5,"href":"https:\/\/www.dadco.net\/pt-br\/wp-json\/wp\/v2\/pages\/17752\/revisions"}],"predecessor-version":[{"id":28889,"href":"https:\/\/www.dadco.net\/pt-br\/wp-json\/wp\/v2\/pages\/17752\/revisions\/28889"}],"up":[{"embeddable":true,"href":"https:\/\/www.dadco.net\/pt-br\/wp-json\/wp\/v2\/pages\/14911"}],"wp:attachment":[{"href":"https:\/\/www.dadco.net\/pt-br\/wp-json\/wp\/v2\/media?parent=17752"}],"curies":[{"name":"wp","href":"https:\/\/api.w.org\/{rel}","templated":true}]}}