{"id":17720,"date":"2022-09-09T01:49:36","date_gmt":"2022-09-09T01:49:36","guid":{"rendered":"https:\/\/www.dadco.net\/support\/carregando-molas-a-gas-nitrogenio-e-analisando-pressao\/"},"modified":"2023-11-09T20:34:08","modified_gmt":"2023-11-09T20:34:08","slug":"carregando-molas-a-gas-nitrogenio-e-analisando-pressao","status":"publish","type":"page","link":"https:\/\/www.dadco.net\/pt-br\/support\/carregando-molas-a-gas-nitrogenio-e-analisando-pressao\/","title":{"rendered":"Carregando Molas a G\u00e1s Nitrog\u00eanio e Analisando Press\u00e3o"},"content":{"rendered":"<section class=\"l-section wpb_row height_auto\"><div class=\"l-section-h i-cf\"><div class=\"g-cols vc_row via_flex valign_top type_default stacking_default\"><div class=\"vc_col-sm-12 wpb_column vc_column_container\"><div class=\"vc_column-inner\"><div class=\"wpb_wrapper\"><div class=\"w-tabs style_default switch_click accordion has_scrolling\"><div class=\"w-tabs-sections titles-align_none icon_chevron cpos_right\"><div class=\"w-tabs-section active\" id=\"ncb3\"><button class=\"w-tabs-section-header active\" aria-controls=\"content-ncb3\" aria-expanded=\"true\"><h2 class=\"w-tabs-section-title\">C\u00e9lulas de Carga<\/h2><div class=\"w-tabs-section-control\"><\/div><\/button><div  class=\"w-tabs-section-content\" id=\"content-ncb3\"><div class=\"w-tabs-section-content-h i-cf\"><div class=\"g-cols wpb_row via_flex valign_top type_default stacking_default\"><div class=\"vc_col-sm-12 wpb_column vc_column_container\"><div class=\"vc_column-inner\"><div class=\"wpb_wrapper\"><div class=\"wpb_text_column\"><div class=\"wpb_wrapper\"><h3>C\u00e9lulas de Carga Micro<\/h3>\n<p>Detalhes de como usar a S\u00e9rie Micro (C) C\u00e9lula de Carga.<\/p>\n<\/div><\/div><div class=\"w-btn-wrapper align_none\"><a class=\"w-btn us-btn-style_1\" target=\"_blank\" href=\"https:\/\/dadco.net\/wp-content\/uploads\/2016\/09\/microLC.pdf\"><span class=\"w-btn-label\">C\u00e9lulas de Carga Micro<\/span><\/a><\/div><\/div><\/div><\/div><\/div><div class=\"g-cols wpb_row via_flex valign_top type_default stacking_default\"><div class=\"vc_col-sm-12 wpb_column vc_column_container\"><div class=\"vc_column-inner\"><div class=\"wpb_wrapper\"><div class=\"wpb_text_column\"><div class=\"wpb_wrapper\"><h3>C\u00e9lula de Carga Padr\u00e3o<\/h3>\n<p>Detalha como usar o c\u00e9lula de carga para molas a g\u00e1s nitrog\u00eanio.<\/p>\n<\/div><\/div><div class=\"w-btn-wrapper align_none\"><a class=\"w-btn us-btn-style_1\" target=\"_blank\" href=\"https:\/\/dadco.net\/wp-content\/uploads\/2013\/02\/standard_lc3.pdf\"><span class=\"w-btn-label\">C\u00e9lula de Carga Padr\u00e3o<\/span><\/a><\/div><\/div><\/div><\/div><\/div><div class=\"g-cols wpb_row via_flex valign_top type_default stacking_default\"><div class=\"vc_col-sm-12 wpb_column vc_column_container\"><div class=\"vc_column-inner\"><div class=\"wpb_wrapper\"><div class=\"wpb_text_column\"><div class=\"wpb_wrapper\"><h3>C\u00e9lula de Carga Super Compacta<\/h3>\n<p>Detalha como usar o C\u00e9lula de Carga para a S\u00e9rie Super Compacta (SC).<\/p>\n<\/div><\/div><div class=\"w-btn-wrapper align_none\"><a class=\"w-btn us-btn-style_1\" target=\"_blank\" href=\"https:\/\/dadco.net\/wp-content\/uploads\/2016\/09\/sc_loadcell3.pdf\"><span class=\"w-btn-label\">C\u00e9lula de Carga Super Compacta<\/span><\/a><\/div><\/div><\/div><\/div><\/div><div class=\"g-cols wpb_row via_flex valign_top type_default stacking_default\"><div class=\"vc_col-sm-12 wpb_column vc_column_container\"><div class=\"vc_column-inner\"><div class=\"wpb_wrapper\"><div class=\"wpb_text_column\"><div class=\"wpb_wrapper\"><h3>C\u00e9lula de Carga Digital<\/h3>\n<p>Guia para o uso da c\u00e9lula de carga digital para molas a g\u00e1s nitrog\u00eanio das S\u00e9ries micro \/ mini e \/ ou grandes \/ e compactas.<\/p>\n<\/div><\/div><div class=\"w-btn-wrapper align_none\"><a class=\"w-btn us-btn-style_1\" target=\"_blank\" href=\"https:\/\/dadco.net\/wp-content\/uploads\/2016\/09\/digital_load_cell.pdf\"><span class=\"w-btn-label\">C\u00e9lula de Carga Digital<\/span><\/a><\/div><\/div><\/div><\/div><\/div><div class=\"g-cols wpb_row via_flex valign_top type_default stacking_default\"><div class=\"vc_col-sm-12 wpb_column vc_column_container\"><div class=\"vc_column-inner\"><div class=\"wpb_wrapper\"><div class=\"wpb_text_column\"><div class=\"wpb_wrapper\"><h3>Molas a G\u00e1s Nitrog\u00eanio Tabela de For\u00e7a<\/h3>\n<p>Tabela de for\u00e7a para todas as S\u00e9ries de molas a g\u00e1s nitrog\u00eanio um boletim em tamanho p\u00f4ster.<\/p>\n<\/div><\/div><div class=\"w-btn-wrapper align_none\"><a class=\"w-btn us-btn-style_1\" target=\"_blank\" href=\"https:\/\/dadco.net\/wp-content\/uploads\/2016\/10\/forcechart.pdf\"><span class=\"w-btn-label\">Molas a G\u00e1s Nitrog\u00eanio Tabela de For\u00e7a<\/span><\/a><\/div><\/div><\/div><\/div><\/div><\/div><\/div><\/div><div class=\"w-tabs-section\" id=\"db6d\"><button class=\"w-tabs-section-header\" aria-controls=\"content-db6d\" aria-expanded=\"false\"><h2 class=\"w-tabs-section-title\">Bancada de Teste<\/h2><div class=\"w-tabs-section-control\"><\/div><\/button><div  class=\"w-tabs-section-content\" id=\"content-db6d\"><div class=\"w-tabs-section-content-h i-cf\"><div class=\"g-cols wpb_row via_flex valign_top type_default stacking_default\"><div class=\"vc_col-sm-12 wpb_column vc_column_container\"><div class=\"vc_column-inner\"><div class=\"wpb_wrapper\"><div class=\"wpb_text_column\"><div class=\"wpb_wrapper\"><h3>Bancada de Teste Padr\u00e3o<\/h3>\n<p>Instru\u00e7\u00f5es para utiliza\u00e7\u00e3o da bancada de teste port\u00e1til para testar as molas a g\u00e1s grandes.<\/p>\n<\/div><\/div><div class=\"w-btn-wrapper align_none\"><a class=\"w-btn us-btn-style_1\" target=\"_blank\" href=\"https:\/\/dadco.net\/wp-content\/uploads\/2022\/09\/PTS-25-Bulletin_B16112A.pdf\"><span class=\"w-btn-label\">Bancada de Teste Padr\u00e3o<\/span><\/a><\/div><\/div><\/div><\/div><\/div><div class=\"g-cols wpb_row via_flex valign_top type_default stacking_default\"><div class=\"vc_col-sm-12 wpb_column vc_column_container\"><div class=\"vc_column-inner\"><div class=\"wpb_wrapper\"><div class=\"wpb_text_column\"><div class=\"wpb_wrapper\"><h3>Bancada de Teste Micro, Mini &amp; Ultra Force\u00ae<\/h3>\n<p>Detalha micro, mini e Ultra Force <sup>\u00ae<\/sup> (U.0175 \u2013 U.1600) bancada de teste bem como as instru\u00e7\u00f5es de uso.<\/p>\n<\/div><\/div><div class=\"w-btn-wrapper align_none\"><a class=\"w-btn us-btn-style_1\" target=\"_blank\" href=\"https:\/\/dadco.net\/wp-content\/uploads\/2016\/09\/micro_mini_tstand.pdf\"><span class=\"w-btn-label\">Bancada de Teste Micro, Mini &amp; Ultra Force\u00ae<\/span><\/a><\/div><\/div><\/div><\/div><\/div><div class=\"g-cols wpb_row via_flex valign_top type_default stacking_default\"><div class=\"vc_col-sm-12 wpb_column vc_column_container\"><div class=\"vc_column-inner\"><div class=\"wpb_wrapper\"><div class=\"wpb_text_column\"><div class=\"wpb_wrapper\"><h3>Bancada de Teste Micro<\/h3>\n<p>As instru\u00e7\u00f5es de como utilizar a bancada de teste para s\u00e9rie micro (C) molas a g\u00e1s nitrog\u00eanio.<\/p>\n<\/div><\/div><div class=\"w-btn-wrapper align_none\"><a class=\"w-btn us-btn-style_1\" target=\"_blank\" href=\"https:\/\/dadco.net\/wp-content\/uploads\/2016\/09\/mts125.pdf\"><span class=\"w-btn-label\">Bancada de Teste Micro<\/span><\/a><\/div><\/div><\/div><\/div><\/div><\/div><\/div><\/div><div class=\"w-tabs-section\" id=\"xc1e\"><button class=\"w-tabs-section-header\" aria-controls=\"content-xc1e\" aria-expanded=\"false\"><h2 class=\"w-tabs-section-title\">Carregando e Analisando<\/h2><div class=\"w-tabs-section-control\"><\/div><\/button><div  class=\"w-tabs-section-content\" id=\"content-xc1e\"><div class=\"w-tabs-section-content-h i-cf\"><div class=\"g-cols wpb_row via_flex valign_top type_default stacking_default\"><div class=\"vc_col-sm-12 wpb_column vc_column_container\"><div class=\"vc_column-inner\"><div class=\"wpb_wrapper\"><div class=\"wpb_text_column\"><div class=\"wpb_wrapper\"><h3>Carregando Molas a G\u00e1s Nitrog\u00eanio<\/h3>\n<p>Instru\u00e7\u00f5es sobre como carregar molas a g\u00e1s nitrog\u00eanio.<\/p>\n<\/div><\/div><div class=\"w-btn-wrapper align_none\"><a class=\"w-btn us-btn-style_1\" target=\"_blank\" href=\"https:\/\/dadco.net\/wp-content\/uploads\/2013\/02\/charging_bulletin.pdf\"><span class=\"w-btn-label\">Carregando Molas a G\u00e1s Nitrog\u00eanio<\/span><\/a><\/div><\/div><\/div><\/div><\/div><div class=\"g-cols wpb_row via_flex valign_top type_default stacking_default\"><div class=\"vc_col-sm-12 wpb_column vc_column_container\"><div class=\"vc_column-inner\"><div class=\"wpb_wrapper\"><div class=\"wpb_text_column\"><div class=\"wpb_wrapper\"><h3>Booster de G\u00e1s Nitrog\u00eanio: DGB-150 \/ Surge Tank<\/h3>\n<p>Caracter\u00edsticas do sistema de booster de g\u00e1s nitrog\u00eanio, juntamente com as especifica\u00e7\u00f5es e informa\u00e7\u00f5es sobre como pedir tanques do compensa\u00e7\u00e3o.<\/p>\n<\/div><\/div><div class=\"w-btn-wrapper align_none\"><a class=\"w-btn us-btn-style_1\" target=\"_blank\" href=\"https:\/\/dadco.net\/wp-content\/uploads\/2013\/02\/booster_surgetank.pdf\"><span class=\"w-btn-label\">Booster de G\u00e1s Nitrog\u00eanio: DGB-150 \/ Surge Tank<\/span><\/a><\/div><\/div><\/div><\/div><\/div><div class=\"g-cols wpb_row via_flex valign_top type_default stacking_default\"><div class=\"vc_col-sm-12 wpb_column vc_column_container\"><div class=\"vc_column-inner\"><div class=\"wpb_wrapper\"><div class=\"wpb_text_column\"><div class=\"wpb_wrapper\"><h3>Tanque de Compensa\u00e7\u00e3o com Montagem para Enchimento<\/h3>\n<p>Detalhes dos diferentes kits de montagem de enchimento que podem ser emparelhados com um tanque de compensa\u00e7\u00e3o como uma aparato de enchimento auxiliar.<\/p>\n<\/div><\/div><div class=\"w-btn-wrapper align_none\"><a class=\"w-btn us-btn-style_1\" target=\"_blank\" href=\"https:\/\/dadco.net\/wp-content\/uploads\/2013\/03\/surge_tank_filling_assembly_kits.pdf\"><span class=\"w-btn-label\">Tanque de Compensa\u00e7\u00e3o com Montagem para Enchimento<\/span><\/a><\/div><\/div><\/div><\/div><\/div><div class=\"g-cols wpb_row via_flex valign_top type_default stacking_default\"><div class=\"vc_col-sm-12 wpb_column vc_column_container\"><div class=\"vc_column-inner\"><div class=\"wpb_wrapper\"><div class=\"wpb_text_column\"><div class=\"wpb_wrapper\"><h3>Analisador de Press\u00e3o: 90.315.5<\/h3>\n<p>Instru\u00e7\u00f5es de como utilizar este analisador de press\u00e3o para carregar, descarregar e medir a press\u00e3o em molas a g\u00e1s.<\/p>\n<\/div><\/div><div class=\"w-btn-wrapper align_none\"><a class=\"w-btn us-btn-style_1\" target=\"_blank\" href=\"https:\/\/dadco.net\/wp-content\/uploads\/2013\/02\/dpa51.pdf\"><span class=\"w-btn-label\">Analisador de Press\u00e3o: 90.315.5<\/span><\/a><\/div><\/div><\/div><\/div><\/div><div class=\"g-cols wpb_row via_flex valign_top type_default stacking_default\"><div class=\"vc_col-sm-12 wpb_column vc_column_container\"><div class=\"vc_column-inner\"><div class=\"wpb_wrapper\"><div class=\"wpb_text_column\"><div class=\"wpb_wrapper\"><h3>Conjunto Carregador com Engate Rapido: 90.310.340<\/h3>\n<p>Detalhes do 90.310.340 utilizado para carregar molas a g\u00e1s de alta press\u00e3o, com f\u00e1cil libera\u00e7\u00e3o de press\u00e3o residual antes do desengate.<\/p>\n<\/div><\/div><div class=\"w-btn-wrapper align_none\"><a class=\"w-btn us-btn-style_1\" target=\"_blank\" href=\"https:\/\/dadco.net\/wp-content\/uploads\/2014\/03\/90.310.340_operational_bulletin.pdf\"><span class=\"w-btn-label\">Conjunto Carregador com Engate Rapido: 90.310.340<\/span><\/a><\/div><div class=\"w-btn-wrapper align_none\"><a class=\"w-btn us-btn-style_1\" target=\"_blank\" href=\"https:\/\/dadco.net\/wp-content\/uploads\/2013\/03\/90.310.340_vent_instructions.pdf\"><span class=\"w-btn-label\">Instru\u00e7\u00f5es de Ajuste de Exaust\u00e3o<\/span><\/a><\/div><\/div><\/div><\/div><\/div><div class=\"g-cols wpb_row via_flex valign_top type_default stacking_default\"><div class=\"vc_col-sm-12 wpb_column vc_column_container\"><div class=\"vc_column-inner\"><div class=\"wpb_wrapper\"><div class=\"wpb_text_column\"><div class=\"wpb_wrapper\"><h3>Ferramentas de Carregamento<\/h3>\n<p>Boletim detalha a variedade de ferramentas para carregamento.<\/p>\n<\/div><\/div><div class=\"w-btn-wrapper align_none\"><a class=\"w-btn us-btn-style_1\" target=\"_blank\" href=\"https:\/\/dadco.net\/wp-content\/uploads\/2013\/02\/filling_hardwarerevc.pdf\"><span class=\"w-btn-label\">Ferramentas de Carregamento<\/span><\/a><\/div><\/div><\/div><\/div><\/div><\/div><\/div><\/div><\/div><\/div><\/div><\/div><\/div><\/div><\/div><\/section>\n","protected":false},"excerpt":{"rendered":"C\u00e9lulas de CargaC\u00e9lulas de Carga Micro Detalhes de como usar a S\u00e9rie Micro (C) C\u00e9lula de Carga. C\u00e9lulas de Carga MicroC\u00e9lula de Carga Padr\u00e3o Detalha como usar o c\u00e9lula de carga para molas a g\u00e1s nitrog\u00eanio. C\u00e9lula de Carga Padr\u00e3oC\u00e9lula de Carga Super Compacta Detalha como usar o C\u00e9lula de Carga para a S\u00e9rie Super...","protected":false},"author":1,"featured_media":0,"parent":14911,"menu_order":3,"comment_status":"closed","ping_status":"closed","template":"","meta":{"_acf_changed":false,"footnotes":""},"class_list":["post-17720","page","type-page","status-publish","hentry"],"acf":[],"_links":{"self":[{"href":"https:\/\/www.dadco.net\/pt-br\/wp-json\/wp\/v2\/pages\/17720","targetHints":{"allow":["GET"]}}],"collection":[{"href":"https:\/\/www.dadco.net\/pt-br\/wp-json\/wp\/v2\/pages"}],"about":[{"href":"https:\/\/www.dadco.net\/pt-br\/wp-json\/wp\/v2\/types\/page"}],"author":[{"embeddable":true,"href":"https:\/\/www.dadco.net\/pt-br\/wp-json\/wp\/v2\/users\/1"}],"replies":[{"embeddable":true,"href":"https:\/\/www.dadco.net\/pt-br\/wp-json\/wp\/v2\/comments?post=17720"}],"version-history":[{"count":5,"href":"https:\/\/www.dadco.net\/pt-br\/wp-json\/wp\/v2\/pages\/17720\/revisions"}],"predecessor-version":[{"id":28885,"href":"https:\/\/www.dadco.net\/pt-br\/wp-json\/wp\/v2\/pages\/17720\/revisions\/28885"}],"up":[{"embeddable":true,"href":"https:\/\/www.dadco.net\/pt-br\/wp-json\/wp\/v2\/pages\/14911"}],"wp:attachment":[{"href":"https:\/\/www.dadco.net\/pt-br\/wp-json\/wp\/v2\/media?parent=17720"}],"curies":[{"name":"wp","href":"https:\/\/api.w.org\/{rel}","templated":true}]}}