{"id":17705,"date":"2022-09-09T01:49:23","date_gmt":"2022-09-09T01:49:23","guid":{"rendered":"https:\/\/www.dadco.net\/support\/ferramentas-de-manutencao-e-reparo-para-molas-a-gas-nitrogenio\/"},"modified":"2023-11-08T20:13:06","modified_gmt":"2023-11-08T20:13:06","slug":"ferramentas-de-manutencao-e-reparo-para-molas-a-gas-nitrogenio","status":"publish","type":"page","link":"https:\/\/www.dadco.net\/pt-br\/support\/ferramentas-de-manutencao-e-reparo-para-molas-a-gas-nitrogenio\/","title":{"rendered":"Ferramentas de Manuten\u00e7\u00e3o e Reparo para Molas a G\u00e1s Nitrog\u00eanio"},"content":{"rendered":"<section class=\"l-section wpb_row height_auto\"><div class=\"l-section-h i-cf\"><div class=\"g-cols vc_row via_flex valign_top type_default stacking_default\"><div class=\"vc_col-sm-12 wpb_column vc_column_container\"><div class=\"vc_column-inner\"><div class=\"wpb_wrapper\"><div class=\"w-tabs style_default switch_click accordion has_scrolling\"><div class=\"w-tabs-sections titles-align_none icon_chevron cpos_right\"><div class=\"w-tabs-section active\" id=\"cd3d\"><button class=\"w-tabs-section-header active\" aria-controls=\"content-cd3d\" aria-expanded=\"true\"><h2 class=\"w-tabs-section-title\">DADCO Kits de Reparos<\/h2><div class=\"w-tabs-section-control\"><\/div><\/button><div  class=\"w-tabs-section-content\" id=\"content-cd3d\"><div class=\"w-tabs-section-content-h i-cf\"><div class=\"g-cols wpb_row via_flex valign_top type_default stacking_default\"><div class=\"vc_col-sm-12 wpb_column vc_column_container\"><div class=\"vc_column-inner\"><div class=\"wpb_wrapper\"><div class=\"wpb_text_column\"><div class=\"wpb_wrapper\"><p>Resumo dos n\u00fameros de pe\u00e7as de kits de reparo e modelos de molas a g\u00e1s correspondentes. Kits de reparo s\u00e3o utilizados para executar reparos b\u00e1sicos em Molas a G\u00e1s Nitrog\u00eanio.<\/p>\n<\/div><\/div><div class=\"w-btn-wrapper align_none\"><a class=\"w-btn us-btn-style_1\" target=\"_blank\" href=\"https:\/\/dadco.net\/wp-content\/uploads\/2013\/02\/repairkits.pdf\"><span class=\"w-btn-label\">DADCO kits de Reparos<\/span><\/a><\/div><\/div><\/div><\/div><\/div><\/div><\/div><\/div><div class=\"w-tabs-section\" id=\"fb96\"><button class=\"w-tabs-section-header\" aria-controls=\"content-fb96\" aria-expanded=\"false\"><h2 class=\"w-tabs-section-title\">S\u00e9ries L \/ LJ \/ U<\/h2><div class=\"w-tabs-section-control\"><\/div><\/button><div  class=\"w-tabs-section-content\" id=\"content-fb96\"><div class=\"w-tabs-section-content-h i-cf\"><div class=\"g-cols wpb_row via_flex valign_top type_default stacking_default\"><div class=\"vc_col-sm-12 wpb_column vc_column_container\"><div class=\"vc_column-inner\"><div class=\"wpb_wrapper\"><div class=\"wpb_text_column\"><div class=\"wpb_wrapper\"><h3>S\u00e9rie L \/ LJ \/ U Instru\u00e7\u00f5es de Manuten\u00e7\u00e3o<\/h3>\n<p>Instru\u00e7\u00f5es detalhadas para o reparo e manuten\u00e7\u00e3o das S\u00e9ries L \/ 90.3, LJ \/ 90.7 e U (U.0400-U.1600)<\/p>\n<\/div><\/div><div class=\"w-btn-wrapper align_none\"><a class=\"w-btn us-btn-style_1\" target=\"_blank\" href=\"https:\/\/dadco.net\/wp-content\/uploads\/2013\/02\/l_lj_u_miant_revF2.pdf\"><span class=\"w-btn-label\">S\u00e9rie L \/ LJ \/ U Instru\u00e7\u00f5es de Manuten\u00e7\u00e3o<\/span><\/a><\/div><div class=\"w-btn-wrapper align_none\"><a class=\"w-btn us-btn-style_1\" title=\"Videos\" href=\"https:\/\/dadco.net\/product-support\/videos\/\"><span class=\"w-btn-label\">Video<\/span><\/a><\/div><\/div><\/div><\/div><\/div><div class=\"g-cols wpb_row via_flex valign_top type_default stacking_default\"><div class=\"vc_col-sm-12 wpb_column vc_column_container\"><div class=\"vc_column-inner\"><div class=\"wpb_wrapper\"><div class=\"wpb_text_column\"><div class=\"wpb_wrapper\"><h3>S\u00e9rie U\/UH\/UT\/UK\/UX Instru\u00e7\u00f5es de Manuten\u00e7\u00e3o<\/h3>\n<p>Detailed instructional bulletin for the Ultra Force Series, UH Series (models UH.2600-UH.6600), UT (models UT.2600-UT.9600), UK Series, and UX Series (models UX.2600-UX.20000).<\/p>\n<\/div><\/div><div class=\"w-btn-wrapper align_none\"><a class=\"w-btn us-btn-style_1\" target=\"_blank\" href=\"https:\/\/dadco.net\/wp-content\/uploads\/2013\/02\/u_Maintenance.pdf\"><span class=\"w-btn-label\">S\u00e9rie U Instru\u00e7\u00f5es de Manuten\u00e7\u00e3o<\/span><\/a><\/div><\/div><\/div><\/div><\/div><div class=\"g-cols wpb_row via_flex valign_top type_default stacking_default\"><div class=\"vc_col-sm-12 wpb_column vc_column_container\"><div class=\"vc_column-inner\"><div class=\"wpb_wrapper\"><div class=\"wpb_text_column\"><div class=\"wpb_wrapper\"><h3>Instru\u00e7\u00f5es de Manuten\u00e7\u00e3o da S\u00e9rie FCL<\/h3>\n<p>Instru\u00e7\u00f5es detalhadas para reparo e manuten\u00e7\u00e3o da s\u00e9rie FCL.<\/p>\n<\/div><\/div><div class=\"w-btn-wrapper align_none\"><a class=\"w-btn us-btn-style_1\" target=\"_blank\" href=\"https:\/\/dadco.net\/wp-content\/uploads\/2017\/05\/fcl_maintenance_bulletin.pdf\"><span class=\"w-btn-label\">Instru\u00e7\u00f5es de Manuten\u00e7\u00e3o da S\u00e9rie FCL<\/span><\/a><\/div><\/div><\/div><\/div><\/div><\/div><\/div><\/div><div class=\"w-tabs-section\" id=\"qe97\"><button class=\"w-tabs-section-header\" aria-controls=\"content-qe97\" aria-expanded=\"false\"><h2 class=\"w-tabs-section-title\">S\u00e9rie 90.9<\/h2><div class=\"w-tabs-section-control\"><\/div><\/button><div  class=\"w-tabs-section-content\" id=\"content-qe97\"><div class=\"w-tabs-section-content-h i-cf\"><div class=\"g-cols wpb_row via_flex valign_top type_default stacking_default\"><div class=\"vc_col-sm-12 wpb_column vc_column_container\"><div class=\"vc_column-inner\"><div class=\"wpb_wrapper\"><div class=\"wpb_text_column\"><div class=\"wpb_wrapper\"><h3>S\u00e9rie 90.9 Instru\u00e7\u00f5es de Manuten\u00e7\u00e3o<\/h3>\n<p>Instru\u00e7\u00f5es detalhadas para o reparo e manuten\u00e7\u00e3o da S\u00e9rie 90.9 molas a g\u00e1s nitrog\u00eanio.<\/p>\n<\/div><\/div><div class=\"w-btn-wrapper align_none\"><a class=\"w-btn us-btn-style_1\" target=\"_blank\" href=\"https:\/\/dadco.net\/wp-content\/uploads\/2013\/02\/90.9_maint_instructions.pdf\"><span class=\"w-btn-label\">S\u00e9rie 90.9 Instru\u00e7\u00f5es de Manuten\u00e7\u00e3o<\/span><\/a><\/div><\/div><\/div><\/div><\/div><\/div><\/div><\/div><div class=\"w-tabs-section\" id=\"j1a3\"><button class=\"w-tabs-section-header\" aria-controls=\"content-j1a3\" aria-expanded=\"false\"><h2 class=\"w-tabs-section-title\">S\u00e9rie SC<\/h2><div class=\"w-tabs-section-control\"><\/div><\/button><div  class=\"w-tabs-section-content\" id=\"content-j1a3\"><div class=\"w-tabs-section-content-h i-cf\"><div class=\"g-cols wpb_row via_flex valign_top type_default stacking_default\"><div class=\"vc_col-sm-12 wpb_column vc_column_container\"><div class=\"vc_column-inner\"><div class=\"wpb_wrapper\"><div class=\"wpb_text_column\"><div class=\"wpb_wrapper\"><h3>S\u00e9rie SC Instru\u00e7\u00f5es de Manuten\u00e7\u00e3o<\/h3>\n<p>Boletim de instru\u00e7\u00e3o detalhada para a S\u00e9rie super compacta (modelos SC.00740-18300).<\/p>\n<\/div><\/div><div class=\"w-btn-wrapper align_none\"><a class=\"w-btn us-btn-style_1\" target=\"_blank\" href=\"https:\/\/dadco.net\/wp-content\/uploads\/2013\/02\/sc_large_maintenance11.pdf\"><span class=\"w-btn-label\">S\u00e9rie SC Instru\u00e7\u00f5es de Manuten\u00e7\u00e3o<\/span><\/a><\/div><\/div><\/div><\/div><\/div><\/div><\/div><\/div><div class=\"w-tabs-section\" id=\"s4af\"><button class=\"w-tabs-section-header\" aria-controls=\"content-s4af\" aria-expanded=\"false\"><h2 class=\"w-tabs-section-title\">SCLW<\/h2><div class=\"w-tabs-section-control\"><\/div><\/button><div  class=\"w-tabs-section-content\" id=\"content-s4af\"><div class=\"w-tabs-section-content-h i-cf\"><div class=\"g-cols wpb_row via_flex valign_top type_default stacking_default\"><div class=\"vc_col-sm-12 wpb_column vc_column_container\"><div class=\"vc_column-inner\"><div class=\"wpb_wrapper\"><div class=\"wpb_text_column\"><div class=\"wpb_wrapper\"><h3>Instru\u00e7\u00f5es de Manuten\u00e7\u00e3o do SCLW<\/h3>\n<p>Boletim informativo para os modelos com op\u00e7\u00e3o de fixa\u00e7\u00e3o soldada super compacta: SCLW.07500, SCLW.11800 e SCLW.18300.<\/p>\n<\/div><\/div><div class=\"w-btn-wrapper align_none\"><a class=\"w-btn us-btn-style_1\" target=\"_blank\" href=\"https:\/\/dadco.net\/wp-content\/uploads\/2018\/06\/sclw_maintenance_bulletin.pdf\"><span class=\"w-btn-label\">Instru\u00e7\u00f5es de Manuten\u00e7\u00e3o do SCLW<\/span><\/a><\/div><\/div><\/div><\/div><\/div><\/div><\/div><\/div><div class=\"w-tabs-section\" id=\"ib6d\"><button class=\"w-tabs-section-header\" aria-controls=\"content-ib6d\" aria-expanded=\"false\"><h2 class=\"w-tabs-section-title\">S\u00e9ries 90.8 \/ 90.10 \/ 90.10RX \/ 90.5B \/ 90.5B2<\/h2><div class=\"w-tabs-section-control\"><\/div><\/button><div  class=\"w-tabs-section-content\" id=\"content-ib6d\"><div class=\"w-tabs-section-content-h i-cf\"><div class=\"g-cols wpb_row via_flex valign_top type_default stacking_default\"><div class=\"vc_col-sm-12 wpb_column vc_column_container\"><div class=\"vc_column-inner\"><div class=\"wpb_wrapper\"><div class=\"wpb_text_column\"><div class=\"wpb_wrapper\"><h3>90.5B Instru\u00e7\u00f5es de Manuten\u00e7\u00e3o<\/h3>\n<p>Instru\u00e7\u00f5es detalhadas para o reparo e manuten\u00e7\u00e3o da S\u00e9rie 90.5B molas a g\u00e1s nitrog\u00eanio.<\/p>\n<\/div><\/div><div class=\"w-btn-wrapper align_none\"><a class=\"w-btn us-btn-style_1\" target=\"_blank\" href=\"https:\/\/dadco.net\/wp-content\/uploads\/2013\/02\/90.5b_maintenance_revc.pdf\"><span class=\"w-btn-label\">90.5B Instru\u00e7\u00f5es de Manuten\u00e7\u00e3o<\/span><\/a><\/div><div class=\"w-btn-wrapper align_none\"><a class=\"w-btn us-btn-style_1\" title=\"Videos\" href=\"https:\/\/dadco.net\/product-support\/videos\/\"><span class=\"w-btn-label\">Video<\/span><\/a><\/div><\/div><\/div><\/div><\/div><div class=\"g-cols wpb_row via_flex valign_top type_default stacking_default\"><div class=\"vc_col-sm-12 wpb_column vc_column_container\"><div class=\"vc_column-inner\"><div class=\"wpb_wrapper\"><div class=\"wpb_text_column\"><div class=\"wpb_wrapper\"><h3>90.8\/90.10\/90.10RX\/90.5B2 Instru\u00e7\u00f5es de Manuten\u00e7\u00e3o<\/h3>\n<p>Instru\u00e7\u00f5es detalhadas para o reparo e manuten\u00e7\u00e3o da S\u00e9rie 90.8 \/ 90.10 \/ 90.10RX \/ 90.5B2 molas a g\u00e1s nitrog\u00eanio.<\/p>\n<\/div><\/div><div class=\"w-btn-wrapper align_none\"><a class=\"w-btn us-btn-style_1\" target=\"_blank\" href=\"https:\/\/dadco.net\/wp-content\/uploads\/2013\/02\/90.10_90.5b2_90.8_maint.pdf\"><span class=\"w-btn-label\">90.8\/90.10\/90.10RX\/90.5B2 Instru\u00e7\u00f5es de Manuten\u00e7\u00e3o<\/span><\/a><\/div><div class=\"w-btn-wrapper align_none\"><a class=\"w-btn us-btn-style_1\" title=\"Videos\" href=\"https:\/\/dadco.net\/product-support\/videos\/\"><span class=\"w-btn-label\">Video<\/span><\/a><\/div><\/div><\/div><\/div><\/div><\/div><\/div><\/div><div class=\"w-tabs-section\" id=\"ye66\"><button class=\"w-tabs-section-header\" aria-controls=\"content-ye66\" aria-expanded=\"false\"><h2 class=\"w-tabs-section-title\">S\u00e9rie 90.10 DS<\/h2><div class=\"w-tabs-section-control\"><\/div><\/button><div  class=\"w-tabs-section-content\" id=\"content-ye66\"><div class=\"w-tabs-section-content-h i-cf\"><div class=\"g-cols wpb_row via_flex valign_top type_default stacking_default\"><div class=\"vc_col-sm-12 wpb_column vc_column_container\"><div class=\"vc_column-inner\"><div class=\"wpb_wrapper\"><div class=\"wpb_text_column\"><div class=\"wpb_wrapper\"><h3>90.10 DS Instru\u00e7\u00f5es de Manuten\u00e7\u00e3o<\/h3>\n<p>Instru\u00e7\u00f5es detalhadas para reparo e manuten\u00e7\u00e3o da s\u00e9rie de molas a g\u00e1s nitrog\u00eanio 90.10 DS.<\/p>\n<\/div><\/div><div class=\"w-btn-wrapper align_none\"><a class=\"w-btn us-btn-style_1\" target=\"_blank\" href=\"https:\/\/dadco.net\/wp-content\/uploads\/2014\/12\/90.10_ds_maintenance.pdf\"><span class=\"w-btn-label\">90.10 DS Instru\u00e7\u00f5es de Manuten\u00e7\u00e3o<\/span><\/a><\/div><\/div><\/div><\/div><\/div><\/div><\/div><\/div><div class=\"w-tabs-section\" id=\"l7b9\"><button class=\"w-tabs-section-header\" aria-controls=\"content-l7b9\" aria-expanded=\"false\"><h2 class=\"w-tabs-section-title\">S\u00e9rie 90.10R<\/h2><div class=\"w-tabs-section-control\"><\/div><\/button><div  class=\"w-tabs-section-content\" id=\"content-l7b9\"><div class=\"w-tabs-section-content-h i-cf\"><div class=\"g-cols wpb_row via_flex valign_top type_default stacking_default\"><div class=\"vc_col-sm-12 wpb_column vc_column_container\"><div class=\"vc_column-inner\"><div class=\"wpb_wrapper\"><div class=\"wpb_text_column\"><div class=\"wpb_wrapper\"><h3>90.201R Instru\u00e7\u00f5es de Manuten\u00e7\u00e3o<\/h3>\n<p>Instru\u00e7\u00f5es detalhadas para o reparo da molas a g\u00e1s 90.10R.03000 com kit de reparo 90.201R.3000 marcado a laser no cilindro.<\/p>\n<\/div><\/div><div class=\"w-btn-wrapper align_none\"><a class=\"w-btn us-btn-style_1\" target=\"_blank\" href=\"https:\/\/dadco.net\/wp-content\/uploads\/2013\/03\/90.201r.pdf\"><span class=\"w-btn-label\">90.201R Instru\u00e7\u00f5es de Manuten\u00e7\u00e3o<\/span><\/a><\/div><\/div><\/div><\/div><\/div><div class=\"g-cols wpb_row via_flex valign_top type_default stacking_default\"><div class=\"vc_col-sm-12 wpb_column vc_column_container\"><div class=\"vc_column-inner\"><div class=\"wpb_wrapper\"><div class=\"wpb_text_column\"><div class=\"wpb_wrapper\"><h3>90.202R Instru\u00e7\u00f5es de Manuten\u00e7\u00e3o<\/h3>\n<p>Instru\u00e7\u00f5es detalhadas para o reparo da molas a g\u00e1s 90.10R.05000 com kit de reparo 90.202R.5000 marcado a laser no cilindro, e para o reparo do 90.10R.07500 mola a g\u00e1s com kit de reparo 90.202R.7500 marcado a laser no cilindro.<\/p>\n<\/div><\/div><div class=\"w-btn-wrapper align_none\"><a class=\"w-btn us-btn-style_1\" target=\"_blank\" href=\"https:\/\/dadco.net\/wp-content\/uploads\/2013\/02\/90.202r3.pdf\"><span class=\"w-btn-label\">90.202R Instru\u00e7\u00f5es de Manuten\u00e7\u00e3o<\/span><\/a><\/div><\/div><\/div><\/div><\/div><div class=\"g-cols wpb_row via_flex valign_top type_default stacking_default\"><div class=\"vc_col-sm-12 wpb_column vc_column_container\"><div class=\"vc_column-inner\"><div class=\"wpb_wrapper\"><div class=\"wpb_text_column\"><div class=\"wpb_wrapper\"><h3>90.203R Instru\u00e7\u00f5es de Manuten\u00e7\u00e3o<\/h3>\n<p>Instru\u00e7\u00f5es detalhadas para o reparo da molas a g\u00e1s 90.10R.05000 com kit de reparo 90.201R.5000 marcado a laser no cilindro, e para o reparo do 90.10R.07500 mola a g\u00e1s com kit de reparo 90.201R.7500 marcado a laser no cilindro.<br \/>\n<em>NOTA: As instru\u00e7\u00f5es de manuten\u00e7\u00e3o podem tamb\u00e9m ser usadas para converter uma s\u00e9rie 90.10, 90.10.05000 e 90.10.07500, para a S\u00e9rie RIC \u2122 90.10R.05000 e 90.10R.07500.<\/em><\/p>\n<\/div><\/div><div class=\"w-btn-wrapper align_none\"><a class=\"w-btn us-btn-style_1\" target=\"_blank\" href=\"https:\/\/dadco.net\/wp-content\/uploads\/2013\/02\/90.203r.pdf\"><span class=\"w-btn-label\">90.203R Instru\u00e7\u00f5es de Manuten\u00e7\u00e3o<\/span><\/a><\/div><\/div><\/div><\/div><\/div><\/div><\/div><\/div><div class=\"w-tabs-section\" id=\"uca2\"><button class=\"w-tabs-section-header\" aria-controls=\"content-uca2\" aria-expanded=\"false\"><h2 class=\"w-tabs-section-title\">Ferramentas de reparo<\/h2><div class=\"w-tabs-section-control\"><\/div><\/button><div  class=\"w-tabs-section-content\" id=\"content-uca2\"><div class=\"w-tabs-section-content-h i-cf\"><div class=\"g-cols wpb_row via_flex valign_top type_default stacking_default\"><div class=\"vc_col-sm-12 wpb_column vc_column_container\"><div class=\"vc_column-inner\"><div class=\"wpb_wrapper\"><div class=\"wpb_text_column\"><div class=\"wpb_wrapper\"><h3>Guia de ferramentas de reparo<\/h3>\n<p>Guia de ferramentas para ajudar a determinar quais ferramentas usar no carregamento ou reparo de molas a g\u00e1s nitrog\u00eanio.<\/p>\n<\/div><\/div><div class=\"w-btn-wrapper align_none\"><a class=\"w-btn us-btn-style_1\" target=\"_blank\" href=\"https:\/\/dadco.net\/wp-content\/uploads\/2013\/03\/repair_tools.pdf\"><span class=\"w-btn-label\">Guia de ferramentas de reparo<\/span><\/a><\/div><\/div><\/div><\/div><\/div><div class=\"g-cols wpb_row via_flex valign_top type_default stacking_default\"><div class=\"vc_col-sm-12 wpb_column vc_column_container\"><div class=\"vc_column-inner\"><div class=\"wpb_wrapper\"><div class=\"wpb_text_column\"><div class=\"wpb_wrapper\"><h3>Kits Ferramentas de reparo<\/h3>\n<p>As ferramentas de reparo da DADCO, est\u00e3o dispon\u00edveis em maletas para cada uma das tr\u00eas principais classifica\u00e7\u00f5es de molas a g\u00e1s nitrog\u00eanio: S\u00e9ries Micro, Mini, e Grande.<\/p>\n<\/div><\/div><div class=\"w-btn-wrapper align_none\"><a class=\"w-btn us-btn-style_1\" target=\"_blank\" href=\"https:\/\/dadco.net\/wp-content\/uploads\/2013\/02\/tool_kits_reva.pdf\"><span class=\"w-btn-label\">Kits Ferramentas de reparo<\/span><\/a><\/div><\/div><\/div><\/div><\/div><div class=\"g-cols wpb_row via_flex valign_top type_default stacking_default\"><div class=\"vc_col-sm-12 wpb_column vc_column_container\"><div class=\"vc_column-inner\"><div class=\"wpb_wrapper\"><div class=\"wpb_text_column\"><div class=\"wpb_wrapper\"><h3>RT \u2013 Chave Torque<\/h3>\n<p>Este boletim lista as ferramentas RT \u2013 Chave Torque e a variedade de pe\u00e7as hexagonais, internos e externos, que s\u00e3o usados para o manuseio da S\u00e9rie Micro roscados e Levantadores a G\u00e1s Nitrog\u00eanio SL.16.<\/p>\n<\/div><\/div><div class=\"w-btn-wrapper align_none\"><a class=\"w-btn us-btn-style_1\" target=\"_blank\" href=\"https:\/\/dadco.net\/wp-content\/uploads\/2022\/09\/RT-Tool-Bulletin-1.pdf\"><span class=\"w-btn-label\">RT \u2013 Chave Torque<\/span><\/a><\/div><\/div><\/div><\/div><\/div><div class=\"g-cols wpb_row via_flex valign_top type_default stacking_default\"><div class=\"vc_col-sm-12 wpb_column vc_column_container\"><div class=\"vc_column-inner\"><div class=\"wpb_wrapper\"><div class=\"wpb_text_column\"><div class=\"wpb_wrapper\"><h3>Ferramenta para Servi\u00e7os<\/h3>\n<p>Boletim fornece a descri\u00e7\u00e3o das oito pontas de ferramentas e o uso de cada uma. Esta \u00fanica ferramenta fornece todas as necessidades para servi\u00e7o nas v\u00e1lvulas das molas a g\u00e1s.<\/p>\n<\/div><\/div><div class=\"w-btn-wrapper align_none\"><a class=\"w-btn us-btn-style_1\" target=\"_blank\" href=\"https:\/\/dadco.net\/wp-content\/uploads\/2013\/02\/port_-servicing_-tool.pdf\"><span class=\"w-btn-label\">Ferramenta para Servi\u00e7os<\/span><\/a><\/div><\/div><\/div><\/div><\/div><div class=\"g-cols wpb_row via_flex valign_top type_default stacking_default\"><div class=\"vc_col-sm-12 wpb_column vc_column_container\"><div class=\"vc_column-inner\"><div class=\"wpb_wrapper\"><div class=\"wpb_text_column\"><div class=\"wpb_wrapper\"><h3>90.356 \/ (RP-40)<\/h3>\n<p>Instru\u00e7\u00f5es sobre como usar as duas ferramentas de remo\u00e7\u00e3o do anel de reten\u00e7\u00e3o pequenas e grandes. Esta ferramenta \u00e9 para uso com grandes molas a g\u00e1s nitrog\u00eanio.<\/p>\n<\/div><\/div><div class=\"w-btn-wrapper align_none\"><a class=\"w-btn us-btn-style_1\" target=\"_blank\" href=\"https:\/\/dadco.net\/wp-content\/uploads\/2013\/02\/rp-401.pdf\"><span class=\"w-btn-label\">90.356 \/ (RP-40)<\/span><\/a><\/div><div class=\"w-btn-wrapper align_none\"><a class=\"w-btn us-btn-style_1\" title=\"Videos\" href=\"https:\/\/dadco.net\/product-support\/videos\/\"><span class=\"w-btn-label\">Video<\/span><\/a><\/div><\/div><\/div><\/div><\/div><div class=\"g-cols wpb_row via_flex valign_top type_default stacking_default\"><div class=\"vc_col-sm-12 wpb_column vc_column_container\"><div class=\"vc_column-inner\"><div class=\"wpb_wrapper\"><div class=\"wpb_text_column\"><div class=\"wpb_wrapper\"><h3>90.355 \/ (RPL-40)<\/h3>\n<p>Instru\u00e7\u00f5es para remo\u00e7\u00e3o do anel de reten\u00e7\u00e3o. Esta ferramenta \u00e9 para uso com molas a g\u00e1s nitrog\u00eanio Mini.<\/p>\n<\/div><\/div><div class=\"w-btn-wrapper align_none\"><a class=\"w-btn us-btn-style_1\" target=\"_blank\" href=\"https:\/\/dadco.net\/wp-content\/uploads\/2013\/02\/90.355.pdf\"><span class=\"w-btn-label\">90.355 \/ (RPL-40)<\/span><\/a><\/div><div class=\"w-btn-wrapper align_none\"><a class=\"w-btn us-btn-style_1\" title=\"Videos\" href=\"https:\/\/dadco.net\/product-support\/videos\/\"><span class=\"w-btn-label\">Video<\/span><\/a><\/div><\/div><\/div><\/div><\/div><div class=\"g-cols wpb_row via_flex valign_top type_default stacking_default\"><div class=\"vc_col-sm-12 wpb_column vc_column_container\"><div class=\"vc_column-inner\"><div class=\"wpb_wrapper\"><div class=\"wpb_text_column\"><div class=\"wpb_wrapper\"><h3>90.352 \/ C-Ring Ferramenta de Instala\u00e7\u00e3o<\/h3>\n<p>Este boletim detalhado fornece instru\u00e7\u00f5es sobre como utilizar a ferramenta de instala\u00e7\u00e3o do anel de reten\u00e7\u00e3o fazendo manuten\u00e7\u00e3o das molas a g\u00e1s nitrog\u00eanio.<\/p>\n<\/div><\/div><div class=\"w-btn-wrapper align_none\"><a class=\"w-btn us-btn-style_1\" target=\"_blank\" href=\"https:\/\/dadco.net\/wp-content\/uploads\/2013\/02\/cring_instl_large1.pdf\"><span class=\"w-btn-label\">90.352 \/ C-Ring Ferramenta de Instala\u00e7\u00e3o<\/span><\/a><\/div><div class=\"w-btn-wrapper align_none\"><a class=\"w-btn us-btn-style_1\" title=\"Videos\" href=\"https:\/\/dadco.net\/product-support\/videos\/\"><span class=\"w-btn-label\">Video<\/span><\/a><\/div><\/div><\/div><\/div><\/div><\/div><\/div><\/div><\/div><\/div><\/div><\/div><\/div><\/div><\/div><\/section>\n","protected":false},"excerpt":{"rendered":"DADCO Kits de ReparosResumo dos n\u00fameros de pe\u00e7as de kits de reparo e modelos de molas a g\u00e1s correspondentes. Kits de reparo s\u00e3o utilizados para executar reparos b\u00e1sicos em Molas a G\u00e1s Nitrog\u00eanio. DADCO kits de ReparosS\u00e9ries L \/ LJ \/ US\u00e9rie L \/ LJ \/ U Instru\u00e7\u00f5es de Manuten\u00e7\u00e3o Instru\u00e7\u00f5es detalhadas para o reparo...","protected":false},"author":1,"featured_media":0,"parent":14911,"menu_order":2,"comment_status":"closed","ping_status":"closed","template":"","meta":{"footnotes":""},"class_list":["post-17705","page","type-page","status-publish","hentry"],"acf":[],"_links":{"self":[{"href":"https:\/\/www.dadco.net\/pt-br\/wp-json\/wp\/v2\/pages\/17705","targetHints":{"allow":["GET"]}}],"collection":[{"href":"https:\/\/www.dadco.net\/pt-br\/wp-json\/wp\/v2\/pages"}],"about":[{"href":"https:\/\/www.dadco.net\/pt-br\/wp-json\/wp\/v2\/types\/page"}],"author":[{"embeddable":true,"href":"https:\/\/www.dadco.net\/pt-br\/wp-json\/wp\/v2\/users\/1"}],"replies":[{"embeddable":true,"href":"https:\/\/www.dadco.net\/pt-br\/wp-json\/wp\/v2\/comments?post=17705"}],"version-history":[{"count":5,"href":"https:\/\/www.dadco.net\/pt-br\/wp-json\/wp\/v2\/pages\/17705\/revisions"}],"predecessor-version":[{"id":28644,"href":"https:\/\/www.dadco.net\/pt-br\/wp-json\/wp\/v2\/pages\/17705\/revisions\/28644"}],"up":[{"embeddable":true,"href":"https:\/\/www.dadco.net\/pt-br\/wp-json\/wp\/v2\/pages\/14911"}],"wp:attachment":[{"href":"https:\/\/www.dadco.net\/pt-br\/wp-json\/wp\/v2\/media?parent=17705"}],"curies":[{"name":"wp","href":"https:\/\/api.w.org\/{rel}","templated":true}]}}