{"id":14911,"date":"2022-09-01T15:32:37","date_gmt":"2022-09-01T19:32:37","guid":{"rendered":"https:\/\/www.dadco.net\/support\/"},"modified":"2024-01-25T23:30:09","modified_gmt":"2024-01-26T04:30:09","slug":"support","status":"publish","type":"page","link":"https:\/\/www.dadco.net\/pt-br\/support\/","title":{"rendered":"Suporte"},"content":{"rendered":"<section class=\"l-section wpb_row height_medium\"><div class=\"l-section-h i-cf\"><div class=\"g-cols vc_row via_flex valign_top type_default stacking_default\"><div class=\"vc_col-sm-12 wpb_column vc_column_container\"><div class=\"vc_column-inner\"><div class=\"wpb_wrapper\"><h1 class=\"w-post-elm post_custom_field us_custom_eb849559 type_text h1_title color_link_inherit\"><span class=\"w-post-elm-value\">Suporte<\/span><\/h1><\/div><\/div><\/div><\/div><\/div><\/section><section class=\"l-section wpb_row large-text height_auto\"><div class=\"l-section-h i-cf\"><div class=\"g-cols vc_row via_flex valign_top type_default stacking_default\"><div class=\"vc_col-sm-12 wpb_column vc_column_container\"><div class=\"vc_column-inner\"><div class=\"wpb_wrapper\"><div class=\"wpb_text_column large-text\"><div class=\"wpb_wrapper\"><p>DADCO est\u00e1 empenhada em fazer o que for preciso para satisfazer nossos clientes.<\/p>\n<\/div><\/div><\/div><\/div><\/div><\/div><\/div><\/section><section class=\"l-section wpb_row product-support height_medium\"><div class=\"l-section-h i-cf\"><div class=\"g-cols vc_row via_flex valign_top type_default stacking_default\"><div class=\"vc_col-sm-4 wpb_column vc_column_container\"><div class=\"vc_column-inner\"><div class=\"wpb_wrapper\"><div class=\"w-iconbox iconpos_top style_default color_primary align_center no_text icontype_img\"><a title=\"Sistemas e Molas a G\u00e1s Nitrog\u00eanio\" href=\"https:\/\/www.dadco.net\/pt-br\/support\/nitrogen-gas-springs-systems\/\" class=\"w-iconbox-link\" aria-label=\"Sistemas e Molas a G\u00e1s Nitrog\u00eanio\"><div class=\"w-iconbox-icon\" style=\"font-size:15rem;\"><img loading=\"lazy\" decoding=\"async\" width=\"400\" height=\"274\" src=\"https:\/\/www.dadco.net\/wp-content\/uploads\/2023\/03\/Nitrogen-Gas-Springs-Systems.png\" class=\"attachment-full size-full\" alt=\"\" srcset=\"https:\/\/www.dadco.net\/wp-content\/uploads\/2023\/03\/Nitrogen-Gas-Springs-Systems.png 400w, https:\/\/www.dadco.net\/wp-content\/uploads\/2023\/03\/Nitrogen-Gas-Springs-Systems-300x206.png 300w\" sizes=\"auto, (max-width: 400px) 100vw, 400px\" \/><\/div><\/a><div class=\"w-iconbox-meta\"><a title=\"Sistemas e Molas a G\u00e1s Nitrog\u00eanio\" href=\"https:\/\/www.dadco.net\/pt-br\/support\/nitrogen-gas-springs-systems\/\" class=\"w-iconbox-link\" aria-label=\"Sistemas e Molas a G\u00e1s Nitrog\u00eanio\"><h3 class=\"w-iconbox-title\">Sistemas e Molas a G\u00e1s Nitrog\u00eanio<\/h3><\/a><\/div><\/div><\/div><\/div><\/div><div class=\"vc_col-sm-4 wpb_column vc_column_container\"><div class=\"vc_column-inner\"><div class=\"wpb_wrapper\"><div class=\"w-iconbox iconpos_top style_default color_primary align_center no_text icontype_img\"><a title=\"Levantadores a G\u00e1s Nitrog\u00eanio\" href=\"https:\/\/www.dadco.net\/pt-br\/support\/levantadores-a-gas-nitrogenio\/\" class=\"w-iconbox-link\" aria-label=\"Levantadores a G\u00e1s Nitrog\u00eanio\"><div class=\"w-iconbox-icon\" style=\"font-size:15rem;\"><img loading=\"lazy\" decoding=\"async\" width=\"400\" height=\"246\" src=\"https:\/\/www.dadco.net\/wp-content\/uploads\/2023\/03\/Nitrogen-Gas-Spring-Lifters.jpg\" class=\"attachment-full size-full\" alt=\"\" srcset=\"https:\/\/www.dadco.net\/wp-content\/uploads\/2023\/03\/Nitrogen-Gas-Spring-Lifters.jpg 400w, https:\/\/www.dadco.net\/wp-content\/uploads\/2023\/03\/Nitrogen-Gas-Spring-Lifters-300x185.jpg 300w\" sizes=\"auto, (max-width: 400px) 100vw, 400px\" \/><\/div><\/a><div class=\"w-iconbox-meta\"><a title=\"Levantadores a G\u00e1s Nitrog\u00eanio\" href=\"https:\/\/www.dadco.net\/pt-br\/support\/levantadores-a-gas-nitrogenio\/\" class=\"w-iconbox-link\" aria-label=\"Levantadores a G\u00e1s Nitrog\u00eanio\"><h3 class=\"w-iconbox-title\">Levantadores a G\u00e1s Nitrog\u00eanio<\/h3><\/a><\/div><\/div><\/div><\/div><\/div><div class=\"vc_col-sm-4 wpb_column vc_column_container\"><div class=\"vc_column-inner\"><div class=\"wpb_wrapper\"><div class=\"w-iconbox iconpos_top style_default color_primary align_center no_text icontype_img\"><a href=\"https:\/\/www.dadco.net\/pt-br\/support\/grs-grs-hd\/\" class=\"w-iconbox-link\" aria-label=\"GRS\/GRS.HD\"><div class=\"w-iconbox-icon\" style=\"font-size:15rem;\"><img loading=\"lazy\" decoding=\"async\" width=\"400\" height=\"244\" src=\"https:\/\/www.dadco.net\/wp-content\/uploads\/2023\/03\/GRS-GRS.HD_-1.png\" class=\"attachment-full size-full\" alt=\"\" srcset=\"https:\/\/www.dadco.net\/wp-content\/uploads\/2023\/03\/GRS-GRS.HD_-1.png 400w, https:\/\/www.dadco.net\/wp-content\/uploads\/2023\/03\/GRS-GRS.HD_-1-300x183.png 300w\" sizes=\"auto, (max-width: 400px) 100vw, 400px\" \/><\/div><\/a><div class=\"w-iconbox-meta\"><a href=\"https:\/\/www.dadco.net\/pt-br\/support\/grs-grs-hd\/\" class=\"w-iconbox-link\" aria-label=\"GRS\/GRS.HD\"><h3 class=\"w-iconbox-title\">GRS\/GRS.HD<\/h3><\/a><\/div><\/div><\/div><\/div><\/div><\/div><\/div><\/section><section class=\"l-section wpb_row product-support height_medium\"><div class=\"l-section-h i-cf\"><div class=\"g-cols vc_row via_flex valign_top type_default stacking_default\"><div class=\"vc_col-sm-4 wpb_column vc_column_container\"><div class=\"vc_column-inner\"><div class=\"wpb_wrapper\"><div class=\"w-iconbox iconpos_top style_default color_primary align_center no_text icontype_img\"><a title=\"Sistema de Retorno com Atraso\" href=\"https:\/\/www.dadco.net\/pt-br\/support\/sistema-de-retorno-com-atraso\/\" class=\"w-iconbox-link\" aria-label=\"Sistema de Retorno com Atraso\"><div class=\"w-iconbox-icon\" style=\"font-size:15rem;\"><img loading=\"lazy\" decoding=\"async\" width=\"500\" height=\"435\" src=\"https:\/\/www.dadco.net\/wp-content\/uploads\/2023\/05\/DRS-Manual-Cover-website-1.png\" class=\"attachment-full size-full\" alt=\"\" srcset=\"https:\/\/www.dadco.net\/wp-content\/uploads\/2023\/05\/DRS-Manual-Cover-website-1.png 500w, https:\/\/www.dadco.net\/wp-content\/uploads\/2023\/05\/DRS-Manual-Cover-website-1-300x261.png 300w\" sizes=\"auto, (max-width: 500px) 100vw, 500px\" \/><\/div><\/a><div class=\"w-iconbox-meta\"><a title=\"Sistema de Retorno com Atraso\" href=\"https:\/\/www.dadco.net\/pt-br\/support\/sistema-de-retorno-com-atraso\/\" class=\"w-iconbox-link\" aria-label=\"Sistema de Retorno com Atraso\"><h3 class=\"w-iconbox-title\">Sistema de Retorno com Atraso<\/h3><\/a><\/div><\/div><\/div><\/div><\/div><div class=\"vc_col-sm-4 wpb_column vc_column_container\"><div class=\"vc_column-inner\"><div class=\"wpb_wrapper\"><div class=\"w-iconbox iconpos_top style_default color_primary align_center no_text icontype_img\"><a title=\"S\u00e9rie HP - Cilindros Pneum\u00e1ticos M\u00e9tricos\" href=\"https:\/\/www.dadco.net\/pt-br\/support\/hp-metric-air-cylinders\/\" class=\"w-iconbox-link\" aria-label=\"S\u00e9rie HP &#8211; Cilindros Pneum\u00e1ticos M\u00e9tricos\"><div class=\"w-iconbox-icon\" style=\"font-size:15rem;\"><img loading=\"lazy\" decoding=\"async\" width=\"400\" height=\"319\" src=\"https:\/\/www.dadco.net\/wp-content\/uploads\/2023\/03\/hp-cover-1.png\" class=\"attachment-full size-full\" alt=\"\" srcset=\"https:\/\/www.dadco.net\/wp-content\/uploads\/2023\/03\/hp-cover-1.png 400w, https:\/\/www.dadco.net\/wp-content\/uploads\/2023\/03\/hp-cover-1-300x239.png 300w\" sizes=\"auto, (max-width: 400px) 100vw, 400px\" \/><\/div><\/a><div class=\"w-iconbox-meta\"><a title=\"S\u00e9rie HP - Cilindros Pneum\u00e1ticos M\u00e9tricos\" href=\"https:\/\/www.dadco.net\/pt-br\/support\/hp-metric-air-cylinders\/\" class=\"w-iconbox-link\" aria-label=\"S\u00e9rie HP &#8211; Cilindros Pneum\u00e1ticos M\u00e9tricos\"><h3 class=\"w-iconbox-title\">S\u00e9rie HP &#8211; Cilindros Pneum\u00e1ticos M\u00e9tricos<\/h3><\/a><\/div><\/div><\/div><\/div><\/div><div class=\"vc_col-sm-4 wpb_column vc_column_container\"><div class=\"vc_column-inner\"><div class=\"wpb_wrapper\"><div class=\"w-iconbox iconpos_top style_default color_primary align_center\"><a title=\"Videos\" href=\"https:\/\/www.dadco.net\/pt-br\/support\/videos\/\" class=\"w-iconbox-link\" aria-label=\"V\u00eddeos instrutivos\"><div class=\"w-iconbox-icon\" style=\"font-size:5rem;\"><i class=\"fas fa-video\"><\/i><\/div><\/a><div class=\"w-iconbox-meta\"><a title=\"Videos\" href=\"https:\/\/www.dadco.net\/pt-br\/support\/videos\/\" class=\"w-iconbox-link\" aria-label=\"V\u00eddeos instrutivos\"><h3 class=\"w-iconbox-title\">V\u00eddeos instrutivos<\/h3><\/a><div class=\"w-iconbox-text\"><p>A DADCO oferece uma extensa cole\u00e7\u00e3o de v\u00eddeos de produtos para auxiliar os clientes na&#8230;<\/p>\n<\/div><\/div><\/div><\/div><\/div><\/div><\/div><\/div><\/section><section class=\"l-section wpb_row product-support height_medium\"><div class=\"l-section-h i-cf\"><div class=\"g-cols vc_row via_flex valign_middle type_default stacking_default\"><div class=\"vc_col-sm-4 wpb_column vc_column_container\"><div class=\"vc_column-inner\"><div class=\"wpb_wrapper\"><div class=\"w-iconbox iconpos_top style_default color_primary align_center\"><a title=\"FAQ\" href=\"https:\/\/www.dadco.net\/pt-br\/support\/faq\/molas-a-gas-nitrogenio\/\" class=\"w-iconbox-link\" aria-label=\"FAQ\"><div class=\"w-iconbox-icon\" style=\"font-size:5rem;\"><i class=\"fas fa-question-circle\"><\/i><\/div><\/a><div class=\"w-iconbox-meta\"><a title=\"FAQ\" href=\"https:\/\/www.dadco.net\/pt-br\/support\/faq\/molas-a-gas-nitrogenio\/\" class=\"w-iconbox-link\" aria-label=\"FAQ\"><h3 class=\"w-iconbox-title\">FAQ<\/h3><\/a><div class=\"w-iconbox-text\"><p>D\u00favidas sobre algum de nossos produtos\u2026<\/p>\n<\/div><\/div><\/div><\/div><\/div><\/div><\/div><\/div><\/section>\n","protected":false},"excerpt":{"rendered":"SuporteDADCO est\u00e1 empenhada em fazer o que for preciso para satisfazer nossos clientes. Sistemas e Molas a G\u00e1s Nitrog\u00eanioLevantadores a G\u00e1s Nitrog\u00eanioGRS\/GRS.HDSistema de Retorno com AtrasoS\u00e9rie HP &#8211; Cilindros Pneum\u00e1ticos M\u00e9tricosV\u00eddeos instrutivosA DADCO oferece uma extensa cole\u00e7\u00e3o de v\u00eddeos de produtos para auxiliar os clientes na... FAQD\u00favidas sobre algum de nossos produtos\u2026","protected":false},"author":1,"featured_media":0,"parent":0,"menu_order":0,"comment_status":"closed","ping_status":"closed","template":"","meta":{"footnotes":""},"class_list":["post-14911","page","type-page","status-publish","hentry"],"acf":[],"_links":{"self":[{"href":"https:\/\/www.dadco.net\/pt-br\/wp-json\/wp\/v2\/pages\/14911","targetHints":{"allow":["GET"]}}],"collection":[{"href":"https:\/\/www.dadco.net\/pt-br\/wp-json\/wp\/v2\/pages"}],"about":[{"href":"https:\/\/www.dadco.net\/pt-br\/wp-json\/wp\/v2\/types\/page"}],"author":[{"embeddable":true,"href":"https:\/\/www.dadco.net\/pt-br\/wp-json\/wp\/v2\/users\/1"}],"replies":[{"embeddable":true,"href":"https:\/\/www.dadco.net\/pt-br\/wp-json\/wp\/v2\/comments?post=14911"}],"version-history":[{"count":5,"href":"https:\/\/www.dadco.net\/pt-br\/wp-json\/wp\/v2\/pages\/14911\/revisions"}],"predecessor-version":[{"id":30899,"href":"https:\/\/www.dadco.net\/pt-br\/wp-json\/wp\/v2\/pages\/14911\/revisions\/30899"}],"wp:attachment":[{"href":"https:\/\/www.dadco.net\/pt-br\/wp-json\/wp\/v2\/media?parent=14911"}],"curies":[{"name":"wp","href":"https:\/\/api.w.org\/{rel}","templated":true}]}}