{"id":14896,"date":"2022-10-25T16:41:35","date_gmt":"2022-10-25T16:41:35","guid":{"rendered":"https:\/\/www.dadco.net\/produtos\/power-components\/"},"modified":"2023-12-27T12:45:45","modified_gmt":"2023-12-27T17:45:45","slug":"power-components","status":"publish","type":"page","link":"https:\/\/www.dadco.net\/pt-br\/produtos\/power-components\/","title":{"rendered":"Power Components"},"content":{"rendered":"<section class=\"l-section wpb_row height_auto\"><div class=\"l-section-h i-cf\"><div class=\"g-cols vc_row via_flex valign_top type_default stacking_default\"><div class=\"vc_col-sm-12 wpb_column vc_column_container\"><div class=\"vc_column-inner\"><div class=\"wpb_wrapper\"><div class=\"w-tabs style_default switch_click accordion has_scrolling\"><div class=\"w-tabs-sections titles-align_none icon_chevron cpos_right\"><div class=\"w-tabs-section active\" id=\"o38a\"><button class=\"w-tabs-section-header active\" aria-controls=\"content-o38a\" aria-expanded=\"true\"><h2 class=\"w-tabs-section-title\">Power Components &#8211; Atuadores de Eleva\u00e7\u00e3o<\/h2><div class=\"w-tabs-section-control\"><\/div><\/button><div  class=\"w-tabs-section-content\" id=\"content-o38a\"><div class=\"w-tabs-section-content-h i-cf\"><div class=\"g-cols wpb_row via_flex valign_top type_default stacking_default\"><div class=\"vc_col-sm-12 wpb_column vc_column_container\"><div class=\"vc_column-inner\"><div class=\"wpb_wrapper\"><div class=\"wpb_text_column\"><div class=\"wpb_wrapper\"><p><img loading=\"lazy\" decoding=\"async\" class=\"size-full wp-image-8568 alignright\" src=\"https:\/\/www.dadco.net\/wp-content\/uploads\/2018\/03\/pla_group-e1662481019704.jpg\" alt=\"\" width=\"151\" height=\"148\"><\/p>\n<h3>Atuadores de Eleva\u00e7\u00e3o<\/h3>\n<p>O Atuador de Eleva\u00e7\u00e3o \u00e9 um dispositivo de transmiss\u00e3o de energia automatizado que que converte o movimento rotativo em movimento linear quando conectado a uma fonte de energia, como um cilindro pneum\u00e1tico ou motor.<\/p>\n<p>Projetado para aplica\u00e7\u00f5es com espa\u00e7o limitado, o Atuador de Eleva\u00e7\u00e3o pode elevar, abaixar, girar, prender, empurrar, puxar, verificar, posicionar ou acionar qualquer carga de unidade ou acess\u00f3rio de maneira simples e econ\u00f4mica. A S\u00e9rie Atuador de Eleva\u00e7\u00e3o \u00e9 extensa, oferecendo unidades com capacidade de 1:1 ou 2:1, op\u00e7\u00f5es de montagem diversas e universais e v\u00e1rias op\u00e7\u00f5es de eixo. Para facilitar os desenhos de instala\u00e7\u00e3o, os modelos CAD est\u00e3o dispon\u00edveis para a S\u00e9rie Atuadores de Eleva\u00e7\u00e3o.<\/p>\n<\/div><\/div><div class=\"w-btn-wrapper align_none\"><a class=\"w-btn us-btn-style_1 icon_atleft\" target=\"_blank\" href=\"https:\/\/www.dadco.net\/wp-content\/uploads\/2018\/03\/pla_catalog.pdf\"><i class=\"fas fa-print\"><\/i><span class=\"w-btn-label\">S\u00e9rie 1-4 Impress\u00e3o em PDF<\/span><\/a><\/div><div class=\"w-btn-wrapper align_none\"><a class=\"w-btn us-btn-style_1 icon_atleft\" target=\"_blank\" href=\"https:\/\/www.dadco.net\/wp-content\/uploads\/2018\/03\/pla_5.pdf\"><i class=\"fas fa-print\"><\/i><span class=\"w-btn-label\">S\u00e9rie 5 Impress\u00e3o em PDF<\/span><\/a><\/div><\/div><\/div><\/div><\/div><\/div><\/div><\/div><\/div><\/div><\/div><\/div><\/div><\/div><\/div><\/section>\n","protected":false},"excerpt":{"rendered":"Power Components &#8211; Atuadores de Eleva\u00e7\u00e3o Atuadores de Eleva\u00e7\u00e3o O Atuador de Eleva\u00e7\u00e3o \u00e9 um dispositivo de transmiss\u00e3o de energia automatizado que que converte o movimento rotativo em movimento linear quando conectado a uma fonte de energia, como um cilindro pneum\u00e1tico ou motor. Projetado para aplica\u00e7\u00f5es com espa\u00e7o limitado, o Atuador de Eleva\u00e7\u00e3o pode elevar,...","protected":false},"author":1,"featured_media":0,"parent":14850,"menu_order":8,"comment_status":"closed","ping_status":"closed","template":"","meta":{"footnotes":""},"class_list":["post-14896","page","type-page","status-publish","hentry"],"acf":[],"_links":{"self":[{"href":"https:\/\/www.dadco.net\/pt-br\/wp-json\/wp\/v2\/pages\/14896","targetHints":{"allow":["GET"]}}],"collection":[{"href":"https:\/\/www.dadco.net\/pt-br\/wp-json\/wp\/v2\/pages"}],"about":[{"href":"https:\/\/www.dadco.net\/pt-br\/wp-json\/wp\/v2\/types\/page"}],"author":[{"embeddable":true,"href":"https:\/\/www.dadco.net\/pt-br\/wp-json\/wp\/v2\/users\/1"}],"replies":[{"embeddable":true,"href":"https:\/\/www.dadco.net\/pt-br\/wp-json\/wp\/v2\/comments?post=14896"}],"version-history":[{"count":5,"href":"https:\/\/www.dadco.net\/pt-br\/wp-json\/wp\/v2\/pages\/14896\/revisions"}],"predecessor-version":[{"id":30295,"href":"https:\/\/www.dadco.net\/pt-br\/wp-json\/wp\/v2\/pages\/14896\/revisions\/30295"}],"up":[{"embeddable":true,"href":"https:\/\/www.dadco.net\/pt-br\/wp-json\/wp\/v2\/pages\/14850"}],"wp:attachment":[{"href":"https:\/\/www.dadco.net\/pt-br\/wp-json\/wp\/v2\/media?parent=14896"}],"curies":[{"name":"wp","href":"https:\/\/api.w.org\/{rel}","templated":true}]}}