{"id":14884,"date":"2022-09-02T15:29:37","date_gmt":"2022-09-02T15:29:37","guid":{"rendered":"https:\/\/www.dadco.net\/produtos\/sistema-power-cam\/"},"modified":"2023-12-27T12:39:26","modified_gmt":"2023-12-27T17:39:26","slug":"sistema-power-cam","status":"publish","type":"page","link":"https:\/\/www.dadco.net\/pt-br\/produtos\/sistema-power-cam\/","title":{"rendered":"Sistema Power Cam"},"content":{"rendered":"<section class=\"l-section wpb_row height_auto\"><div class=\"l-section-h i-cf\"><div class=\"g-cols vc_row via_flex valign_top type_default stacking_default\"><div class=\"vc_col-sm-12 wpb_column vc_column_container\"><div class=\"vc_column-inner\"><div class=\"wpb_wrapper\"><div class=\"wpb_text_column\"><div class=\"wpb_wrapper\"><p>O Sistema Power Cam e Power Pump DADCO \u00e9 projetado para uso em ferramental exigindo opera\u00e7\u00f5es secund\u00e1rias, como a perfura\u00e7\u00e3o, forma\u00e7\u00e3o ou flangeamento e pode substituir ferramentas existentes para criar um design simplificado.<\/p>\n<\/div><\/div><\/div><\/div><\/div><\/div><\/div><\/section><section class=\"l-section wpb_row height_medium\"><div class=\"l-section-h i-cf\"><div class=\"g-cols vc_row via_flex valign_top type_default stacking_default\"><div class=\"vc_col-sm-12 wpb_column vc_column_container\"><div class=\"vc_column-inner\"><div class=\"wpb_wrapper\"><div class=\"w-tabs style_default switch_click accordion has_scrolling\"><div class=\"w-tabs-sections titles-align_none icon_chevron cpos_right\"><div class=\"w-tabs-section active\" id=\"w94a\"><button class=\"w-tabs-section-header active\" aria-controls=\"content-w94a\" aria-expanded=\"true\"><h2 class=\"w-tabs-section-title\">Sistema Power Cam e Power Pump<\/h2><div class=\"w-tabs-section-control\"><\/div><\/button><div  class=\"w-tabs-section-content\" id=\"content-w94a\"><div class=\"w-tabs-section-content-h i-cf\"><div class=\"g-cols wpb_row via_flex valign_top type_default stacking_default\"><div class=\"vc_col-sm-12 wpb_column vc_column_container\"><div class=\"vc_column-inner\"><div class=\"wpb_wrapper\"><div class=\"wpb_text_column\"><div class=\"wpb_wrapper\"><h3><img loading=\"lazy\" decoding=\"async\" class=\"size-full wp-image-497 alignright\" src=\"https:\/\/www.dadco.net\/wp-content\/uploads\/2013\/02\/power_cam_group.gif\" alt=\"\" width=\"157\" height=\"170\">Sistema Power Cam<\/h3>\n<p>Projetado com componentes de qualidade, componentes guiados para garantir a vida \u00fatil, DADCO oferece dois Sistemas Power Cam e Power Pump com diferentes classifica\u00e7\u00f5es de for\u00e7a (15 kN, 40 kN) para acomodar uma variedade de opera\u00e7\u00f5es. Cada sistema requer, pelo menos, um carrinho, uma bomba e um m\u00e9todo de comunica\u00e7\u00e3o entre os dois, tal como a mangueira hidr\u00e1ulica. O Power Pump \u00e9 constitu\u00eddo por um cilindro hidr\u00e1ulico e acumulador de nitrog\u00eanio sobre \u00f3leo montado numa base. O Power Cam \u00e9 um carrinho compacto, que \u00e9 conduzido pelo Power Pump e pode ser instalado em qualquer orienta\u00e7\u00e3o. Quando a mesma s\u00e9rie e modelos de curso s\u00e3o emparelhados o Power Pump ir\u00e1 transferir a sua desloca\u00e7\u00e3o, a velocidade e press\u00e3o para o Power Cam a propor\u00e7\u00e3o de 1:1.<\/p>\n<\/div><\/div><div class=\"w-btn-wrapper align_none\"><a class=\"w-btn us-btn-style_1 icon_atleft\" target=\"_blank\" rel=\"nofollow\" href=\"https:\/\/www.dadco.net\/CDS\/catalog-en\/?page=search&amp;cid=pow_cam_pow_pump_sys\"><i class=\"fas fa-list\"><\/i><span class=\"w-btn-label\">Cat\u00e1logo Online<\/span><\/a><\/div><div class=\"w-btn-wrapper align_none\"><a class=\"w-btn us-btn-style_1 icon_atleft\" target=\"_blank\" href=\"https:\/\/www.dadco.net\/wp-content\/uploads\/2013\/02\/power_cam_catalog1.pdf\"><i class=\"fas fa-print\"><\/i><span class=\"w-btn-label\">Impress\u00e3o em PDF<\/span><\/a><\/div><div class=\"w-btn-wrapper align_none\"><a class=\"w-btn us-btn-style_1 icon_atleft\" target=\"_blank\" href=\"https:\/\/www.dadco.net\/wp-content\/uploads\/2013\/02\/powercam_installation_bulletin.pdf\"><i class=\"fas fa-info\"><\/i><span class=\"w-btn-label\">Boletim Relacionado<\/span><\/a><\/div><div class=\"w-btn-wrapper align_none\"><a class=\"w-btn us-btn-style_1 icon_atleft\" target=\"_blank\" href=\"https:\/\/youtu.be\/JpqORazq38Q\"><i class=\"fas fa-video\"><\/i><span class=\"w-btn-label\">Video<\/span><\/a><\/div><\/div><\/div><\/div><\/div><\/div><\/div><\/div><\/div><\/div><\/div><\/div><\/div><\/div><\/div><\/section>\n","protected":false},"excerpt":{"rendered":"O Sistema Power Cam e Power Pump DADCO \u00e9 projetado para uso em ferramental exigindo opera\u00e7\u00f5es secund\u00e1rias, como a perfura\u00e7\u00e3o, forma\u00e7\u00e3o ou flangeamento e pode substituir ferramentas existentes para criar um design simplificado. Sistema Power Cam e Power PumpSistema Power Cam Projetado com componentes de qualidade, componentes guiados para garantir a vida \u00fatil, DADCO oferece...","protected":false},"author":1,"featured_media":0,"parent":14850,"menu_order":7,"comment_status":"closed","ping_status":"closed","template":"","meta":{"footnotes":""},"class_list":["post-14884","page","type-page","status-publish","hentry"],"acf":[],"_links":{"self":[{"href":"https:\/\/www.dadco.net\/pt-br\/wp-json\/wp\/v2\/pages\/14884","targetHints":{"allow":["GET"]}}],"collection":[{"href":"https:\/\/www.dadco.net\/pt-br\/wp-json\/wp\/v2\/pages"}],"about":[{"href":"https:\/\/www.dadco.net\/pt-br\/wp-json\/wp\/v2\/types\/page"}],"author":[{"embeddable":true,"href":"https:\/\/www.dadco.net\/pt-br\/wp-json\/wp\/v2\/users\/1"}],"replies":[{"embeddable":true,"href":"https:\/\/www.dadco.net\/pt-br\/wp-json\/wp\/v2\/comments?post=14884"}],"version-history":[{"count":5,"href":"https:\/\/www.dadco.net\/pt-br\/wp-json\/wp\/v2\/pages\/14884\/revisions"}],"predecessor-version":[{"id":30286,"href":"https:\/\/www.dadco.net\/pt-br\/wp-json\/wp\/v2\/pages\/14884\/revisions\/30286"}],"up":[{"embeddable":true,"href":"https:\/\/www.dadco.net\/pt-br\/wp-json\/wp\/v2\/pages\/14850"}],"wp:attachment":[{"href":"https:\/\/www.dadco.net\/pt-br\/wp-json\/wp\/v2\/media?parent=14884"}],"curies":[{"name":"wp","href":"https:\/\/api.w.org\/{rel}","templated":true}]}}