{"id":14874,"date":"2022-09-02T15:29:51","date_gmt":"2022-09-02T19:29:51","guid":{"rendered":"https:\/\/www.dadco.net\/produtos\/cilindros-pneumaticos\/"},"modified":"2024-11-01T12:50:15","modified_gmt":"2024-11-01T16:50:15","slug":"cilindros-pneumaticos","status":"publish","type":"page","link":"https:\/\/www.dadco.net\/pt-br\/produtos\/cilindros-pneumaticos\/","title":{"rendered":"Cilindros Pneum\u00e1ticos"},"content":{"rendered":"<section class=\"l-section wpb_row height_auto\"><div class=\"l-section-h i-cf\"><div class=\"g-cols vc_row via_flex valign_top type_default stacking_default\"><div class=\"vc_col-sm-12 wpb_column vc_column_container\"><div class=\"vc_column-inner\"><div class=\"wpb_wrapper\"><div class=\"wpb_text_column\"><div class=\"wpb_wrapper\"><p>DADCO Cilindros Pneum\u00e1ticos ISO (S\u00e9rie HP) s\u00e3o bastante vers\u00e1teis e com uma grande variedade de op\u00e7\u00f5es, podem ser fornecidos em conformidade com as exig\u00eancias de cada cliente. Estes cilindros atendem ou excedem os padr\u00f5es globais, incluindo os padr\u00f5es Standard M\u00e9trico Automotivo Norte Americana (NAAMS), e a Organiza\u00e7\u00e3o de Normas Internacionais (ISO 6431), e as Normas Automotivas Alem\u00e3s (Verband Deutscher Maschinen-und Anlagenbau eV-VDMA 24-562).<\/p>\n<\/div><\/div><\/div><\/div><\/div><\/div><\/div><\/section><section class=\"l-section wpb_row height_medium\"><div class=\"l-section-h i-cf\"><div class=\"g-cols vc_row via_flex valign_top type_default stacking_default\"><div class=\"vc_col-sm-12 wpb_column vc_column_container\"><div class=\"vc_column-inner\"><div class=\"wpb_wrapper\"><div class=\"w-tabs style_default switch_click accordion has_scrolling\"><div class=\"w-tabs-sections titles-align_none icon_chevron cpos_right\"><div class=\"w-tabs-section active\" id=\"e026\"><button class=\"w-tabs-section-header active\" aria-controls=\"content-e026\" aria-expanded=\"true\"><h2 class=\"w-tabs-section-title\">S\u00e9ries HP Cilindros Pneum\u00e1ticos<\/h2><div class=\"w-tabs-section-control\"><\/div><\/button><div  class=\"w-tabs-section-content\" id=\"content-e026\"><div class=\"w-tabs-section-content-h i-cf\"><div class=\"g-cols wpb_row via_flex valign_top type_default stacking_default\"><div class=\"vc_col-sm-12 wpb_column vc_column_container\"><div class=\"vc_column-inner\"><div class=\"wpb_wrapper\"><div class=\"wpb_text_column\"><div class=\"wpb_wrapper\"><p><img loading=\"lazy\" decoding=\"async\" class=\"size-full wp-image-500 alignright\" src=\"https:\/\/www.dadco.net\/wp-content\/uploads\/2013\/02\/hp_group.gif\" alt=\"\" width=\"157\" height=\"170\"><\/p>\n<h3>S\u00e9ries HP Cilindros Pneum\u00e1ticos<\/h3>\n<p>Extremamente dur\u00e1vel e vers\u00e1til, a S\u00e9rie HP oferece modelos em dez di\u00e2metros (de 32 mm a 250 mm), com entradas BSPP como padr\u00e3o e um modelo n\u00e3o-rotativo opcional. Fabricado para os padr\u00f5es mais exigentes, estes cilindros s\u00e3o compostos de tubos e pist\u00f5es de alum\u00ednio n\u00e3o-corrosivos de alta qualidade. As caracter\u00edsticas adicionais incluem controles de ar ajust\u00e1veis, mancal de haste dupla e lubrifica\u00e7\u00e3o permanente. V\u00e1rios suportes, adaptadores de haste, conex\u00f5es e acess\u00f3rios completam a linha de produtos.<\/p>\n<\/div><\/div><div class=\"w-btn-wrapper align_none\"><a class=\"w-btn us-btn-style_1 icon_atleft\" target=\"_blank\" rel=\"nofollow\" href=\"https:\/\/www.dadco.net\/CDS\/catalog-en\/?page=search&amp;cid=air_cylinders\"><i class=\"fas fa-list\"><\/i><span class=\"w-btn-label\">Cat\u00e1logo on-line<\/span><\/a><\/div><div class=\"w-btn-wrapper align_none\"><a class=\"w-btn us-btn-style_1 icon_atleft\" target=\"_blank\" href=\"https:\/\/www.dadco.net\/wp-content\/uploads\/2013\/03\/hp_catalog.pdf\"><i class=\"fas fa-print\"><\/i><span class=\"w-btn-label\">Impress\u00e3o em PDF<\/span><\/a><\/div><\/div><\/div><\/div><\/div><div class=\"g-cols wpb_row via_flex valign_top type_default stacking_default\"><div class=\"vc_col-sm-12 wpb_column vc_column_container\"><div class=\"vc_column-inner\"><div class=\"wpb_wrapper\"><div class=\"wpb_text_column\"><div class=\"wpb_wrapper\"><h3>Cilindro Pneum\u00e1tico de Dupla A\u00e7\u00e3o HP3.40<\/h3>\n<p>O novo HP3.40 \u00e9 um novo cilindro pneum\u00e1tico de tr\u00eas posi\u00e7\u00f5es que oferece posi\u00e7\u00f5es totalmente estendidas e totalmente retra\u00eddas, bem como uma posi\u00e7\u00e3o intermedi\u00e1ria fixa.<\/p>\n<\/div><\/div><div class=\"w-btn-wrapper align_none\"><a class=\"w-btn us-btn-style_1 icon_atleft\" target=\"_blank\" rel=\"nofollow\" href=\"https:\/\/www.dadco.net\/CDS\/catalog-en\/?page=search&amp;cid=hp3_main_cylinder\"><i class=\"fas fa-list\"><\/i><span class=\"w-btn-label\">Cat\u00e1logo on-line<\/span><\/a><\/div><div class=\"w-btn-wrapper align_none\"><a class=\"w-btn us-btn-style_1 icon_atleft\" target=\"_blank\" href=\"https:\/\/www.dadco.net\/wp-content\/uploads\/2022\/10\/hp3_catalog.pdf\"><i class=\"fas fa-print\"><\/i><span class=\"w-btn-label\">Impress\u00e3o em PDF<\/span><\/a><\/div><\/div><\/div><\/div><\/div><div class=\"g-cols wpb_row via_flex valign_top type_default stacking_default\"><div class=\"vc_col-sm-12 wpb_column vc_column_container\"><div class=\"vc_column-inner\"><div class=\"wpb_wrapper\"><div class=\"wpb_text_column\"><div class=\"wpb_wrapper\"><h3>Cilindros Pneum\u00e1ticos M\u00e9tricos N\u00e3o Girat\u00f3rios<\/h3>\n<p>Projetado especificamente para aplicativos com restri\u00e7\u00f5es de espa\u00e7o, o HP.STB.50 \u00e9 uma solu\u00e7\u00e3o que economiza espa\u00e7o. O cilindro pneum\u00e1tico \u00e9 fornecido com amortecimento ajust\u00e1vel em ambas as extremidades para atender aos requisitos espec\u00edficos de velocidade e desacelera\u00e7\u00e3o.<\/p>\n<\/div><\/div><div class=\"w-btn-wrapper align_none\"><a class=\"w-btn us-btn-style_1 icon_atleft\" target=\"_blank\" href=\"https:\/\/www.dadco.net\/wp-content\/uploads\/2019\/01\/HP_nonrotating.pdf\"><i class=\"fas fa-print\"><\/i><span class=\"w-btn-label\">Impress\u00e3o em PDF<\/span><\/a><\/div><\/div><\/div><\/div><\/div><div class=\"g-cols wpb_row via_flex valign_top type_default stacking_default\"><div class=\"vc_col-sm-12 wpb_column vc_column_container\"><div class=\"vc_column-inner\"><div class=\"wpb_wrapper\"><div class=\"wpb_text_column\"><div class=\"wpb_wrapper\"><h3>Levantador Direto de Coluna \u00danica<\/h3>\n<p>O confi\u00e1vel Cilindro Pneum\u00e1tico M\u00e9trico HP de 40 mm, combinado com um conjunto de placas de montagem e uma haste guia integrada, fornece eleva\u00e7\u00e3o sem rota\u00e7\u00e3o, ideal para uso como compactador de tiras de baixa perfil.<\/p>\n<\/div><\/div><div class=\"w-btn-wrapper align_none\"><a class=\"w-btn us-btn-style_1 icon_atleft\" target=\"_blank\" href=\"https:\/\/www.dadco.net\/wp-content\/uploads\/2022\/05\/single_post_lift.pdf\"><i class=\"fas fa-print\"><\/i><span class=\"w-btn-label\">Impress\u00e3o em PDF<\/span><\/a><\/div><\/div><\/div><\/div><\/div><div class=\"g-cols wpb_row via_flex valign_top type_default stacking_default\"><div class=\"vc_col-sm-12 wpb_column vc_column_container\"><div class=\"vc_column-inner\"><div class=\"wpb_wrapper\"><div class=\"wpb_text_column\"><div class=\"wpb_wrapper\"><h3>Conjunto de Sistema LP.HP.NY<\/h3>\n<p>O conjunto de sistemas da s\u00e9rie HP LP foi projetado para atender \u00e0s especifica\u00e7\u00f5es da General Motors, GM# N90.80.105. O conjunto completo cont\u00e9m dois DADCO Cilindros Pneum\u00e1ticos HP n\u00e3o rotativos de 40 mm, equipados com sensores de proximidade e suportes superdimensionados para atender a v\u00e1rias configura\u00e7\u00f5es de montagem. Um regulador de ar, conjunto de cabos e tubula\u00e7\u00e3o pneum\u00e1tica completam o conjunto para facilitar a instala\u00e7\u00e3o.<\/p>\n<\/div><\/div><div class=\"w-btn-wrapper align_none\"><a class=\"w-btn us-btn-style_1 icon_atleft\" target=\"_blank\" href=\"https:\/\/www.dadco.net\/wp-content\/uploads\/2022\/07\/LP.HP_.NY-System-Set_revc.pdf\"><i class=\"fas fa-print\"><\/i><span class=\"w-btn-label\">Impress\u00e3o em PDF<\/span><\/a><\/div><\/div><\/div><\/div><\/div><\/div><\/div><\/div><\/div><\/div><\/div><\/div><\/div><\/div><\/div><\/section>\n","protected":false},"excerpt":{"rendered":"DADCO Cilindros Pneum\u00e1ticos ISO (S\u00e9rie HP) s\u00e3o bastante vers\u00e1teis e com uma grande variedade de op\u00e7\u00f5es, podem ser fornecidos em conformidade com as exig\u00eancias de cada cliente. Estes cilindros atendem ou excedem os padr\u00f5es globais, incluindo os padr\u00f5es Standard M\u00e9trico Automotivo Norte Americana (NAAMS), e a Organiza\u00e7\u00e3o de Normas Internacionais (ISO 6431), e as Normas...","protected":false},"author":1,"featured_media":0,"parent":14850,"menu_order":6,"comment_status":"closed","ping_status":"closed","template":"","meta":{"footnotes":""},"class_list":["post-14874","page","type-page","status-publish","hentry"],"acf":[],"_links":{"self":[{"href":"https:\/\/www.dadco.net\/pt-br\/wp-json\/wp\/v2\/pages\/14874","targetHints":{"allow":["GET"]}}],"collection":[{"href":"https:\/\/www.dadco.net\/pt-br\/wp-json\/wp\/v2\/pages"}],"about":[{"href":"https:\/\/www.dadco.net\/pt-br\/wp-json\/wp\/v2\/types\/page"}],"author":[{"embeddable":true,"href":"https:\/\/www.dadco.net\/pt-br\/wp-json\/wp\/v2\/users\/1"}],"replies":[{"embeddable":true,"href":"https:\/\/www.dadco.net\/pt-br\/wp-json\/wp\/v2\/comments?post=14874"}],"version-history":[{"count":5,"href":"https:\/\/www.dadco.net\/pt-br\/wp-json\/wp\/v2\/pages\/14874\/revisions"}],"predecessor-version":[{"id":32261,"href":"https:\/\/www.dadco.net\/pt-br\/wp-json\/wp\/v2\/pages\/14874\/revisions\/32261"}],"up":[{"embeddable":true,"href":"https:\/\/www.dadco.net\/pt-br\/wp-json\/wp\/v2\/pages\/14850"}],"wp:attachment":[{"href":"https:\/\/www.dadco.net\/pt-br\/wp-json\/wp\/v2\/media?parent=14874"}],"curies":[{"name":"wp","href":"https:\/\/api.w.org\/{rel}","templated":true}]}}