{"id":14868,"date":"2022-09-02T15:29:15","date_gmt":"2022-09-02T15:29:15","guid":{"rendered":"https:\/\/www.dadco.net\/produtos\/levantadores-a-gas-nitrogenio\/"},"modified":"2023-12-27T12:35:16","modified_gmt":"2023-12-27T17:35:16","slug":"levantadores-a-gas-nitrogenio","status":"publish","type":"page","link":"https:\/\/www.dadco.net\/pt-br\/produtos\/levantadores-a-gas-nitrogenio\/","title":{"rendered":"Levantadores a g\u00e1s nitrog\u00eanio"},"content":{"rendered":"<section class=\"l-section wpb_row height_auto\"><div class=\"l-section-h i-cf\"><div class=\"g-cols vc_row via_flex valign_top type_default stacking_default\"><div class=\"vc_col-sm-12 wpb_column vc_column_container\"><div class=\"vc_column-inner\"><div class=\"wpb_wrapper\"><div class=\"wpb_text_column\"><div class=\"wpb_wrapper\"><p>Salva custos com projeto, constru\u00e7\u00e3o e tempo de instala\u00e7\u00e3o com o componente \u00fanico da DADCO para levantadores de nitrog\u00eanio guiados. Dispon\u00edvel em uma variedade de modelos, incluindo os n\u00e3o-rotativos e as vers\u00f5es almofadadas, esta s\u00e9rie \u00e9 ideal para ferramentas progressivas.<\/p>\n<\/div><\/div><\/div><\/div><\/div><\/div><\/div><\/section><section class=\"l-section wpb_row height_medium\"><div class=\"l-section-h i-cf\"><div class=\"g-cols vc_row via_flex valign_top type_default stacking_default\"><div class=\"vc_col-sm-12 wpb_column vc_column_container\"><div class=\"vc_column-inner\"><div class=\"wpb_wrapper\"><div class=\"w-tabs style_default switch_click accordion\"><div class=\"w-tabs-sections titles-align_none icon_chevron cpos_right\"><div class=\"w-tabs-section active\" id=\"wd29\"><button class=\"w-tabs-section-header active\" aria-controls=\"content-wd29\" aria-expanded=\"true\"><h2 class=\"w-tabs-section-title\">Levantadores a g\u00e1s nitrog\u00eanio n\u00e3o-rotativo<\/h2><div class=\"w-tabs-section-control\"><\/div><\/button><div  class=\"w-tabs-section-content\" id=\"content-wd29\"><div class=\"w-tabs-section-content-h i-cf\"><div class=\"g-cols wpb_row via_flex valign_top type_default stacking_default\"><div class=\"vc_col-sm-12 wpb_column vc_column_container\"><div class=\"vc_column-inner\"><div class=\"wpb_wrapper\"><div class=\"wpb_text_column\"><div class=\"wpb_wrapper\"><p><img loading=\"lazy\" decoding=\"async\" class=\"size-full wp-image-468 alignright\" src=\"https:\/\/www.dadco.net\/wp-content\/uploads\/2013\/02\/sln_090_180_group1.jpg\" alt=\"\" width=\"153\" height=\"158\"><\/p>\n<h3>SLN.090, SLN.180 e SLN.300<\/h3>\n<p>SLN.090, SLN.180 e SLN.300 levantadores a g\u00e1s nitrog\u00eanio n\u00e3o-rotativos fornecem uma abordagem levantador pe\u00e7a \u00fanica para aplica\u00e7\u00f5es de eleva\u00e7\u00e3o guiadas. Estes levantadores incluem orienta\u00e7\u00e3o de guia internas para aplica\u00e7\u00f5es de eleva\u00e7\u00e3o de trilho \u00fanico, ou multiponto e s\u00e3o ideais para estampos progressivos. Os tr\u00eas modelos de for\u00e7a (0,1 tonelada, 0,2 tonelada, 0,3 ton) s\u00e3o movidos por molas a g\u00e1s nitrog\u00eanio DADCO da S\u00e9rie Micro ou Mini..<\/p>\n<\/div><\/div><div class=\"w-hwrapper valign_top wrap align_none\"><div class=\"w-btn-wrapper align_none\"><a class=\"w-btn us-btn-style_1 icon_atleft\" target=\"_blank\" rel=\"nofollow\" href=\"https:\/\/www.dadco.net\/CDS\/catalog-en\/?page=search&amp;cid=micro_non-rotating_nitrogen_gas_spring_lifters\"><i class=\"far fa-list\"><\/i><span class=\"w-btn-label\">Cat\u00e1logo Online<\/span><\/a><\/div><div class=\"w-btn-wrapper align_none\"><a class=\"w-btn us-btn-style_1 icon_atleft\" target=\"_blank\" href=\"https:\/\/www.dadco.net\/wp-content\/uploads\/2023\/06\/port_lifters_catalog.pdf#page=5\"><i class=\"fas fa-print\"><\/i><span class=\"w-btn-label\">Impress\u00e3o em PDF<\/span><\/a><\/div><\/div><\/div><\/div><\/div><\/div><\/div><\/div><\/div><div class=\"w-tabs-section\" id=\"c6c9\"><button class=\"w-tabs-section-header\" aria-controls=\"content-c6c9\" aria-expanded=\"false\"><h2 class=\"w-tabs-section-title\">Levantadores a G\u00e1s Nitrog\u00eanio com Trilho Guia<\/h2><div class=\"w-tabs-section-control\"><\/div><\/button><div  class=\"w-tabs-section-content\" id=\"content-c6c9\"><div class=\"w-tabs-section-content-h i-cf\"><div class=\"g-cols wpb_row via_flex valign_top type_default stacking_default\"><div class=\"vc_col-sm-12 wpb_column vc_column_container\"><div class=\"vc_column-inner\"><div class=\"wpb_wrapper\"><div class=\"wpb_text_column\"><div class=\"wpb_wrapper\"><p><img loading=\"lazy\" decoding=\"async\" class=\"size-full wp-image-478 alignright\" src=\"https:\/\/www.dadco.net\/wp-content\/uploads\/2013\/02\/slc500_800pic.jpg\" alt=\"\" width=\"157\" height=\"170\"><\/p>\n<h3>SLC.500 e SLC.800<\/h3>\n<p>SLC.500 e SLC.800 Levantadores a G\u00e1s Nitrog\u00eanio com Trilho Guia eliminam a necessidade de guias separadas e elementos de absor\u00e7\u00e3o de choque e fornecem levantamento est\u00e1vel para aplica\u00e7\u00f5es de trilho guia. Esses levantadores, dispon\u00edveis em dois modelos de for\u00e7a (0,24 tonelada, 0,8 ton), s\u00e3o fornecidos como unidades \u00fanicas para fornecer for\u00e7a uniforme para um melhor manuseamento de pe\u00e7as e s\u00e3o ideais para aplica\u00e7\u00f5es de trilho guia progressivas, apoio e equilibrio.<\/p>\n<\/div><\/div><div class=\"w-hwrapper valign_top wrap align_none\"><div class=\"w-btn-wrapper align_none\"><a class=\"w-btn us-btn-style_1 icon_atleft\" target=\"_blank\" rel=\"nofollow\" href=\"https:\/\/www.dadco.net\/CDS\/catalog-en\/?page=search&amp;cid=nitrogen_gas_spring_rail_lifters\"><i class=\"fas fa-list\"><\/i><span class=\"w-btn-label\">Cat\u00e1logo Online<\/span><\/a><\/div><div class=\"w-btn-wrapper align_none\"><a class=\"w-btn us-btn-style_1 icon_atleft\" target=\"_blank\" href=\"https:\/\/www.dadco.net\/wp-content\/uploads\/2023\/06\/port_lifters_catalog.pdf#page=13\"><i class=\"fas fa-print\"><\/i><span class=\"w-btn-label\">Impress\u00e3o em PDF<\/span><\/a><\/div><div class=\"w-btn-wrapper align_none\"><a class=\"w-btn us-btn-style_1 icon_atleft\" target=\"_blank\" href=\"https:\/\/youtu.be\/4LPsqptYDgQ\"><i class=\"fas fa-video\"><\/i><span class=\"w-btn-label\">Video<\/span><\/a><\/div><\/div><\/div><\/div><\/div><\/div><\/div><\/div><\/div><div class=\"w-tabs-section\" id=\"sf54\"><button class=\"w-tabs-section-header\" aria-controls=\"content-sf54\" aria-expanded=\"false\"><h2 class=\"w-tabs-section-title\">Micro Levantadores a G\u00e1s Nitrog\u00eanio Com Duas Colunas de Guia<\/h2><div class=\"w-tabs-section-control\"><\/div><\/button><div  class=\"w-tabs-section-content\" id=\"content-sf54\"><div class=\"w-tabs-section-content-h i-cf\"><div class=\"g-cols wpb_row via_flex valign_top type_default stacking_default\"><div class=\"vc_col-sm-12 wpb_column vc_column_container\"><div class=\"vc_column-inner\"><div class=\"wpb_wrapper\"><div class=\"wpb_text_column\"><div class=\"wpb_wrapper\"><p><img loading=\"lazy\" decoding=\"async\" class=\"alignright wp-image-2563 size-full\" src=\"https:\/\/www.dadco.net\/wp-content\/uploads\/2013\/02\/sl2_090_180_grp1.gif\" alt=\"\" width=\"150\" height=\"93\"><\/p>\n<h3>SL2.090, SL2.180 e SL2.300<\/h3>\n<p>SL2.090, SL2.180 e SL2.300 Levantadores a G\u00e1s Nitrog\u00eanio Com Duas Colunas de Guia s\u00e3o robustos e confi\u00e1veis. Estes levantadores possuem placas de guia com perfil estreito (25 mm 32 mm e 55 mm) para fixa\u00e7\u00e3o e s\u00e3o ideais para aplica\u00e7\u00f5es progressivas de trilho guia, apoio e equilibrio. Todos os tr\u00eas modelos de for\u00e7a (0,1 ton, 0,2 ton, 0,3 ton) s\u00e3o movidos por DADCO molas a g\u00e1s nitrog\u00eanio da S\u00e9rie Micro ou Mini.<\/p>\n<\/div><\/div><div class=\"w-btn-wrapper align_none\"><a class=\"w-btn us-btn-style_1 icon_atleft\" target=\"_blank\" rel=\"nofollow\" href=\"https:\/\/www.dadco.net\/CDS\/catalog-en\/?page=search&amp;cid=nitrogen_gas_spring_two_post_lifters\"><i class=\"fas fa-list\"><\/i><span class=\"w-btn-label\">Cat\u00e1logo Online<\/span><\/a><\/div><div class=\"w-btn-wrapper align_none\"><a class=\"w-btn us-btn-style_1 icon_atleft\" target=\"_blank\" href=\"https:\/\/www.dadco.net\/wp-content\/uploads\/2023\/06\/port_lifters_catalog.pdf#page=9\"><i class=\"fas fa-print\"><\/i><span class=\"w-btn-label\">Impress\u00e3o em PDF<\/span><\/a><\/div><\/div><\/div><\/div><\/div><\/div><\/div><\/div><div class=\"w-tabs-section\" id=\"h6e2\"><button class=\"w-tabs-section-header\" aria-controls=\"content-h6e2\" aria-expanded=\"false\"><h2 class=\"w-tabs-section-title\">Modelo para Flangear<\/h2><div class=\"w-tabs-section-control\"><\/div><\/button><div  class=\"w-tabs-section-content\" id=\"content-h6e2\"><div class=\"w-tabs-section-content-h i-cf\"><div class=\"g-cols wpb_row via_flex valign_top type_default stacking_default\"><div class=\"vc_col-sm-12 wpb_column vc_column_container\"><div class=\"vc_column-inner\"><div class=\"wpb_wrapper\"><div class=\"wpb_text_column\"><div class=\"wpb_wrapper\"><p><img loading=\"lazy\" decoding=\"async\" class=\"alignright wp-image-10870 size-full\" src=\"https:\/\/www.dadco.net\/wp-content\/uploads\/2022\/09\/flange_model-e1679326596961.gif\" alt=\"\" width=\"65\" height=\"150\"><\/p>\n<h3>SLN.180 Modelo para Flangear <\/h3>\n<p>SLN.180 SLN.180 Modelo Micro Levantadores a G\u00e1s Nitrog\u00eanio para flangear atendem a norma Ford (WDX06-80M) para estampar componentes e que \u00e9 utilizado para retirar as pe\u00e7as da matriz em aplica\u00e7\u00f5es de forma\u00e7\u00e3o. Dois modelos s\u00e3o oferecidos para acomodar diferentes tipos de aplica\u00e7\u00f5es de extra\u00e7\u00e3o de flange.<\/p>\n<\/div><\/div><div class=\"w-btn-wrapper align_none\"><a class=\"w-btn us-btn-style_1 icon_atleft\" target=\"_blank\" rel=\"nofollow\" href=\"https:\/\/www.dadco.net\/CDS\/catalog-en\/?page=search&amp;cid=micro_non-rotating_nitrogen_gas_spring_lifters\"><i class=\"fas fa-list\"><\/i><span class=\"w-btn-label\">Cat\u00e1logo Online<\/span><\/a><\/div><div class=\"w-btn-wrapper align_none\"><a class=\"w-btn us-btn-style_1 icon_atleft\" target=\"_blank\" href=\"https:\/\/www.dadco.net\/wp-content\/uploads\/2023\/06\/port_lifters_catalog.pdf#page=15\"><i class=\"fas fa-print\"><\/i><span class=\"w-btn-label\">Impress\u00e3o em PDF<\/span><\/a><\/div><\/div><\/div><\/div><\/div><\/div><\/div><\/div><\/div><\/div><\/div><\/div><\/div><\/div><\/div><\/section>\n","protected":false},"excerpt":{"rendered":"Salva custos com projeto, constru\u00e7\u00e3o e tempo de instala\u00e7\u00e3o com o componente \u00fanico da DADCO para levantadores de nitrog\u00eanio guiados. Dispon\u00edvel em uma variedade de modelos, incluindo os n\u00e3o-rotativos e as vers\u00f5es almofadadas, esta s\u00e9rie \u00e9 ideal para ferramentas progressivas. Levantadores a g\u00e1s nitrog\u00eanio n\u00e3o-rotativo SLN.090, SLN.180 e SLN.300 SLN.090, SLN.180 e SLN.300 levantadores a...","protected":false},"author":1,"featured_media":0,"parent":14850,"menu_order":4,"comment_status":"closed","ping_status":"closed","template":"","meta":{"_acf_changed":false,"footnotes":""},"class_list":["post-14868","page","type-page","status-publish","hentry"],"acf":[],"_links":{"self":[{"href":"https:\/\/www.dadco.net\/pt-br\/wp-json\/wp\/v2\/pages\/14868","targetHints":{"allow":["GET"]}}],"collection":[{"href":"https:\/\/www.dadco.net\/pt-br\/wp-json\/wp\/v2\/pages"}],"about":[{"href":"https:\/\/www.dadco.net\/pt-br\/wp-json\/wp\/v2\/types\/page"}],"author":[{"embeddable":true,"href":"https:\/\/www.dadco.net\/pt-br\/wp-json\/wp\/v2\/users\/1"}],"replies":[{"embeddable":true,"href":"https:\/\/www.dadco.net\/pt-br\/wp-json\/wp\/v2\/comments?post=14868"}],"version-history":[{"count":5,"href":"https:\/\/www.dadco.net\/pt-br\/wp-json\/wp\/v2\/pages\/14868\/revisions"}],"predecessor-version":[{"id":30239,"href":"https:\/\/www.dadco.net\/pt-br\/wp-json\/wp\/v2\/pages\/14868\/revisions\/30239"}],"up":[{"embeddable":true,"href":"https:\/\/www.dadco.net\/pt-br\/wp-json\/wp\/v2\/pages\/14850"}],"wp:attachment":[{"href":"https:\/\/www.dadco.net\/pt-br\/wp-json\/wp\/v2\/media?parent=14868"}],"curies":[{"name":"wp","href":"https:\/\/api.w.org\/{rel}","templated":true}]}}