{"id":14862,"date":"2022-09-02T15:29:26","date_gmt":"2022-09-02T19:29:26","guid":{"rendered":"https:\/\/www.dadco.net\/produtos\/conjuntos-de-guia\/"},"modified":"2026-02-04T12:53:10","modified_gmt":"2026-02-04T17:53:10","slug":"conjuntos-de-guia","status":"publish","type":"page","link":"https:\/\/www.dadco.net\/pt-br\/produtos\/conjuntos-de-guia\/","title":{"rendered":"Conjuntos de Guia"},"content":{"rendered":"<section class=\"l-section wpb_row height_auto\"><div class=\"l-section-h i-cf\"><div class=\"g-cols vc_row via_flex valign_top type_default stacking_default\"><div class=\"vc_col-sm-12 wpb_column vc_column_container\"><div class=\"vc_column-inner\"><div class=\"wpb_wrapper\"><div class=\"wpb_text_column\"><div class=\"wpb_wrapper\"><p>DADCO (GRS) Conjuntos de Guia reduz usinagem no ferramental substituindo pinos comuns, e buchas de guia. Esta linha de produtos apresenta um design robusto em pe\u00e7a \u00fanica com raspador superior e inferior, guia de reten\u00e7\u00e3o integrado, buchas compostas e duas op\u00e7\u00f5es de montagem do retentor. Furos de fixa\u00e7\u00e3o na parte superior da haste de guia acomodam parafusos longos para aumentar o comprimento da rosca para maior fixa\u00e7\u00e3o e resist\u00eancia ao impacto.<\/p>\n<\/div><\/div><\/div><\/div><\/div><\/div><\/div><\/section><section class=\"l-section wpb_row height_medium\"><div class=\"l-section-h i-cf\"><div class=\"g-cols vc_row via_flex valign_top type_default stacking_default\"><div class=\"vc_col-sm-12 wpb_column vc_column_container\"><div class=\"vc_column-inner\"><div class=\"wpb_wrapper\"><div class=\"w-tabs style_default switch_click accordion\"><div class=\"w-tabs-sections titles-align_none icon_chevron cpos_right\"><div class=\"w-tabs-section active\" id=\"m87f\"><button class=\"w-tabs-section-header active\" aria-controls=\"content-m87f\" aria-expanded=\"true\"><h2 class=\"w-tabs-section-title\">Conjuntos de Guia<\/h2><div class=\"w-tabs-section-control\"><\/div><\/button><div  class=\"w-tabs-section-content\" id=\"content-m87f\"><div class=\"w-tabs-section-content-h i-cf\"><div class=\"g-cols wpb_row via_flex valign_top type_default stacking_default\"><div class=\"vc_col-sm-12 wpb_column vc_column_container\"><div class=\"vc_column-inner\"><div class=\"wpb_wrapper\"><div class=\"wpb_text_column\"><div class=\"wpb_wrapper\"><p><img loading=\"lazy\" decoding=\"async\" class=\"alignright wp-image-8532 size-full\" src=\"https:\/\/www.dadco.net\/wp-content\/uploads\/2017\/12\/grs_new-group-photo_2017-e1679326408986.jpg\" alt=\"\" width=\"180\" height=\"120\"><\/p>\n<h3>CONJUNTOS DE GUIA PADR\u00c3O E PARA SERVI\u00c7OS PESADOS (GRS \/ GRS.HD)<\/h3>\n<p>The GRS Series Guide Retainer Sets are available in six standard rod diameter models (25 mm, 30 mm, 36 mm, 45 mm, 50 mm and 65 mm) and may be ordered in incremental stroke lengths from 20 mm to 150 mm plus. Os modelos padr\u00e3o fornecem orienta\u00e7\u00e3o e reten\u00e7\u00e3o combinadas com componenets robustas de pe\u00e7a \u00fanica e raspador superior e inferior. Heavy-duty, HD models, available in the 30 mm, 36 mm, 45 mm, 50 mm and 65 mm rod diameter sizes provide a more robust construction for strenuous applications; permitting up to 10 times the attachment mass and increased speed over the standard models.<\/p>\n<\/div><\/div><div class=\"w-hwrapper valign_top wrap align_none\"><div class=\"w-btn-wrapper align_none\"><a class=\"w-btn us-btn-style_1 icon_atleft\" target=\"_blank\" rel=\"nofollow\" href=\"https:\/\/www.dadco.net\/CDS\/catalog-en\/?page=search&amp;cid=guide_retainer_sets\"><i class=\"far fa-list\"><\/i><span class=\"w-btn-label\">Cat\u00e1logo on-line<\/span><\/a><\/div><div class=\"w-btn-wrapper align_none\"><a class=\"w-btn us-btn-style_1 icon_atleft\" target=\"_blank\" rel=\"nofollow\" href=\"https:\/\/www.dadco.net\/wp-content\/uploads\/2026\/02\/portuguese_grs_catalog.pdf\"><i class=\"fas fa-print\"><\/i><span class=\"w-btn-label\">Impress\u00e3o em PDF<\/span><\/a><\/div><\/div><\/div><\/div><\/div><\/div><div class=\"g-cols wpb_row via_flex valign_top type_default stacking_default\"><div class=\"vc_col-sm-12 wpb_column vc_column_container\"><div class=\"vc_column-inner\"><div class=\"wpb_wrapper\"><div class=\"wpb_text_column\"><div class=\"wpb_wrapper\"><h3>GRS.20.HD1\/HD2<\/h3>\n<p>Apresentamos a mais nova adi\u00e7\u00e3o \u00e0 S\u00e9rie GRS Carga Pesada: os modelos GRS.20.HD1 e GRS.20.HD2. O GRS.20.HD1\/2 \u00e9 nosso modelo mais compacto da S\u00e9rie Carga Pesada (HD), com o menor di\u00e2metro de extremidade da haste e ao mesmo tempo proporcionando desempenho de alto n\u00edvel.  Com componentes de guia de alta qualidade, esses modelos oferecem maior vida \u00fatil, garantindo durabilidade e confiabilidade em todas as aplica\u00e7\u00f5es.<\/p>\n<\/div><\/div><div class=\"w-hwrapper valign_top wrap align_none\"><div class=\"w-btn-wrapper align_none\"><a class=\"w-btn us-btn-style_1 icon_atleft\" target=\"_blank\" rel=\"nofollow\" href=\"https:\/\/www.dadco.net\/CDS\/catalog-en\/?page=search&amp;cid=grs_25_hd1_hd2\"><i class=\"far fa-list\"><\/i><span class=\"w-btn-label\">Cat\u00e1logo on-line<\/span><\/a><\/div><div class=\"w-btn-wrapper align_none\"><a class=\"w-btn us-btn-style_1 icon_atleft\" target=\"_blank\" rel=\"nofollow\" href=\"https:\/\/www.dadco.net\/wp-content\/uploads\/2024\/08\/Portuguese-GRS.20-Bulletin.pdf\"><i class=\"fas fa-print\"><\/i><span class=\"w-btn-label\">Impress\u00e3o em PDF<\/span><\/a><\/div><\/div><\/div><\/div><\/div><\/div><div class=\"g-cols wpb_row via_flex valign_top type_default stacking_default\"><div class=\"vc_col-sm-12 wpb_column vc_column_container\"><div class=\"vc_column-inner\"><div class=\"wpb_wrapper\"><div class=\"wpb_text_column\"><div class=\"wpb_wrapper\"><h3>GRS.25.HD1\/HD2<\/h3>\n<p>Apresentamos as novidades da S\u00e9rie GRS Carga Pesada: os modelos GRS.25.HD1 e GRS.25.HD2. Com componentes de guia de alta qualidade, esses modelos oferecem maior vida \u00fatil, garantindo durabilidade e confiabilidade em todas as aplica\u00e7\u00f5es.<\/p>\n<\/div><\/div><div class=\"w-hwrapper valign_top wrap align_none\"><div class=\"w-btn-wrapper align_none\"><a class=\"w-btn us-btn-style_1 icon_atleft\" target=\"_blank\" rel=\"nofollow\" href=\"https:\/\/www.dadco.net\/CDS\/catalog-en\/?page=search&amp;cid=grs_25_hd1_hd2\"><i class=\"far fa-list\"><\/i><span class=\"w-btn-label\">Cat\u00e1logo on-line<\/span><\/a><\/div><div class=\"w-btn-wrapper align_none\"><a class=\"w-btn us-btn-style_1 icon_atleft\" target=\"_blank\" rel=\"nofollow\" href=\"https:\/\/www.dadco.net\/wp-content\/uploads\/2024\/02\/B24100-Portuguese-GRS.25.HD-Bulletin.pdf\"><i class=\"fas fa-print\"><\/i><span class=\"w-btn-label\">Impress\u00e3o em PDF<\/span><\/a><\/div><\/div><\/div><\/div><\/div><\/div><div class=\"g-cols wpb_row via_flex valign_top type_default stacking_default\"><div class=\"vc_col-sm-12 wpb_column vc_column_container\"><div class=\"vc_column-inner\"><div class=\"wpb_wrapper\"><div class=\"wpb_text_column\"><div class=\"wpb_wrapper\"><h3>GRS.45.HD4\/HD5<\/h3>\n<p>Os novos GRS.45.HD4 e GRS.45.HD5 est\u00e3o prontos! Os dois modelos oferecem retentores de baixo perfil, com constru\u00e7\u00e3o robusta para instala\u00e7\u00e3o em trilhos para estampos progressivas.<\/p>\n<\/div><\/div><div class=\"w-hwrapper valign_top wrap align_none\"><div class=\"w-btn-wrapper align_none\"><a class=\"w-btn us-btn-style_1 icon_atleft\" target=\"_blank\" rel=\"nofollow\" href=\"https:\/\/www.dadco.net\/CDS\/catalog-en\/?page=search&amp;cid=grs_hd\"><i class=\"far fa-list\"><\/i><span class=\"w-btn-label\">Cat\u00e1logo on-line<\/span><\/a><\/div><div class=\"w-btn-wrapper align_none\"><a class=\"w-btn us-btn-style_1 icon_atleft\" target=\"_blank\" href=\"https:\/\/www.dadco.net\/wp-content\/uploads\/2024\/02\/B24121-Portuguese-GRS.45.HD4_5-Bulletin.pdf\"><i class=\"fas fa-print\"><\/i><span class=\"w-btn-label\">Impress\u00e3o em PDF<\/span><\/a><\/div><\/div><\/div><\/div><\/div><\/div><div class=\"g-cols wpb_row via_flex valign_top type_default stacking_default\"><div class=\"vc_col-sm-12 wpb_column vc_column_container\"><div class=\"vc_column-inner\"><div class=\"wpb_wrapper\"><div class=\"wpb_text_column\"><div class=\"wpb_wrapper\"><h3>GRS.50.HD2\/HD3<\/h3>\n<p>Os novos GRS.50.HD2 e GRS.50.HD3 est\u00e3o prontos! Os dois modelos oferecem retentores de baixo perfil, com constru\u00e7\u00e3o robusta para instala\u00e7\u00e3o em trilhos para estampos progressivas.<\/p>\n<\/div><\/div><div class=\"w-hwrapper valign_top wrap align_none\"><div class=\"w-btn-wrapper align_none\"><a class=\"w-btn us-btn-style_1 icon_atleft\" target=\"_blank\" rel=\"nofollow\" href=\"https:\/\/www.dadco.net\/CDS\/catalog-en\/?page=search&amp;cid=grs_hd\"><i class=\"far fa-list\"><\/i><span class=\"w-btn-label\">Cat\u00e1logo on-line<\/span><\/a><\/div><div class=\"w-btn-wrapper align_none\"><a class=\"w-btn us-btn-style_1 icon_atleft\" target=\"_blank\" rel=\"nofollow\" href=\"https:\/\/www.dadco.net\/wp-content\/uploads\/2025\/07\/GRS.50.HD2_HD3.pdf\"><i class=\"fas fa-print\"><\/i><span class=\"w-btn-label\">Impress\u00e3o em PDF<\/span><\/a><\/div><\/div><\/div><\/div><\/div><\/div><\/div><\/div><\/div><\/div><\/div><\/div><\/div><\/div><\/div><\/div><\/section>\n","protected":false},"excerpt":{"rendered":"DADCO (GRS) Conjuntos de Guia reduz usinagem no ferramental substituindo pinos comuns, e buchas de guia. Esta linha de produtos apresenta um design robusto em pe\u00e7a \u00fanica com raspador superior e inferior, guia de reten\u00e7\u00e3o integrado, buchas compostas e duas op\u00e7\u00f5es de montagem do retentor. Furos de fixa\u00e7\u00e3o na parte superior da haste de guia...","protected":false},"author":1,"featured_media":0,"parent":14850,"menu_order":3,"comment_status":"closed","ping_status":"closed","template":"","meta":{"_acf_changed":false,"footnotes":""},"class_list":["post-14862","page","type-page","status-publish","hentry"],"acf":[],"_links":{"self":[{"href":"https:\/\/www.dadco.net\/pt-br\/wp-json\/wp\/v2\/pages\/14862","targetHints":{"allow":["GET"]}}],"collection":[{"href":"https:\/\/www.dadco.net\/pt-br\/wp-json\/wp\/v2\/pages"}],"about":[{"href":"https:\/\/www.dadco.net\/pt-br\/wp-json\/wp\/v2\/types\/page"}],"author":[{"embeddable":true,"href":"https:\/\/www.dadco.net\/pt-br\/wp-json\/wp\/v2\/users\/1"}],"replies":[{"embeddable":true,"href":"https:\/\/www.dadco.net\/pt-br\/wp-json\/wp\/v2\/comments?post=14862"}],"version-history":[{"count":7,"href":"https:\/\/www.dadco.net\/pt-br\/wp-json\/wp\/v2\/pages\/14862\/revisions"}],"predecessor-version":[{"id":33630,"href":"https:\/\/www.dadco.net\/pt-br\/wp-json\/wp\/v2\/pages\/14862\/revisions\/33630"}],"up":[{"embeddable":true,"href":"https:\/\/www.dadco.net\/pt-br\/wp-json\/wp\/v2\/pages\/14850"}],"wp:attachment":[{"href":"https:\/\/www.dadco.net\/pt-br\/wp-json\/wp\/v2\/media?parent=14862"}],"curies":[{"name":"wp","href":"https:\/\/api.w.org\/{rel}","templated":true}]}}