{"id":14861,"date":"2023-05-18T15:38:34","date_gmt":"2023-05-18T15:38:34","guid":{"rendered":"https:\/\/www.dadco.net\/produtos\/drs\/"},"modified":"2024-04-08T15:34:38","modified_gmt":"2024-04-08T19:34:38","slug":"drs","status":"publish","type":"page","link":"https:\/\/www.dadco.net\/pt-br\/produtos\/drs\/","title":{"rendered":"Sistema de Retorno com Atraso (DRS)"},"content":{"rendered":"<section class=\"l-section wpb_row height_auto\"><div class=\"l-section-h i-cf\"><div class=\"g-cols vc_row via_flex valign_top type_default stacking_default\"><div class=\"vc_col-sm-12 wpb_column vc_column_container\"><div class=\"vc_column-inner\"><div class=\"wpb_wrapper\"><div class=\"w-tabs style_default switch_click accordion has_scrolling\"><div class=\"w-tabs-sections titles-align_none icon_chevron cpos_right\"><div class=\"w-tabs-section active\" id=\"hbee\"><button class=\"w-tabs-section-header active\" aria-controls=\"content-hbee\" aria-expanded=\"true\"><h2 class=\"w-tabs-section-title\">Sistema de Retorno com Atraso (DRS)<\/h2><div class=\"w-tabs-section-control\"><\/div><\/button><div  class=\"w-tabs-section-content\" id=\"content-hbee\"><div class=\"w-tabs-section-content-h i-cf\"><div class=\"g-cols wpb_row via_flex valign_top type_default stacking_default\"><div class=\"vc_col-sm-12 wpb_column vc_column_container\"><div class=\"vc_column-inner\"><div class=\"wpb_wrapper\"><div class=\"wpb_text_column\"><div class=\"wpb_wrapper\"><p style=\"text-align: left;\"><img loading=\"lazy\" decoding=\"async\" class=\"alignright wp-image-2059\" src=\"https:\/\/www.dadco.net\/wp-content\/uploads\/2013\/03\/drs_system.gif\" alt=\"\" width=\"179\" height=\"130\">A DADCO Sistema de Retorno com Atraso (DRS) \u00e9 usado em aplica\u00e7\u00f5es quando \u00e9 necess\u00e1rio que as hastes dos cilindros se mantenham retra\u00eddos no retorno do curso. Este sistema de nitrog\u00eanio sobre \u00f3leo hidr\u00e1ulico permite que os cilindros hidr\u00e1ulicos funcionem como molas a g\u00e1s comuns durante o curso para baixo, por\u00e9m no retorno, a haste permanece retra\u00edda com o m\u00ednimo de impacto no retorno da ferramenta para impedir a deforma\u00e7\u00e3o da pe\u00e7a. O DRS \u00e9 composto de quatro componentes principais: cilindro, acumulador, painel de controle e mangueira hidr\u00e1ulica com acess\u00f3rios.  <\/p>\n<\/div><\/div><div class=\"w-btn-wrapper align_none\"><a class=\"w-btn us-btn-style_1\" target=\"_blank\" href=\"https:\/\/www.dadco.net\/wp-content\/uploads\/2023\/06\/port_drs_catalog.pdf\"><span class=\"w-btn-label\">Impress\u00e3o em PDF<\/span><\/a><\/div><div class=\"w-btn-wrapper align_none\"><a class=\"w-btn us-btn-style_1\" target=\"_blank\" href=\"https:\/\/www.youtube.com\/watch?v=q5mq8SnpBxU\"><span class=\"w-btn-label\">Video<\/span><\/a><\/div><\/div><\/div><\/div><\/div><\/div><\/div><\/div><div class=\"w-tabs-section\" id=\"dfcd\"><button class=\"w-tabs-section-header\" aria-controls=\"content-dfcd\" aria-expanded=\"false\"><h2 class=\"w-tabs-section-title\">Instala\u00e7\u00e3o e manuten\u00e7\u00e3o do DRS<\/h2><div class=\"w-tabs-section-control\"><\/div><\/button><div  class=\"w-tabs-section-content\" id=\"content-dfcd\"><div class=\"w-tabs-section-content-h i-cf\"><div class=\"g-cols wpb_row via_flex valign_top type_default stacking_default\"><div class=\"vc_col-sm-12 wpb_column vc_column_container\"><div class=\"vc_column-inner\"><div class=\"wpb_wrapper\"><div class=\"wpb_text_column\"><div class=\"wpb_wrapper\"><p>Instru\u00e7\u00f5es detalhadas para instala\u00e7\u00e3o e manuten\u00e7\u00e3o dos Sistemas de Retorno com Atrasao da DADCO. Deve ser lido ANTES do uso\/instala\u00e7\u00e3o<\/p>\n<\/div><\/div><div class=\"w-btn-wrapper align_none\"><a class=\"w-btn us-btn-style_1\" target=\"_blank\" href=\"https:\/\/www.dadco.net\/wp-content\/uploads\/2023\/06\/Portuguese-DRS-Manual.pdf\"><span class=\"w-btn-label\">DRS Manual de Instala\u00e7\u00e3o e Manuten\u00e7\u00e3o<\/span><\/a><\/div><div class=\"w-btn-wrapper align_none\"><a class=\"w-btn us-btn-style_1\" target=\"_blank\" href=\"https:\/\/www.youtube.com\/watch?v=6Uz98CZF-P4\"><span class=\"w-btn-label\">Video<\/span><\/a><\/div><\/div><\/div><\/div><\/div><\/div><\/div><\/div><\/div><\/div><\/div><\/div><\/div><div class=\"vc_col-sm-12 wpb_column vc_column_container\"><div class=\"vc_column-inner\"><div class=\"wpb_wrapper\"><\/div><\/div><\/div><\/div><\/div><\/section>\n","protected":false},"excerpt":{"rendered":"Sistema de Retorno com Atraso (DRS)A DADCO Sistema de Retorno com Atraso (DRS) \u00e9 usado em aplica\u00e7\u00f5es quando \u00e9 necess\u00e1rio que as hastes dos cilindros se mantenham retra\u00eddos no retorno do curso. Este sistema de nitrog\u00eanio sobre \u00f3leo hidr\u00e1ulico permite que os cilindros hidr\u00e1ulicos funcionem como molas a g\u00e1s comuns durante o curso para baixo,...","protected":false},"author":1,"featured_media":0,"parent":14850,"menu_order":5,"comment_status":"closed","ping_status":"closed","template":"","meta":{"footnotes":""},"class_list":["post-14861","page","type-page","status-publish","hentry"],"acf":[],"_links":{"self":[{"href":"https:\/\/www.dadco.net\/pt-br\/wp-json\/wp\/v2\/pages\/14861","targetHints":{"allow":["GET"]}}],"collection":[{"href":"https:\/\/www.dadco.net\/pt-br\/wp-json\/wp\/v2\/pages"}],"about":[{"href":"https:\/\/www.dadco.net\/pt-br\/wp-json\/wp\/v2\/types\/page"}],"author":[{"embeddable":true,"href":"https:\/\/www.dadco.net\/pt-br\/wp-json\/wp\/v2\/users\/1"}],"replies":[{"embeddable":true,"href":"https:\/\/www.dadco.net\/pt-br\/wp-json\/wp\/v2\/comments?post=14861"}],"version-history":[{"count":5,"href":"https:\/\/www.dadco.net\/pt-br\/wp-json\/wp\/v2\/pages\/14861\/revisions"}],"predecessor-version":[{"id":31385,"href":"https:\/\/www.dadco.net\/pt-br\/wp-json\/wp\/v2\/pages\/14861\/revisions\/31385"}],"up":[{"embeddable":true,"href":"https:\/\/www.dadco.net\/pt-br\/wp-json\/wp\/v2\/pages\/14850"}],"wp:attachment":[{"href":"https:\/\/www.dadco.net\/pt-br\/wp-json\/wp\/v2\/media?parent=14861"}],"curies":[{"name":"wp","href":"https:\/\/api.w.org\/{rel}","templated":true}]}}