{"id":14854,"date":"2022-09-09T00:44:05","date_gmt":"2022-09-09T04:44:05","guid":{"rendered":"https:\/\/www.dadco.net\/produtos\/sistemas-interligados\/"},"modified":"2026-03-23T12:59:39","modified_gmt":"2026-03-23T16:59:39","slug":"sistemas-interligados","status":"publish","type":"page","link":"https:\/\/www.dadco.net\/pt-br\/produtos\/sistemas-interligados\/","title":{"rendered":"Sistemas Interligados"},"content":{"rendered":"<section class=\"l-section wpb_row height_auto\"><div class=\"l-section-h i-cf\"><div class=\"g-cols vc_row via_flex valign_top type_default stacking_default\"><div class=\"vc_col-sm-12 wpb_column vc_column_container\"><div class=\"vc_column-inner\"><div class=\"wpb_wrapper\"><div class=\"w-tabs style_default switch_click accordion\"><div class=\"w-tabs-sections titles-align_none icon_chevron cpos_right\"><div class=\"w-tabs-section active\" id=\"e3bf\"><button class=\"w-tabs-section-header active\" aria-controls=\"content-e3bf\" aria-expanded=\"true\"><h2 class=\"w-tabs-section-title\">Componentes de Sistemas Interligados<\/h2><div class=\"w-tabs-section-control\"><\/div><\/button><div  class=\"w-tabs-section-content\" id=\"content-e3bf\"><div class=\"w-tabs-section-content-h i-cf\"><div class=\"g-cols wpb_row via_flex valign_top type_default stacking_default\"><div class=\"vc_col-sm-12 wpb_column vc_column_container\"><div class=\"vc_column-inner\"><div class=\"wpb_wrapper\"><div class=\"wpb_text_column\"><div class=\"wpb_wrapper\"><p><img loading=\"lazy\" decoding=\"async\" class=\"size-full wp-image-2371 alignright\" src=\"https:\/\/www.dadco.net\/wp-content\/uploads\/2013\/02\/linking_group1.jpg\" alt=\"\" width=\"157\" height=\"170\"><\/p>\n<h3>Componentes de Sistemas Interligados para Molas a G\u00e1s Nitrog\u00eanio<\/h3>\n<p>Crie um sistema de mola a g\u00e1s nitrog\u00eanio interligado utilizando os diversos tipos de conex\u00f5es, mangueiras, pain\u00e9is de controle e componentes especiais oferecidos pela DADCO. O cat\u00e1logo de componentes para sistemas interligados facilita para configurar um sistema adequado para todos os tipos de aplica\u00e7\u00f5es. Para ajudar ainda mais no projeto de sistemas interligados, utilizar a <a title=\"DADCO Calculador de Projeto\" href=\"https:\/\/www.dadco.net\/pt-br\/calculador-de-projeto\/\">calculadora de For\u00e7a DADCO<\/a> para determinar o seu sistema de for\u00e7a e aumento da press\u00e3o.<\/p>\n<\/div><\/div><div class=\"w-btn-wrapper align_none\"><a class=\"w-btn us-btn-style_1 icon_atleft\" target=\"_blank\" rel=\"nofollow\" href=\"https:\/\/www.dadco.net\/CDS\/catalog-en\/?page=search&amp;cid=nit_gas_spr_link_sys_comp\"><i class=\"fas fa-list\"><\/i><span class=\"w-btn-label\">Cat\u00e1logo on-line<\/span><\/a><\/div><div class=\"w-btn-wrapper align_none\"><a class=\"w-btn us-btn-style_1 icon_atleft\" target=\"_blank\" href=\"https:\/\/www.dadco.net\/wp-content\/uploads\/2023\/06\/port_linking_catalog.pdf\"><i class=\"fas fa-print\"><\/i><span class=\"w-btn-label\">Impress\u00e3o em PDF<\/span><\/a><\/div><\/div><\/div><\/div><\/div><div class=\"g-cols wpb_row via_flex valign_top type_default stacking_default\"><div class=\"vc_col-sm-12 wpb_column vc_column_container\"><div class=\"vc_column-inner\"><div class=\"wpb_wrapper\"><div class=\"wpb_text_column\"><div class=\"wpb_wrapper\"><p><img loading=\"lazy\" decoding=\"async\" class=\"size-full wp-image-458 alignright\" src=\"https:\/\/www.dadco.net\/wp-content\/uploads\/2013\/02\/sms_photo.jpg\" alt=\"\" width=\"157\" height=\"170\"><\/p>\n<h3>SMS e SMS-i<\/h3>\n<p>Sistemas personalizados de molas a g\u00e1s nitrog\u00eanio interligados, est\u00e3o dispon\u00edveis como uma alternativa aos sistemas m\u00faltiplos: Sistema de Montagem Secional (SMS <sup>\u00ae<\/sup>) e Sistema de Montagem Secional \u2013 Interno (SMS-i <sup>\u00ae<\/sup>). Ambos os sistemas s\u00e3o rent\u00e1veis, mais leve, de f\u00e1cil manuseio e armazenagem comparados aos sistemas m\u00faltiplos. Cada SMS <sup>\u00ae<\/sup> e SMS-i <sup>\u00ae<\/sup> \u00e9 constru\u00eddo com as especifica\u00e7\u00f5es de cada cliente, em seguida, testados e enviados sem vazamentos, pronto para instalar.<\/p>\n<\/div><\/div><div class=\"w-btn-wrapper align_none\"><a class=\"w-btn us-btn-style_1 icon_atleft\" target=\"_blank\" href=\"https:\/\/www.dadco.net\/wp-content\/uploads\/2023\/06\/port_sms_smsi_catalog.pdf\"><i class=\"fas fa-print\"><\/i><span class=\"w-btn-label\">Impress\u00e3o em PDF<\/span><\/a><\/div><\/div><\/div><\/div><\/div><div class=\"g-cols wpb_row via_flex valign_top type_default stacking_default\"><div class=\"vc_col-sm-12 wpb_column vc_column_container\"><div class=\"vc_column-inner\"><div class=\"wpb_wrapper\"><div class=\"wpb_text_column\"><div class=\"wpb_wrapper\"><h3>Booster de G\u00e1s Nitrog\u00eanio<\/h3>\n<p><img loading=\"lazy\" decoding=\"async\" class=\"wp-image-33819 alignright\" src=\"https:\/\/www.dadco.net\/wp-content\/uploads\/2026\/03\/dgb160image-225x300.gif\" alt=\"\" width=\"210\" height=\"280\" srcset=\"https:\/\/www.dadco.net\/wp-content\/uploads\/2026\/03\/dgb160image-225x300.gif 225w, https:\/\/www.dadco.net\/wp-content\/uploads\/2026\/03\/dgb160image-768x1024.gif 768w\" sizes=\"auto, (max-width: 210px) 100vw, 210px\" \/>O novo booster de nitrog\u00eanio DGB.160 da DADCO \u00e9 uma maneira leve e econ\u00f4mica de prolongar a vida \u00fatil dos cilindros de suprimento de nitrog\u00eanio.<br \/>\nUsando o DGB.160, cinlindros de suprimento de baixa press\u00e3o podem ser pressurizados a uma press\u00e3o mais alta e adequada para carregar molas a g\u00e1s. Combinar o DGB.160 com um tanque de compensa\u00e7\u00e3o da DADCO, formando um tanque auxiliar, pode proporcionar maior portabilidade aos equipamentos de recarga de nitrog\u00eanio.<\/p>\n<\/div><\/div><div class=\"w-btn-wrapper align_none\"><a class=\"w-btn us-btn-style_1 icon_atleft\" target=\"_blank\" rel=\"nofollow\" href=\"https:\/\/www.dadco.net\/wp-content\/uploads\/2025\/11\/DGB.160.pdf\"><i class=\"fas fa-print\"><\/i><span class=\"w-btn-label\">Impress\u00e3o em PDF<\/span><\/a><\/div><\/div><\/div><\/div><\/div><\/div><\/div><\/div><\/div><\/div><\/div><\/div><\/div><\/div><\/div><\/section>\n","protected":false},"excerpt":{"rendered":"Componentes de Sistemas Interligados Componentes de Sistemas Interligados para Molas a G\u00e1s Nitrog\u00eanio Crie um sistema de mola a g\u00e1s nitrog\u00eanio interligado utilizando os diversos tipos de conex\u00f5es, mangueiras, pain\u00e9is de controle e componentes especiais oferecidos pela DADCO. O cat\u00e1logo de componentes para sistemas interligados facilita para configurar um sistema adequado para todos os tipos...","protected":false},"author":1,"featured_media":0,"parent":14850,"menu_order":2,"comment_status":"closed","ping_status":"closed","template":"","meta":{"footnotes":""},"class_list":["post-14854","page","type-page","status-publish","hentry"],"acf":[],"_links":{"self":[{"href":"https:\/\/www.dadco.net\/pt-br\/wp-json\/wp\/v2\/pages\/14854","targetHints":{"allow":["GET"]}}],"collection":[{"href":"https:\/\/www.dadco.net\/pt-br\/wp-json\/wp\/v2\/pages"}],"about":[{"href":"https:\/\/www.dadco.net\/pt-br\/wp-json\/wp\/v2\/types\/page"}],"author":[{"embeddable":true,"href":"https:\/\/www.dadco.net\/pt-br\/wp-json\/wp\/v2\/users\/1"}],"replies":[{"embeddable":true,"href":"https:\/\/www.dadco.net\/pt-br\/wp-json\/wp\/v2\/comments?post=14854"}],"version-history":[{"count":11,"href":"https:\/\/www.dadco.net\/pt-br\/wp-json\/wp\/v2\/pages\/14854\/revisions"}],"predecessor-version":[{"id":33838,"href":"https:\/\/www.dadco.net\/pt-br\/wp-json\/wp\/v2\/pages\/14854\/revisions\/33838"}],"up":[{"embeddable":true,"href":"https:\/\/www.dadco.net\/pt-br\/wp-json\/wp\/v2\/pages\/14850"}],"wp:attachment":[{"href":"https:\/\/www.dadco.net\/pt-br\/wp-json\/wp\/v2\/media?parent=14854"}],"curies":[{"name":"wp","href":"https:\/\/api.w.org\/{rel}","templated":true}]}}