{"id":14842,"date":"2022-09-01T15:01:50","date_gmt":"2022-09-01T19:01:50","guid":{"rendered":"https:\/\/www.dadco.net\/dadco\/"},"modified":"2024-11-01T09:41:16","modified_gmt":"2024-11-01T13:41:16","slug":"dadco","status":"publish","type":"page","link":"https:\/\/www.dadco.net\/pt-br\/","title":{"rendered":"DADCO"},"content":{"rendered":"<section class=\"l-section wpb_row large-text height_medium\"><div class=\"l-section-h i-cf\"><div class=\"g-cols vc_row via_flex valign_top type_default stacking_default\"><div class=\"vc_col-sm-12 wpb_column vc_column_container\"><div class=\"vc_column-inner\"><div class=\"wpb_wrapper\"><div class=\"wpb_text_column\"><div class=\"wpb_wrapper\"><h2 style=\"text-align: center;\">Seu L\u00edder da Ind\u00fastria<\/h2>\n<p style=\"text-align: center;\">Como l\u00edder no fornecimento de componentes de molas a g\u00e1s nitrog\u00eanio para a ind\u00fastria de constru\u00e7\u00e3o de ferramentais, os produtos DADCO s\u00e3o essenciais para as ferramentas de press\u00e3o de alta qualidade. DADCO utiliza recursos de alta qualidade e equipamentos de tecnologia avan\u00e7ada para projetar, desenvolver e fabricar linhas completas de molas a g\u00e1s nitrog\u00eanio, levantadores a g\u00e1s nitrog\u00eanio, cilindros pneum\u00e1ticos ISO e cilindros hidr\u00e1ulicos. <\/p>\n<\/div><\/div><\/div><\/div><\/div><\/div><\/div><\/section><section class=\"l-section wpb_row featured height_medium\"><div class=\"l-section-h i-cf\"><div class=\"g-cols vc_row via_flex valign_top type_default stacking_default\"><div class=\"vc_col-sm-12 vc_col-md-4 wpb_column vc_column_container\"><div class=\"vc_column-inner\"><div class=\"wpb_wrapper\"><div class=\"w-iconbox iconpos_top style_default color_primary align_center\"><a title=\"Formul\u00e1rio RAQ\" href=\"https:\/\/www.dadco.net\/contact\/request-a-quote\/\" class=\"w-iconbox-link\" aria-label=\"Formul\u00e1rio RAQ\"><div class=\"w-iconbox-icon\" style=\"font-size:9rem;\"><i class=\"fal fa-file-signature\"><\/i><\/div><\/a><div class=\"w-iconbox-meta\"><a title=\"Formul\u00e1rio RAQ\" href=\"https:\/\/www.dadco.net\/contact\/request-a-quote\/\" class=\"w-iconbox-link\" aria-label=\"Formul\u00e1rio RAQ\"><h3 class=\"w-iconbox-title\">Formul\u00e1rio RAQ<\/h3><\/a><div class=\"w-iconbox-text\"><p>DADCO est\u00e1 empenhada em fazer o que for preciso para satisfazer nossos clientes. Formul\u00e1rio RAQ!<\/p>\n<\/div><\/div><\/div><\/div><\/div><\/div><div class=\"vc_col-sm-12 vc_col-md-4 wpb_column vc_column_container\"><div class=\"vc_column-inner\"><div class=\"wpb_wrapper\"><div class=\"wpb_text_column\"><div class=\"wpb_wrapper\"><h3 style=\"text-align: center;\">Produtos em destaque<\/h3>\n<\/div><\/div><div class=\"w-grid home-slider type_carousel layout_22532\" id=\"us_grid_1\" style=\"--gap:1.5rem;\"><style>.layout_22532 .w-grid-item-h{}<\/style><div class=\"w-grid-list owl-carousel navstyle_2 navpos_inside\" style=\"--arrows-size:1rem;\">\t<article class=\"w-grid-item custom-link post-33362 post type-post status-publish format-standard has-post-thumbnail hentry category-home-page-slider-pt-br\" data-id=\"33362\">\r\n\t\t<div class=\"w-grid-item-h\">\r\n\t\t\t\t\t\t\t<a href=\"https:\/\/www.dadco.net\/wp-content\/uploads\/2025\/09\/Millutensil-Announcement_picture-002.jpg\" class=\"w-grid-item-anchor\" aria-label=\"Millutensil Innovation &#8211; New and Exclusive Italian Distributor\"><\/a>\r\n\t\t\t\t\t\t<div class=\"w-post-elm post_image usg_post_image_1\"><img loading=\"lazy\" decoding=\"async\" width=\"1800\" height=\"1200\" src=\"https:\/\/www.dadco.net\/wp-content\/uploads\/2025\/09\/Millutensil-Announcement_picture-002.jpg\" class=\"attachment-full size-full wp-post-image\" alt=\"\" srcset=\"https:\/\/www.dadco.net\/wp-content\/uploads\/2025\/09\/Millutensil-Announcement_picture-002.jpg 1800w, https:\/\/www.dadco.net\/wp-content\/uploads\/2025\/09\/Millutensil-Announcement_picture-002-300x200.jpg 300w, https:\/\/www.dadco.net\/wp-content\/uploads\/2025\/09\/Millutensil-Announcement_picture-002-1024x683.jpg 1024w\" sizes=\"auto, (max-width: 1800px) 100vw, 1800px\" \/><\/div><h4 class=\"w-post-elm post_title usg_post_title_1 entry-title color_link_inherit\">Millutensil Innovation &#8211; New and Exclusive Italian Distributor<\/h4>\t\t<\/div>\r\n\t<\/article>\r\n\t<article class=\"w-grid-item custom-link post-23680 post type-post status-publish format-standard has-post-thumbnail hentry category-home-page-slider-pt-br\" data-id=\"23680\">\r\n\t\t<div class=\"w-grid-item-h\">\r\n\t\t\t\t\t\t\t<a href=\"https:\/\/www.dadco.net\/wp-content\/uploads\/2023\/06\/drs_catalog.pdf\" class=\"w-grid-item-anchor\" aria-label=\"Delay Return System\"><\/a>\r\n\t\t\t\t\t\t<div class=\"w-post-elm post_image usg_post_image_1\"><img loading=\"lazy\" decoding=\"async\" width=\"350\" height=\"258\" src=\"https:\/\/www.dadco.net\/wp-content\/uploads\/2024\/03\/Delayed-Return-System-no-background-2.jpg\" class=\"attachment-full size-full wp-post-image\" alt=\"\" srcset=\"https:\/\/www.dadco.net\/wp-content\/uploads\/2024\/03\/Delayed-Return-System-no-background-2.jpg 350w, https:\/\/www.dadco.net\/wp-content\/uploads\/2024\/03\/Delayed-Return-System-no-background-2-300x221.jpg 300w\" sizes=\"auto, (max-width: 350px) 100vw, 350px\" \/><\/div><h4 class=\"w-post-elm post_title usg_post_title_1 entry-title color_link_inherit\">Delay Return System<\/h4>\t\t<\/div>\r\n\t<\/article>\r\n\t<article class=\"w-grid-item custom-link post-30974 post type-post status-publish format-standard has-post-thumbnail hentry category-home-page-slider-pt-br\" data-id=\"30974\">\r\n\t\t<div class=\"w-grid-item-h\">\r\n\t\t\t\t\t\t\t<a href=\"https:\/\/www.dadco.net\/wp-content\/uploads\/2024\/01\/B23107_Cam-Cinch-lock.pdf\" class=\"w-grid-item-anchor\" aria-label=\"Fixa\u00e7\u00e3o Cinch-lock\"><\/a>\r\n\t\t\t\t\t\t<div class=\"w-post-elm post_image usg_post_image_1\"><img loading=\"lazy\" decoding=\"async\" width=\"400\" height=\"267\" src=\"https:\/\/www.dadco.net\/wp-content\/uploads\/2024\/01\/ccmA.png\" class=\"attachment-full size-full wp-post-image\" alt=\"\" \/><\/div><h4 class=\"w-post-elm post_title usg_post_title_1 entry-title color_link_inherit\">Fixa\u00e7\u00e3o Cinch-lock<\/h4>\t\t<\/div>\r\n\t<\/article>\r\n\t<article class=\"w-grid-item custom-link post-23679 post type-post status-publish format-standard has-post-thumbnail hentry category-home-page-slider-pt-br\" data-id=\"23679\">\r\n\t\t<div class=\"w-grid-item-h\">\r\n\t\t\t\t\t\t\t<a href=\"https:\/\/www.dadco.net\/wp-content\/uploads\/2024\/03\/Portuguese-WKP-Bulletin.pdf\" class=\"w-grid-item-anchor\" aria-label=\"Pressostato Eletr\u00f3nico &#8211; WKP\"><\/a>\r\n\t\t\t\t\t\t<div class=\"w-post-elm post_image usg_post_image_1\"><img loading=\"lazy\" decoding=\"async\" width=\"168\" height=\"214\" src=\"https:\/\/www.dadco.net\/wp-content\/uploads\/2024\/04\/WKP-Potential-e1712606331817.png\" class=\"attachment-full size-full wp-post-image\" alt=\"\" \/><\/div><h4 class=\"w-post-elm post_title usg_post_title_1 entry-title color_link_inherit\">Pressostato Eletr\u00f3nico &#8211; WKP<\/h4>\t\t<\/div>\r\n\t<\/article>\r\n\t<article class=\"w-grid-item custom-link post-25004 post type-post status-publish format-standard has-post-thumbnail hentry category-home-page-slider-pt-br\" data-id=\"25004\">\r\n\t\t<div class=\"w-grid-item-h\">\r\n\t\t\t\t\t\t\t<a href=\"https:\/\/www.dadco.net\/wp-content\/uploads\/2023\/09\/B23106-GRS.25.HD_.pdf\" class=\"w-grid-item-anchor\" aria-label=\"GRS.25.HD\"><\/a>\r\n\t\t\t\t\t\t<div class=\"w-post-elm post_image usg_post_image_1\"><img loading=\"lazy\" decoding=\"async\" width=\"234\" height=\"228\" src=\"https:\/\/www.dadco.net\/wp-content\/uploads\/2023\/09\/GRS.25.HD123.png\" class=\"attachment-full size-full wp-post-image\" alt=\"\" \/><\/div><h4 class=\"w-post-elm post_title usg_post_title_1 entry-title color_link_inherit\">GRS.25.HD<\/h4>\t\t<\/div>\r\n\t<\/article>\r\n\t<article class=\"w-grid-item custom-link post-23676 post type-post status-publish format-standard has-post-thumbnail hentry category-home-page-slider-pt-br\" data-id=\"23676\">\r\n\t\t<div class=\"w-grid-item-h\">\r\n\t\t\t\t\t\t\t<a href=\"https:\/\/www.dadco.net\/wp-content\/uploads\/2023\/06\/grs_grshd_catalog.pdf\" class=\"w-grid-item-anchor\" aria-label=\"Guide Retainer Sets: GRS and GRS.HD Series\"><\/a>\r\n\t\t\t\t\t\t<div class=\"w-post-elm post_image usg_post_image_1\"><img loading=\"lazy\" decoding=\"async\" width=\"363\" height=\"225\" src=\"https:\/\/www.dadco.net\/wp-content\/uploads\/2023\/09\/grs_new-group-photo_2018.png\" class=\"attachment-full size-full wp-post-image\" alt=\"\" srcset=\"https:\/\/www.dadco.net\/wp-content\/uploads\/2023\/09\/grs_new-group-photo_2018.png 363w, https:\/\/www.dadco.net\/wp-content\/uploads\/2023\/09\/grs_new-group-photo_2018-300x186.png 300w\" sizes=\"auto, (max-width: 363px) 100vw, 363px\" \/><\/div><h4 class=\"w-post-elm post_title usg_post_title_1 entry-title color_link_inherit\">Guide Retainer Sets: GRS and GRS.HD Series<\/h4>\t\t<\/div>\r\n\t<\/article>\r\n\t<article class=\"w-grid-item custom-link post-25008 post type-post status-publish format-standard has-post-thumbnail hentry category-home-page-slider-pt-br\" data-id=\"25008\">\r\n\t\t<div class=\"w-grid-item-h\">\r\n\t\t\t\t\t\t\t<a href=\"https:\/\/www.dadco.net\/wp-content\/uploads\/2023\/09\/Portuguese-C.070-Threaded-Body.pdf\" class=\"w-grid-item-anchor\" aria-label=\"C.070 Corpo Roscado\"><\/a>\r\n\t\t\t\t\t\t<div class=\"w-post-elm post_image usg_post_image_1\"><img loading=\"lazy\" decoding=\"async\" width=\"147\" height=\"230\" src=\"https:\/\/www.dadco.net\/wp-content\/uploads\/2023\/09\/C.070-3-1.png\" class=\"attachment-full size-full wp-post-image\" alt=\"\" \/><\/div><h4 class=\"w-post-elm post_title usg_post_title_1 entry-title color_link_inherit\">C.070 Corpo Roscado<\/h4>\t\t<\/div>\r\n\t<\/article>\r\n<\/div>\t<div class=\"g-preloader type_1\">\r\n\t\t<div><\/div>\r\n\t<\/div>\r\n\t\t<div class=\"w-grid-json hidden\" onclick='return {&quot;action&quot;:&quot;us_ajax_grid&quot;,&quot;ajax_url&quot;:&quot;https:\\\/\\\/www.dadco.net\\\/wp-admin\\\/admin-ajax.php&quot;,&quot;infinite_scroll&quot;:0,&quot;max_num_pages&quot;:1,&quot;pagination&quot;:&quot;none&quot;,&quot;template_vars&quot;:{&quot;columns&quot;:&quot;1&quot;,&quot;exclude_items&quot;:&quot;none&quot;,&quot;img_size&quot;:&quot;default&quot;,&quot;ignore_items_size&quot;:0,&quot;items_layout&quot;:&quot;22532&quot;,&quot;items_offset&quot;:&quot;1&quot;,&quot;load_animation&quot;:&quot;none&quot;,&quot;overriding_link&quot;:&quot;%7B%22type%22%3A%22post%22%7D&quot;,&quot;post_id&quot;:0,&quot;query_args&quot;:{&quot;post_type&quot;:[&quot;post&quot;],&quot;tax_query&quot;:[{&quot;taxonomy&quot;:&quot;category&quot;,&quot;field&quot;:&quot;slug&quot;,&quot;terms&quot;:[&quot;home-page-slider&quot;]}],&quot;post_status&quot;:[&quot;publish&quot;,&quot;acf-disabled&quot;],&quot;posts_per_page&quot;:&quot;10&quot;},&quot;orderby_query_args&quot;:{&quot;orderby&quot;:{&quot;modified&quot;:&quot;DESC&quot;,&quot;date&quot;:&quot;DESC&quot;}},&quot;type&quot;:&quot;carousel&quot;,&quot;us_grid_ajax_index&quot;:1,&quot;us_grid_filter_params&quot;:[],&quot;us_grid_index&quot;:1,&quot;_us_grid_post_type&quot;:&quot;post&quot;,&quot;page_args&quot;:[],&quot;lang&quot;:&quot;pt-br&quot;},&quot;carousel_settings&quot;:{&quot;autoHeight&quot;:0,&quot;autoplay&quot;:1,&quot;carousel_fade&quot;:0,&quot;center&quot;:0,&quot;dots&quot;:0,&quot;items&quot;:&quot;1&quot;,&quot;loop&quot;:true,&quot;nav&quot;:1,&quot;slideby&quot;:&quot;1&quot;,&quot;smooth_play&quot;:0,&quot;speed&quot;:250,&quot;timeout&quot;:5000,&quot;transition&quot;:&quot;&quot;,&quot;aria_labels&quot;:{&quot;prev&quot;:&quot;Anterior&quot;,&quot;next&quot;:&quot;Seguinte&quot;}},&quot;carousel_breakpoints&quot;:{&quot;0&quot;:{&quot;autoHeight&quot;:0,&quot;autoplay&quot;:1,&quot;autoplayHoverPause&quot;:1,&quot;items&quot;:1,&quot;loop&quot;:true,&quot;stagePadding&quot;:0},&quot;601&quot;:{&quot;autoHeight&quot;:0,&quot;autoplay&quot;:1,&quot;autoplayHoverPause&quot;:1,&quot;items&quot;:1,&quot;loop&quot;:true,&quot;stagePadding&quot;:0},&quot;1025&quot;:{&quot;autoHeight&quot;:0,&quot;autoplay&quot;:1,&quot;autoplayHoverPause&quot;:1,&quot;items&quot;:1,&quot;loop&quot;:true,&quot;stagePadding&quot;:0},&quot;1281&quot;:{&quot;items&quot;:1,&quot;stagePadding&quot;:0}}}'><\/div>\r\n\t<\/div><\/div><\/div><\/div><div class=\"vc_col-sm-12 vc_col-md-4 wpb_column vc_column_container\"><div class=\"vc_column-inner\"><div class=\"wpb_wrapper\"><div class=\"w-iconbox iconpos_top style_default color_primary align_center icontype_img\"><a target=\"_blank\" rel=\"nofollow\" href=\"http:\/\/publications.dadco.net\/publication\/?m=35270&amp;l=1\" class=\"w-iconbox-link\" aria-label=\"Sexta Edi\u00e7\u00e3o do Mini Cat\u00e1logo DADCO\"><div class=\"w-iconbox-icon\" style=\"font-size:10rem;\"><img loading=\"lazy\" decoding=\"async\" width=\"922\" height=\"922\" src=\"https:\/\/www.dadco.net\/wp-content\/uploads\/2023\/04\/Mini-Book-Cover-2022.jpg\" class=\"attachment-full size-full\" alt=\"\" srcset=\"https:\/\/www.dadco.net\/wp-content\/uploads\/2023\/04\/Mini-Book-Cover-2022.jpg 922w, https:\/\/www.dadco.net\/wp-content\/uploads\/2023\/04\/Mini-Book-Cover-2022-300x300.jpg 300w, https:\/\/www.dadco.net\/wp-content\/uploads\/2023\/04\/Mini-Book-Cover-2022-150x150.jpg 150w\" sizes=\"auto, (max-width: 922px) 100vw, 922px\" \/><\/div><\/a><div class=\"w-iconbox-meta\"><a target=\"_blank\" rel=\"nofollow\" href=\"http:\/\/publications.dadco.net\/publication\/?m=35270&amp;l=1\" class=\"w-iconbox-link\" aria-label=\"Sexta Edi\u00e7\u00e3o do Mini Cat\u00e1logo DADCO\"><h3 class=\"w-iconbox-title\">Sexta Edi\u00e7\u00e3o do Mini Cat\u00e1logo DADCO<\/h3><\/a><div class=\"w-iconbox-text\"><p>A mais recente edi\u00e7\u00e3o do nosso popular mini-livro j\u00e1 est\u00e1 dispon\u00edvel. Descarregar agora! <a href=\"http:\/\/publications.dadco.net\/publication\/?m=35270&amp;l=1\" target=\"_blank\" rel=\"noopener\">Digital Book<\/a> | <a href=\"https:\/\/itunes.apple.com\/us\/app\/dadco-mini-book\/id1011990771?ls=1&amp;mt=8http:\/\/\">Apple App<\/a> | <a href=\"https:\/\/play.google.com\/store\/apps\/details?id=com.DADCOMiniBook.DADCOMiniBook\">Android App<\/a><\/p>\n<\/div><\/div><\/div><\/div><\/div><\/div><\/div><\/div><\/section>\n","protected":false},"excerpt":{"rendered":"C.070 Corpo Roscado","protected":false},"author":1,"featured_media":14174,"parent":0,"menu_order":0,"comment_status":"closed","ping_status":"closed","template":"","meta":{"footnotes":""},"class_list":["post-14842","page","type-page","status-publish","has-post-thumbnail","hentry"],"acf":[],"_links":{"self":[{"href":"https:\/\/www.dadco.net\/pt-br\/wp-json\/wp\/v2\/pages\/14842","targetHints":{"allow":["GET"]}}],"collection":[{"href":"https:\/\/www.dadco.net\/pt-br\/wp-json\/wp\/v2\/pages"}],"about":[{"href":"https:\/\/www.dadco.net\/pt-br\/wp-json\/wp\/v2\/types\/page"}],"author":[{"embeddable":true,"href":"https:\/\/www.dadco.net\/pt-br\/wp-json\/wp\/v2\/users\/1"}],"replies":[{"embeddable":true,"href":"https:\/\/www.dadco.net\/pt-br\/wp-json\/wp\/v2\/comments?post=14842"}],"version-history":[{"count":5,"href":"https:\/\/www.dadco.net\/pt-br\/wp-json\/wp\/v2\/pages\/14842\/revisions"}],"predecessor-version":[{"id":32209,"href":"https:\/\/www.dadco.net\/pt-br\/wp-json\/wp\/v2\/pages\/14842\/revisions\/32209"}],"wp:featuredmedia":[{"embeddable":true,"href":"https:\/\/www.dadco.net\/pt-br\/wp-json\/wp\/v2\/media\/14174"}],"wp:attachment":[{"href":"https:\/\/www.dadco.net\/pt-br\/wp-json\/wp\/v2\/media?parent=14842"}],"curies":[{"name":"wp","href":"https:\/\/api.w.org\/{rel}","templated":true}]}}