{"id":14836,"date":"2022-09-06T16:59:33","date_gmt":"2022-09-06T20:59:33","guid":{"rendered":"https:\/\/www.dadco.net\/contacto\/acompanhe-o-seu-pedido\/"},"modified":"2024-11-01T09:25:12","modified_gmt":"2024-11-01T13:25:12","slug":"acompanhe-o-seu-pedido","status":"publish","type":"page","link":"https:\/\/www.dadco.net\/pt-br\/contacto\/acompanhe-o-seu-pedido\/","title":{"rendered":"Acompanhe o seu pedido"},"content":{"rendered":"<section class=\"l-section wpb_row height_auto\"><div class=\"l-section-h i-cf\"><div class=\"g-cols vc_row via_flex valign_top type_default stacking_default\"><div class=\"vc_col-sm-12 wpb_column vc_column_container\"><div class=\"vc_column-inner\"><div class=\"wpb_wrapper\"><div class=\"wpb_text_column\"><div class=\"wpb_wrapper\"><p>Pedidos podem ser rastreados por via FedEx ou UPS utilizando o seu n\u00famero de rastreio informado. Caso voc\u00ea n\u00e3o tenha um n\u00famero de rastreio, voc\u00ea tamb\u00e9m pode utilizar os links abaixo e conectar seu n\u00famero de pedido com o pa\u00eds de destino e CEP. <\/p>\n<ul class=\"trackorder\">\n<li class=\"fedex\"><a href=\"http:\/\/www.federalexpress.com\/\" target=\"_blank\" rel=\"noopener\">FedEx<\/a><\/li>\n<li class=\"ups\"><a href=\"http:\/\/www.ups.com\/tracking\/tracking.html\" target=\"_blank\" rel=\"noopener\">UPS<\/a><\/li>\n<\/ul>\n<h3>Voc\u00ea sabe o seu n\u00famero de pedido\/rastreio do pedido?<\/h3>\n<p>Aqui est\u00e3o formas para ajudar voc\u00ea a obter informa\u00e7\u00e3o:<\/p>\n<ol>\n<li style=\"list-style-type: none;\">\n<ol>\n<li class=\"numlist\">Obtenha o seu n\u00famero de rastreio de embarque a partir da mensagem de email de confirma\u00e7\u00e3o do seu embarque.<\/li>\n<li class=\"numlist\">Localize o seu n\u00famero de pedido a partir da sua fatura (enviada no mesmo dia do embarque).<\/li>\n<\/ol>\n<\/li>\n<\/ol>\n<p>Exemplo:<\/p>\n<div class=\"exampleOrdNum\">N\u00famero de pedido: C13-XXXXX<\/div>\n<ul>\n<li class=\"numlist\">Pe\u00e7a sua informa\u00e7\u00e3o atrav\u00e9s do contato com nosso departamento de vendas interno no <a href=\"mailto:desk@dadco.net\">desk@dadco.net <\/a> ou 1-734-207-1100.<\/li>\n<\/ul>\n<\/div><\/div><\/div><\/div><\/div><\/div><\/div><\/section><section class=\"l-section wpb_row height_medium\"><div class=\"l-section-h i-cf\"><div class=\"g-cols vc_row via_flex valign_top type_default stacking_default\"><div class=\"vc_col-sm-12 wpb_column vc_column_container\"><div class=\"vc_column-inner\"><div class=\"wpb_wrapper\"><div class=\"wpb_text_column\"><div class=\"wpb_wrapper\"><h2 class=\"gform_title\">Register for Shipment Confirmation email:<\/h2>\n<p>          <span class=\"gform_description\">We would love to hear from you! Please fill out this form and we will get in touch with you shortly.<\/span><\/p>\n<\/div><\/div><script>\nvar gform;gform||(document.addEventListener(\"gform_main_scripts_loaded\",function(){gform.scriptsLoaded=!0}),document.addEventListener(\"gform\/theme\/scripts_loaded\",function(){gform.themeScriptsLoaded=!0}),window.addEventListener(\"DOMContentLoaded\",function(){gform.domLoaded=!0}),gform={domLoaded:!1,scriptsLoaded:!1,themeScriptsLoaded:!1,isFormEditor:()=>\"function\"==typeof InitializeEditor,callIfLoaded:function(o){return!(!gform.domLoaded||!gform.scriptsLoaded||!gform.themeScriptsLoaded&&!gform.isFormEditor()||(gform.isFormEditor()&&console.warn(\"The use of gform.initializeOnLoaded() is deprecated in the form editor context and will be removed in Gravity Forms 3.1.\"),o(),0))},initializeOnLoaded:function(o){gform.callIfLoaded(o)||(document.addEventListener(\"gform_main_scripts_loaded\",()=>{gform.scriptsLoaded=!0,gform.callIfLoaded(o)}),document.addEventListener(\"gform\/theme\/scripts_loaded\",()=>{gform.themeScriptsLoaded=!0,gform.callIfLoaded(o)}),window.addEventListener(\"DOMContentLoaded\",()=>{gform.domLoaded=!0,gform.callIfLoaded(o)}))},hooks:{action:{},filter:{}},addAction:function(o,r,e,t){gform.addHook(\"action\",o,r,e,t)},addFilter:function(o,r,e,t){gform.addHook(\"filter\",o,r,e,t)},doAction:function(o){gform.doHook(\"action\",o,arguments)},applyFilters:function(o){return gform.doHook(\"filter\",o,arguments)},removeAction:function(o,r){gform.removeHook(\"action\",o,r)},removeFilter:function(o,r,e){gform.removeHook(\"filter\",o,r,e)},addHook:function(o,r,e,t,n){null==gform.hooks[o][r]&&(gform.hooks[o][r]=[]);var d=gform.hooks[o][r];null==n&&(n=r+\"_\"+d.length),gform.hooks[o][r].push({tag:n,callable:e,priority:t=null==t?10:t})},doHook:function(r,o,e){var t;if(e=Array.prototype.slice.call(e,1),null!=gform.hooks[r][o]&&((o=gform.hooks[r][o]).sort(function(o,r){return o.priority-r.priority}),o.forEach(function(o){\"function\"!=typeof(t=o.callable)&&(t=window[t]),\"action\"==r?t.apply(null,e):e[0]=t.apply(null,e)})),\"filter\"==r)return e[0]},removeHook:function(o,r,t,n){var e;null!=gform.hooks[o][r]&&(e=(e=gform.hooks[o][r]).filter(function(o,r,e){return!!(null!=n&&n!=o.tag||null!=t&&t!=o.priority)}),gform.hooks[o][r]=e)}});\n<\/script>\n\n                <div class='gf_browser_gecko gform_wrapper gravity-theme gform-theme--no-framework' data-form-theme='gravity-theme' data-form-index='0' id='gform_wrapper_4' ><form method='post' enctype='multipart\/form-data'  id='gform_4'  action='\/pt-br\/wp-json\/wp\/v2\/pages\/14836' data-formid='4' novalidate><div class='gf_invisible ginput_recaptchav3' data-sitekey='6LcLThYpAAAAADBLrnvVs5uKFfH5Lmy03HAdOY-F' data-tabindex='0'><input id=\"input_35be03f21148cf7daf00d9edcddf7231\" class=\"gfield_recaptcha_response\" type=\"hidden\" name=\"input_35be03f21148cf7daf00d9edcddf7231\" value=\"\"\/><\/div>\n                        <div class='gform-body gform_body'><div id='gform_fields_4' class='gform_fields top_label form_sublabel_below description_below validation_below'><fieldset id=\"field_4_1\" class=\"gfield gfield--type-name gfield--input-type-name gfield_contains_required field_sublabel_below gfield--no-description field_description_below field_validation_below gfield_visibility_visible\"  ><legend class='gfield_label gform-field-label gfield_label_before_complex' >Name<span class=\"gfield_required\"><span class=\"gfield_required gfield_required_text\">(obrigat\u00f3rio)<\/span><\/span><\/legend><div class='ginput_complex ginput_container ginput_container--name no_prefix has_first_name no_middle_name has_last_name no_suffix gf_name_has_2 ginput_container_name gform-grid-row' id='input_4_1'>\n                            <span id='input_4_1_3_container' class='name_first gform-grid-col' >\n                                                    <input type='text' name='input_1.3' id='input_4_1_3' value=''   aria-required='true'    \/>\n                                                    <label for='input_4_1_3' class='gform-field-label gform-field-label--type-sub '>Nome<\/label>\n                                               <\/span>\n                            <span id='input_4_1_6_container' class='name_last gform-grid-col' >\n                                                    <input type='text' name='input_1.6' id='input_4_1_6' value=''   aria-required='true'    \/>\n                                                    <label for='input_4_1_6' class='gform-field-label gform-field-label--type-sub '>Sobrenome<\/label>\n                                                <\/span>\n                            <div class='gf_clear gf_clear_complex'><\/div>\n                        <\/div><\/fieldset><div id=\"field_4_2\" class=\"gfield gfield--type-text gfield--input-type-text gfield_contains_required field_sublabel_below gfield--no-description field_description_below field_validation_below gfield_visibility_visible\"  ><label class='gfield_label gform-field-label' for='input_4_2'>Company name<span class=\"gfield_required\"><span class=\"gfield_required gfield_required_text\">(obrigat\u00f3rio)<\/span><\/span><\/label><div class='ginput_container ginput_container_text'><input name='input_2' id='input_4_2' type='text' value='' class='medium'     aria-required=\"true\" aria-invalid=\"false\"   \/><\/div><\/div><fieldset id=\"field_4_3\" class=\"gfield gfield--type-address gfield--input-type-address gfield_contains_required field_sublabel_below gfield--no-description field_description_below field_validation_below gfield_visibility_visible\"  ><legend class='gfield_label gform-field-label gfield_label_before_complex' >Address<span class=\"gfield_required\"><span class=\"gfield_required gfield_required_text\">(obrigat\u00f3rio)<\/span><\/span><\/legend>    \n                    <div class='ginput_complex ginput_container has_street has_street2 has_city has_state has_zip has_country ginput_container_address gform-grid-row' id='input_4_3' >\n                         <span class='ginput_full address_line_1 ginput_address_line_1 gform-grid-col' id='input_4_3_1_container' >\n                                        <input type='text' name='input_3.1' id='input_4_3_1' value=''    aria-required='true'    \/>\n                                        <label for='input_4_3_1' id='input_4_3_1_label' class='gform-field-label gform-field-label--type-sub '>Rua<\/label>\n                                    <\/span><span class='ginput_full address_line_2 ginput_address_line_2 gform-grid-col' id='input_4_3_2_container' >\n                                        <input type='text' name='input_3.2' id='input_4_3_2' value=''     aria-required='false'   \/>\n                                        <label for='input_4_3_2' id='input_4_3_2_label' class='gform-field-label gform-field-label--type-sub '>Bairro e Complemento<\/label>\n                                    <\/span><span class='ginput_left address_city ginput_address_city gform-grid-col' id='input_4_3_3_container' >\n                                    <input type='text' name='input_3.3' id='input_4_3_3' value=''    aria-required='true'    \/>\n                                    <label for='input_4_3_3' id='input_4_3_3_label' class='gform-field-label gform-field-label--type-sub '>Cidade<\/label>\n                                 <\/span><span class='ginput_right address_state ginput_address_state gform-grid-col' id='input_4_3_4_container' >\n                                        <select name='input_3.4' id='input_4_3_4'     aria-required='true'    ><option value='' selected='selected'><\/option><option value='Alabama' >Alabama<\/option><option value='Alaska' >Alaska<\/option><option value='Samoa Americana' >Samoa Americana<\/option><option value='Arizona' >Arizona<\/option><option value='Arkansas' >Arkansas<\/option><option value='Calif\u00f3rnia' >Calif\u00f3rnia<\/option><option value='Colorado' >Colorado<\/option><option value='Connecticut' >Connecticut<\/option><option value='Delaware' >Delaware<\/option><option value='Distrito de Columbia' >Distrito de Columbia<\/option><option value='Fl\u00f3rida' >Fl\u00f3rida<\/option><option value='Georgia' >Georgia<\/option><option value='Guam' >Guam<\/option><option value='Hava\u00ed' >Hava\u00ed<\/option><option value='Idaho' >Idaho<\/option><option value='Illinois' >Illinois<\/option><option value='Indiana' >Indiana<\/option><option value='Iowa' >Iowa<\/option><option value='Kansas' >Kansas<\/option><option value='Kentucky' >Kentucky<\/option><option value='Louisiana' >Louisiana<\/option><option value='Maine' >Maine<\/option><option value='Maryland' >Maryland<\/option><option value='Massachusetts' >Massachusetts<\/option><option value='Michigan' >Michigan<\/option><option value='Minnesota' >Minnesota<\/option><option value='Mississippi' >Mississippi<\/option><option value='Missouri' >Missouri<\/option><option value='Montana' >Montana<\/option><option value='Nebraska' >Nebraska<\/option><option value='Nevada' >Nevada<\/option><option value='Nova Hampshire' >Nova Hampshire<\/option><option value='Nova Jersey' >Nova Jersey<\/option><option value='Novo M\u00e9xico' >Novo M\u00e9xico<\/option><option value='Nova Iorque' >Nova Iorque<\/option><option value='Carolina do Norte' >Carolina do Norte<\/option><option value='Dakota do Norte' >Dakota do Norte<\/option><option value='Ilhas Marianas do Norte' >Ilhas Marianas do Norte<\/option><option value='Ohio' >Ohio<\/option><option value='Oklahoma' >Oklahoma<\/option><option value='Oregon' >Oregon<\/option><option value='Pennsylvania' >Pennsylvania<\/option><option value='Porto Rico' >Porto Rico<\/option><option value='Rhode Island' >Rhode Island<\/option><option value='Carolina do Sul' >Carolina do Sul<\/option><option value='Dakota do Sul' >Dakota do Sul<\/option><option value='Tennessee' >Tennessee<\/option><option value='Texas' >Texas<\/option><option value='Utah' >Utah<\/option><option value='Ilhas virgens americanas' >Ilhas virgens americanas<\/option><option value='Vermont' >Vermont<\/option><option value='Virg\u00ednia' >Virg\u00ednia<\/option><option value='Washington' >Washington<\/option><option value='Virg\u00ednia Ocidental' >Virg\u00ednia Ocidental<\/option><option value='Wisconsin' >Wisconsin<\/option><option value='Wyoming' >Wyoming<\/option><option value='For\u00e7as Armadas das Am\u00e9ricas' >For\u00e7as Armadas das Am\u00e9ricas<\/option><option value='For\u00e7as Armadas da Europa' >For\u00e7as Armadas da Europa<\/option><option value='For\u00e7as Armadas do Pac\u00edfico' >For\u00e7as Armadas do Pac\u00edfico<\/option><\/select>\n                                        <label for='input_4_3_4' id='input_4_3_4_label' class='gform-field-label gform-field-label--type-sub '>Estado<\/label>\n                                      <\/span><span class='ginput_left address_zip ginput_address_zip gform-grid-col' id='input_4_3_5_container' >\n                                    <input type='text' name='input_3.5' id='input_4_3_5' value=''    aria-required='true'    \/>\n                                    <label for='input_4_3_5' id='input_4_3_5_label' class='gform-field-label gform-field-label--type-sub '>CEP<\/label>\n                                <\/span><input type='hidden' class='gform_hidden' name='input_3.6' id='input_4_3_6' value='United States' \/>\n                    <div class='gf_clear gf_clear_complex'><\/div>\n                <\/div><\/fieldset><div id=\"field_4_4\" class=\"gfield gfield--type-phone gfield--input-type-phone gfield_contains_required field_sublabel_below gfield--no-description field_description_below field_validation_below gfield_visibility_visible\"  ><label class='gfield_label gform-field-label' for='input_4_4'>Phone<span class=\"gfield_required\"><span class=\"gfield_required gfield_required_text\">(obrigat\u00f3rio)<\/span><\/span><\/label><div class='ginput_container ginput_container_phone'><input name='input_4' id='input_4_4' type='tel' value='' class='medium'   aria-required=\"true\" aria-invalid=\"false\"   \/><\/div><\/div><div id=\"field_4_5\" class=\"gfield gfield--type-email gfield--input-type-email gfield_contains_required field_sublabel_below gfield--no-description field_description_below field_validation_below gfield_visibility_visible\"  ><label class='gfield_label gform-field-label' for='input_4_5'>Email<span class=\"gfield_required\"><span class=\"gfield_required gfield_required_text\">(obrigat\u00f3rio)<\/span><\/span><\/label><div class='ginput_container ginput_container_email'>\n                            <input name='input_5' id='input_4_5' type='email' value='' class='medium'    aria-required=\"true\" aria-invalid=\"false\"  \/>\n                        <\/div><\/div><div id=\"field_4_6\" class=\"gfield gfield--type-html gfield--input-type-html gfield_html gfield_no_follows_desc field_sublabel_below gfield--no-description field_description_below field_validation_below gfield_visibility_visible\"  ><p class=\"recaptcha-branding\">\n  This site is protected by reCAPTCHA and the Google \n  <a href=\"https:\/\/policies.google.com\/privacy\" target=\"_blank\">Privacy Policy<\/a> and \n  <a href=\"https:\/\/policies.google.com\/terms\" target=\"_blank\">Terms of Service<\/a> apply.\n<\/p><\/div><div id=\"field_4_7\" class=\"gfield gfield--type-html gfield--input-type-html gfield_html gfield_no_follows_desc field_sublabel_below gfield--no-description field_description_below field_validation_below gfield_visibility_visible\"  ><p class=\"recaptcha-branding\">\n  This site is protected by reCAPTCHA and the Google \n  <a href=\"https:\/\/policies.google.com\/privacy\" target=\"_blank\">Privacy Policy<\/a> and \n  <a href=\"https:\/\/policies.google.com\/terms\" target=\"_blank\">Terms of Service<\/a> apply.\n<\/p><\/div><\/div><\/div>\n        <div class='gform-footer gform_footer top_label'> <input type='submit' id='gform_submit_button_4' class='gform_button button' onclick='gform.submission.handleButtonClick(this);' data-submission-type='submit' value='Submit'  \/> \n            <input type='hidden' class='gform_hidden' name='gform_submission_method' data-js='gform_submission_method_4' value='postback' \/>\n            <input type='hidden' class='gform_hidden' name='gform_theme' data-js='gform_theme_4' id='gform_theme_4' value='gravity-theme' \/>\n            <input type='hidden' class='gform_hidden' name='gform_style_settings' data-js='gform_style_settings_4' id='gform_style_settings_4' value='[]' \/>\n            <input type='hidden' class='gform_hidden' name='is_submit_4' value='1' \/>\n            <input type='hidden' class='gform_hidden' name='gform_submit' value='4' \/>\n            \n            <input type='hidden' class='gform_hidden' name='gform_currency' data-currency='USD' value='i5yCVrvN0fJ2evqDDI5WXTVPDqaAqX1+jbme0YqIbpeVjJWggK6Jktd78XkHSum9VvhIJQZ5NVdlGxXFL4u7MID6zz5HYdK32I6s2MF14le05Ac=' \/>\n            <input type='hidden' class='gform_hidden' name='gform_unique_id' value='' \/>\n            <input type='hidden' class='gform_hidden' name='state_4' value='WyJbXSIsIjFkNjhlZjA0NzQwMDMwZTZjMzM1ODlkMTI0OGFlNzY0Il0=' \/>\n            <input type='hidden' autocomplete='off' class='gform_hidden' name='gform_target_page_number_4' id='gform_target_page_number_4' value='0' \/>\n            <input type='hidden' autocomplete='off' class='gform_hidden' name='gform_source_page_number_4' id='gform_source_page_number_4' value='1' \/>\n            <input type='hidden' name='gform_field_values' value='' \/>\n            \n        <\/div>\n                        <\/form>\n                        <\/div><script>\ngform.initializeOnLoaded( function() {gformInitSpinner( 4, 'https:\/\/www.dadco.net\/wp-content\/plugins\/gravityforms\/images\/spinner.svg', true );jQuery('#gform_ajax_frame_4').on('load',function(){var contents = jQuery(this).contents().find('*').html();var is_postback = contents.indexOf('GF_AJAX_POSTBACK') >= 0;if(!is_postback){return;}var form_content = jQuery(this).contents().find('#gform_wrapper_4');var is_confirmation = jQuery(this).contents().find('#gform_confirmation_wrapper_4').length > 0;var is_redirect = contents.indexOf('gformRedirect(){') >= 0;var is_form = form_content.length > 0 && ! is_redirect && ! is_confirmation;var mt = parseInt(jQuery('html').css('margin-top'), 10) + parseInt(jQuery('body').css('margin-top'), 10) + 100;if(is_form){jQuery('#gform_wrapper_4').html(form_content.html());if(form_content.hasClass('gform_validation_error')){jQuery('#gform_wrapper_4').addClass('gform_validation_error');} else {jQuery('#gform_wrapper_4').removeClass('gform_validation_error');}setTimeout( function() { \/* delay the scroll by 50 milliseconds to fix a bug in chrome *\/  }, 50 );if(window['gformInitDatepicker']) {gformInitDatepicker();}if(window['gformInitPriceFields']) {gformInitPriceFields();}var current_page = jQuery('#gform_source_page_number_4').val();gformInitSpinner( 4, 'https:\/\/www.dadco.net\/wp-content\/plugins\/gravityforms\/images\/spinner.svg', true );jQuery(document).trigger('gform_page_loaded', [4, current_page]);window['gf_submitting_4'] = false;}else if(!is_redirect){var confirmation_content = jQuery(this).contents().find('.GF_AJAX_POSTBACK').html();if(!confirmation_content){confirmation_content = contents;}jQuery('#gform_wrapper_4').replaceWith(confirmation_content);jQuery(document).trigger('gform_confirmation_loaded', [4]);window['gf_submitting_4'] = false;wp.a11y.speak(jQuery('#gform_confirmation_message_4').text());}else{jQuery('#gform_4').append(contents);if(window['gformRedirect']) {gformRedirect();}}jQuery(document).trigger(\"gform_pre_post_render\", [{ formId: \"4\", currentPage: \"current_page\", abort: function() { this.preventDefault(); } }]);        if (event && event.defaultPrevented) {                return;        }        const gformWrapperDiv = document.getElementById( \"gform_wrapper_4\" );        if ( gformWrapperDiv ) {            const visibilitySpan = document.createElement( \"span\" );            visibilitySpan.id = \"gform_visibility_test_4\";            gformWrapperDiv.insertAdjacentElement( \"afterend\", visibilitySpan );        }        const visibilityTestDiv = document.getElementById( \"gform_visibility_test_4\" );        let postRenderFired = false;        function triggerPostRender() {            if ( postRenderFired ) {                return;            }            postRenderFired = true;            gform.core.triggerPostRenderEvents( 4, current_page );            if ( visibilityTestDiv ) {                visibilityTestDiv.parentNode.removeChild( visibilityTestDiv );            }        }        function debounce( func, wait, immediate ) {            var timeout;            return function() {                var context = this, args = arguments;                var later = function() {                    timeout = null;                    if ( !immediate ) func.apply( context, args );                };                var callNow = immediate && !timeout;                clearTimeout( timeout );                timeout = setTimeout( later, wait );                if ( callNow ) func.apply( context, args );            };        }        const debouncedTriggerPostRender = debounce( function() {            triggerPostRender();        }, 200 );        if ( visibilityTestDiv && visibilityTestDiv.offsetParent === null ) {            const observer = new MutationObserver( ( mutations ) => {                mutations.forEach( ( mutation ) => {                    if ( mutation.type === 'attributes' && visibilityTestDiv.offsetParent !== null ) {                        debouncedTriggerPostRender();                        observer.disconnect();                    }                });            });            observer.observe( document.body, {                attributes: true,                childList: false,                subtree: true,                attributeFilter: [ 'style', 'class' ],            });        } else {            triggerPostRender();        }    } );} );\n<\/script>\n<\/div><\/div><\/div><\/div><\/div><\/section>\n","protected":false},"excerpt":{"rendered":"Pedidos podem ser rastreados por via FedEx ou UPS utilizando o seu n\u00famero de rastreio informado. Caso voc\u00ea n\u00e3o tenha um n\u00famero de rastreio, voc\u00ea tamb\u00e9m pode utilizar os links abaixo e conectar seu n\u00famero de pedido com o pa\u00eds de destino e CEP. FedEx UPS Voc\u00ea sabe o seu n\u00famero de pedido\/rastreio do pedido?...","protected":false},"author":1,"featured_media":0,"parent":14824,"menu_order":4,"comment_status":"closed","ping_status":"closed","template":"","meta":{"footnotes":""},"class_list":["post-14836","page","type-page","status-publish","hentry"],"acf":[],"_links":{"self":[{"href":"https:\/\/www.dadco.net\/pt-br\/wp-json\/wp\/v2\/pages\/14836","targetHints":{"allow":["GET"]}}],"collection":[{"href":"https:\/\/www.dadco.net\/pt-br\/wp-json\/wp\/v2\/pages"}],"about":[{"href":"https:\/\/www.dadco.net\/pt-br\/wp-json\/wp\/v2\/types\/page"}],"author":[{"embeddable":true,"href":"https:\/\/www.dadco.net\/pt-br\/wp-json\/wp\/v2\/users\/1"}],"replies":[{"embeddable":true,"href":"https:\/\/www.dadco.net\/pt-br\/wp-json\/wp\/v2\/comments?post=14836"}],"version-history":[{"count":5,"href":"https:\/\/www.dadco.net\/pt-br\/wp-json\/wp\/v2\/pages\/14836\/revisions"}],"predecessor-version":[{"id":32198,"href":"https:\/\/www.dadco.net\/pt-br\/wp-json\/wp\/v2\/pages\/14836\/revisions\/32198"}],"up":[{"embeddable":true,"href":"https:\/\/www.dadco.net\/pt-br\/wp-json\/wp\/v2\/pages\/14824"}],"wp:attachment":[{"href":"https:\/\/www.dadco.net\/pt-br\/wp-json\/wp\/v2\/media?parent=14836"}],"curies":[{"name":"wp","href":"https:\/\/api.w.org\/{rel}","templated":true}]}}