{"id":14815,"date":"2022-09-02T14:39:38","date_gmt":"2022-09-02T18:39:38","guid":{"rendered":"https:\/\/www.dadco.net\/quem-somos-nos\/garantia-de-qualidade\/"},"modified":"2024-11-07T14:08:13","modified_gmt":"2024-11-07T19:08:13","slug":"garantia-de-qualidade","status":"publish","type":"page","link":"https:\/\/www.dadco.net\/pt-br\/quem-somos-nos\/garantia-de-qualidade\/","title":{"rendered":"Garantia de Qualidade"},"content":{"rendered":"<section class=\"l-section wpb_row height_auto\"><div class=\"l-section-h i-cf\"><div class=\"g-cols vc_row via_flex valign_top type_default stacking_default\"><div class=\"vc_col-sm-12 wpb_column vc_column_container\"><div class=\"vc_column-inner\"><div class=\"wpb_wrapper\"><div class=\"wpb_text_column\"><div class=\"wpb_wrapper\"><p>DADCO est\u00e1 comprometida com a qualidade. Certificada pela ISO 9001:2015 Gest\u00e3o da Qualidade Padr\u00e3o, DADCO garante boas pr\u00e1ticas est\u00e3o em vigor para todos os processos que possam afetar a qualidade do produto. Atrav\u00e9s de trabalho dedicado em equipe com nossos clientes e fornecedores, buscamos os mais altos padr\u00f5es de qualidade para cada produto e servi\u00e7o que prestamos. Os produtos DADCO est\u00e3o em conformidade com a PED \u201cEuropean Pressure Equipment Directive 2014\/68\/EU\u201d e s\u00e3o reconhecidos mundialmente nos padr\u00f5es de ferramental automotivo.   <\/p>\n<p>Estamos confiantes que nossos produtos funcionar\u00e3o em sua aplica\u00e7\u00e3o; n\u00f3s garantimos o nosso produto livre de defeitos de fabrica\u00e7\u00e3o ou nossos materiais por um per\u00edodo de um ano a partir da data de fabrica\u00e7\u00e3o. Al\u00e9m disso, nossas molas a g\u00e1s nitrog\u00eanio possuem certificado de garantia \u201cGold Guarantee*\u201c de um ano \/ 1 milh\u00e3o de golpes. <i> <\/i>A S\u00e9rie L possuie certificado de garantia \u201cSelect Guarantee*\u201c de dois anos \/ 2 milh\u00f5es de golpes.<\/p>\n<h2>Certifica\u00e7\u00f5es<\/h2>\n<p>*Solicite uma c\u00f3pia para maiores detalhes.<\/p>\n<\/div><\/div><div class=\"w-hwrapper valign_top align_none\"><div class=\"w-image align_none\"><a href=\"https:\/\/www.dadco.net\/wp-content\/uploads\/2024\/03\/quality_cert.pdf  \" aria-label=\"quality_cert\" class=\"w-image-h\"><img loading=\"lazy\" decoding=\"async\" width=\"150\" height=\"150\" src=\"https:\/\/www.dadco.net\/wp-content\/uploads\/2024\/03\/quality_cert-e1711388974630-150x150.jpg\" class=\"attachment-thumbnail size-thumbnail\" alt=\"\" \/><\/a><\/div><div class=\"w-image align_none\"><a href=\"https:\/\/www.dadco.net\/wp-content\/uploads\/2022\/09\/select_guarantee_certificate.pdf\" aria-label=\"select_guarantee\" class=\"w-image-h\"><img loading=\"lazy\" decoding=\"async\" width=\"216\" height=\"166\" src=\"https:\/\/www.dadco.net\/wp-content\/uploads\/2022\/09\/select_guarantee.jpeg\" class=\"attachment-large size-large\" alt=\"\" \/><\/a><\/div><div class=\"w-image align_none\"><a href=\"https:\/\/www.dadco.net\/wp-content\/uploads\/2022\/09\/gold_guarantee_certificate.pdf\" aria-label=\"gold\" class=\"w-image-h\"><img loading=\"lazy\" decoding=\"async\" width=\"216\" height=\"166\" src=\"https:\/\/www.dadco.net\/wp-content\/uploads\/2022\/09\/gold.jpeg\" class=\"attachment-large size-large\" alt=\"\" \/><\/a><\/div><\/div><\/div><\/div><\/div><\/div><\/div><\/section>\n","protected":false},"excerpt":{"rendered":"DADCO est\u00e1 comprometida com a qualidade. Certificada pela ISO 9001:2015 Gest\u00e3o da Qualidade Padr\u00e3o, DADCO garante boas pr\u00e1ticas est\u00e3o em vigor para todos os processos que possam afetar a qualidade do produto. Atrav\u00e9s de trabalho dedicado em equipe com nossos clientes e fornecedores, buscamos os mais altos padr\u00f5es de qualidade para cada produto e servi\u00e7o...","protected":false},"author":1,"featured_media":0,"parent":14795,"menu_order":4,"comment_status":"closed","ping_status":"closed","template":"","meta":{"footnotes":""},"class_list":["post-14815","page","type-page","status-publish","hentry"],"acf":[],"_links":{"self":[{"href":"https:\/\/www.dadco.net\/pt-br\/wp-json\/wp\/v2\/pages\/14815","targetHints":{"allow":["GET"]}}],"collection":[{"href":"https:\/\/www.dadco.net\/pt-br\/wp-json\/wp\/v2\/pages"}],"about":[{"href":"https:\/\/www.dadco.net\/pt-br\/wp-json\/wp\/v2\/types\/page"}],"author":[{"embeddable":true,"href":"https:\/\/www.dadco.net\/pt-br\/wp-json\/wp\/v2\/users\/1"}],"replies":[{"embeddable":true,"href":"https:\/\/www.dadco.net\/pt-br\/wp-json\/wp\/v2\/comments?post=14815"}],"version-history":[{"count":5,"href":"https:\/\/www.dadco.net\/pt-br\/wp-json\/wp\/v2\/pages\/14815\/revisions"}],"predecessor-version":[{"id":32320,"href":"https:\/\/www.dadco.net\/pt-br\/wp-json\/wp\/v2\/pages\/14815\/revisions\/32320"}],"up":[{"embeddable":true,"href":"https:\/\/www.dadco.net\/pt-br\/wp-json\/wp\/v2\/pages\/14795"}],"wp:attachment":[{"href":"https:\/\/www.dadco.net\/pt-br\/wp-json\/wp\/v2\/media?parent=14815"}],"curies":[{"name":"wp","href":"https:\/\/api.w.org\/{rel}","templated":true}]}}