{"id":14813,"date":"2022-09-02T14:40:54","date_gmt":"2022-09-02T14:40:54","guid":{"rendered":"https:\/\/www.dadco.net\/quem-somos-nos\/noticias\/"},"modified":"2024-11-07T16:46:48","modified_gmt":"2024-11-07T21:46:48","slug":"noticias","status":"publish","type":"page","link":"https:\/\/www.dadco.net\/pt-br\/quem-somos-nos\/noticias\/","title":{"rendered":"Not\u00edcias"},"content":{"rendered":"<section class=\"l-section wpb_row news height_auto\"><div class=\"l-section-h i-cf\"><div class=\"g-cols vc_row via_flex valign_top type_default stacking_default\"><div class=\"vc_col-sm-12 wpb_column vc_column_container\"><div class=\"vc_column-inner\"><div class=\"wpb_wrapper\"><div class=\"w-grid type_grid layout_14376 with_pagination\" id=\"us_grid_1\" style=\"--gap:1.5rem;\" data-filterable=\"true\"><style>.layout_14376 .w-grid-item-h{}<\/style><div class=\"w-grid-list\">\t<article class=\"w-grid-item size_1x1 post-33378 post type-post status-publish format-standard has-post-thumbnail hentry category-atualizacoes-mensais\" data-id=\"33378\">\r\n\t\t<div class=\"w-grid-item-h\">\r\n\t\t\t\t\t\t<div class=\"w-hwrapper usg_hwrapper_1 align_none valign_top\" style=\"--hwrapper-gap:2rem\"><div class=\"w-post-elm post_image usg_post_image_1\"><a href=\"https:\/\/www.dadco.net\/pt-br\/blog\/2025\/09\/30\/october-2025\/\" aria-label=\"October 2025\"><img loading=\"lazy\" decoding=\"async\" width=\"1800\" height=\"1200\" src=\"https:\/\/www.dadco.net\/wp-content\/uploads\/2025\/09\/Millutensil-Announcement_picture-002.jpg\" class=\"attachment-full size-full wp-post-image\" alt=\"\" srcset=\"https:\/\/www.dadco.net\/wp-content\/uploads\/2025\/09\/Millutensil-Announcement_picture-002.jpg 1800w, https:\/\/www.dadco.net\/wp-content\/uploads\/2025\/09\/Millutensil-Announcement_picture-002-300x200.jpg 300w, https:\/\/www.dadco.net\/wp-content\/uploads\/2025\/09\/Millutensil-Announcement_picture-002-1024x683.jpg 1024w\" sizes=\"auto, (max-width: 1800px) 100vw, 1800px\" \/><\/a><\/div><div class=\"w-vwrapper usg_vwrapper_1 align_none valign_top\"><h3 class=\"w-post-elm post_title usg_post_title_2 entry-title color_link_inherit\"><a href=\"https:\/\/www.dadco.net\/pt-br\/blog\/2025\/09\/30\/october-2025\/\">October 2025<\/a><\/h3><div class=\"w-post-elm post_content usg_post_content_1 without_sections with_collapsible_content\" data-content-height=\"200px\"><div><div class=\"wpb_text_column\"><div class=\"wpb_wrapper\"><h4>DADCO is thrilled to announce our new and exclusive distributor servicing Italy, Millutensil Innovation.<\/h4>\n<p>DADCO is thrilled to announce our new and exclusive distributor servicing Italy, Millutensil Innovation. Located in Izano, Millutensil is a dynamic company known for developing innovative and leading solutions for their customers. Millutensil is a world leader in the manufacture of die and mold spotting presses, die-splitters and machinery for sheet metal working. Additional product lines include industrial automation and metal working components. Millutensil is uniquely positioned to provide a superior level of technical service and support to DADCO customers in Italy. DADCO is proud to welcome Millutensil Innovation to our distributor family.<\/p>\n<div class=\"uncode_text_column\">\n<div class=\"uncode_text_column\">\n<p>Via delle Industrie, 10<\/p>\n<p>26010 Izano (CR) ITALY<\/p>\n<\/div>\n<div class=\"uncode_text_column\">\n<p><a href=\"mailto:info@millutensil.com\">info@millutensil.com<\/a><br \/>\nPhone +39 0373 789622<\/p>\n<\/div>\n<\/div>\n<\/div><\/div>\n<\/div><div class=\"toggle-links align_none\"><button class=\"collapsible-content-more\">Show More.<\/button><button class=\"collapsible-content-less\">Show Less.<\/button><\/div><\/div><\/div><\/div>\t\t<\/div>\r\n\t<\/article>\r\n\t<article class=\"w-grid-item size_1x1 post-20842 post type-post status-publish format-standard has-post-thumbnail hentry category-atualizacoes-mensais\" data-id=\"20842\">\r\n\t\t<div class=\"w-grid-item-h\">\r\n\t\t\t\t\t\t<div class=\"w-hwrapper usg_hwrapper_1 align_none valign_top\" style=\"--hwrapper-gap:2rem\"><div class=\"w-post-elm post_image usg_post_image_1\"><a href=\"https:\/\/www.dadco.net\/pt-br\/blog\/2017\/05\/03\/setembro-2017\/\" aria-label=\"Setembro 2017\"><img loading=\"lazy\" decoding=\"async\" width=\"238\" height=\"77\" src=\"https:\/\/www.dadco.net\/wp-content\/uploads\/2017\/05\/DADCO-Japan_black_stacked.jpg\" class=\"attachment-full size-full wp-post-image\" alt=\"\" \/><\/a><\/div><div class=\"w-vwrapper usg_vwrapper_1 align_none valign_top\"><h3 class=\"w-post-elm post_title usg_post_title_2 entry-title color_link_inherit\"><a href=\"https:\/\/www.dadco.net\/pt-br\/blog\/2017\/05\/03\/setembro-2017\/\">Setembro 2017<\/a><\/h3><div class=\"w-post-elm post_content usg_post_content_1 without_sections with_collapsible_content\" data-content-height=\"200px\"><div><h4>DADCO abrir\u00e1 um novo escrit\u00f3rio no Jap\u00e3o<\/h4>\n<p>DADCO tem o prazer de anunciar que expandimos as opera\u00e7\u00f5es para o Jap\u00e3o. DADCO Japan, Inc. atender\u00e1 completamente o mercado japon\u00eas para todos os neg\u00f3cios para a DADCO, Inc. A nova localiza\u00e7\u00e3o come\u00e7ar\u00e1 a receber pedidos apartir de 21 de setembro de 2017. Os clientes que compraram produtos DADCO anteriormente pela<br \/>\nDayton Progress Japan agora poder\u00e1 comprar diretamente do novo escritorio<br \/>\nDADCO Japan.<\/p>\n<p>2370-7 Kamimizo Chuou-ku Sagamihara-shi Kanagawa-ken 252-0243 Japan<br \/>\n\u3012252-0243 \u795e\u5948\u5ddd\u770c\u76f8\u6a21\u539f\u5e02\u4e2d\u592e\u533a\u4e0a\u6e9d2370\u756a\u57307<br \/>\nE-mail: ds@dadco-japan.jp<\/p>\n<\/div><div class=\"toggle-links align_none\"><button class=\"collapsible-content-more\">Show More.<\/button><button class=\"collapsible-content-less\">Show Less.<\/button><\/div><\/div><\/div><\/div>\t\t<\/div>\r\n\t<\/article>\r\n\t<article class=\"w-grid-item size_1x1 post-33217 post type-post status-publish format-standard has-post-thumbnail hentry category-atualizacoes-mensais\" data-id=\"33217\">\r\n\t\t<div class=\"w-grid-item-h\">\r\n\t\t\t\t\t\t<div class=\"w-hwrapper usg_hwrapper_1 align_none valign_top\" style=\"--hwrapper-gap:2rem\"><div class=\"w-post-elm post_image usg_post_image_1\"><a href=\"https:\/\/www.dadco.net\/pt-br\/blog\/2015\/05\/03\/15-de-janeiro\/\" aria-label=\"15 de Janeiro\"><img loading=\"lazy\" decoding=\"async\" width=\"157\" height=\"170\" src=\"https:\/\/www.dadco.net\/wp-content\/uploads\/2015\/05\/90.10DS.gif\" class=\"attachment-full size-full wp-post-image\" alt=\"\" \/><\/a><\/div><div class=\"w-vwrapper usg_vwrapper_1 align_none valign_top\"><h3 class=\"w-post-elm post_title usg_post_title_2 entry-title color_link_inherit\"><a href=\"https:\/\/www.dadco.net\/pt-br\/blog\/2015\/05\/03\/15-de-janeiro\/\">15 de Janeiro<\/a><\/h3><div class=\"w-post-elm post_content usg_post_content_1 without_sections with_collapsible_content\" data-content-height=\"200px\"><div><h4>Novas Molas a G\u00e1s Para Armazenamento da DADCO<\/h4>\n<p>A nova s\u00e9rie 90.10 DS da DADCO foi projetada com uma taxa de retorno da haste reduzida, tornando-a a escolha ideal para armazenamento de matrizes. Esses modelos s\u00e3o um substituto direto para componentes tradicionais de armazenamento de matrizes e n\u00e3o precisam ser removidos da ferramenta antes da produ\u00e7\u00e3o na prensa. Oferecidos em tr\u00eas tamanhos, o 90.10DS.3000, 90.10DS.5000 e 90.10DS.7500 s\u00e3o diretamente intercambi\u00e1veis com os modelos ISO 3000-7500. Apenas uma pequena parte do curso total do 90.10 DS \u00e9 acionada durante cada ciclo. Quando comparada a uma mola a g\u00e1s padr\u00e3o usada em aplica\u00e7\u00f5es de armazenamento de matrizes, a 90.10 DS retorna a uma velocidade moderada, resultando em temperatura operacional mais baixa, desgaste reduzido nos componentes da prensa e longa vida \u00fatil da mola. A DADCO recomenda o uso de cilindros 90.10 DS em cada canto da matriz para distribui\u00e7\u00e3o e separa\u00e7\u00e3o de equil\u00edbrio igual.     <\/p>\n<p>Um boletim de quatro p\u00e1ginas apresentando a nova mola a g\u00e1s para armazenamento de ferramental 90.10 DS est\u00e1 dispon\u00edvel na DADCO. Ele cont\u00e9m informa\u00e7\u00f5es de como pedir e dados de utiliza\u00e7\u00e3o. <\/p>\n<\/div><div class=\"toggle-links align_none\"><button class=\"collapsible-content-more\">Show More.<\/button><button class=\"collapsible-content-less\">Show Less.<\/button><\/div><\/div><\/div><\/div>\t\t<\/div>\r\n\t<\/article>\r\n\t<article class=\"w-grid-item size_1x1 post-20845 post type-post status-publish format-standard hentry category-atualizacoes-mensais tag-abril\" data-id=\"20845\">\r\n\t\t<div class=\"w-grid-item-h\">\r\n\t\t\t\t\t\t<div class=\"w-hwrapper usg_hwrapper_1 align_none valign_top\" style=\"--hwrapper-gap:2rem\"><div class=\"w-vwrapper usg_vwrapper_1 align_none valign_top\"><h3 class=\"w-post-elm post_title usg_post_title_2 entry-title color_link_inherit\"><a href=\"https:\/\/www.dadco.net\/pt-br\/blog\/2012\/05\/03\/abril-2012\/\">Abril 2012<\/a><\/h3><div class=\"w-post-elm post_content usg_post_content_1 without_sections with_collapsible_content\" data-content-height=\"200px\"><div><h4>DADCO lan\u00e7a Cat\u00e1logo Integrado Online<\/h4>\n<p>O site da DADCO foi atualizado para incluir um cat\u00e1logo integrado online. Este novo cat\u00e1logo online possui uma interface de f\u00e1cil de uso que oferece acesso r\u00e1pido a uma ampla gama de produtos DADCO, incluindo, molas a g\u00e1s nitrog\u00eanio, levantadores a g\u00e1s nitrog\u00eanio, componentes para sistemas interligados, conjuntos de guias, sistemas power cam e power pump e cilindros pneum\u00e1ticos. <\/p>\n<p>A navega\u00e7\u00e3o pelo site \u00e9 f\u00e1cil: Basta escolher a imagem ou descri\u00e7\u00e3o para encontrar o produto adequado. Uma vez que o modelo e comprimento do curso s\u00e3o selecionados, uma p\u00e1gina com detalhes sobre o produto \u00e9 exibida. Os clientes podem visualizar um modelo 3-D do produto ou, com registro r\u00e1pido, obter acesso instant\u00e2neo aos modelos CAD. Os modelos est\u00e3o dispon\u00edveis em uma variedade completa de formatos, incluindo SAT, STEP, CATIA, IGES e DXF. Com estes avan\u00e7os, o site mant\u00e9m a mesma organiza\u00e7\u00e3o de f\u00e1cil utiliza\u00e7\u00e3o que os clientes esperam da DADCO. Informa\u00e7\u00e3o detalhada do produto est\u00e1 a poucos cliques de dist\u00e2ncia em qualquer lugar do site. Al\u00e9m disso, um recurso de busca est\u00e1 no topo de cada p\u00e1gina, para auxiliar os clientes.    <\/p>\n<\/div><div class=\"toggle-links align_none\"><button class=\"collapsible-content-more\">Show More.<\/button><button class=\"collapsible-content-less\">Show Less.<\/button><\/div><\/div><\/div><\/div>\t\t<\/div>\r\n\t<\/article>\r\n\t<article class=\"w-grid-item size_1x1 post-20846 post type-post status-publish format-standard has-post-thumbnail hentry category-atualizacoes-mensais tag-marco\" data-id=\"20846\">\r\n\t\t<div class=\"w-grid-item-h\">\r\n\t\t\t\t\t\t<div class=\"w-hwrapper usg_hwrapper_1 align_none valign_top\" style=\"--hwrapper-gap:2rem\"><div class=\"w-post-elm post_image usg_post_image_1\"><a href=\"https:\/\/www.dadco.net\/pt-br\/blog\/2012\/05\/03\/marco-2012\/\" aria-label=\"Mar\u00e7o 2012\"><img loading=\"lazy\" decoding=\"async\" width=\"150\" height=\"150\" src=\"https:\/\/www.dadco.net\/wp-content\/uploads\/2012\/05\/sln_090_180_group1-150x150-1.jpg\" class=\"attachment-full size-full wp-post-image\" alt=\"\" \/><\/a><\/div><div class=\"w-vwrapper usg_vwrapper_1 align_none valign_top\"><h3 class=\"w-post-elm post_title usg_post_title_2 entry-title color_link_inherit\"><a href=\"https:\/\/www.dadco.net\/pt-br\/blog\/2012\/05\/03\/marco-2012\/\">Mar\u00e7o 2012<\/a><\/h3><div class=\"w-post-elm post_content usg_post_content_1 without_sections with_collapsible_content\" data-content-height=\"200px\"><div><h4>Novo DADCO SLN.180 Micro Levantador a G\u00e1s <\/h4>\n<p>Nitrog\u00eanio O novo DADCO SLN.180 Micro Levantador a G\u00e1s Nitrog\u00eanio fornece uma abordagem \u00fanica para aplica\u00e7\u00f5es de flange. Este levantador robusto com di\u00e2metro de corpo de 50 mm est\u00e1 dispon\u00edvel com duas op\u00e7\u00f5es de haste de guia: FA com uma haste de c\u00fapula e local para fixar \u00e0 parte superior da ferramenta e FB com uma haste plana. A DADCO Mola a G\u00e1s Micro 180 <sup>\u00ae<\/sup>, alojado no interior da haste guia, fornece for\u00e7a de eleva\u00e7\u00e3o confi\u00e1vel.  <\/p>\n<p>SLN.180 Micro Levantador a G\u00e1s Nitrog\u00eanio fornece for\u00e7a de contato at\u00e9 80 quilos e est\u00e1 dispon\u00edvel com comprimentos de curso de 63 mm a 200 mm. O levantador cumpre as normas Ford para ferramentais de estamparia de componentes. <\/p>\n<p>Um boletim colorido de duas p\u00e1ginas apresentando o novo SLN.180 Micro Levantador a G\u00e1s Nitrog\u00eanio est\u00e1 dispon\u00edvel com a DADCO. Ele cont\u00e9m desenhos modelo s\u00f3lido, requisitando informa\u00e7\u00f5es e dados de aplica\u00e7\u00e3o. <\/p>\n<\/div><div class=\"toggle-links align_none\"><button class=\"collapsible-content-more\">Show More.<\/button><button class=\"collapsible-content-less\">Show Less.<\/button><\/div><\/div><\/div><\/div>\t\t<\/div>\r\n\t<\/article>\r\n\t<article class=\"w-grid-item size_1x1 post-33218 post type-post status-publish format-standard has-post-thumbnail hentry category-atualizacoes-mensais tag-setembro\" data-id=\"33218\">\r\n\t\t<div class=\"w-grid-item-h\">\r\n\t\t\t\t\t\t<div class=\"w-hwrapper usg_hwrapper_1 align_none valign_top\" style=\"--hwrapper-gap:2rem\"><div class=\"w-post-elm post_image usg_post_image_1\"><a href=\"https:\/\/www.dadco.net\/pt-br\/blog\/2012\/05\/03\/setembro-2012\/\" aria-label=\"Setembro 2012\"><img loading=\"lazy\" decoding=\"async\" width=\"216\" height=\"300\" src=\"https:\/\/www.dadco.net\/wp-content\/uploads\/2012\/05\/fcl_group.jpg\" class=\"attachment-full size-full wp-post-image\" alt=\"\" \/><\/a><\/div><div class=\"w-vwrapper usg_vwrapper_1 align_none valign_top\"><h3 class=\"w-post-elm post_title usg_post_title_2 entry-title color_link_inherit\"><a href=\"https:\/\/www.dadco.net\/pt-br\/blog\/2012\/05\/03\/setembro-2012\/\">Setembro 2012<\/a><\/h3><div class=\"w-post-elm post_content usg_post_content_1 without_sections with_collapsible_content\" data-content-height=\"200px\"><div><h4>Novo! S\u00e9rie FCL com Almofada da DADCO<\/h4>\n<p>A DADCO tem o prazer de apresentar uma nova linha de molas a g\u00e1s nitrog\u00eanio com amortecimento. A S\u00e9rie FCL \u00e9 uma mola a g\u00e1s de tamanho reduzido com retorno amortecido durante os \u00faltimos 2-4 mm do curso para reduzir a for\u00e7a de retorno e o aumento da for\u00e7a durante o curso. <\/p>\n<p>A S\u00e9rie FCL est\u00e1 dispon\u00edvel em dois modelos: FCL.503 e FCL.755. O di\u00e2metro do FCL.503 \u00e9 44,5mm, com for\u00e7a inicial de 302 daN. O FCL.755 tem di\u00e2metro de 50mm, com for\u00e7a inicial de 471 daN. Ambos os modelos FCL t\u00eam cursos de at\u00e9 125 mm e s\u00e3o adequados para aplica\u00e7\u00f5es de cames acionados pela prensa.   <\/p>\n<p>Um boletim de quatro p\u00e1ginas contendo exemplos de pedidos, especifica\u00e7\u00f5es operacionais e exemplos de aplica\u00e7\u00e3o est\u00e1 dispon\u00edvel da DADCO.<\/p>\n<\/div><div class=\"toggle-links align_none\"><button class=\"collapsible-content-more\">Show More.<\/button><button class=\"collapsible-content-less\">Show Less.<\/button><\/div><\/div><\/div><\/div>\t\t<\/div>\r\n\t<\/article>\r\n\t<article class=\"w-grid-item size_1x1 post-20844 post type-post status-publish format-standard has-post-thumbnail hentry category-atualizacoes-mensais tag-julho\" data-id=\"20844\">\r\n\t\t<div class=\"w-grid-item-h\">\r\n\t\t\t\t\t\t<div class=\"w-hwrapper usg_hwrapper_1 align_none valign_top\" style=\"--hwrapper-gap:2rem\"><div class=\"w-post-elm post_image usg_post_image_1\"><a href=\"https:\/\/www.dadco.net\/pt-br\/blog\/2012\/02\/26\/julho-2012\/\" aria-label=\"Julho 2012\"><img loading=\"lazy\" decoding=\"async\" width=\"232\" height=\"55\" src=\"https:\/\/www.dadco.net\/wp-content\/uploads\/2012\/02\/dadco_brasil.gif\" class=\"attachment-full size-full wp-post-image\" alt=\"\" \/><\/a><\/div><div class=\"w-vwrapper usg_vwrapper_1 align_none valign_top\"><h3 class=\"w-post-elm post_title usg_post_title_2 entry-title color_link_inherit\"><a href=\"https:\/\/www.dadco.net\/pt-br\/blog\/2012\/02\/26\/julho-2012\/\">Julho 2012<\/a><\/h3><div class=\"w-post-elm post_content usg_post_content_1 without_sections with_collapsible_content\" data-content-height=\"200px\"><div><h4>DADCO inaugura um novo escrit\u00f3rio no Brasil<\/h4>\n<p>DADCO tem o prazer de anunciar que estamos ampliando nossas opera\u00e7\u00f5es no Brasil com uma nova divis\u00e3o: DADCO FERRAMENTAS do BRASIL, localizada em S\u00e3o Paulo. O escrit\u00f3rio no Brasil atender\u00e1 os clientes locais e dar\u00e1 adicional cobertura e apoio mundial. <\/p>\n<p>DADCO FERRAMENTAS do BRASIL is at Rua Botucatu, 39<br \/>\nS\u00e3o Caetano Do Sul, S\u00e3o Paulo, CEP 09550-060, Brazil.<\/p>\n<\/div><div class=\"toggle-links align_none\"><button class=\"collapsible-content-more\">Show More.<\/button><button class=\"collapsible-content-less\">Show Less.<\/button><\/div><\/div><\/div><\/div>\t\t<\/div>\r\n\t<\/article>\r\n<\/div><div class=\"w-grid-preloader\">\t<div class=\"g-preloader type_1\">\r\n\t\t<div><\/div>\r\n\t<\/div>\r\n\t<\/div>\t<div class=\"w-grid-json hidden\" onclick='return {&quot;action&quot;:&quot;us_ajax_grid&quot;,&quot;ajax_url&quot;:&quot;https:\\\/\\\/www.dadco.net\\\/wp-admin\\\/admin-ajax.php&quot;,&quot;infinite_scroll&quot;:0,&quot;max_num_pages&quot;:1,&quot;pagination&quot;:&quot;regular&quot;,&quot;template_vars&quot;:{&quot;columns&quot;:&quot;1&quot;,&quot;exclude_items&quot;:&quot;none&quot;,&quot;img_size&quot;:&quot;full&quot;,&quot;ignore_items_size&quot;:0,&quot;items_layout&quot;:&quot;14376&quot;,&quot;items_offset&quot;:&quot;1&quot;,&quot;load_animation&quot;:&quot;none&quot;,&quot;overriding_link&quot;:&quot;{\\&quot;url\\&quot;:\\&quot;\\&quot;}&quot;,&quot;post_id&quot;:0,&quot;query_args&quot;:{&quot;post_type&quot;:[&quot;post&quot;],&quot;tax_query&quot;:[{&quot;taxonomy&quot;:&quot;category&quot;,&quot;field&quot;:&quot;slug&quot;,&quot;terms&quot;:[&quot;monthly-updates&quot;]}],&quot;post_status&quot;:[&quot;publish&quot;,&quot;acf-disabled&quot;],&quot;posts_per_page&quot;:&quot;10&quot;},&quot;orderby_query_args&quot;:{&quot;orderby&quot;:{&quot;date&quot;:&quot;DESC&quot;}},&quot;type&quot;:&quot;grid&quot;,&quot;us_grid_ajax_index&quot;:1,&quot;us_grid_filter_params&quot;:[],&quot;us_grid_index&quot;:1,&quot;_us_grid_post_type&quot;:&quot;post&quot;,&quot;page_args&quot;:[],&quot;lang&quot;:&quot;pt-br&quot;}}'><\/div>\r\n\t<\/div><\/div><\/div><\/div><\/div><\/div><\/section>\n","protected":false},"excerpt":{"rendered":"DADCO inaugura um novo escrit\u00f3rio no Brasil DADCO tem o prazer de anunciar que estamos ampliando nossas opera\u00e7\u00f5es no Brasil com uma nova divis\u00e3o: DADCO FERRAMENTAS do BRASIL, localizada em S\u00e3o Paulo. O escrit\u00f3rio no Brasil atender\u00e1 os clientes locais e dar\u00e1 adicional cobertura e apoio mundial. DADCO FERRAMENTAS do BRASIL is at Rua Botucatu,...","protected":false},"author":1,"featured_media":0,"parent":14795,"menu_order":5,"comment_status":"closed","ping_status":"closed","template":"","meta":{"footnotes":""},"class_list":["post-14813","page","type-page","status-publish","hentry"],"acf":[],"_links":{"self":[{"href":"https:\/\/www.dadco.net\/pt-br\/wp-json\/wp\/v2\/pages\/14813","targetHints":{"allow":["GET"]}}],"collection":[{"href":"https:\/\/www.dadco.net\/pt-br\/wp-json\/wp\/v2\/pages"}],"about":[{"href":"https:\/\/www.dadco.net\/pt-br\/wp-json\/wp\/v2\/types\/page"}],"author":[{"embeddable":true,"href":"https:\/\/www.dadco.net\/pt-br\/wp-json\/wp\/v2\/users\/1"}],"replies":[{"embeddable":true,"href":"https:\/\/www.dadco.net\/pt-br\/wp-json\/wp\/v2\/comments?post=14813"}],"version-history":[{"count":4,"href":"https:\/\/www.dadco.net\/pt-br\/wp-json\/wp\/v2\/pages\/14813\/revisions"}],"predecessor-version":[{"id":32365,"href":"https:\/\/www.dadco.net\/pt-br\/wp-json\/wp\/v2\/pages\/14813\/revisions\/32365"}],"up":[{"embeddable":true,"href":"https:\/\/www.dadco.net\/pt-br\/wp-json\/wp\/v2\/pages\/14795"}],"wp:attachment":[{"href":"https:\/\/www.dadco.net\/pt-br\/wp-json\/wp\/v2\/media?parent=14813"}],"curies":[{"name":"wp","href":"https:\/\/api.w.org\/{rel}","templated":true}]}}