{"id":14807,"date":"2022-09-02T14:33:23","date_gmt":"2022-09-02T18:33:23","guid":{"rendered":"https:\/\/www.dadco.net\/quem-somos-nos\/solucoes-avancadas\/"},"modified":"2026-02-13T14:28:12","modified_gmt":"2026-02-13T19:28:12","slug":"solucoes-avancadas","status":"publish","type":"page","link":"https:\/\/www.dadco.net\/pt-br\/quem-somos-nos\/solucoes-avancadas\/","title":{"rendered":"Solu\u00e7\u00f5es Avan\u00e7adas"},"content":{"rendered":"<section class=\"l-section wpb_row height_auto\"><div class=\"l-section-h i-cf\"><div class=\"g-cols vc_row via_flex valign_top type_default stacking_default\"><div class=\"vc_col-sm-12 wpb_column vc_column_container\"><div class=\"vc_column-inner\"><div class=\"wpb_wrapper\"><div class=\"wpb_text_column\"><div class=\"wpb_wrapper\"><p>Uma equipe de engenharia din\u00e2mica da DADCO se esfor\u00e7a para influenciar os padr\u00f5es da ind\u00fastria de forma\u00e7\u00e3o de metais. Utilizando o software de design inteligente e no laborat\u00f3rio R D, nossos engenheiros de produto consistentemente inovam e desenvolvem produtos altamente eficazes. Nossa experi\u00eancia \u00e9 comprovada por v\u00e1rias patentes atuais e pendentes. A base de conhecimento que nossos especialistas t\u00e9cnicos e engenheiros possuem \u00e9 acess\u00edvel para os clientes que necessitam de solu\u00e7\u00f5es avan\u00e7adas para aplica\u00e7\u00f5es dif\u00edceis, visitas in loco pode ser agendadas se necess\u00e1rio, para tratar de quest\u00f5es de aplica\u00e7\u00e3o da maneira mais eficaz.   <\/p>\n<p>&nbsp;<\/p>\n<p><a href=\"https:\/\/www.dadco.net\/wp-content\/uploads\/2024\/08\/Portuguese_Corporate-Image-Brochure_2024-Final.pdf\"><img loading=\"lazy\" decoding=\"async\" class=\"alignleft wp-image-31620\" src=\"https:\/\/www.dadco.net\/wp-content\/uploads\/2024\/08\/Corporate-Image-Brochure_2024-Cover-212x300.jpg\" alt=\"\" width=\"211\" height=\"299\" srcset=\"https:\/\/www.dadco.net\/wp-content\/uploads\/2024\/08\/Corporate-Image-Brochure_2024-Cover-212x300.jpg 212w, https:\/\/www.dadco.net\/wp-content\/uploads\/2024\/08\/Corporate-Image-Brochure_2024-Cover.jpg 595w\" sizes=\"auto, (max-width: 211px) 100vw, 211px\" \/><\/a><\/p>\n<\/div><\/div><div class=\"wpb_text_column\"><div class=\"wpb_wrapper\"><p><a href=\"https:\/\/www.dadco.net\/wp-content\/uploads\/2013\/02\/line_car_11.pdf\"><img loading=\"lazy\" decoding=\"async\" class=\"alignnone size-medium wp-image-33641\" src=\"https:\/\/www.dadco.net\/wp-content\/uploads\/2026\/02\/linecardimage-300x300.png\" alt=\"\" width=\"300\" height=\"300\" srcset=\"https:\/\/www.dadco.net\/wp-content\/uploads\/2026\/02\/linecardimage-300x300.png 300w, https:\/\/www.dadco.net\/wp-content\/uploads\/2026\/02\/linecardimage-150x150.png 150w, https:\/\/www.dadco.net\/wp-content\/uploads\/2026\/02\/linecardimage.png 652w\" sizes=\"auto, (max-width: 300px) 100vw, 300px\" \/><\/a><\/p>\n<\/div><\/div><\/div><\/div><\/div><\/div><\/div><\/section>\n","protected":false},"excerpt":{"rendered":"Uma equipe de engenharia din\u00e2mica da DADCO se esfor\u00e7a para influenciar os padr\u00f5es da ind\u00fastria de forma\u00e7\u00e3o de metais. Utilizando o software de design inteligente e no laborat\u00f3rio R D, nossos engenheiros de produto consistentemente inovam e desenvolvem produtos altamente eficazes. Nossa experi\u00eancia \u00e9 comprovada por v\u00e1rias patentes atuais e pendentes. A base de conhecimento...","protected":false},"author":1,"featured_media":14120,"parent":14795,"menu_order":2,"comment_status":"closed","ping_status":"closed","template":"","meta":{"_acf_changed":false,"footnotes":""},"class_list":["post-14807","page","type-page","status-publish","has-post-thumbnail","hentry"],"acf":[],"_links":{"self":[{"href":"https:\/\/www.dadco.net\/pt-br\/wp-json\/wp\/v2\/pages\/14807","targetHints":{"allow":["GET"]}}],"collection":[{"href":"https:\/\/www.dadco.net\/pt-br\/wp-json\/wp\/v2\/pages"}],"about":[{"href":"https:\/\/www.dadco.net\/pt-br\/wp-json\/wp\/v2\/types\/page"}],"author":[{"embeddable":true,"href":"https:\/\/www.dadco.net\/pt-br\/wp-json\/wp\/v2\/users\/1"}],"replies":[{"embeddable":true,"href":"https:\/\/www.dadco.net\/pt-br\/wp-json\/wp\/v2\/comments?post=14807"}],"version-history":[{"count":7,"href":"https:\/\/www.dadco.net\/pt-br\/wp-json\/wp\/v2\/pages\/14807\/revisions"}],"predecessor-version":[{"id":33664,"href":"https:\/\/www.dadco.net\/pt-br\/wp-json\/wp\/v2\/pages\/14807\/revisions\/33664"}],"up":[{"embeddable":true,"href":"https:\/\/www.dadco.net\/pt-br\/wp-json\/wp\/v2\/pages\/14795"}],"wp:featuredmedia":[{"embeddable":true,"href":"https:\/\/www.dadco.net\/pt-br\/wp-json\/wp\/v2\/media\/14120"}],"wp:attachment":[{"href":"https:\/\/www.dadco.net\/pt-br\/wp-json\/wp\/v2\/media?parent=14807"}],"curies":[{"name":"wp","href":"https:\/\/api.w.org\/{rel}","templated":true}]}}