{"id":14801,"date":"2022-09-02T14:32:45","date_gmt":"2022-09-02T18:32:45","guid":{"rendered":"https:\/\/www.dadco.net\/quem-somos-nos\/comprometimento-com-o-servico\/"},"modified":"2024-11-07T15:53:05","modified_gmt":"2024-11-07T20:53:05","slug":"comprometimento-com-o-servico","status":"publish","type":"page","link":"https:\/\/www.dadco.net\/pt-br\/quem-somos-nos\/comprometimento-com-o-servico\/","title":{"rendered":"Comprometimento com o Servi\u00e7o"},"content":{"rendered":"<section class=\"l-section wpb_row height_auto\"><div class=\"l-section-h i-cf\"><div class=\"g-cols vc_row via_flex valign_top type_default stacking_default\"><div class=\"vc_col-sm-12 wpb_column vc_column_container\"><div class=\"vc_column-inner\"><div class=\"wpb_wrapper\"><div class=\"wpb_text_column\"><div class=\"wpb_wrapper\"><p>Nossa miss\u00e3o \u00e9 aumentar a produtividade dos clientes com a fabrica\u00e7\u00e3o e manuten\u00e7\u00e3o de produtos industriais din\u00e2micos. Atrav\u00e9s de dedicado trabalho em equipe com nossos clientes e fornecedores, buscamos os mais altos padr\u00f5es de qualidade para cada produto e servi\u00e7o que prestamos. Nossa filosofia de melhoria cont\u00ednua influencia todos os aspectos de nossa empresa. Estamos empenhados em Fazer O Que For Preciso Para Satisfazer os Nossos Clientes.   <\/p>\n<p>DADCO \u00e9 um exemplo excepcional de servi\u00e7o ao cliente. Quer se trate de um pedido de cota\u00e7\u00e3o, literatura do produto, atualiza\u00e7\u00e3o de status de pedidos ou suporte t\u00e9cnico, o conhecimento da DADCO dentro e fora das equipes de vendas s\u00e3o responsaveis e capazes de lidar com qualquer pedido do cliente. Centros de de distribui\u00e7\u00e3o corporativos DADCO, escrit\u00f3rios de representa\u00e7\u00e3o e uma rede de distribuidores em todo o mundo proporcionam uma assist\u00eancia adicional e estoque local para ajudar a garantir uma entrega r\u00e1pida.  <\/p>\n<p>DADCO promove a conscientiza\u00e7\u00e3o da seguran\u00e7a do produto e sua utiliza\u00e7\u00e3o adequada atrav\u00e9s da educa\u00e7\u00e3o sobre o produto; DADCO oferece gratuitamente aulas de treinamento on-site com foco em uma variedade de t\u00f3picos relacionados com funcionamento e manuten\u00e7\u00e3o do produto. Para obter uma lista completa de todos os t\u00f3picos dispon\u00edveis <a title=\"Dadco Training\" href=\"https:\/\/www.dadco.net\/wp-content\/uploads\/2013\/02\/dadco_training.pdf\" target=\"_blank\" rel=\"noopener\">clique aqui<\/a>. Os v\u00eddeos de forma\u00e7\u00e3o online tamb\u00e9m est\u00e3o dispon\u00edveis para visualiza\u00e7\u00e3o imediata em qualquer lugar, a qualquer hora. <a title=\"Dadco Training\" href=\"https:\/\/www.dadco.net\/pt-br\/support\/videos\/\">Clique aqui<\/a> para aceder aos nossos v\u00eddeos de forma\u00e7\u00e3o hoje mesmo!<\/p>\n<\/div><\/div><\/div><\/div><\/div><\/div><\/div><\/section>\n","protected":false},"excerpt":{"rendered":"Nossa miss\u00e3o \u00e9 aumentar a produtividade dos clientes com a fabrica\u00e7\u00e3o e manuten\u00e7\u00e3o de produtos industriais din\u00e2micos. Atrav\u00e9s de dedicado trabalho em equipe com nossos clientes e fornecedores, buscamos os mais altos padr\u00f5es de qualidade para cada produto e servi\u00e7o que prestamos. Nossa filosofia de melhoria cont\u00ednua influencia todos os aspectos de nossa empresa. Estamos...","protected":false},"author":1,"featured_media":14168,"parent":14795,"menu_order":1,"comment_status":"closed","ping_status":"closed","template":"","meta":{"footnotes":""},"class_list":["post-14801","page","type-page","status-publish","has-post-thumbnail","hentry"],"acf":[],"_links":{"self":[{"href":"https:\/\/www.dadco.net\/pt-br\/wp-json\/wp\/v2\/pages\/14801","targetHints":{"allow":["GET"]}}],"collection":[{"href":"https:\/\/www.dadco.net\/pt-br\/wp-json\/wp\/v2\/pages"}],"about":[{"href":"https:\/\/www.dadco.net\/pt-br\/wp-json\/wp\/v2\/types\/page"}],"author":[{"embeddable":true,"href":"https:\/\/www.dadco.net\/pt-br\/wp-json\/wp\/v2\/users\/1"}],"replies":[{"embeddable":true,"href":"https:\/\/www.dadco.net\/pt-br\/wp-json\/wp\/v2\/comments?post=14801"}],"version-history":[{"count":5,"href":"https:\/\/www.dadco.net\/pt-br\/wp-json\/wp\/v2\/pages\/14801\/revisions"}],"predecessor-version":[{"id":32339,"href":"https:\/\/www.dadco.net\/pt-br\/wp-json\/wp\/v2\/pages\/14801\/revisions\/32339"}],"up":[{"embeddable":true,"href":"https:\/\/www.dadco.net\/pt-br\/wp-json\/wp\/v2\/pages\/14795"}],"wp:featuredmedia":[{"embeddable":true,"href":"https:\/\/www.dadco.net\/pt-br\/wp-json\/wp\/v2\/media\/14168"}],"wp:attachment":[{"href":"https:\/\/www.dadco.net\/pt-br\/wp-json\/wp\/v2\/media?parent=14801"}],"curies":[{"name":"wp","href":"https:\/\/api.w.org\/{rel}","templated":true}]}}