{"id":14795,"date":"2022-09-01T15:31:28","date_gmt":"2022-09-01T19:31:28","guid":{"rendered":"https:\/\/www.dadco.net\/quem-somos-nos\/"},"modified":"2024-11-07T15:48:50","modified_gmt":"2024-11-07T20:48:50","slug":"quem-somos-nos","status":"publish","type":"page","link":"https:\/\/www.dadco.net\/pt-br\/quem-somos-nos\/","title":{"rendered":"Quem Somos N\u00f3s"},"content":{"rendered":"<section class=\"l-section wpb_row height_auto\"><div class=\"l-section-h i-cf\"><div class=\"g-cols vc_row via_flex valign_top type_default stacking_default\"><div class=\"vc_col-sm-12 wpb_column vc_column_container\"><div class=\"vc_column-inner\"><div class=\"wpb_wrapper\"><div class=\"wpb_text_column\"><div class=\"wpb_wrapper\"><p>N\u00f3s somos l\u00edderes mundiais em tecnologia de molas a g\u00e1s nitrog\u00eanio; compartilhe conosco para solu\u00e7\u00f5es avan\u00e7adas para suas necessidades de ferramentas. Estamos focados em prover produtos superiores, assist\u00eancia t\u00e9cnica especializada e excelente atendimento ao consumidor. No cerne do nosso neg\u00f3cio est\u00e1 o nosso compromisso com nossos clientes, que incluem os principais construtores de ferramentais, instala\u00e7\u00f5es de estamparia avan\u00e7adas e montadoras de todo o mundo. Na DADCO cultivamos um ambiente de inova\u00e7\u00e3o constante e nos esfor\u00e7amos para incorporar esse esp\u00edrito em tudo o que fazemos.   <\/p>\n<p>Com sede em Plymouth Michigan, DADCO possui nove localidades em sete pa\u00edses nos quatro continentes, com expans\u00e3o cont\u00ednua. Nossas instala\u00e7\u00f5es DADCO estrategicamente localizadas s\u00e3o complementadas com uma vasta rede de distribuidores para atender a demanda local dos clientes ao redor do mundo. N\u00e3o importa onde voc\u00ea ou seu cliente possa estar localizado, a DADCO pode atend\u00ea-lo. Desde nosso in\u00edcio em 1958, oferecendo produtos de valor incompar\u00e1vel \u00e9 intr\u00ednseco ao nosso prop\u00f3sito. Al\u00e9m de nossa extensa linha de molas a g\u00e1s nitrog\u00eanio e levantadores n\u00f3s oferecemos cilindros pneum\u00e1ticos m\u00e9tricos, conjuntos de reten\u00e7\u00e3o de guia, sistemas hidr\u00e1ulicos CAM e cilindros hidr\u00e1ulicas.<\/p>\n<\/div><\/div><\/div><\/div><\/div><\/div><\/div><\/section>\n","protected":false},"excerpt":{"rendered":"N\u00f3s somos l\u00edderes mundiais em tecnologia de molas a g\u00e1s nitrog\u00eanio; compartilhe conosco para solu\u00e7\u00f5es avan\u00e7adas para suas necessidades de ferramentas. Estamos focados em prover produtos superiores, assist\u00eancia t\u00e9cnica especializada e excelente atendimento ao consumidor. No cerne do nosso neg\u00f3cio est\u00e1 o nosso compromisso com nossos clientes, que incluem os principais construtores de ferramentais, instala\u00e7\u00f5es...","protected":false},"author":1,"featured_media":13856,"parent":0,"menu_order":0,"comment_status":"closed","ping_status":"closed","template":"","meta":{"footnotes":""},"class_list":["post-14795","page","type-page","status-publish","has-post-thumbnail","hentry"],"acf":[],"_links":{"self":[{"href":"https:\/\/www.dadco.net\/pt-br\/wp-json\/wp\/v2\/pages\/14795","targetHints":{"allow":["GET"]}}],"collection":[{"href":"https:\/\/www.dadco.net\/pt-br\/wp-json\/wp\/v2\/pages"}],"about":[{"href":"https:\/\/www.dadco.net\/pt-br\/wp-json\/wp\/v2\/types\/page"}],"author":[{"embeddable":true,"href":"https:\/\/www.dadco.net\/pt-br\/wp-json\/wp\/v2\/users\/1"}],"replies":[{"embeddable":true,"href":"https:\/\/www.dadco.net\/pt-br\/wp-json\/wp\/v2\/comments?post=14795"}],"version-history":[{"count":5,"href":"https:\/\/www.dadco.net\/pt-br\/wp-json\/wp\/v2\/pages\/14795\/revisions"}],"predecessor-version":[{"id":32334,"href":"https:\/\/www.dadco.net\/pt-br\/wp-json\/wp\/v2\/pages\/14795\/revisions\/32334"}],"wp:featuredmedia":[{"embeddable":true,"href":"https:\/\/www.dadco.net\/pt-br\/wp-json\/wp\/v2\/media\/13856"}],"wp:attachment":[{"href":"https:\/\/www.dadco.net\/pt-br\/wp-json\/wp\/v2\/media?parent=14795"}],"curies":[{"name":"wp","href":"https:\/\/api.w.org\/{rel}","templated":true}]}}