{"id":33123,"date":"2022-09-15T15:43:59","date_gmt":"2022-09-15T19:43:59","guid":{"rendered":"https:\/\/www.dadco.net\/supporto\/faq\/direttiva-sulle-attrezzature-a-pressione\/"},"modified":"2025-09-09T10:13:46","modified_gmt":"2025-09-09T14:13:46","slug":"direttiva-sulle-attrezzature-a-pressione","status":"publish","type":"page","link":"https:\/\/www.dadco.net\/it\/supporto\/faq\/direttiva-sulle-attrezzature-a-pressione\/","title":{"rendered":"Direttiva sulle attrezzature a pressione"},"content":{"rendered":"<section class=\"l-section wpb_row height_auto\"><div class=\"l-section-h i-cf\"><div class=\"g-cols vc_row via_flex valign_top type_default stacking_default\"><div class=\"vc_col-sm-12 wpb_column vc_column_container\"><div class=\"vc_column-inner\"><div class=\"wpb_wrapper\"><div class=\"w-tabs style_default switch_click accordion has_scrolling\"><div class=\"w-tabs-sections titles-align_none icon_chevron cpos_right\"><div class=\"w-tabs-section active\" id=\"nd9e\"><button class=\"w-tabs-section-header active\" aria-controls=\"content-nd9e\" aria-expanded=\"true\"><h2 class=\"w-tabs-section-title\">Domande generali sulla PED<\/h2><div class=\"w-tabs-section-control\"><\/div><\/button><div  class=\"w-tabs-section-content\" id=\"content-nd9e\"><div class=\"w-tabs-section-content-h i-cf\"><div class=\"g-cols wpb_row via_flex valign_top type_default stacking_default\"><div class=\"vc_col-sm-12 wpb_column vc_column_container\"><div class=\"vc_column-inner\"><div class=\"wpb_wrapper\"><div class=\"wpb_text_column\"><div class=\"wpb_wrapper\"><div class=\"wrap\">\n<section id=\"contentwrap\">\n<section id=\"content\">\n<article id=\"post-428\" class=\"post\">\n<div class=\"entry\">\n<div id=\"target-id632347f0c1aa3\" class=\"collapseomatic_content \">\n<div>\n<h3>Che cos&#8217;\u00e8 la PED?<\/h3>\n<p>PED \u00e8 l&#8217;acronimo di Pressure Equipment Directive (direttiva sulle attrezzature a pressione). Nel tentativo di armonizzare le legislazioni nazionali in materia di progettazione, fabbricazione e collaudo dei recipienti a pressione, il Parlamento europeo e il Consiglio dell&#8217;Unione europea hanno adottato la PED. La PED \u00e8 entrata in vigore il 29 maggio 2002, stabilendo che tutti i recipienti a pressione fabbricati e immessi sul mercato nell&#8217;UE dopo tale data sarebbero stati soggetti ai requisiti della PED.  <\/p>\n<\/div>\n<\/div>\n<\/div>\n<\/article>\n<\/section>\n<\/section>\n<\/div>\n<\/div><\/div><\/div><\/div><\/div><\/div><div class=\"g-cols wpb_row via_flex valign_top type_default stacking_default\"><div class=\"vc_col-sm-12 wpb_column vc_column_container\"><div class=\"vc_column-inner\"><div class=\"wpb_wrapper\"><div class=\"wpb_text_column\"><div class=\"wpb_wrapper\"><div>\n<h3>DADCO \u00e8 conforme alla direttiva PED?<\/h3>\n<p>S\u00ec, DADCO \u00e8 certificata da T\u00dcV CERT, T\u00dcV Rheinland\/Berlin-Brandenburg come conforme alla direttiva PED. Tutte le molle a gas azoto DADCO sono conformi e quelle in vendita nell&#8217;UE, che secondo la PED devono recare il marchio CE, sono contrassegnate con CE 0035. Secondo la PED, il marchio CE pu\u00f2 essere utilizzato solo sui cilindri che rientrano nelle categorie specificate dalla PED (cio\u00e8 le dimensioni pi\u00f9 piccole non ricevono il marchio CE).  <\/p>\n<\/div>\n<\/div><\/div><\/div><\/div><\/div><\/div><div class=\"g-cols wpb_row via_flex valign_top type_default stacking_default\"><div class=\"vc_col-sm-12 wpb_column vc_column_container\"><div class=\"vc_column-inner\"><div class=\"wpb_wrapper\"><div class=\"wpb_text_column\"><div class=\"wpb_wrapper\"><div>\n<h3>La conformit\u00e0 alla PED ha richiesto modifiche al design delle molle a gas DADCO?<\/h3>\n<p>No, non \u00e8 stato necessario apportare alcuna modifica al design delle molle a gas DADCO per conformarsi alla PED.<\/p>\n<\/div>\n<\/div><\/div><\/div><\/div><\/div><\/div><div class=\"g-cols wpb_row via_flex valign_top type_default stacking_default\"><div class=\"vc_col-sm-12 wpb_column vc_column_container\"><div class=\"vc_column-inner\"><div class=\"wpb_wrapper\"><div class=\"wpb_text_column\"><div class=\"wpb_wrapper\"><div>\n<h3>In base a quale modulo della PED \u00e8 stata approvata DADCO?<\/h3>\n<p>DADCO \u00e8 approvata da T\u00dcV CERT, T\u00dcV Rheinland\/Berlin-Brandenburg ai sensi della direttiva PED, modulo A1.<\/p>\n<\/div>\n<\/div><\/div><\/div><\/div><\/div><\/div><div class=\"g-cols wpb_row via_flex valign_top type_default stacking_default\"><div class=\"vc_col-sm-12 wpb_column vc_column_container\"><div class=\"vc_column-inner\"><div class=\"wpb_wrapper\"><div class=\"wpb_text_column\"><div class=\"wpb_wrapper\"><div>\n<h3>Ci saranno problemi per quanto riguarda la riparazione o l&#8217;adeguamento delle molle a gas azoto DADCO pi\u00f9 vecchie?<\/h3>\n<p>No, la riparazione o l&#8217;adeguamento dei cilindri DADCO esistenti sar\u00e0 facile come lo \u00e8 sempre stato. Tutti i componenti delle molle a gas conformi alla PED sono gli stessi di quelli prodotti prima dell&#8217;istituzione della PED. Il modo migliore per garantire la sicurezza della manutenzione \u00e8 una formazione adeguata, il rispetto delle istruzioni di manutenzione pubblicate e l&#8217;uso di parti dello stesso OEM.  <\/p>\n<\/div>\n<\/div><\/div><\/div><\/div><\/div><\/div><div class=\"g-cols wpb_row via_flex valign_top type_default stacking_default\"><div class=\"vc_col-sm-12 wpb_column vc_column_container\"><div class=\"vc_column-inner\"><div class=\"wpb_wrapper\"><div class=\"wpb_text_column\"><div class=\"wpb_wrapper\"><div>\n<h3>Il PED richiede la verifica dei materiali utilizzati nella produzione?<\/h3>\n<p>S\u00ec, il PED richiede che i materiali dei recipienti a pressione abbiano un elevato livello di tracciabilit\u00e0. Questi materiali devono inoltre essere conformi ai requisiti di resistenza agli urti e di allungamento. Tutti i materiali utilizzati nella serie 90.10 (ISO) erano gi\u00e0 conformi a questo requisito.  <\/p>\n<\/div>\n<\/div><\/div><\/div><\/div><\/div><\/div><div class=\"g-cols wpb_row via_flex valign_top type_default stacking_default\"><div class=\"vc_col-sm-12 wpb_column vc_column_container\"><div class=\"vc_column-inner\"><div class=\"wpb_wrapper\"><div class=\"wpb_text_column\"><div class=\"wpb_wrapper\"><h3>Qual \u00e8 la differenza tra le bombole DADCO con marchio CE e quelle senza marchio CE?<\/h3>\n<p>Il design, la lavorazione, i materiali e il livello di qualit\u00e0 sono gli stessi. Le bombole con marchio CE sono soggette a ulteriori prove di saldatura e pressione come richiesto dalla PED. Il marchio CE \u00e8 richiesto solo sui prodotti immessi sul mercato nell&#8217;UE, mentre \u00e8 disponibile come opzione per le spedizioni nazionali.<\/p>\n<\/div><\/div><\/div><\/div><\/div><\/div><\/div><\/div><\/div><\/div><\/div><\/div><\/div><\/div><\/div><\/div><\/section>\n","protected":false},"excerpt":{"rendered":"Domande generali sulla PED Che cos&#8217;\u00e8 la PED? PED \u00e8 l&#8217;acronimo di Pressure Equipment Directive (direttiva sulle attrezzature a pressione). Nel tentativo di armonizzare le legislazioni nazionali in materia di progettazione, fabbricazione e collaudo dei recipienti a pressione, il Parlamento europeo e il Consiglio dell&#8217;Unione europea hanno adottato la PED. La PED \u00e8 entrata in...","protected":false},"author":1,"featured_media":0,"parent":33110,"menu_order":5,"comment_status":"closed","ping_status":"closed","template":"","meta":{"_acf_changed":false,"footnotes":""},"class_list":["post-33123","page","type-page","status-publish","hentry"],"acf":[],"_links":{"self":[{"href":"https:\/\/www.dadco.net\/it\/wp-json\/wp\/v2\/pages\/33123","targetHints":{"allow":["GET"]}}],"collection":[{"href":"https:\/\/www.dadco.net\/it\/wp-json\/wp\/v2\/pages"}],"about":[{"href":"https:\/\/www.dadco.net\/it\/wp-json\/wp\/v2\/types\/page"}],"author":[{"embeddable":true,"href":"https:\/\/www.dadco.net\/it\/wp-json\/wp\/v2\/users\/1"}],"replies":[{"embeddable":true,"href":"https:\/\/www.dadco.net\/it\/wp-json\/wp\/v2\/comments?post=33123"}],"version-history":[{"count":2,"href":"https:\/\/www.dadco.net\/it\/wp-json\/wp\/v2\/pages\/33123\/revisions"}],"predecessor-version":[{"id":33125,"href":"https:\/\/www.dadco.net\/it\/wp-json\/wp\/v2\/pages\/33123\/revisions\/33125"}],"up":[{"embeddable":true,"href":"https:\/\/www.dadco.net\/it\/wp-json\/wp\/v2\/pages\/33110"}],"wp:attachment":[{"href":"https:\/\/www.dadco.net\/it\/wp-json\/wp\/v2\/media?parent=33123"}],"curies":[{"name":"wp","href":"https:\/\/api.w.org\/{rel}","templated":true}]}}