{"id":33120,"date":"2022-09-15T15:42:26","date_gmt":"2022-09-15T19:42:26","guid":{"rendered":"https:\/\/www.dadco.net\/supporto\/faq\/cilindri-idraulici-con-perno-centrale\/"},"modified":"2025-09-09T10:10:46","modified_gmt":"2025-09-09T14:10:46","slug":"cilindri-idraulici-con-perno-centrale","status":"publish","type":"page","link":"https:\/\/www.dadco.net\/it\/supporto\/faq\/cilindri-idraulici-con-perno-centrale\/","title":{"rendered":"Cilindri idraulici con perno centrale"},"content":{"rendered":"<section class=\"l-section wpb_row height_auto\"><div class=\"l-section-h i-cf\"><div class=\"g-cols vc_row via_flex valign_top type_default stacking_default\"><div class=\"vc_col-sm-12 wpb_column vc_column_container\"><div class=\"vc_column-inner\"><div class=\"wpb_wrapper\"><div class=\"w-tabs style_default switch_click accordion has_scrolling\"><div class=\"w-tabs-sections titles-align_none icon_chevron cpos_right\"><div class=\"w-tabs-section active\" id=\"sfa4\"><button class=\"w-tabs-section-header active\" aria-controls=\"content-sfa4\" aria-expanded=\"true\"><h2 class=\"w-tabs-section-title\">Domande generali sui cilindri idraulici con perno centrale<\/h2><div class=\"w-tabs-section-control\"><\/div><\/button><div  class=\"w-tabs-section-content\" id=\"content-sfa4\"><div class=\"w-tabs-section-content-h i-cf\"><div class=\"g-cols wpb_row via_flex valign_top type_default stacking_default\"><div class=\"vc_col-sm-12 wpb_column vc_column_container\"><div class=\"vc_column-inner\"><div class=\"wpb_wrapper\"><div class=\"wpb_text_column\"><div class=\"wpb_wrapper\"><div>\n<h3>Quali sono le differenze tra i cilindri DK e i vecchi componenti di potenza della serie K?<\/h3>\n<table border=\"1\" cellspacing=\"0\" cellpadding=\"0\">\n<tbody>\n<tr>\n<td><b>Caratteristiche<\/b><\/td>\n<td>\n<p align=\"center\"><b>Serie DADCO DK<\/b><\/p>\n<\/td>\n<td>\n<p align=\"center\"><b>Componenti di potenza Serie K<\/b><\/p>\n<\/td>\n<\/tr>\n<tr>\n<td>Il design arrotondato del corpo consente un facile inserimento nelle cavit\u00e0 dello stampo.<\/td>\n<td>\n<p align=\"center\">S\u00ec<\/p>\n<\/td>\n<td>\n<p align=\"center\">S\u00ec<\/p>\n<\/td>\n<\/tr>\n<tr>\n<td>Il corpo monoblocco elimina potenziali vie di perdita.<\/td>\n<td>\n<p align=\"center\">S\u00ec<\/p>\n<\/td>\n<td>\n<p align=\"center\">no<\/p>\n<\/td>\n<\/tr>\n<tr>\n<td>Montaggio con due bulloni su tutta la lunghezza del corpo (i fori di montaggio hanno lo stesso schema per DK e K)<\/td>\n<td>\n<p align=\"center\">S\u00ec<\/p>\n<\/td>\n<td>\n<p align=\"center\">S\u00ec<\/p>\n<\/td>\n<\/tr>\n<tr>\n<td>Disponibile flangia di montaggio agganciabile per maggiori opzioni di montaggio<\/td>\n<td>\n<p align=\"center\">S\u00ec<\/p>\n<\/td>\n<td>\n<p align=\"center\">no<\/p>\n<\/td>\n<\/tr>\n<tr>\n<td>Guarnizioni per alte temperature fornite di serie \u2014 fino a 204 \u00b0C (400 \u00b0F) per funzionamento continuo e fino a 260 \u00b0C (500 \u00b0F) per brevi periodi<\/td>\n<td>\n<p align=\"center\">S\u00ec<\/p>\n<\/td>\n<td>\n<p align=\"center\">no<\/p>\n<\/td>\n<\/tr>\n<tr>\n<td>Le guarnizioni standard garantiscono un bypass del fluido pari a zero.<\/td>\n<td>\n<p align=\"center\">S\u00ec<\/p>\n<\/td>\n<td>\n<p align=\"center\">no<\/p>\n<\/td>\n<\/tr>\n<tr>\n<td>Sono disponibili estremit\u00e0 dello stelo maschio e femmina.<\/td>\n<td>\n<p align=\"center\">S\u00ec<\/p>\n<\/td>\n<td>\n<p align=\"center\">no<\/p>\n<\/td>\n<\/tr>\n<tr>\n<td>Comode porte posteriori fornite su ogni cilindro.<\/td>\n<td>\n<p align=\"center\">S\u00ec<\/p>\n<\/td>\n<td>\n<p align=\"center\">S\u00ec<\/p>\n<\/td>\n<\/tr>\n<tr>\n<td>La semplice intercambiabilit\u00e0 dei raccordi G 1\/8 consente di passare dalla porta posteriore a quella laterale.<\/td>\n<td>\n<p align=\"center\">S\u00ec<\/p>\n<\/td>\n<td>\n<p align=\"center\">no<\/p>\n<\/td>\n<\/tr>\n<tr>\n<td>Ogni porta \u00e8 sigillata con guarnizioni resistenti alle alte temperature.<\/td>\n<td>\n<p align=\"center\">S\u00ec<\/p>\n<\/td>\n<td>\n<p align=\"center\">no<\/p>\n<\/td>\n<\/tr>\n<tr>\n<td>Fornito con raccordi di servizio installati nelle porte posteriori.<\/td>\n<td>\n<p align=\"center\">S\u00ec<\/p>\n<\/td>\n<td>\n<p align=\"center\">no<\/p>\n<\/td>\n<\/tr>\n<tr>\n<td>Disponibile modello non rotante.<\/td>\n<td>\n<p align=\"center\">S\u00ec<\/p>\n<\/td>\n<td>\n<p align=\"center\">S\u00ec<\/p>\n<\/td>\n<\/tr>\n<tr>\n<td>La lunghezza totale del modello non rotante \u00e8 la stessa del modello standard.<\/td>\n<td>\n<p align=\"center\">S\u00ec<\/p>\n<\/td>\n<td>\n<p align=\"center\">no<\/p>\n<\/td>\n<\/tr>\n<tr>\n<td>Disponibile modello con doppia estremit\u00e0 dell&#8217;asta.<\/td>\n<td>\n<p align=\"center\">S\u00ec<\/p>\n<\/td>\n<td>\n<p align=\"center\">S\u00ec<\/p>\n<\/td>\n<\/tr>\n<tr>\n<td>La lunghezza totale del modello con doppia estremit\u00e0 dell&#8217;asta \u00e8 la stessa del modello standard.<\/td>\n<td>\n<p align=\"center\">S\u00ec<\/p>\n<\/td>\n<td>\n<p align=\"center\">no<\/p>\n<\/td>\n<\/tr>\n<\/tbody>\n<\/table>\n<\/div>\n<\/div><\/div><\/div><\/div><\/div><\/div><div class=\"g-cols wpb_row via_flex valign_top type_default stacking_default\"><div class=\"vc_col-sm-12 wpb_column vc_column_container\"><div class=\"vc_column-inner\"><div class=\"wpb_wrapper\"><div class=\"wpb_text_column\"><div class=\"wpb_wrapper\"><h3>\u00c8 possibile sostituire un cilindro con perno centrale DADCO DK con il vecchio modello?<\/h3>\n<p>Vedere &#8220;Quali sono le differenze tra i cilindri DK e i vecchi componenti di potenza della serie K?<\/p>\n<\/div><\/div><\/div><\/div><\/div><\/div><\/div><\/div><\/div><div class=\"w-tabs-section\" id=\"r4ca\"><button class=\"w-tabs-section-header\" aria-controls=\"content-r4ca\" aria-expanded=\"false\"><h2 class=\"w-tabs-section-title\">Riparazione<\/h2><div class=\"w-tabs-section-control\"><\/div><\/button><div  class=\"w-tabs-section-content\" id=\"content-r4ca\"><div class=\"w-tabs-section-content-h i-cf\"><div class=\"g-cols wpb_row via_flex valign_top type_default stacking_default\"><div class=\"vc_col-sm-12 wpb_column vc_column_container\"><div class=\"vc_column-inner\"><div class=\"wpb_wrapper\"><div class=\"wpb_text_column\"><div class=\"wpb_wrapper\"><h3>Come posso riparare i miei cilindri della serie DK?<\/h3>\n<h3>Sono necessari attrezzi speciali per riparare i cilindri della serie DK?<\/h3>\n<\/div><\/div><div class=\"w-btn-wrapper align_none\"><a class=\"w-btn us-btn-style_1\" target=\"_blank\" href=\"https:\/\/www.dadco.net\/wp-content\/uploads\/2013\/02\/core_pin_repair1.pdf\"><span class=\"w-btn-label\">Istruzioni per la manutenzione della serie DK<\/span><\/a><\/div><\/div><\/div><\/div><\/div><\/div><\/div><\/div><\/div><\/div><\/div><\/div><\/div><\/div><\/div><\/section>\n","protected":false},"excerpt":{"rendered":"Domande generali sui cilindri idraulici con perno centrale Quali sono le differenze tra i cilindri DK e i vecchi componenti di potenza della serie K? Caratteristiche Serie DADCO DK Componenti di potenza Serie K Il design arrotondato del corpo consente un facile inserimento nelle cavit\u00e0 dello stampo. S\u00ec S\u00ec Il corpo monoblocco elimina potenziali vie...","protected":false},"author":1,"featured_media":0,"parent":33110,"menu_order":4,"comment_status":"closed","ping_status":"closed","template":"","meta":{"footnotes":""},"class_list":["post-33120","page","type-page","status-publish","hentry"],"acf":[],"_links":{"self":[{"href":"https:\/\/www.dadco.net\/it\/wp-json\/wp\/v2\/pages\/33120","targetHints":{"allow":["GET"]}}],"collection":[{"href":"https:\/\/www.dadco.net\/it\/wp-json\/wp\/v2\/pages"}],"about":[{"href":"https:\/\/www.dadco.net\/it\/wp-json\/wp\/v2\/types\/page"}],"author":[{"embeddable":true,"href":"https:\/\/www.dadco.net\/it\/wp-json\/wp\/v2\/users\/1"}],"replies":[{"embeddable":true,"href":"https:\/\/www.dadco.net\/it\/wp-json\/wp\/v2\/comments?post=33120"}],"version-history":[{"count":2,"href":"https:\/\/www.dadco.net\/it\/wp-json\/wp\/v2\/pages\/33120\/revisions"}],"predecessor-version":[{"id":33122,"href":"https:\/\/www.dadco.net\/it\/wp-json\/wp\/v2\/pages\/33120\/revisions\/33122"}],"up":[{"embeddable":true,"href":"https:\/\/www.dadco.net\/it\/wp-json\/wp\/v2\/pages\/33110"}],"wp:attachment":[{"href":"https:\/\/www.dadco.net\/it\/wp-json\/wp\/v2\/media?parent=33120"}],"curies":[{"name":"wp","href":"https:\/\/api.w.org\/{rel}","templated":true}]}}