{"id":33117,"date":"2022-09-15T15:40:18","date_gmt":"2022-09-15T19:40:18","guid":{"rendered":"https:\/\/www.dadco.net\/supporto\/faq\/cilindri-pneumatici\/"},"modified":"2025-09-09T10:00:49","modified_gmt":"2025-09-09T14:00:49","slug":"cilindri-pneumatici","status":"publish","type":"page","link":"https:\/\/www.dadco.net\/it\/supporto\/faq\/cilindri-pneumatici\/","title":{"rendered":"Cilindri pneumatici"},"content":{"rendered":"<section class=\"l-section wpb_row height_auto\"><div class=\"l-section-h i-cf\"><div class=\"g-cols vc_row via_flex valign_top type_default stacking_default\"><div class=\"vc_col-sm-12 wpb_column vc_column_container\"><div class=\"vc_column-inner\"><div class=\"wpb_wrapper\"><div class=\"w-tabs style_default switch_click accordion has_scrolling\"><div class=\"w-tabs-sections titles-align_none icon_chevron cpos_right\"><div class=\"w-tabs-section active\" id=\"qe3a\"><button class=\"w-tabs-section-header active\" aria-controls=\"content-qe3a\" aria-expanded=\"true\"><h2 class=\"w-tabs-section-title\">Domande generali sui cilindri pneumatici<\/h2><div class=\"w-tabs-section-control\"><\/div><\/button><div  class=\"w-tabs-section-content\" id=\"content-qe3a\"><div class=\"w-tabs-section-content-h i-cf\"><div class=\"g-cols wpb_row via_flex valign_top type_default stacking_default\"><div class=\"vc_col-sm-12 wpb_column vc_column_container\"><div class=\"vc_column-inner\"><div class=\"wpb_wrapper\"><div class=\"wpb_text_column\"><div class=\"wpb_wrapper\"><h3>I cilindri pneumatici DADCO HP soddisfano gli standard automobilistici?<\/h3>\n<p>S\u00ec, la serie HP soddisfa o supera la maggior parte degli standard mondiali. Il prodotto \u00e8 conforme agli standard metrici automobilistici nordamericani (NAAMS), all&#8217;Organizzazione internazionale per la normazione (ISO 6431) e agli standard automobilistici tedeschi (Verband Deutscher Maschinen \u2013 und Anlagenbau e.V. \u2014 VDMA 24-562).<\/p>\n<\/div><\/div><\/div><\/div><\/div><\/div><div class=\"g-cols wpb_row via_flex valign_top type_default stacking_default\"><div class=\"vc_col-sm-12 wpb_column vc_column_container\"><div class=\"vc_column-inner\"><div class=\"wpb_wrapper\"><div class=\"wpb_text_column\"><div class=\"wpb_wrapper\"><div>\n<h3>Sono disponibili interruttori di prossimit\u00e0 o interruttori reed?<\/h3>\n<\/div>\n<div>\n<p>S\u00ec, sono disponibili entrambi.<\/p>\n<p>Gli interruttori magnetici a lamella sono un tipo di sensore molto diffuso. In genere, l&#8217;interruttore a lamella \u00e8 fissato al tirante e poggia saldamente contro il tubo non magnetico. L&#8217;interruttore rileva il pistone magnetico quando questo passa davanti all&#8217;interruttore.  <\/p>\n<p>Un altro sensore molto diffuso \u00e8 l&#8217;interruttore di prossimit\u00e0. Alcuni interruttori di prossimit\u00e0 sono progettati specificamente per l&#8217;uso con cilindri, ma la maggior parte degli interruttori convenzionali pu\u00f2 essere adattata ai cilindri pneumatici. Il cilindro deve essere fabbricato con una porta di prossimit\u00e0 per l&#8217;installazione di una sonda. Per gli ordini, consultare la pagina 29 del catalogo dei cilindri pneumatici metrici HP.   <\/p>\n<\/div>\n<\/div><\/div><\/div><\/div><\/div><\/div><\/div><\/div><\/div><div class=\"w-tabs-section\" id=\"f837\"><button class=\"w-tabs-section-header\" aria-controls=\"content-f837\" aria-expanded=\"false\"><h2 class=\"w-tabs-section-title\">Ordini e riparazioni<\/h2><div class=\"w-tabs-section-control\"><\/div><\/button><div  class=\"w-tabs-section-content\" id=\"content-f837\"><div class=\"w-tabs-section-content-h i-cf\"><div class=\"g-cols wpb_row via_flex valign_top type_default stacking_default\"><div class=\"vc_col-sm-12 wpb_column vc_column_container\"><div class=\"vc_column-inner\"><div class=\"wpb_wrapper\"><div class=\"wpb_text_column\"><div class=\"wpb_wrapper\"><h3>Posso ordinare una lunghezza della corsa non presente nel catalogo?<\/h3>\n<p>S\u00ec, sono disponibili lunghezze della corsa speciali a un costo aggiuntivo. Contatta DADCO per verificare la disponibilit\u00e0.<\/p>\n<\/div><\/div><\/div><\/div><\/div><\/div><div class=\"g-cols wpb_row via_flex valign_top type_default stacking_default\"><div class=\"vc_col-sm-12 wpb_column vc_column_container\"><div class=\"vc_column-inner\"><div class=\"wpb_wrapper\"><div class=\"wpb_text_column\"><div class=\"wpb_wrapper\"><h3>Come posso riparare i miei cilindri pneumatici della serie HP?<\/h3>\n<\/div><\/div><div class=\"w-hwrapper valign_top align_none\"><div class=\"w-btn-wrapper align_none\"><a class=\"w-btn us-btn-style_1\" target=\"_blank\" href=\"https:\/\/www.dadco.net\/wp-content\/uploads\/2013\/02\/hp_repair_kit-bulletin_revB4.pdf\"><span class=\"w-btn-label\">Bollettino di installazione del kit di riparazione per cilindri pneumatici HP<\/span><\/a><\/div><div class=\"w-btn-wrapper align_none\"><a class=\"w-btn us-btn-style_1\" target=\"_blank\" href=\"https:\/\/www.dadco.net\/wp-content\/uploads\/2013\/02\/hp_sealrepair_revb.pdf\"><span class=\"w-btn-label\">Installazione del kit di guarnizioni per cilindri pneumatici HP<\/span><\/a><\/div><div class=\"w-btn-wrapper align_none\"><a class=\"w-btn us-btn-style_1\" target=\"_blank\" href=\"https:\/\/www.dadco.net\/wp-content\/uploads\/2013\/03\/hpn_repair_reva.pdf\"><span class=\"w-btn-label\">Installazione del kit di guarnizioni per cilindri pneumatici HP.N<\/span><\/a><\/div><div class=\"w-btn-wrapper align_none\"><a class=\"w-btn us-btn-style_1\" target=\"_blank\" href=\"https:\/\/www.dadco.net\/wp-content\/uploads\/2013\/02\/spHPsquare.pdf\"><span class=\"w-btn-label\">HP.S.50 Installazione del kit di tenuta<\/span><\/a><\/div><\/div><\/div><\/div><\/div><\/div><\/div><\/div><\/div><\/div><\/div><\/div><\/div><\/div><\/div><\/div><\/section>\n","protected":false},"excerpt":{"rendered":"Domande generali sui cilindri pneumaticiI cilindri pneumatici DADCO HP soddisfano gli standard automobilistici? S\u00ec, la serie HP soddisfa o supera la maggior parte degli standard mondiali. Il prodotto \u00e8 conforme agli standard metrici automobilistici nordamericani (NAAMS), all&#8217;Organizzazione internazionale per la normazione (ISO 6431) e agli standard automobilistici tedeschi (Verband Deutscher Maschinen \u2013 und Anlagenbau e.V....","protected":false},"author":1,"featured_media":0,"parent":33110,"menu_order":3,"comment_status":"closed","ping_status":"closed","template":"","meta":{"footnotes":""},"class_list":["post-33117","page","type-page","status-publish","hentry"],"acf":[],"_links":{"self":[{"href":"https:\/\/www.dadco.net\/it\/wp-json\/wp\/v2\/pages\/33117","targetHints":{"allow":["GET"]}}],"collection":[{"href":"https:\/\/www.dadco.net\/it\/wp-json\/wp\/v2\/pages"}],"about":[{"href":"https:\/\/www.dadco.net\/it\/wp-json\/wp\/v2\/types\/page"}],"author":[{"embeddable":true,"href":"https:\/\/www.dadco.net\/it\/wp-json\/wp\/v2\/users\/1"}],"replies":[{"embeddable":true,"href":"https:\/\/www.dadco.net\/it\/wp-json\/wp\/v2\/comments?post=33117"}],"version-history":[{"count":2,"href":"https:\/\/www.dadco.net\/it\/wp-json\/wp\/v2\/pages\/33117\/revisions"}],"predecessor-version":[{"id":33119,"href":"https:\/\/www.dadco.net\/it\/wp-json\/wp\/v2\/pages\/33117\/revisions\/33119"}],"up":[{"embeddable":true,"href":"https:\/\/www.dadco.net\/it\/wp-json\/wp\/v2\/pages\/33110"}],"wp:attachment":[{"href":"https:\/\/www.dadco.net\/it\/wp-json\/wp\/v2\/media?parent=33117"}],"curies":[{"name":"wp","href":"https:\/\/api.w.org\/{rel}","templated":true}]}}