{"id":33080,"date":"2022-10-25T16:41:35","date_gmt":"2022-10-25T20:41:35","guid":{"rendered":"https:\/\/www.dadco.net\/prodotti\/componenti-di-potenza\/"},"modified":"2025-09-22T10:36:17","modified_gmt":"2025-09-22T14:36:17","slug":"componenti-di-potenza","status":"publish","type":"page","link":"https:\/\/www.dadco.net\/it\/prodotti\/componenti-di-potenza\/","title":{"rendered":"Componenti di potenza"},"content":{"rendered":"<section class=\"l-section wpb_row height_auto\"><div class=\"l-section-h i-cf\"><div class=\"g-cols vc_row via_flex valign_top type_default stacking_default\"><div class=\"vc_col-sm-12 wpb_column vc_column_container\"><div class=\"vc_column-inner\"><div class=\"wpb_wrapper\"><div class=\"w-tabs style_default switch_click accordion has_scrolling\"><div class=\"w-tabs-sections titles-align_none icon_chevron cpos_right\"><div class=\"w-tabs-section active\" id=\"ld29\"><button class=\"w-tabs-section-header active\" aria-controls=\"content-ld29\" aria-expanded=\"true\"><h2 class=\"w-tabs-section-title\">Componenti di potenza &#8211; Attuatori di sollevamento<\/h2><div class=\"w-tabs-section-control\"><\/div><\/button><div  class=\"w-tabs-section-content\" id=\"content-ld29\"><div class=\"w-tabs-section-content-h i-cf\"><div class=\"g-cols wpb_row via_flex valign_top type_default stacking_default\"><div class=\"vc_col-sm-12 wpb_column vc_column_container\"><div class=\"vc_column-inner\"><div class=\"wpb_wrapper\"><div class=\"wpb_text_column\"><div class=\"wpb_wrapper\"><p><img loading=\"lazy\" decoding=\"async\" class=\"size-full wp-image-8568 alignright\" src=\"https:\/\/www.dadco.net\/wp-content\/uploads\/2018\/03\/pla_group-e1662481019704.jpg\" alt=\"\" width=\"151\" height=\"148\"><\/p>\n<h3>Attuatori di sollevamento<\/h3>\n<p>L&#8217;attuatore Power Lift \u00e8 un dispositivo automatico di trasmissione di potenza che converte il movimento rotatorio in movimento lineare quando \u00e8 collegato a una fonte di alimentazione, come un cilindro o un motore.<\/p>\n<p>Progettato per applicazioni in spazi limitati, l&#8217;attuatore Power Lift pu\u00f2 sollevare, abbassare, ruotare, bloccare, spingere, tirare, controllare, posizionare o azionare qualsiasi unit\u00e0 di carico o dispositivo in modo semplice ed economico. La serie di attuatori Power Lift \u00e8 ampia e offre unit\u00e0 con capacit\u00e0 1:1 o 2:1, diverse opzioni di montaggio universali e varie scelte di mozzi. Per facilitare la progettazione dell&#8217;installazione, sono disponibili modelli CAD per la serie di attuatori Power Lift.<\/p>\n<\/div><\/div><div class=\"w-btn-wrapper align_none\"><a class=\"w-btn us-btn-style_1 icon_atleft\" target=\"_blank\" href=\"https:\/\/www.dadco.net\/wp-content\/uploads\/2018\/03\/pla_catalog.pdf\"><i class=\"fas fa-print\"><\/i><span class=\"w-btn-label\">Serie 1 &#8211; 4 PDF stampabile<\/span><\/a><\/div><div class=\"w-btn-wrapper align_none\"><a class=\"w-btn us-btn-style_1 icon_atleft\" target=\"_blank\" href=\"https:\/\/www.dadco.net\/wp-content\/uploads\/2018\/03\/pla_5.pdf\"><i class=\"fas fa-print\"><\/i><span class=\"w-btn-label\">Serie 5 PDF stampabile<\/span><\/a><\/div><\/div><\/div><\/div><\/div><\/div><\/div><\/div><\/div><\/div><\/div><\/div><\/div><\/div><\/div><\/section>\n","protected":false},"excerpt":{"rendered":"Componenti di potenza &#8211; Attuatori di sollevamento Attuatori di sollevamento L&#8217;attuatore Power Lift \u00e8 un dispositivo automatico di trasmissione di potenza che converte il movimento rotatorio in movimento lineare quando \u00e8 collegato a una fonte di alimentazione, come un cilindro o un motore. Progettato per applicazioni in spazi limitati, l&#8217;attuatore Power Lift pu\u00f2 sollevare, abbassare,...","protected":false},"author":1,"featured_media":0,"parent":33057,"menu_order":8,"comment_status":"closed","ping_status":"closed","template":"","meta":{"_acf_changed":false,"footnotes":""},"class_list":["post-33080","page","type-page","status-publish","hentry"],"acf":[],"_links":{"self":[{"href":"https:\/\/www.dadco.net\/it\/wp-json\/wp\/v2\/pages\/33080","targetHints":{"allow":["GET"]}}],"collection":[{"href":"https:\/\/www.dadco.net\/it\/wp-json\/wp\/v2\/pages"}],"about":[{"href":"https:\/\/www.dadco.net\/it\/wp-json\/wp\/v2\/types\/page"}],"author":[{"embeddable":true,"href":"https:\/\/www.dadco.net\/it\/wp-json\/wp\/v2\/users\/1"}],"replies":[{"embeddable":true,"href":"https:\/\/www.dadco.net\/it\/wp-json\/wp\/v2\/comments?post=33080"}],"version-history":[{"count":5,"href":"https:\/\/www.dadco.net\/it\/wp-json\/wp\/v2\/pages\/33080\/revisions"}],"predecessor-version":[{"id":33261,"href":"https:\/\/www.dadco.net\/it\/wp-json\/wp\/v2\/pages\/33080\/revisions\/33261"}],"up":[{"embeddable":true,"href":"https:\/\/www.dadco.net\/it\/wp-json\/wp\/v2\/pages\/33057"}],"wp:attachment":[{"href":"https:\/\/www.dadco.net\/it\/wp-json\/wp\/v2\/media?parent=33080"}],"curies":[{"name":"wp","href":"https:\/\/api.w.org\/{rel}","templated":true}]}}