{"id":33054,"date":"2022-09-01T14:23:26","date_gmt":"2022-09-01T18:23:26","guid":{"rendered":"https:\/\/www.dadco.net\/privacy-policy\/"},"modified":"2025-09-26T11:44:43","modified_gmt":"2025-09-26T15:44:43","slug":"privacy-policy","status":"publish","type":"page","link":"https:\/\/www.dadco.net\/it\/privacy-policy\/","title":{"rendered":"Informativa sulla privacy"},"content":{"rendered":"<section class=\"l-section wpb_row height_medium\"><div class=\"l-section-h i-cf\"><div class=\"g-cols vc_row via_flex valign_top type_default stacking_default\"><div class=\"vc_col-sm-12 wpb_column vc_column_container\"><div class=\"vc_column-inner\"><div class=\"wpb_wrapper\"><div class=\"wpb_text_column\"><div class=\"wpb_wrapper\"><p>L&#8217;indirizzo postale della nostra sede centrale \u00e8:<\/p>\n<p>43850 Plymouth Oaks Blvd.<br \/>Plymouth, MI 48170 USA<\/p>\n<p>\u00c8 possibile contattarci telefonicamente al numero (734)207-1100.<\/p>\n<p>Il nostro sito web, dadco.net, presenta i nostri prodotti e servizi con informazioni sulla nostra azienda e sulle nostre attivit\u00e0. Il nostro sito offre anche la possibilit\u00e0 di contattarci. La protezione della vostra privacy \u00e8 importante per noi e tutti i dati personali raccolti e utilizzati sono conformi alle disposizioni di legge previste dal Regolamento generale sulla protezione dei dati (GDPR).  <\/p>\n<p>La presente Informativa sulla privacy illustra le modalit\u00e0 di utilizzo e protezione dei dati personali degli utenti.<\/p>\n<p>1. Responsabilit\u00e0 e ambito di applicazione: il responsabile \u00e8 DADCO, Inc, mentre DADCO GmbH \u00e8 il rappresentante nell&#8217;Unione Europea. Per qualsiasi domanda o suggerimento in merito alla protezione dei dati, contattarci all&#8217;indirizzo e-mail info@dadco.net. La presente informativa sulla privacy si applica alla raccolta e all&#8217;utilizzo dei dati personali durante la visita e l&#8217;utilizzo del sito web di DADCO.  <\/p>\n<p>2. Raccolta dei dati personali: raccogliamo, archiviamo ed elaboriamo i dati dei visitatori non appena questi visitano il nostro sito o ci trasmettono dati tramite i nostri moduli di contatto. \u00c8 possibile visitare il sito web senza divulgare dati personali. Quando visitate il nostro sito, vengono raccolti automaticamente i dati di comunicazione dei visitatori (indirizzi IP) o le informazioni relative all&#8217;utilizzo (contenuti visitati). Questi dati vengono archiviati senza alcun riferimento a persone (tramite l&#8217;anonimizzazione dell&#8217;indirizzo IP). Riceviamo dati personali identificabili solo quando ci contattate tramite i moduli di contatto.    <\/p>\n<p>3. Utilizzo dei dati personali: le informazioni raccolte vengono utilizzate a fini statistici o di analisi tecnica per migliorare il nostro sito e l&#8217;offerta di prodotti\/servizi. Le informazioni fornite nei moduli di contatto vengono utilizzate per rispondere alle vostre richieste. Inviandoci il modulo di contatto, acconsentite alla memorizzazione e all&#8217;utilizzo delle informazioni fornite da parte di DADCO. Lo scopo della raccolta e della memorizzazione \u00e8 determinato dalla vostra richiesta e il trattamento \u00e8 lecito ai sensi dell&#8217;articolo 6 del GDPR. Le informazioni fornite nei moduli di contatto vengono memorizzate e potremmo utilizzarle per inviare future comunicazioni di marketing via e-mail per conto della nostra azienda (DADCO) relative ai contenuti del sito web. Non vendiamo n\u00e9 divulghiamo informazioni di identificazione personale a terzi, ma ci riserviamo il diritto di divulgare i dati quando siamo legalmente obbligati a farlo, su richiesta di un&#8217;autorit\u00e0 governativa che conduce un&#8217;indagine, per verificare o far rispettare la conformit\u00e0 con le politiche che regolano il nostro sito web e le leggi applicabili o per proteggere da un uso improprio o non autorizzato del nostro sito web. Potremmo divulgare dati anonimi ad appaltatori da noi nominati e supervisionati che forniscono servizi tecnici (come hosting, sicurezza e manutenzione). Gli appaltatori saranno tenuti a conformarsi alle disposizioni in materia di sicurezza dei dati personali previste dal GDPR.       <\/p>\n<p>4. Protezione\/sicurezza dei dati: la protezione dei vostri dati \u00e8 importante per noi. Utilizziamo misure di sicurezza adeguate, tra cui crittografia, firewall, password e sicurezza fisica, per proteggere dalla perdita, dall&#8217;uso improprio o dall&#8217;alterazione delle informazioni che abbiamo raccolto attraverso l&#8217;uso del nostro sito o dei moduli di contatto. La crittografia Https viene utilizzata quando i dati vengono inviati tramite i nostri moduli di contatto. Se \u00e8 necessaria una protezione aggiuntiva per la trasmissione di dati pi\u00f9 sensibili, vi preghiamo di inviarceli in modo diverso. Se avete domande sulla sicurezza del nostro sito web, contattateci direttamente.    <\/p>\n<p>5. Divulgazione e cancellazione dei dati: in conformit\u00e0 con l&#8217;articolo 15 del GDPR, forniremo informazioni sui dati memorizzati relativi a una persona richiedente, elettronicamente o per iscritto su richiesta, a titolo gratuito. Prima di fornire tali informazioni, potremmo richiedere la documentazione che specifichi l&#8217;identit\u00e0 e l&#8217;autenticit\u00e0 del richiedente. I dati personali richiesti saranno cancellati o bloccati a seconda della richiesta. La cancellazione \u00e8 possibile a condizione che la memorizzazione non sia pi\u00f9 necessaria per l&#8217;elaborazione o per altri motivi legali.   <\/p>\n<p>6. Cookie: utilizziamo i cookie per registrare informazioni sulla sessione, come i contenuti personalizzati delle pagine web in base al tipo di browser del visitatore o altre informazioni raccolte automaticamente dai dati di comunicazione del visitatore (indirizzo IP o contenuti visitati). \u00c8 possibile impedire la memorizzazione dei cookie modificando le impostazioni del browser. Alcune funzionalit\u00e0 del sito web potrebbero non funzionare correttamente se si sceglie di non accettare i cookie.  <\/p>\n<p>7. Revoca del consenso: se utilizziamo i tuoi dati personali sulla base del tuo consenso tramite il modulo di contatto o tramite altra divulgazione deliberata da parte tua, puoi revocare il tuo consenso in qualsiasi momento. Ti preghiamo di contattarci via e-mail all&#8217;indirizzo info@dadco.net per revocare il tuo consenso. <\/p>\n<p>Revisionato il 21 maggio 2018<\/p>\n<\/div><\/div><\/div><\/div><\/div><\/div><\/div><\/section>\n","protected":false},"excerpt":{"rendered":"L&#8217;indirizzo postale della nostra sede centrale \u00e8: 43850 Plymouth Oaks Blvd.Plymouth, MI 48170 USA \u00c8 possibile contattarci telefonicamente al numero (734)207-1100. Il nostro sito web, dadco.net, presenta i nostri prodotti e servizi con informazioni sulla nostra azienda e sulle nostre attivit\u00e0. Il nostro sito offre anche la possibilit\u00e0 di contattarci. La protezione della vostra privacy...","protected":false},"author":1,"featured_media":0,"parent":0,"menu_order":0,"comment_status":"closed","ping_status":"closed","template":"","meta":{"footnotes":""},"class_list":["post-33054","page","type-page","status-publish","hentry"],"acf":[],"_links":{"self":[{"href":"https:\/\/www.dadco.net\/it\/wp-json\/wp\/v2\/pages\/33054","targetHints":{"allow":["GET"]}}],"collection":[{"href":"https:\/\/www.dadco.net\/it\/wp-json\/wp\/v2\/pages"}],"about":[{"href":"https:\/\/www.dadco.net\/it\/wp-json\/wp\/v2\/types\/page"}],"author":[{"embeddable":true,"href":"https:\/\/www.dadco.net\/it\/wp-json\/wp\/v2\/users\/1"}],"replies":[{"embeddable":true,"href":"https:\/\/www.dadco.net\/it\/wp-json\/wp\/v2\/comments?post=33054"}],"version-history":[{"count":5,"href":"https:\/\/www.dadco.net\/it\/wp-json\/wp\/v2\/pages\/33054\/revisions"}],"predecessor-version":[{"id":33322,"href":"https:\/\/www.dadco.net\/it\/wp-json\/wp\/v2\/pages\/33054\/revisions\/33322"}],"wp:attachment":[{"href":"https:\/\/www.dadco.net\/it\/wp-json\/wp\/v2\/media?parent=33054"}],"curies":[{"name":"wp","href":"https:\/\/api.w.org\/{rel}","templated":true}]}}