{"id":32986,"date":"2022-09-02T14:40:54","date_gmt":"2022-09-02T18:40:54","guid":{"rendered":"https:\/\/www.dadco.net\/chi-siamo\/notizie\/"},"modified":"2025-09-25T10:37:30","modified_gmt":"2025-09-25T14:37:30","slug":"notizie","status":"publish","type":"page","link":"https:\/\/www.dadco.net\/it\/chi-siamo\/notizie\/","title":{"rendered":"Notizie"},"content":{"rendered":"<section class=\"l-section wpb_row news height_auto\"><div class=\"l-section-h i-cf\"><div class=\"g-cols vc_row via_flex valign_top type_default stacking_default\"><div class=\"vc_col-sm-12 wpb_column vc_column_container\"><div class=\"vc_column-inner\"><div class=\"wpb_wrapper\"><div class=\"w-grid type_grid layout_14376 with_pagination\" id=\"us_grid_1\" style=\"--gap:1.5rem;\" data-filterable=\"true\"><style>.layout_14376 .w-grid-item-h{}<\/style><div class=\"w-grid-list\">\t<article class=\"w-grid-item size_1x1 post-33375 post type-post status-publish format-standard has-post-thumbnail hentry category-aggiornamenti-mensili\" data-id=\"33375\">\r\n\t\t<div class=\"w-grid-item-h\">\r\n\t\t\t\t\t\t<div class=\"w-hwrapper usg_hwrapper_1 align_none valign_top\" style=\"--hwrapper-gap:2rem\"><div class=\"w-post-elm post_image usg_post_image_1\"><a href=\"https:\/\/www.dadco.net\/it\/blog\/2025\/09\/30\/october-2025\/\" aria-label=\"October 2025\"><img loading=\"lazy\" decoding=\"async\" width=\"1800\" height=\"1200\" src=\"https:\/\/www.dadco.net\/wp-content\/uploads\/2025\/09\/Millutensil-Announcement_picture-002.jpg\" class=\"attachment-full size-full wp-post-image\" alt=\"\" srcset=\"https:\/\/www.dadco.net\/wp-content\/uploads\/2025\/09\/Millutensil-Announcement_picture-002.jpg 1800w, https:\/\/www.dadco.net\/wp-content\/uploads\/2025\/09\/Millutensil-Announcement_picture-002-300x200.jpg 300w, https:\/\/www.dadco.net\/wp-content\/uploads\/2025\/09\/Millutensil-Announcement_picture-002-1024x683.jpg 1024w\" sizes=\"auto, (max-width: 1800px) 100vw, 1800px\" \/><\/a><\/div><div class=\"w-vwrapper usg_vwrapper_1 align_none valign_top\"><h3 class=\"w-post-elm post_title usg_post_title_2 entry-title color_link_inherit\"><a href=\"https:\/\/www.dadco.net\/it\/blog\/2025\/09\/30\/october-2025\/\">October 2025<\/a><\/h3><div class=\"w-post-elm post_content usg_post_content_1 without_sections with_collapsible_content\" data-content-height=\"200px\"><div><div class=\"wpb_text_column\"><div class=\"wpb_wrapper\"><h4>DADCO is thrilled to announce our new and exclusive distributor servicing Italy, Millutensil Innovation.<\/h4>\n<p>DADCO is thrilled to announce our new and exclusive distributor servicing Italy, Millutensil Innovation. Located in Izano, Millutensil is a dynamic company known for developing innovative and leading solutions for their customers. Millutensil is a world leader in the manufacture of die and mold spotting presses, die-splitters and machinery for sheet metal working. Additional product lines include industrial automation and metal working components. Millutensil is uniquely positioned to provide a superior level of technical service and support to DADCO customers in Italy. DADCO is proud to welcome Millutensil Innovation to our distributor family.<\/p>\n<div class=\"uncode_text_column\">\n<div class=\"uncode_text_column\">\n<p>Via delle Industrie, 10<\/p>\n<p>26010 Izano (CR) ITALY<\/p>\n<\/div>\n<div class=\"uncode_text_column\">\n<p><a href=\"mailto:info@millutensil.com\">info@millutensil.com<\/a><br \/>\nPhone +39 0373 789622<\/p>\n<\/div>\n<\/div>\n<\/div><\/div>\n<\/div><div class=\"toggle-links align_none\"><button class=\"collapsible-content-more\">Show More.<\/button><button class=\"collapsible-content-less\">Show Less.<\/button><\/div><\/div><\/div><\/div>\t\t<\/div>\r\n\t<\/article>\r\n\t<article class=\"w-grid-item size_1x1 post-33213 post type-post status-publish format-standard has-post-thumbnail hentry category-aggiornamenti-mensili\" data-id=\"33213\">\r\n\t\t<div class=\"w-grid-item-h\">\r\n\t\t\t\t\t\t<div class=\"w-hwrapper usg_hwrapper_1 align_none valign_top\" style=\"--hwrapper-gap:2rem\"><div class=\"w-post-elm post_image usg_post_image_1\"><a href=\"https:\/\/www.dadco.net\/it\/blog\/2017\/05\/03\/settembre-2017\/\" aria-label=\"Settembre 2017\"><img loading=\"lazy\" decoding=\"async\" width=\"238\" height=\"77\" src=\"https:\/\/www.dadco.net\/wp-content\/uploads\/2017\/05\/DADCO-Japan_black_stacked.jpg\" class=\"attachment-full size-full wp-post-image\" alt=\"\" \/><\/a><\/div><div class=\"w-vwrapper usg_vwrapper_1 align_none valign_top\"><h3 class=\"w-post-elm post_title usg_post_title_2 entry-title color_link_inherit\"><a href=\"https:\/\/www.dadco.net\/it\/blog\/2017\/05\/03\/settembre-2017\/\">Settembre 2017<\/a><\/h3><div class=\"w-post-elm post_content usg_post_content_1 without_sections with_collapsible_content\" data-content-height=\"200px\"><div><div class=\"wpb_text_column\"><div class=\"wpb_wrapper\"><h4>DADCO apre un nuovo ufficio in Giappone<\/h4>\n<p>DADCO \u00e8 lieta di annunciare l&#8217;apertura di un ufficio vendite in Giappone. DADCO Japan, Inc. supporter\u00e0 completamente il mercato giapponese per tutte le attivit\u00e0 dei clienti di DADCO, Inc. La nuova sede inizier\u00e0 a prendere ordini il 21 settembre 2017. I clienti che in precedenza acquistavano i prodotti DADCO tramite<br \/>Dayton Progress Japan potranno ora acquistare direttamente da DADCO Japan.   <\/p>\n<p>2370-7 Kamimizo Chuou-ku Sagamihara-shi Kanagawa-ken 252-0243 Japan<br \/>\n\u3012252-0243 \u795e\u5948\u5ddd\u770c\u76f8\u6a21\u539f\u5e02\u4e2d\u592e\u533a\u4e0a\u6e9d2370\u756a\u57307<br \/>\nE-mail: s-ojima@dadco-japan.jp<\/p>\n<\/div><\/div>\n<\/div><div class=\"toggle-links align_none\"><button class=\"collapsible-content-more\">Show More.<\/button><button class=\"collapsible-content-less\">Show Less.<\/button><\/div><\/div><\/div><\/div>\t\t<\/div>\r\n\t<\/article>\r\n\t<article class=\"w-grid-item size_1x1 post-33226 post type-post status-publish format-standard has-post-thumbnail hentry category-aggiornamenti-mensili\" data-id=\"33226\">\r\n\t\t<div class=\"w-grid-item-h\">\r\n\t\t\t\t\t\t<div class=\"w-hwrapper usg_hwrapper_1 align_none valign_top\" style=\"--hwrapper-gap:2rem\"><div class=\"w-post-elm post_image usg_post_image_1\"><a href=\"https:\/\/www.dadco.net\/it\/blog\/2015\/05\/03\/gennaio-2015\/\" aria-label=\"Gennaio 2015\"><img loading=\"lazy\" decoding=\"async\" width=\"157\" height=\"170\" src=\"https:\/\/www.dadco.net\/wp-content\/uploads\/2015\/05\/90.10DS.gif\" class=\"attachment-full size-full wp-post-image\" alt=\"\" \/><\/a><\/div><div class=\"w-vwrapper usg_vwrapper_1 align_none valign_top\"><h3 class=\"w-post-elm post_title usg_post_title_2 entry-title color_link_inherit\"><a href=\"https:\/\/www.dadco.net\/it\/blog\/2015\/05\/03\/gennaio-2015\/\">Gennaio 2015<\/a><\/h3><div class=\"w-post-elm post_content usg_post_content_1 without_sections with_collapsible_content\" data-content-height=\"200px\"><div><h4>Nuove molle a gas ad accumulo di stampi di DADCO<\/h4>\n<p>La nuova serie 90.10 DS di DADCO \u00e8 progettata con un tasso di ritorno ridotto, che la rende una scelta ideale per il deposito stampi. Questi modelli sostituiscono direttamente i tradizionali componenti di stoccaggio degli stampi e non devono essere rimossi dallo stampo prima dell&#8217;installazione nella pressa. Disponibili in tre misure, i modelli 90.10DS.3000, 90.10DS.5000 e 90.10DS.7500 sono direttamente intercambiabili con i modelli ISO 3000-7500. Solo una piccola parte della corsa totale della 90.10 DS viene impegnata durante ogni ciclo. Rispetto a una molla a gas standard utilizzata nelle applicazioni di stoccaggio degli stampi, la 90.10 DS ritorna a una velocit\u00e0 moderata, con conseguente riduzione della temperatura di esercizio, dell&#8217;usura dei componenti della pressa e della durata della molla. DADCO consiglia di utilizzare i cilindri 90.10 DS in ogni angolo di uno stampo per ottenere una distribuzione e una separazione uguali dell&#8217;equilibrio.     <\/p>\n<p>Un bollettino a colori di quattro pagine che presenta la nuova molla a gas 90.10 DS Die Storage \u00e8 disponibile presso DADCO. Contiene informazioni per l&#8217;ordinazione e dati applicativi. <\/p>\n<\/div><div class=\"toggle-links align_none\"><button class=\"collapsible-content-more\">Show More.<\/button><button class=\"collapsible-content-less\">Show Less.<\/button><\/div><\/div><\/div><\/div>\t\t<\/div>\r\n\t<\/article>\r\n\t<article class=\"w-grid-item size_1x1 post-33228 post type-post status-publish format-standard hentry category-aggiornamenti-mensili tag-aprile\" data-id=\"33228\">\r\n\t\t<div class=\"w-grid-item-h\">\r\n\t\t\t\t\t\t<div class=\"w-hwrapper usg_hwrapper_1 align_none valign_top\" style=\"--hwrapper-gap:2rem\"><div class=\"w-vwrapper usg_vwrapper_1 align_none valign_top\"><h3 class=\"w-post-elm post_title usg_post_title_2 entry-title color_link_inherit\"><a href=\"https:\/\/www.dadco.net\/it\/blog\/2012\/05\/03\/aprile-2012\/\">Aprile 2012<\/a><\/h3><div class=\"w-post-elm post_content usg_post_content_1 without_sections with_collapsible_content\" data-content-height=\"200px\"><div><h4>DADCO introduce un catalogo online integrato<\/h4>\n<p>Il sito web di DADCO \u00e8 stato aggiornato con un catalogo online integrato. Il nuovo catalogo online presenta un&#8217;interfaccia di facile utilizzo che consente di accedere rapidamente all&#8217;ampia gamma di prodotti DADCO, tra cui molle a gas di azoto, sollevatori a gas di azoto, componenti collegati a gas di azoto, set di guide, sistemi di camme e pompe di potenza e cilindri pneumatici.  <\/p>\n<p>La navigazione nel sito \u00e8 semplice: basta scegliere l&#8217;immagine o la descrizione per trovare il prodotto adatto. Una volta selezionato il modello e la lunghezza della corsa, viene visualizzata la pagina dei dettagli del prodotto. I clienti possono visualizzare un modello 3D del prodotto o, con una rapida registrazione, ottenere accesso immediato ai modelli CAD. I modelli sono disponibili in una vasta gamma di formati, tra cui SAT, STEP, CATIA, IGES e DXF.    <\/p>\n<p>Con questi miglioramenti, il sito web mantiene la stessa organizzazione user-friendly che i clienti si aspettano da DADCO. Le informazioni dettagliate sui prodotti sono raggiungibili con pochi clic in qualsiasi punto del sito. Inoltre, nella parte superiore di ogni pagina \u00e8 presente una funzione di ricerca per aiutare i clienti.   <\/p>\n<\/div><div class=\"toggle-links align_none\"><button class=\"collapsible-content-more\">Show More.<\/button><button class=\"collapsible-content-less\">Show Less.<\/button><\/div><\/div><\/div><\/div>\t\t<\/div>\r\n\t<\/article>\r\n\t<article class=\"w-grid-item size_1x1 post-33229 post type-post status-publish format-standard has-post-thumbnail hentry category-aggiornamenti-mensili tag-september-it\" data-id=\"33229\">\r\n\t\t<div class=\"w-grid-item-h\">\r\n\t\t\t\t\t\t<div class=\"w-hwrapper usg_hwrapper_1 align_none valign_top\" style=\"--hwrapper-gap:2rem\"><div class=\"w-post-elm post_image usg_post_image_1\"><a href=\"https:\/\/www.dadco.net\/it\/blog\/2012\/05\/03\/settembre-2012\/\" aria-label=\"Settembre 2012\"><img loading=\"lazy\" decoding=\"async\" width=\"216\" height=\"300\" src=\"https:\/\/www.dadco.net\/wp-content\/uploads\/2012\/05\/fcl_group.jpg\" class=\"attachment-full size-full wp-post-image\" alt=\"\" \/><\/a><\/div><div class=\"w-vwrapper usg_vwrapper_1 align_none valign_top\"><h3 class=\"w-post-elm post_title usg_post_title_2 entry-title color_link_inherit\"><a href=\"https:\/\/www.dadco.net\/it\/blog\/2012\/05\/03\/settembre-2012\/\">Settembre 2012<\/a><\/h3><div class=\"w-post-elm post_content usg_post_content_1 without_sections with_collapsible_content\" data-content-height=\"200px\"><div><h4>Nuovo! Serie di cuscini FCL di DADCO <\/h4>\n<p>DADCO \u00e8 lieta di presentare una nuova linea di molle a gas ad azoto della serie cushion. La serie FCL \u00e8 una molla a gas di dimensioni ridotte con un ritorno ammortizzato negli ultimi 2-4 mm di corsa per ridurre sia la forza di ritorno che l&#8217;aumento della forza durante la corsa. <\/p>\n<p>La serie FCL \u00e8 disponibile in due modelli: FCL.503 e FCL.755. Il diametro del modello FCL.503 \u00e8 di 44,5, con una forza di contatto di 302 daN. Il modello FCL.755 ha un diametro di 50, con una forza di contatto di 471 daN. Entrambi i modelli FCL hanno una lunghezza di corsa fino a 125 mm e sono particolarmente adatti per applicazioni di camme a stampo.   <\/p>\n<p>Un bollettino di quattro pagine a colori contenente esempi di ordinazione, specifiche operative ed esempi di applicazione \u00e8 disponibile presso DADCO.<\/p>\n<\/div><div class=\"toggle-links align_none\"><button class=\"collapsible-content-more\">Show More.<\/button><button class=\"collapsible-content-less\">Show Less.<\/button><\/div><\/div><\/div><\/div>\t\t<\/div>\r\n\t<\/article>\r\n\t<article class=\"w-grid-item size_1x1 post-33231 post type-post status-publish format-standard has-post-thumbnail hentry category-aggiornamenti-mensili tag-marzo-it\" data-id=\"33231\">\r\n\t\t<div class=\"w-grid-item-h\">\r\n\t\t\t\t\t\t<div class=\"w-hwrapper usg_hwrapper_1 align_none valign_top\" style=\"--hwrapper-gap:2rem\"><div class=\"w-post-elm post_image usg_post_image_1\"><a href=\"https:\/\/www.dadco.net\/it\/blog\/2012\/05\/03\/marzo-2012\/\" aria-label=\"Marzo 2012\"><img loading=\"lazy\" decoding=\"async\" width=\"150\" height=\"150\" src=\"https:\/\/www.dadco.net\/wp-content\/uploads\/2012\/05\/sln_090_180_group1-150x150-1.jpg\" class=\"attachment-full size-full wp-post-image\" alt=\"\" \/><\/a><\/div><div class=\"w-vwrapper usg_vwrapper_1 align_none valign_top\"><h3 class=\"w-post-elm post_title usg_post_title_2 entry-title color_link_inherit\"><a href=\"https:\/\/www.dadco.net\/it\/blog\/2012\/05\/03\/marzo-2012\/\">Marzo 2012<\/a><\/h3><div class=\"w-post-elm post_content usg_post_content_1 without_sections with_collapsible_content\" data-content-height=\"200px\"><div><h4>Nuovo sollevatore a flangia SLN.180 di DADCO <\/h4>\n<p>Il nuovo sollevatore di micro-azoto per flange SLN.180 di DADCO offre un approccio completo alle applicazioni di flangiatura. Questo robusto sollevatore con corpo da 50 mm di diametro \u00e8 disponibile con due opzioni di asta di guida: FA con asta a cupola e localizzatore di asta per il fissaggio allo stampo superiore e FB con estremit\u00e0 dell&#8217;asta piatta. La famosa molla a gas Micro 180<sup>\u00ae<\/sup> di DADCO, alloggiata all&#8217;interno dell&#8217;asta di guida, fornisce una forza di sollevamento affidabile.  <\/p>\n<p>Il modello con flangia SLN.180 fornisce una forza di contatto fino a 80 libbre ed \u00e8 disponibile con corse da 63 mm a 200 mm. Il sollevatore soddisfa gli standard Ford per lo stampaggio di componenti. <\/p>\n<p>Un bollettino di due pagine a colori che presenta il nuovo micro sollevatore di azoto gassoso modello SLN.180 con flangia \u00e8 disponibile presso DADCO. Contiene disegni di modelli solidi, informazioni per l&#8217;ordinazione e dati applicativi. <\/p>\n<\/div><div class=\"toggle-links align_none\"><button class=\"collapsible-content-more\">Show More.<\/button><button class=\"collapsible-content-less\">Show Less.<\/button><\/div><\/div><\/div><\/div>\t\t<\/div>\r\n\t<\/article>\r\n\t<article class=\"w-grid-item size_1x1 post-33233 post type-post status-publish format-standard has-post-thumbnail hentry category-aggiornamenti-mensili tag-luglio\" data-id=\"33233\">\r\n\t\t<div class=\"w-grid-item-h\">\r\n\t\t\t\t\t\t<div class=\"w-hwrapper usg_hwrapper_1 align_none valign_top\" style=\"--hwrapper-gap:2rem\"><div class=\"w-post-elm post_image usg_post_image_1\"><a href=\"https:\/\/www.dadco.net\/it\/blog\/2012\/02\/26\/luglio-2012\/\" aria-label=\"Luglio 2012\"><img loading=\"lazy\" decoding=\"async\" width=\"232\" height=\"55\" src=\"https:\/\/www.dadco.net\/wp-content\/uploads\/2012\/02\/dadco_brasil.gif\" class=\"attachment-full size-full wp-post-image\" alt=\"\" \/><\/a><\/div><div class=\"w-vwrapper usg_vwrapper_1 align_none valign_top\"><h3 class=\"w-post-elm post_title usg_post_title_2 entry-title color_link_inherit\"><a href=\"https:\/\/www.dadco.net\/it\/blog\/2012\/02\/26\/luglio-2012\/\">Luglio 2012<\/a><\/h3><div class=\"w-post-elm post_content usg_post_content_1 without_sections with_collapsible_content\" data-content-height=\"200px\"><div><h4>DADCO apre un nuovo ufficio in Brasile<\/h4>\n<p>DADCO \u00e8 lieta di annunciare l&#8217;espansione delle proprie attivit\u00e0 in Brasile con una nuova divisione: DADCO FERRAMENTAS do BRASIL, con sede a S\u00e3o Paulo. L&#8217;ufficio brasiliano servir\u00e0 i clienti locali e fornir\u00e0 ulteriore <\/p>\n<p>DADCO FERRAMENTAS do BRASIL is at Rua Botucatu, 39<br \/>\nS\u00e3o Caetano Do Sul, S\u00e3o Paulo, CEP 09550-060, Brazil.<\/p>\n<\/div><div class=\"toggle-links align_none\"><button class=\"collapsible-content-more\">Show More.<\/button><button class=\"collapsible-content-less\">Show Less.<\/button><\/div><\/div><\/div><\/div>\t\t<\/div>\r\n\t<\/article>\r\n<\/div><div class=\"w-grid-preloader\">\t<div class=\"g-preloader type_1\">\r\n\t\t<div><\/div>\r\n\t<\/div>\r\n\t<\/div>\t<div class=\"w-grid-json hidden\" onclick='return {&quot;action&quot;:&quot;us_ajax_grid&quot;,&quot;ajax_url&quot;:&quot;https:\\\/\\\/www.dadco.net\\\/wp-admin\\\/admin-ajax.php&quot;,&quot;infinite_scroll&quot;:0,&quot;max_num_pages&quot;:1,&quot;pagination&quot;:&quot;regular&quot;,&quot;template_vars&quot;:{&quot;columns&quot;:&quot;1&quot;,&quot;exclude_items&quot;:&quot;none&quot;,&quot;img_size&quot;:&quot;full&quot;,&quot;ignore_items_size&quot;:0,&quot;items_layout&quot;:&quot;14376&quot;,&quot;items_offset&quot;:&quot;1&quot;,&quot;load_animation&quot;:&quot;none&quot;,&quot;overriding_link&quot;:&quot;{\\&quot;url\\&quot;:\\&quot;\\&quot;}&quot;,&quot;post_id&quot;:0,&quot;query_args&quot;:{&quot;post_type&quot;:[&quot;post&quot;],&quot;tax_query&quot;:[{&quot;taxonomy&quot;:&quot;category&quot;,&quot;field&quot;:&quot;slug&quot;,&quot;terms&quot;:[&quot;monthly-updates&quot;]}],&quot;post_status&quot;:[&quot;publish&quot;,&quot;acf-disabled&quot;],&quot;posts_per_page&quot;:&quot;10&quot;},&quot;orderby_query_args&quot;:{&quot;orderby&quot;:{&quot;date&quot;:&quot;DESC&quot;}},&quot;type&quot;:&quot;grid&quot;,&quot;us_grid_ajax_index&quot;:1,&quot;us_grid_filter_params&quot;:[],&quot;us_grid_index&quot;:1,&quot;_us_grid_post_type&quot;:&quot;post&quot;,&quot;page_args&quot;:[],&quot;lang&quot;:&quot;it&quot;}}'><\/div>\r\n\t<\/div><\/div><\/div><\/div><\/div><\/div><\/section>\n","protected":false},"excerpt":{"rendered":"DADCO apre un nuovo ufficio in Brasile DADCO \u00e8 lieta di annunciare l'espansione delle proprie attivit\u00e0 in Brasile con una nuova divisione: DADCO FERRAMENTAS do BRASIL, con sede a S\u00e3o Paulo. L'ufficio brasiliano servir\u00e0 i clienti locali e fornir\u00e0 ulteriore DADCO FERRAMENTAS do BRASIL is at Rua Botucatu, 39 S\u00e3o Caetano Do Sul, S\u00e3o Paulo,...","protected":false},"author":1,"featured_media":0,"parent":32972,"menu_order":5,"comment_status":"closed","ping_status":"closed","template":"","meta":{"footnotes":""},"class_list":["post-32986","page","type-page","status-publish","hentry"],"acf":[],"_links":{"self":[{"href":"https:\/\/www.dadco.net\/it\/wp-json\/wp\/v2\/pages\/32986","targetHints":{"allow":["GET"]}}],"collection":[{"href":"https:\/\/www.dadco.net\/it\/wp-json\/wp\/v2\/pages"}],"about":[{"href":"https:\/\/www.dadco.net\/it\/wp-json\/wp\/v2\/types\/page"}],"author":[{"embeddable":true,"href":"https:\/\/www.dadco.net\/it\/wp-json\/wp\/v2\/users\/1"}],"replies":[{"embeddable":true,"href":"https:\/\/www.dadco.net\/it\/wp-json\/wp\/v2\/comments?post=32986"}],"version-history":[{"count":3,"href":"https:\/\/www.dadco.net\/it\/wp-json\/wp\/v2\/pages\/32986\/revisions"}],"predecessor-version":[{"id":33310,"href":"https:\/\/www.dadco.net\/it\/wp-json\/wp\/v2\/pages\/32986\/revisions\/33310"}],"up":[{"embeddable":true,"href":"https:\/\/www.dadco.net\/it\/wp-json\/wp\/v2\/pages\/32972"}],"wp:attachment":[{"href":"https:\/\/www.dadco.net\/it\/wp-json\/wp\/v2\/media?parent=32986"}],"curies":[{"name":"wp","href":"https:\/\/api.w.org\/{rel}","templated":true}]}}