{"id":32984,"date":"2022-09-02T14:39:38","date_gmt":"2022-09-02T18:39:38","guid":{"rendered":"https:\/\/www.dadco.net\/chi-siamo\/garanzia-di-qualita\/"},"modified":"2025-09-25T10:16:22","modified_gmt":"2025-09-25T14:16:22","slug":"garanzia-di-qualita","status":"publish","type":"page","link":"https:\/\/www.dadco.net\/it\/chi-siamo\/garanzia-di-qualita\/","title":{"rendered":"GARANZIA DI QUALIT\u00c0"},"content":{"rendered":"<section class=\"l-section wpb_row height_auto\"><div class=\"l-section-h i-cf\"><div class=\"g-cols vc_row via_flex valign_top type_default stacking_default\"><div class=\"vc_col-sm-12 wpb_column vc_column_container\"><div class=\"vc_column-inner\"><div class=\"wpb_wrapper\"><div class=\"wpb_text_column\"><div class=\"wpb_wrapper\"><p>DADCO punta all\u2019eccellenza qualitativa. Certificata secondo lo standard di gestione della qualit\u00e0 ISO 9001:2015, DADCO garantisce l&#8217;adozione di pratiche corrette per ogni processo che influisce sulla qualit\u00e0 del prodotto. Attraverso un lavoro di squadra dedicato con i nostri clienti e fornitori, perseguiamo i pi\u00f9 alti standard di qualit\u00e0 per ogni prodotto e servizio che forniamo. I prodotti DADCO sono conformi alla direttiva europea 2014\/68\/UE sulle apparecchiature a pressione e sono riconosciuti a livello mondiale negli standard degli stampi per autoveicoli.   <\/p>\n<p>Siamo certi che i nostri prodotti funzioneranno nelle vostre applicazioni; garantiamo che i nostri prodotti sono privi di difetti di fabbricazione o di materiali per un periodo di un anno dalla data di produzione. Inoltre, le nostre molle a gas ad azoto sono coperte per iscritto dalla Garanzia Oro di un anno\/1 milione di colpi*. <i> <\/i>La Serie L \u00e8 coperta da una garanzia scritta Select di due anni\/ 2 milioni di corse*.<\/p>\n<h2>Certificazioni<\/h2>\n<p>*Richiedete una copia per i dettagli.<\/p>\n<\/div><\/div><div class=\"w-hwrapper valign_top align_none\"><div class=\"w-image align_none\"><a href=\"https:\/\/www.dadco.net\/wp-content\/uploads\/2024\/03\/quality_cert.pdf  \" aria-label=\"quality_cert\" class=\"w-image-h\"><img loading=\"lazy\" decoding=\"async\" width=\"150\" height=\"150\" src=\"https:\/\/www.dadco.net\/wp-content\/uploads\/2024\/03\/quality_cert-e1711388974630-150x150.jpg\" class=\"attachment-thumbnail size-thumbnail\" alt=\"\" \/><\/a><\/div><div class=\"w-image align_none\"><a href=\"https:\/\/www.dadco.net\/wp-content\/uploads\/2022\/09\/select_guarantee_certificate.pdf\" aria-label=\"select_guarantee\" class=\"w-image-h\"><img loading=\"lazy\" decoding=\"async\" width=\"216\" height=\"166\" src=\"https:\/\/www.dadco.net\/wp-content\/uploads\/2022\/09\/select_guarantee.jpeg\" class=\"attachment-large size-large\" alt=\"\" \/><\/a><\/div><div class=\"w-image align_none\"><a href=\"https:\/\/www.dadco.net\/wp-content\/uploads\/2022\/09\/gold_guarantee_certificate.pdf\" aria-label=\"gold\" class=\"w-image-h\"><img loading=\"lazy\" decoding=\"async\" width=\"216\" height=\"166\" src=\"https:\/\/www.dadco.net\/wp-content\/uploads\/2022\/09\/gold.jpeg\" class=\"attachment-large size-large\" alt=\"\" \/><\/a><\/div><\/div><\/div><\/div><\/div><\/div><\/div><\/section>\n","protected":false},"excerpt":{"rendered":"DADCO punta all\u2019eccellenza qualitativa. Certificata secondo lo standard di gestione della qualit\u00e0 ISO 9001:2015, DADCO garantisce l&#8217;adozione di pratiche corrette per ogni processo che influisce sulla qualit\u00e0 del prodotto. Attraverso un lavoro di squadra dedicato con i nostri clienti e fornitori, perseguiamo i pi\u00f9 alti standard di qualit\u00e0 per ogni prodotto e servizio che forniamo....","protected":false},"author":1,"featured_media":0,"parent":32972,"menu_order":4,"comment_status":"closed","ping_status":"closed","template":"","meta":{"footnotes":""},"class_list":["post-32984","page","type-page","status-publish","hentry"],"acf":[],"_links":{"self":[{"href":"https:\/\/www.dadco.net\/it\/wp-json\/wp\/v2\/pages\/32984","targetHints":{"allow":["GET"]}}],"collection":[{"href":"https:\/\/www.dadco.net\/it\/wp-json\/wp\/v2\/pages"}],"about":[{"href":"https:\/\/www.dadco.net\/it\/wp-json\/wp\/v2\/types\/page"}],"author":[{"embeddable":true,"href":"https:\/\/www.dadco.net\/it\/wp-json\/wp\/v2\/users\/1"}],"replies":[{"embeddable":true,"href":"https:\/\/www.dadco.net\/it\/wp-json\/wp\/v2\/comments?post=32984"}],"version-history":[{"count":5,"href":"https:\/\/www.dadco.net\/it\/wp-json\/wp\/v2\/pages\/32984\/revisions"}],"predecessor-version":[{"id":33308,"href":"https:\/\/www.dadco.net\/it\/wp-json\/wp\/v2\/pages\/32984\/revisions\/33308"}],"up":[{"embeddable":true,"href":"https:\/\/www.dadco.net\/it\/wp-json\/wp\/v2\/pages\/32972"}],"wp:attachment":[{"href":"https:\/\/www.dadco.net\/it\/wp-json\/wp\/v2\/media?parent=32984"}],"curies":[{"name":"wp","href":"https:\/\/api.w.org\/{rel}","templated":true}]}}