{"id":32980,"date":"2022-09-02T14:33:23","date_gmt":"2022-09-02T18:33:23","guid":{"rendered":"https:\/\/www.dadco.net\/chi-siamo\/soluzioni-avanzate\/"},"modified":"2026-02-13T14:52:31","modified_gmt":"2026-02-13T19:52:31","slug":"soluzioni-avanzate","status":"publish","type":"page","link":"https:\/\/www.dadco.net\/it\/chi-siamo\/soluzioni-avanzate\/","title":{"rendered":"Soluzioni avanzate"},"content":{"rendered":"<section class=\"l-section wpb_row height_auto\"><div class=\"l-section-h i-cf\"><div class=\"g-cols vc_row via_flex valign_top type_default stacking_default\"><div class=\"vc_col-sm-12 wpb_column vc_column_container\"><div class=\"vc_column-inner\"><div class=\"wpb_wrapper\"><div class=\"wpb_text_column\"><div class=\"wpb_wrapper\"><p>Il dinamico team di ingegneri di DADCO lavora per definire nuovi standard nel settore della formatura dei metalli. Grazie all\u2019uso di software di progettazione avanzati e a un laboratorio di R&amp;S interno, i nostri ingegneri sviluppano e innovano costantemente prodotti ad alte prestazioni. La nostra esperienza \u00e8 confermata da numerosi brevetti in corso e in attesa di registrazione. La competenza dei nostri specialisti tecnici e ingegneri \u00e8 a disposizione dei clienti che necessitano di soluzioni avanzate per applicazioni complesse. \u00c8 inoltre possibile organizzare visite in loco per affrontare le problematiche applicative nel modo pi\u00f9 efficace.   <\/p>\n<p>&nbsp;<\/p>\n<p><a href=\"https:\/\/www.dadco.net\/wp-content\/uploads\/2024\/08\/English_Corporate-Image-Brochure_2024-Final.pdf\"><img loading=\"lazy\" decoding=\"async\" class=\"alignleft wp-image-31620\" src=\"https:\/\/www.dadco.net\/wp-content\/uploads\/2024\/08\/Corporate-Image-Brochure_2024-Cover-212x300.jpg\" alt=\"\" width=\"211\" height=\"299\" srcset=\"https:\/\/www.dadco.net\/wp-content\/uploads\/2024\/08\/Corporate-Image-Brochure_2024-Cover-212x300.jpg 212w, https:\/\/www.dadco.net\/wp-content\/uploads\/2024\/08\/Corporate-Image-Brochure_2024-Cover.jpg 595w\" sizes=\"auto, (max-width: 211px) 100vw, 211px\" \/><\/a><\/p>\n<\/div><\/div><div class=\"wpb_text_column\"><div class=\"wpb_wrapper\"><p><a href=\"https:\/\/www.dadco.net\/wp-content\/uploads\/2025\/12\/Italian-Line-Card.pdf\"><img loading=\"lazy\" decoding=\"async\" class=\"alignnone size-medium wp-image-33641\" src=\"https:\/\/www.dadco.net\/wp-content\/uploads\/2026\/02\/linecardimage-300x300.png\" alt=\"\" width=\"300\" height=\"300\" srcset=\"https:\/\/www.dadco.net\/wp-content\/uploads\/2026\/02\/linecardimage-300x300.png 300w, https:\/\/www.dadco.net\/wp-content\/uploads\/2026\/02\/linecardimage-150x150.png 150w, https:\/\/www.dadco.net\/wp-content\/uploads\/2026\/02\/linecardimage.png 652w\" sizes=\"auto, (max-width: 300px) 100vw, 300px\" \/><\/a><\/p>\n<\/div><\/div><\/div><\/div><\/div><\/div><\/div><\/section>\n","protected":false},"excerpt":{"rendered":"Il dinamico team di ingegneri di DADCO lavora per definire nuovi standard nel settore della formatura dei metalli. Grazie all\u2019uso di software di progettazione avanzati e a un laboratorio di R&amp;S interno, i nostri ingegneri sviluppano e innovano costantemente prodotti ad alte prestazioni. La nostra esperienza \u00e8 confermata da numerosi brevetti in corso e in...","protected":false},"author":1,"featured_media":32981,"parent":32972,"menu_order":2,"comment_status":"closed","ping_status":"closed","template":"","meta":{"footnotes":""},"class_list":["post-32980","page","type-page","status-publish","has-post-thumbnail","hentry"],"acf":[],"_links":{"self":[{"href":"https:\/\/www.dadco.net\/it\/wp-json\/wp\/v2\/pages\/32980","targetHints":{"allow":["GET"]}}],"collection":[{"href":"https:\/\/www.dadco.net\/it\/wp-json\/wp\/v2\/pages"}],"about":[{"href":"https:\/\/www.dadco.net\/it\/wp-json\/wp\/v2\/types\/page"}],"author":[{"embeddable":true,"href":"https:\/\/www.dadco.net\/it\/wp-json\/wp\/v2\/users\/1"}],"replies":[{"embeddable":true,"href":"https:\/\/www.dadco.net\/it\/wp-json\/wp\/v2\/comments?post=32980"}],"version-history":[{"count":6,"href":"https:\/\/www.dadco.net\/it\/wp-json\/wp\/v2\/pages\/32980\/revisions"}],"predecessor-version":[{"id":33688,"href":"https:\/\/www.dadco.net\/it\/wp-json\/wp\/v2\/pages\/32980\/revisions\/33688"}],"up":[{"embeddable":true,"href":"https:\/\/www.dadco.net\/it\/wp-json\/wp\/v2\/pages\/32972"}],"wp:featuredmedia":[{"embeddable":true,"href":"https:\/\/www.dadco.net\/it\/wp-json\/wp\/v2\/media\/32981"}],"wp:attachment":[{"href":"https:\/\/www.dadco.net\/it\/wp-json\/wp\/v2\/media?parent=32980"}],"curies":[{"name":"wp","href":"https:\/\/api.w.org\/{rel}","templated":true}]}}