{"id":32972,"date":"2022-09-01T15:31:28","date_gmt":"2022-09-01T19:31:28","guid":{"rendered":"https:\/\/www.dadco.net\/chi-siamo\/"},"modified":"2025-09-25T09:47:39","modified_gmt":"2025-09-25T13:47:39","slug":"chi-siamo","status":"publish","type":"page","link":"https:\/\/www.dadco.net\/it\/chi-siamo\/","title":{"rendered":"CHI SIAMO"},"content":{"rendered":"<section class=\"l-section wpb_row height_auto\"><div class=\"l-section-h i-cf\"><div class=\"g-cols vc_row via_flex valign_top type_default stacking_default\"><div class=\"vc_col-sm-12 wpb_column vc_column_container\"><div class=\"vc_column-inner\"><div class=\"wpb_wrapper\"><div class=\"wpb_text_column\"><div class=\"wpb_wrapper\"><p>Siamo leader mondiali nella tecnologia delle molle a gas azoto e collaboriamo con i nostri clienti per sviluppare soluzioni avanzate che rispondano alle loro necessit\u00e0 di produzione. Il nostro obiettivo \u00e8 offrire prodotti di alta qualit\u00e0, supporto tecnico qualificato e un servizio clienti eccellente.   <\/p>\n<p>Al centro della nostra attivit\u00e0 c\u2019\u00e8 l\u2019impegno verso i nostri clienti, che includono i migliori costruttori di stampi, impianti di stampaggio all\u2019avanguardia e OEM del settore automobilistico in tutto il mondo. In DADCO promuoviamo un ambiente di continua innovazione, cercando di trasmettere questo spirito in tutto ci\u00f2 che facciamo. Sin dalla nostra fondazione nel 1958, fornire prodotti di valore ineguagliabile \u00e8 stato uno degli obiettivi principali del nostro lavoro. Oltre alla nostra vasta gamma di molle e sollevatori a gas azoto, offriamo cilindri pneumatici e motorizzati, set di guide, sistemi idraulici a camme e soluzioni speciali su misura.<\/p>\n<\/div><\/div><\/div><\/div><\/div><\/div><\/div><\/section>\n","protected":false},"excerpt":{"rendered":"Siamo leader mondiali nella tecnologia delle molle a gas azoto e collaboriamo con i nostri clienti per sviluppare soluzioni avanzate che rispondano alle loro necessit\u00e0 di produzione. Il nostro obiettivo \u00e8 offrire prodotti di alta qualit\u00e0, supporto tecnico qualificato e un servizio clienti eccellente. Al centro della nostra attivit\u00e0 c\u2019\u00e8 l\u2019impegno verso i nostri clienti,...","protected":false},"author":1,"featured_media":32973,"parent":0,"menu_order":0,"comment_status":"closed","ping_status":"closed","template":"","meta":{"footnotes":""},"class_list":["post-32972","page","type-page","status-publish","has-post-thumbnail","hentry"],"acf":[],"_links":{"self":[{"href":"https:\/\/www.dadco.net\/it\/wp-json\/wp\/v2\/pages\/32972","targetHints":{"allow":["GET"]}}],"collection":[{"href":"https:\/\/www.dadco.net\/it\/wp-json\/wp\/v2\/pages"}],"about":[{"href":"https:\/\/www.dadco.net\/it\/wp-json\/wp\/v2\/types\/page"}],"author":[{"embeddable":true,"href":"https:\/\/www.dadco.net\/it\/wp-json\/wp\/v2\/users\/1"}],"replies":[{"embeddable":true,"href":"https:\/\/www.dadco.net\/it\/wp-json\/wp\/v2\/comments?post=32972"}],"version-history":[{"count":5,"href":"https:\/\/www.dadco.net\/it\/wp-json\/wp\/v2\/pages\/32972\/revisions"}],"predecessor-version":[{"id":33303,"href":"https:\/\/www.dadco.net\/it\/wp-json\/wp\/v2\/pages\/32972\/revisions\/33303"}],"wp:featuredmedia":[{"embeddable":true,"href":"https:\/\/www.dadco.net\/it\/wp-json\/wp\/v2\/media\/32973"}],"wp:attachment":[{"href":"https:\/\/www.dadco.net\/it\/wp-json\/wp\/v2\/media?parent=32972"}],"curies":[{"name":"wp","href":"https:\/\/api.w.org\/{rel}","templated":true}]}}