{"id":28898,"date":"2022-09-09T01:47:24","date_gmt":"2022-09-09T01:47:24","guid":{"rendered":"https:\/\/www.dadco.net\/soporte\/productos-complementarios-para-los-resortes-de-nitrogeno\/"},"modified":"2023-11-09T20:35:40","modified_gmt":"2023-11-09T20:35:40","slug":"productos-complementarios-para-los-resortes-de-nitrogeno","status":"publish","type":"page","link":"https:\/\/www.dadco.net\/es\/soporte\/productos-complementarios-para-los-resortes-de-nitrogeno\/","title":{"rendered":"Productos complementarios para los resortes de nitr\u00f3geno"},"content":{"rendered":"<section class=\"l-section wpb_row height_auto\"><div class=\"l-section-h i-cf\"><div class=\"g-cols vc_row via_flex valign_top type_default stacking_default\"><div class=\"vc_col-sm-12 wpb_column vc_column_container\"><div class=\"vc_column-inner\"><div class=\"wpb_wrapper\"><div class=\"w-tabs style_default switch_click accordion has_scrolling\"><div class=\"w-tabs-sections titles-align_none icon_chevron cpos_right\"><div class=\"w-tabs-section\" id=\"r0e2\"><button class=\"w-tabs-section-header\" aria-controls=\"content-r0e2\" aria-expanded=\"false\"><h2 class=\"w-tabs-section-title\">Serie Micro<\/h2><div class=\"w-tabs-section-control\"><\/div><\/button><div  class=\"w-tabs-section-content\" id=\"content-r0e2\"><div class=\"w-tabs-section-content-h i-cf\"><div class=\"g-cols wpb_row via_flex valign_top type_default stacking_default\"><div class=\"vc_col-sm-12 wpb_column vc_column_container\"><div class=\"vc_column-inner\"><div class=\"wpb_wrapper\"><div class=\"wpb_text_column\"><div class=\"wpb_wrapper\"><h3>Micro 45<sup>\u00ae<\/sup> Micro Manga<\/h3>\n<p>Dimensi\u00f3n y detalles de producto de la Micro Manga dise\u00f1ada para aumentar el di\u00e1metro del resorte de nitr\u00f3geno Micro 45<sup>\u00ae<\/sup> para los clientes que tienen bolsas de 13 mm o \u00bd pulgada.<\/p>\n<\/div><\/div><div class=\"w-btn-wrapper align_none\"><a class=\"w-btn us-btn-style_1\" target=\"_blank\" href=\"https:\/\/dadco.net\/wp-content\/uploads\/2013\/02\/c45Sleeve.pdf\"><span class=\"w-btn-label\">Micro 45\u00ae Micro Manga<\/span><\/a><\/div><\/div><\/div><\/div><\/div><div class=\"g-cols wpb_row via_flex valign_top type_default stacking_default\"><div class=\"vc_col-sm-12 wpb_column vc_column_container\"><div class=\"vc_column-inner\"><div class=\"wpb_wrapper\"><div class=\"wpb_text_column\"><div class=\"wpb_wrapper\"><h3>Micro 45<sup>\u00ae<\/sup> Montaje con tensi\u00f3n<\/h3>\n<p>Informaci\u00f3n detallada y de dimensi\u00f3n del montaje de tensi\u00f3n para el Micro 45<sup>\u00ae<\/sup> utilizado cuando el espacio es limitado o se necesita fuerza de retorno<\/p>\n<\/div><\/div><div class=\"w-btn-wrapper align_none\"><a class=\"w-btn us-btn-style_1\" target=\"_blank\" href=\"https:\/\/dadco.net\/wp-content\/uploads\/2013\/02\/c45_tension_mount.pdf\"><span class=\"w-btn-label\">Micro 45\u00ae Montaje con tensi\u00f3n<\/span><\/a><\/div><\/div><\/div><\/div><\/div><div class=\"g-cols wpb_row via_flex valign_top type_default stacking_default\"><div class=\"vc_col-sm-12 wpb_column vc_column_container\"><div class=\"vc_column-inner\"><div class=\"wpb_wrapper\"><div class=\"wpb_text_column\"><div class=\"wpb_wrapper\"><h3>Micro 45<sup>\u00ae<\/sup> Montaje con tensi\u00f3n<\/h3>\n<p>Informaci\u00f3n detallada y de dimensi\u00f3n del montaje de tensi\u00f3n para el Micro 45<sup>\u00ae<\/sup> utilizado cuando el espacio es limitado o se necesita fuerza de retorno<\/p>\n<\/div><\/div><div class=\"w-btn-wrapper align_none\"><a class=\"w-btn us-btn-style_1\" target=\"_blank\" href=\"https:\/\/dadco.net\/wp-content\/uploads\/2013\/02\/c45_tension_mount.pdf\"><span class=\"w-btn-label\">Micro 45\u00ae Montaje con tensi\u00f3n<\/span><\/a><\/div><\/div><\/div><\/div><\/div><div class=\"g-cols wpb_row via_flex valign_top type_default stacking_default\"><div class=\"vc_col-sm-12 wpb_column vc_column_container\"><div class=\"vc_column-inner\"><div class=\"wpb_wrapper\"><div class=\"wpb_text_column\"><div class=\"wpb_wrapper\"><h3>E.16 Elevador de nitr\u00f3geno<\/h3>\n<p>Dimensi\u00f3n y detalles de producto del elevador de nitr\u00f3geno E.16 de DADCO El E.61 tiene un cuerpo roscado, pist\u00f3n con punta redondeada y coincide con el est\u00e1ndar Europeo VDI-BAK y el est\u00e1ndar Ford WDX35-70.<\/p>\n<\/div><\/div><div class=\"w-btn-wrapper align_none\"><a class=\"w-btn us-btn-style_1\" target=\"_blank\" href=\"https:\/\/dadco.net\/wp-content\/uploads\/2013\/02\/e16_bulletin.pdf\"><span class=\"w-btn-label\">E.16 Elevador de nitr\u00f3geno<\/span><\/a><\/div><\/div><\/div><\/div><\/div><div class=\"g-cols wpb_row via_flex valign_top type_default stacking_default\"><div class=\"vc_col-sm-12 wpb_column vc_column_container\"><div class=\"vc_column-inner\"><div class=\"wpb_wrapper\"><div class=\"wpb_text_column\"><div class=\"wpb_wrapper\"><h3>E.24 Elevador de nitr\u00f3geno<\/h3>\n<p>Dimensi\u00f3n y detalles de producto del elevador de nitr\u00f3geno E.24 de DADCO El E.24 tiene un cuerpo roscado M24, pist\u00f3n con punta redondeada y coincide con el est\u00e1ndar Europeo VDI-BAK y el est\u00e1ndar Ford WDX35-70.<\/p>\n<\/div><\/div><div class=\"w-btn-wrapper align_none\"><a class=\"w-btn us-btn-style_1\" target=\"_blank\" href=\"https:\/\/dadco.net\/wp-content\/uploads\/2013\/02\/e16_bulletin.pdf\"><span class=\"w-btn-label\">E.24 Elevador de nitr\u00f3geno<\/span><\/a><\/div><\/div><\/div><\/div><\/div><div class=\"g-cols wpb_row via_flex valign_top type_default stacking_default\"><div class=\"vc_col-sm-12 wpb_column vc_column_container\"><div class=\"vc_column-inner\"><div class=\"wpb_wrapper\"><div class=\"wpb_text_column\"><div class=\"wpb_wrapper\"><h3>E.16.TB5<\/h3>\n<p>Tama\u00f1o y detalles del elevador de nitr\u00f3geno E.16 con cuerpo roscado TB5. El E.16.TB5 reemplaza al GC.045.015.TB5 y cumple con la norma de dise\u00f1o de troqueles de GM.<\/p>\n<\/div><\/div><div class=\"w-btn-wrapper align_none\"><a class=\"w-btn us-btn-style_1\" target=\"_blank\" href=\"https:\/\/dadco.net\/wp-content\/uploads\/2018\/08\/E.16.TB5_bulletin.pdf\"><span class=\"w-btn-label\">E.16.TB5<\/span><\/a><\/div><\/div><\/div><\/div><\/div><div class=\"g-cols wpb_row via_flex valign_top type_default stacking_default\"><div class=\"vc_col-sm-12 wpb_column vc_column_container\"><div class=\"vc_column-inner\"><div class=\"wpb_wrapper\"><div class=\"wpb_text_column\"><div class=\"wpb_wrapper\"><h3>Micro 90<sup>\u00ae<\/sup> \u2013 Cuerpo roscado TB3<\/h3>\n<p>Dimensi\u00f3n y detalles de producto del resorte de nitr\u00f3geno Micro 90<sup>\u00ae<\/sup> \u2013 Cuerpo roscado TB3<\/p>\n<\/div><\/div><div class=\"w-btn-wrapper align_none\"><a class=\"w-btn us-btn-style_1\" target=\"_blank\" href=\"https:\/\/dadco.net\/wp-content\/uploads\/2013\/02\/c.90.tb3_.pdf\"><span class=\"w-btn-label\">Micro 90\u00ae \u2013 Cuerpo roscado TB3<\/span><\/a><\/div><\/div><\/div><\/div><\/div><div class=\"g-cols wpb_row via_flex valign_top type_default stacking_default\"><div class=\"vc_col-sm-12 wpb_column vc_column_container\"><div class=\"vc_column-inner\"><div class=\"wpb_wrapper\"><div class=\"wpb_text_column\"><div class=\"wpb_wrapper\"><h3>Micro 90 <sup>\u00ae<\/sup> con buje extendido<\/h3>\n<p>Dimensi\u00f3n y detalles de producto del Micro 90<sup>\u00ae<\/sup> con buje extendido y cuerpo roscado TB2<\/p>\n<\/div><\/div><div class=\"w-btn-wrapper align_none\"><a class=\"w-btn us-btn-style_1\" target=\"_blank\" href=\"https:\/\/dadco.net\/wp-content\/uploads\/2013\/02\/micro90_extended.pdf\"><span class=\"w-btn-label\">Micro 90 \u00ae con buje extendido<\/span><\/a><\/div><\/div><\/div><\/div><\/div><div class=\"g-cols wpb_row via_flex valign_top type_default stacking_default\"><div class=\"vc_col-sm-12 wpb_column vc_column_container\"><div class=\"vc_column-inner\"><div class=\"wpb_wrapper\"><div class=\"wpb_text_column\"><div class=\"wpb_wrapper\"><h3>Accesorios para las series Micro<\/h3>\n<p>Informaci\u00f3n sobre accesorios opcionales para resortes de nitr\u00f3geno de las series micro (C) incluyendo la cubierta protectora (wiper cap) C.180 y los insertos protectores del v\u00e1stago (bumpers) C.090.<\/p>\n<\/div><\/div><div class=\"w-btn-wrapper align_none\"><a class=\"w-btn us-btn-style_1\" target=\"_blank\" href=\"https:\/\/dadco.net\/wp-content\/uploads\/2013\/02\/micrptions.pdf\"><span class=\"w-btn-label\">Accesorios para las series Micro<\/span><\/a><\/div><\/div><\/div><\/div><\/div><\/div><\/div><\/div><div class=\"w-tabs-section\" id=\"mab5\"><button class=\"w-tabs-section-header\" aria-controls=\"content-mab5\" aria-expanded=\"false\"><h2 class=\"w-tabs-section-title\">L \/LJ \/U<\/h2><div class=\"w-tabs-section-control\"><\/div><\/button><div  class=\"w-tabs-section-content\" id=\"content-mab5\"><div class=\"w-tabs-section-content-h i-cf\"><div class=\"g-cols wpb_row via_flex valign_top type_default stacking_default\"><div class=\"vc_col-sm-12 wpb_column vc_column_container\"><div class=\"vc_column-inner\"><div class=\"wpb_wrapper\"><div class=\"wpb_text_column\"><div class=\"wpb_wrapper\"><h3>LJ.750.TC1<\/h3>\n<p>Dimensi\u00f3n y detalles de producto del resorte de nitr\u00f3geno LJ.750 con montaje TC1<\/p>\n<\/div><\/div><div class=\"w-btn-wrapper align_none\"><a class=\"w-btn us-btn-style_1\" target=\"_blank\" href=\"https:\/\/dadco.net\/wp-content\/uploads\/2013\/02\/lj_750_tc1mount.pdf\"><span class=\"w-btn-label\">LJ.750.TC1<\/span><\/a><\/div><\/div><\/div><\/div><\/div><div class=\"g-cols wpb_row via_flex valign_top type_default stacking_default\"><div class=\"vc_col-sm-12 wpb_column vc_column_container\"><div class=\"vc_column-inner\"><div class=\"wpb_wrapper\"><div class=\"wpb_text_column\"><div class=\"wpb_wrapper\"><h3>Resorte de Nitr\u00f3geno U.0600.TP<\/h3>\n<p>Dimensi\u00f3n y detalles de producto del modelo de resortes de nitr\u00f3geno U.0600.TP de DADCO que coincide con el modelo anterior. Se usa para actualizaciones \u00fanicamente<\/p>\n<\/div><\/div><div class=\"w-btn-wrapper align_none\"><a class=\"w-btn us-btn-style_1\" target=\"_blank\" href=\"https:\/\/dadco.net\/wp-content\/uploads\/2013\/02\/U.0600_mounting-hole-retrofit1.pdf\"><span class=\"w-btn-label\">Resorte de Nitr\u00f3geno U.0600.TP<\/span><\/a><\/div><\/div><\/div><\/div><\/div><\/div><\/div><\/div><div class=\"w-tabs-section\" id=\"zaa6\"><button class=\"w-tabs-section-header\" aria-controls=\"content-zaa6\" aria-expanded=\"false\"><h2 class=\"w-tabs-section-title\">Soportes para montaje y accesorios<\/h2><div class=\"w-tabs-section-control\"><\/div><\/button><div  class=\"w-tabs-section-content\" id=\"content-zaa6\"><div class=\"w-tabs-section-content-h i-cf\"><div class=\"g-cols wpb_row via_flex valign_top type_default stacking_default\"><div class=\"vc_col-sm-12 wpb_column vc_column_container\"><div class=\"vc_column-inner\"><div class=\"wpb_wrapper\"><div class=\"wpb_text_column\"><div class=\"wpb_wrapper\"><h3>Herramienta de instalaci\u00f3n del anillo de montaje<\/h3>\n<p>Herramienta de instalaci\u00f3n que se utiliza para insertar el anillo de montaje en la ranura de montaje de los montajes B41\/B42 de los resortes de nitr\u00f3geno de la Serie UT de DADCO.<\/p>\n<\/div><\/div><div class=\"w-btn-wrapper align_none\"><a class=\"w-btn us-btn-style_1\" target=\"_blank\" href=\"https:\/\/dadco.net\/wp-content\/uploads\/2016\/11\/mount_ring_installation_tool.pdf\"><span class=\"w-btn-label\">Herramienta de instalaci\u00f3n del anillo de montaje<\/span><\/a><\/div><\/div><\/div><\/div><\/div><div class=\"g-cols wpb_row via_flex valign_top type_default stacking_default\"><div class=\"vc_col-sm-12 wpb_column vc_column_container\"><div class=\"vc_column-inner\"><div class=\"wpb_wrapper\"><div class=\"wpb_text_column\"><div class=\"wpb_wrapper\"><h3>Montaje ajustable BTF (B14\/90.14)<\/h3>\n<p>El estilo de montaje TF est\u00e1 disponible como un montaje ajustable. Los detalles incluyen dimensiones e informaci\u00f3n para colocar pedidos.<\/p>\n<\/div><\/div><div class=\"w-btn-wrapper align_none\"><a class=\"w-btn us-btn-style_1\" target=\"_blank\" href=\"https:\/\/dadco.net\/wp-content\/uploads\/2013\/02\/btf_-mount.pdf\"><span class=\"w-btn-label\">Montaje ajustable BTF<\/span><\/a><\/div><\/div><\/div><\/div><\/div><div class=\"g-cols wpb_row via_flex valign_top type_default stacking_default\"><div class=\"vc_col-sm-12 wpb_column vc_column_container\"><div class=\"vc_column-inner\"><div class=\"wpb_wrapper\"><div class=\"wpb_text_column\"><div class=\"wpb_wrapper\"><h3>Compact Split Flange Mount (B30\/90.30)<\/h3>\n<p>El montaje B30 es un montaje compacto con brida que utiliza la ranura inferior para su instalaci\u00f3n<\/p>\n<\/div><\/div><div class=\"w-btn-wrapper align_none\"><a class=\"w-btn us-btn-style_1\" target=\"_blank\" href=\"https:\/\/dadco.net\/wp-content\/uploads\/2019\/05\/90_30_mount.pdf\"><span class=\"w-btn-label\">Compact Split Flange Mount (B30\/90.30)<\/span><\/a><\/div><\/div><\/div><\/div><\/div><div class=\"g-cols wpb_row via_flex valign_top type_default stacking_default\"><div class=\"vc_col-sm-12 wpb_column vc_column_container\"><div class=\"vc_column-inner\"><div class=\"wpb_wrapper\"><div class=\"wpb_text_column\"><div class=\"wpb_wrapper\"><h3>Montaje ajustable (B31\/90.31)<\/h3>\n<p>El montaje B31\/90.31 es un soporte ajustable con las de dimensiones y tama\u00f1o exactos al montaje soldado TSW<\/p>\n<\/div><\/div><div class=\"w-btn-wrapper align_none\"><a class=\"w-btn us-btn-style_1\" target=\"_blank\" href=\"https:\/\/dadco.net\/wp-content\/uploads\/2013\/02\/90_31_flyer.pdf\"><span class=\"w-btn-label\">Montaje ajustable (B31\/90.31)<\/span><\/a><\/div><\/div><\/div><\/div><\/div><div class=\"g-cols wpb_row via_flex valign_top type_default stacking_default\"><div class=\"vc_col-sm-12 wpb_column vc_column_container\"><div class=\"vc_column-inner\"><div class=\"wpb_wrapper\"><div class=\"wpb_text_column\"><div class=\"wpb_wrapper\"><h3>Cintur\u00f3n de ajuste<\/h3>\n<p>Este bolet\u00edn proporciona informaci\u00f3n sobre el perno del cintur\u00f3n de ajuste y el juego de anillos de uretano que se utiliza para fijar los resortes de nitr\u00f3geno en la bolsa sin componentes de montaje adicionales Cintur\u00f3n de ajuste<\/p>\n<\/div><\/div><div class=\"w-btn-wrapper align_none\"><a class=\"w-btn us-btn-style_1\" target=\"_blank\" href=\"https:\/\/dadco.net\/wp-content\/uploads\/2013\/02\/cinch_lock_reva.pdf\"><span class=\"w-btn-label\">Cintur\u00f3n de ajuste<\/span><\/a><\/div><\/div><\/div><\/div><\/div><div class=\"g-cols wpb_row via_flex valign_top type_default stacking_default\"><div class=\"vc_col-sm-12 wpb_column vc_column_container\"><div class=\"vc_column-inner\"><div class=\"wpb_wrapper\"><div class=\"wpb_text_column\"><div class=\"wpb_wrapper\"><h3>Cubierta del v\u00e1stago<\/h3>\n<p>El bolet\u00edn ofrece detalles e instrucciones de instalaci\u00f3n para la cubierta opcional del v\u00e1stago utilizada en ambientes hostiles para evitar la corrosi\u00f3n.<\/p>\n<\/div><\/div><div class=\"w-btn-wrapper align_none\"><a class=\"w-btn us-btn-style_1\" target=\"_blank\" href=\"https:\/\/dadco.net\/wp-content\/uploads\/2013\/03\/rod_cover_installation.pdf\"><span class=\"w-btn-label\">Cubierta del v\u00e1stago<\/span><\/a><\/div><\/div><\/div><\/div><\/div><div class=\"g-cols wpb_row via_flex valign_top type_default stacking_default\"><div class=\"vc_col-sm-12 wpb_column vc_column_container\"><div class=\"vc_column-inner\"><div class=\"wpb_wrapper\"><div class=\"wpb_text_column\"><div class=\"wpb_wrapper\"><h3>Bloques de elevaci\u00f3n de DADCO<\/h3>\n<p>Planos detallados con dimensiones para tres bloques verticales est\u00e1ndar para el panel de control com\u00fan<\/p>\n<\/div><\/div><div class=\"w-btn-wrapper align_none\"><a class=\"w-btn us-btn-style_1\" target=\"_blank\" href=\"https:\/\/dadco.net\/wp-content\/uploads\/2013\/02\/riser_block4.pdf\"><span class=\"w-btn-label\">Bloques de elevaci\u00f3n de DADCO<\/span><\/a><\/div><\/div><\/div><\/div><\/div><div class=\"g-cols wpb_row via_flex valign_top type_default stacking_default\"><div class=\"vc_col-sm-12 wpb_column vc_column_container\"><div class=\"vc_column-inner\"><div class=\"wpb_wrapper\"><div class=\"wpb_text_column\"><div class=\"wpb_wrapper\"><h3>Bloques TEC para almacenar troqueles<\/h3>\n<p>Detalles sobre los bloques de almacenamiento TEC que se utilizan para separar los troqueles durante el almacenamiento<\/p>\n<\/div><\/div><div class=\"w-btn-wrapper align_none\"><a class=\"w-btn us-btn-style_1\" target=\"_blank\" href=\"https:\/\/dadco.net\/wp-content\/uploads\/2013\/02\/tec_diestorageblocks.pdf\"><span class=\"w-btn-label\">Bloques TEC para almacenar troqueles<\/span><\/a><\/div><\/div><\/div><\/div><\/div><div class=\"g-cols wpb_row via_flex valign_top type_default stacking_default\"><div class=\"vc_col-sm-12 wpb_column vc_column_container\"><div class=\"vc_column-inner\"><div class=\"wpb_wrapper\"><div class=\"wpb_text_column\"><div class=\"wpb_wrapper\"><h3>Bloque de distribuci\u00f3n<\/h3>\n<p>Detalles de la variedad de bloques de distribuci\u00f3n e informaci\u00f3n sobre c\u00f3mo se utilizan en las operaciones interconectadas<\/p>\n<\/div><\/div><div class=\"w-btn-wrapper align_none\"><a class=\"w-btn us-btn-style_1\" target=\"_blank\" href=\"https:\/\/dadco.net\/wp-content\/uploads\/2013\/02\/distblock_bulletin4.pdf\"><span class=\"w-btn-label\">Bloque de distribuci\u00f3n<\/span><\/a><\/div><\/div><\/div><\/div><\/div><div class=\"g-cols wpb_row via_flex valign_top type_default stacking_default\"><div class=\"vc_col-sm-12 wpb_column vc_column_container\"><div class=\"vc_column-inner\"><div class=\"wpb_wrapper\"><div class=\"wpb_text_column\"><div class=\"wpb_wrapper\"><h3>Bloque de distribuci\u00f3n<\/h3>\n<p>Detalles de la variedad de bloques de distribuci\u00f3n e informaci\u00f3n sobre c\u00f3mo se utilizan en las operaciones interconectadas<\/p>\n<\/div><\/div><div class=\"w-btn-wrapper align_none\"><a class=\"w-btn us-btn-style_1\" target=\"_blank\" href=\"https:\/\/dadco.net\/wp-content\/uploads\/2013\/02\/distblock_bulletin4.pdf\"><span class=\"w-btn-label\">Bloque de distribuci\u00f3n<\/span><\/a><\/div><\/div><\/div><\/div><\/div><\/div><\/div><\/div><\/div><\/div><\/div><\/div><\/div><\/div><\/div><\/section>\n","protected":false},"excerpt":{"rendered":"Serie MicroMicro 45\u00ae Micro Manga Dimensi\u00f3n y detalles de producto de la Micro Manga dise\u00f1ada para aumentar el di\u00e1metro del resorte de nitr\u00f3geno Micro 45\u00ae para los clientes que tienen bolsas de 13 mm o \u00bd pulgada. Micro 45\u00ae Micro MangaMicro 45\u00ae Montaje con tensi\u00f3n Informaci\u00f3n detallada y de dimensi\u00f3n del montaje de tensi\u00f3n para...","protected":false},"author":1,"featured_media":0,"parent":14508,"menu_order":6,"comment_status":"closed","ping_status":"closed","template":"","meta":{"_acf_changed":false,"footnotes":""},"class_list":["post-28898","page","type-page","status-publish","hentry"],"acf":[],"_links":{"self":[{"href":"https:\/\/www.dadco.net\/es\/wp-json\/wp\/v2\/pages\/28898","targetHints":{"allow":["GET"]}}],"collection":[{"href":"https:\/\/www.dadco.net\/es\/wp-json\/wp\/v2\/pages"}],"about":[{"href":"https:\/\/www.dadco.net\/es\/wp-json\/wp\/v2\/types\/page"}],"author":[{"embeddable":true,"href":"https:\/\/www.dadco.net\/es\/wp-json\/wp\/v2\/users\/1"}],"replies":[{"embeddable":true,"href":"https:\/\/www.dadco.net\/es\/wp-json\/wp\/v2\/comments?post=28898"}],"version-history":[{"count":2,"href":"https:\/\/www.dadco.net\/es\/wp-json\/wp\/v2\/pages\/28898\/revisions"}],"predecessor-version":[{"id":28900,"href":"https:\/\/www.dadco.net\/es\/wp-json\/wp\/v2\/pages\/28898\/revisions\/28900"}],"up":[{"embeddable":true,"href":"https:\/\/www.dadco.net\/es\/wp-json\/wp\/v2\/pages\/14508"}],"wp:attachment":[{"href":"https:\/\/www.dadco.net\/es\/wp-json\/wp\/v2\/media?parent=28898"}],"curies":[{"name":"wp","href":"https:\/\/api.w.org\/{rel}","templated":true}]}}