{"id":18943,"date":"2023-07-07T15:48:10","date_gmt":"2023-07-07T19:48:10","guid":{"rendered":"https:\/\/www.dadco.net\/soporte\/sistemas-de-retorno-retardado\/"},"modified":"2024-09-24T12:32:06","modified_gmt":"2024-09-24T16:32:06","slug":"sistemas-de-retorno-retardado","status":"publish","type":"page","link":"https:\/\/www.dadco.net\/es\/soporte\/sistemas-de-retorno-retardado\/","title":{"rendered":"Sistemas de Retorno Retardado"},"content":{"rendered":"<section class=\"l-section wpb_row height_medium\"><div class=\"l-section-h i-cf\"><div class=\"g-cols vc_row via_flex valign_top type_default stacking_default\"><div class=\"vc_col-sm-12 wpb_column vc_column_container\"><div class=\"vc_column-inner\"><div class=\"wpb_wrapper\"><h1 class=\"w-post-elm post_custom_field us_custom_eb849559 type_text h1_title color_link_inherit\"><span class=\"w-post-elm-value\">Sistema de Retorno Retardado (DRS)<\/span><\/h1><\/div><\/div><\/div><\/div><\/div><\/section><section class=\"l-section wpb_row height_medium\"><div class=\"l-section-h i-cf\"><div class=\"g-cols vc_row via_flex valign_top type_default stacking_default\"><div class=\"vc_col-sm-12 wpb_column vc_column_container\"><div class=\"vc_column-inner\"><div class=\"wpb_wrapper\"><div class=\"w-tabs layout_hor style_modern switch_click has_scrolling\" style=\"--sections-title-size:1.1rem\"><div class=\"w-tabs-list items_1 align_none\" style=\"font-family:var(--h1-font-family);\"><div class=\"w-tabs-list-h\"><button class=\"w-tabs-item active defined-active\" aria-controls=\"content-ma44\" aria-expanded=\"true\"><span class=\"w-tabs-item-title\">Instalaci\u00f3n, operaci\u00f3n y mantenimiento<\/span><\/button><\/div><\/div><div class=\"w-tabs-sections titles-align_none icon_plus cpos_right\"><div class=\"w-tabs-section active\" id=\"ma44\"><button class=\"w-tabs-section-header active\" aria-controls=\"content-ma44\" aria-expanded=\"true\"><h2 class=\"w-tabs-section-title\">Instalaci\u00f3n, operaci\u00f3n y mantenimiento<\/h2><div class=\"w-tabs-section-control\"><\/div><\/button><div  class=\"w-tabs-section-content\" id=\"content-ma44\"><div class=\"w-tabs-section-content-h i-cf\"><div class=\"g-cols wpb_row via_flex valign_top type_default stacking_default\"><div class=\"vc_col-sm-12 wpb_column vc_column_container\"><div class=\"vc_column-inner\"><div class=\"wpb_wrapper\"><div class=\"w-btn-wrapper align_none\"><a class=\"w-btn us-btn-style_1\" target=\"_blank\" rel=\"nofollow\" href=\"https:\/\/www.dadco.net\/wp-content\/uploads\/2023\/08\/Spanish-DRS.pdf\"><span class=\"w-btn-label\">Manual de instalaci\u00f3n y mantenimiento del DRS<\/span><\/a><\/div><div class=\"w-btn-wrapper align_none\"><a class=\"w-btn us-btn-style_1\" target=\"_blank\" href=\"https:\/\/youtu.be\/q5mq8SnpBxU\"><span class=\"w-btn-label\">V\u00eddeo de demostraci\u00f3n<\/span><\/a><\/div><div class=\"w-btn-wrapper align_none\"><a class=\"w-btn us-btn-style_1\" target=\"_blank\" href=\"https:\/\/youtu.be\/6Uz98CZF-P4\"><span class=\"w-btn-label\">Video de mantenimiento y llenado del DRS<\/span><\/a><\/div><\/div><\/div><\/div><\/div><\/div><\/div><\/div><\/div><\/div><\/div><\/div><\/div><\/div><\/div><\/section>\n","protected":false},"excerpt":{"rendered":"Sistema de Retorno Retardado (DRS)Instalaci\u00f3n, operaci\u00f3n y mantenimientoInstalaci\u00f3n, operaci\u00f3n y mantenimientoManual de instalaci\u00f3n y mantenimiento del DRSV\u00eddeo de demostraci\u00f3nVideo de mantenimiento y llenado del DRS","protected":false},"author":1,"featured_media":0,"parent":14508,"menu_order":0,"comment_status":"closed","ping_status":"closed","template":"","meta":{"footnotes":""},"class_list":["post-18943","page","type-page","status-publish","hentry"],"acf":[],"_links":{"self":[{"href":"https:\/\/www.dadco.net\/es\/wp-json\/wp\/v2\/pages\/18943","targetHints":{"allow":["GET"]}}],"collection":[{"href":"https:\/\/www.dadco.net\/es\/wp-json\/wp\/v2\/pages"}],"about":[{"href":"https:\/\/www.dadco.net\/es\/wp-json\/wp\/v2\/types\/page"}],"author":[{"embeddable":true,"href":"https:\/\/www.dadco.net\/es\/wp-json\/wp\/v2\/users\/1"}],"replies":[{"embeddable":true,"href":"https:\/\/www.dadco.net\/es\/wp-json\/wp\/v2\/comments?post=18943"}],"version-history":[{"count":5,"href":"https:\/\/www.dadco.net\/es\/wp-json\/wp\/v2\/pages\/18943\/revisions"}],"predecessor-version":[{"id":32051,"href":"https:\/\/www.dadco.net\/es\/wp-json\/wp\/v2\/pages\/18943\/revisions\/32051"}],"up":[{"embeddable":true,"href":"https:\/\/www.dadco.net\/es\/wp-json\/wp\/v2\/pages\/14508"}],"wp:attachment":[{"href":"https:\/\/www.dadco.net\/es\/wp-json\/wp\/v2\/media?parent=18943"}],"curies":[{"name":"wp","href":"https:\/\/api.w.org\/{rel}","templated":true}]}}