{"id":17448,"date":"2022-09-09T01:50:08","date_gmt":"2022-09-09T01:50:08","guid":{"rendered":"https:\/\/www.dadco.net\/soporte\/hp-air-cylinders-maintenance-and-installation\/"},"modified":"2023-11-09T20:36:19","modified_gmt":"2023-11-09T20:36:19","slug":"hp-air-cylinders-maintenance-and-installation","status":"publish","type":"page","link":"https:\/\/www.dadco.net\/es\/soporte\/hp-air-cylinders-maintenance-and-installation\/","title":{"rendered":"HP Air Cylinders Maintenance and Installation"},"content":{"rendered":"<section class=\"l-section wpb_row height_auto\"><div class=\"l-section-h i-cf\"><div class=\"g-cols vc_row via_flex valign_top type_default stacking_default\"><div class=\"vc_col-sm-12 wpb_column vc_column_container\"><div class=\"vc_column-inner\"><div class=\"wpb_wrapper\"><div class=\"w-tabs style_default switch_click accordion has_scrolling\"><div class=\"w-tabs-sections titles-align_none icon_chevron cpos_right\"><div class=\"w-tabs-section active\" id=\"a987\"><button class=\"w-tabs-section-header active\" aria-controls=\"content-a987\" aria-expanded=\"true\"><h2 class=\"w-tabs-section-title\">Mantenimiento e instalaci\u00f3n<\/h2><div class=\"w-tabs-section-control\"><\/div><\/button><div  class=\"w-tabs-section-content\" id=\"content-a987\"><div class=\"w-tabs-section-content-h i-cf\"><div class=\"g-cols wpb_row via_flex valign_top type_default stacking_default\"><div class=\"vc_col-sm-12 wpb_column vc_column_container\"><div class=\"vc_column-inner\"><div class=\"wpb_wrapper\"><div class=\"wpb_text_column\"><div class=\"wpb_wrapper\"><h3>Instalaci\u00f3n del kit de reparaci\u00f3n de cilindros de aire HP<\/h3>\n<p>Una sencilla gu\u00eda de mantenimiento paso a paso para la instalaci\u00f3n del kit de reparaci\u00f3n de la serie HP (di\u00e1metro interior 40 mm \u2013 125 mm).<\/p>\n<p><a title=\"Haga clic aqu\u00ed para ver la lista de piezas para di\u00e1metros interiores de 160 mm \u2013 250 mm.\" href=\"https:\/\/www.dadco.nett\/wp-content\/uploads\/2013\/02\/hp_parts_160-250.pdf\" target=\"_blank\" rel=\"noopener\">Haga clic aqu\u00ed para ver la lista de piezas para di\u00e1metros interiores de 160 mm \u2013 250 mm.<\/a><\/p>\n<\/div><\/div><div class=\"w-btn-wrapper align_none\"><a class=\"w-btn us-btn-style_1\" target=\"_blank\" href=\"https:\/\/dadco.net\/wp-content\/uploads\/2013\/02\/hp_repair_kit-bulletin_revB4.pdf\"><span class=\"w-btn-label\">Instalaci\u00f3n del kit de reparaci\u00f3n de cilindros de aire HP<\/span><\/a><\/div><\/div><\/div><\/div><\/div><div class=\"g-cols wpb_row via_flex valign_top type_default stacking_default\"><div class=\"vc_col-sm-12 wpb_column vc_column_container\"><div class=\"vc_column-inner\"><div class=\"wpb_wrapper\"><div class=\"wpb_text_column\"><div class=\"wpb_wrapper\"><h3>Instalaci\u00f3n del kit de juntas del cilindro HP de Aire<\/h3>\n<p>Una sencilla gu\u00eda de mantenimiento paso a paso para la instalaci\u00f3n del kit de juntas de la serie HP.<\/p>\n<\/div><\/div><div class=\"w-btn-wrapper align_none\"><a class=\"w-btn us-btn-style_1\" target=\"_blank\" href=\"https:\/\/dadco.net\/wp-content\/uploads\/2013\/02\/hp_sealrepair_revb.pdf\"><span class=\"w-btn-label\">Instalaci\u00f3n del kit de juntas del cilindro HP de Aire<\/span><\/a><\/div><\/div><\/div><\/div><\/div><div class=\"g-cols wpb_row via_flex valign_top type_default stacking_default\"><div class=\"vc_col-sm-12 wpb_column vc_column_container\"><div class=\"vc_column-inner\"><div class=\"wpb_wrapper\"><div class=\"wpb_text_column\"><div class=\"wpb_wrapper\"><h3>Instalaci\u00f3n del kit de juntas del cilindro HP de Aire HP.N<\/h3>\n<p>Una sencilla gu\u00eda de mantenimiento paso a paso para la instalaci\u00f3n del kit de juntas de la serie HP.N.<\/p>\n<\/div><\/div><div class=\"w-btn-wrapper align_none\"><a class=\"w-btn us-btn-style_1\" target=\"_blank\" href=\"https:\/\/dadco.net\/wp-content\/uploads\/2013\/03\/hpn_repair_reva.pdf\"><span class=\"w-btn-label\">Instalaci\u00f3n del kit de juntas del cilindro HP de Aire HP.N<\/span><\/a><\/div><\/div><\/div><\/div><\/div><\/div><\/div><\/div><div class=\"w-tabs-section\" id=\"ed06\"><button class=\"w-tabs-section-header\" aria-controls=\"content-ed06\" aria-expanded=\"false\"><h2 class=\"w-tabs-section-title\">Accesorios<\/h2><div class=\"w-tabs-section-control\"><\/div><\/button><div  class=\"w-tabs-section-content\" id=\"content-ed06\"><div class=\"w-tabs-section-content-h i-cf\"><div class=\"g-cols wpb_row via_flex valign_top type_default stacking_default\"><div class=\"vc_col-sm-12 wpb_column vc_column_container\"><div class=\"vc_column-inner\"><div class=\"wpb_wrapper\"><div class=\"wpb_text_column\"><div class=\"wpb_wrapper\"><h3>Modificaci\u00f3n de la placa de elevaci\u00f3n directa con de postes HP<\/h3>\n<p>Instrucciones para utilizar la llave para quitar la placa superior.<\/p>\n<\/div><\/div><div class=\"w-btn-wrapper align_none\"><a class=\"w-btn us-btn-style_1\" target=\"_blank\" href=\"https:\/\/dadco.net\/wp-content\/uploads\/2013\/02\/hp_Lift.pdf\"><span class=\"w-btn-label\">Modificaci\u00f3n de la placa de elevaci\u00f3n directa con de postes HP<\/span><\/a><\/div><\/div><\/div><\/div><\/div><\/div><\/div><\/div><\/div><\/div><\/div><\/div><\/div><\/div><\/div><\/section>\n","protected":false},"excerpt":{"rendered":"Mantenimiento e instalaci\u00f3nInstalaci\u00f3n del kit de reparaci\u00f3n de cilindros de aire HP Una sencilla gu\u00eda de mantenimiento paso a paso para la instalaci\u00f3n del kit de reparaci\u00f3n de la serie HP (di\u00e1metro interior 40 mm \u2013 125 mm). Haga clic aqu\u00ed para ver la lista de piezas para di\u00e1metros interiores de 160 mm \u2013 250...","protected":false},"author":1,"featured_media":0,"parent":14508,"menu_order":8,"comment_status":"closed","ping_status":"closed","template":"","meta":{"footnotes":""},"class_list":["post-17448","page","type-page","status-publish","hentry"],"acf":[],"_links":{"self":[{"href":"https:\/\/www.dadco.net\/es\/wp-json\/wp\/v2\/pages\/17448","targetHints":{"allow":["GET"]}}],"collection":[{"href":"https:\/\/www.dadco.net\/es\/wp-json\/wp\/v2\/pages"}],"about":[{"href":"https:\/\/www.dadco.net\/es\/wp-json\/wp\/v2\/types\/page"}],"author":[{"embeddable":true,"href":"https:\/\/www.dadco.net\/es\/wp-json\/wp\/v2\/users\/1"}],"replies":[{"embeddable":true,"href":"https:\/\/www.dadco.net\/es\/wp-json\/wp\/v2\/comments?post=17448"}],"version-history":[{"count":5,"href":"https:\/\/www.dadco.net\/es\/wp-json\/wp\/v2\/pages\/17448\/revisions"}],"predecessor-version":[{"id":28908,"href":"https:\/\/www.dadco.net\/es\/wp-json\/wp\/v2\/pages\/17448\/revisions\/28908"}],"up":[{"embeddable":true,"href":"https:\/\/www.dadco.net\/es\/wp-json\/wp\/v2\/pages\/14508"}],"wp:attachment":[{"href":"https:\/\/www.dadco.net\/es\/wp-json\/wp\/v2\/media?parent=17448"}],"curies":[{"name":"wp","href":"https:\/\/api.w.org\/{rel}","templated":true}]}}