{"id":15206,"date":"2023-05-18T15:38:34","date_gmt":"2023-05-18T15:38:34","guid":{"rendered":"https:\/\/www.dadco.net\/productos\/drs\/"},"modified":"2023-12-27T13:36:56","modified_gmt":"2023-12-27T18:36:56","slug":"drs","status":"publish","type":"page","link":"https:\/\/www.dadco.net\/es\/productos\/drs\/","title":{"rendered":"Sistema de Retorno Retardado (DRS)"},"content":{"rendered":"<section class=\"l-section wpb_row height_auto\"><div class=\"l-section-h i-cf\"><div class=\"g-cols vc_row via_flex valign_top type_default stacking_default\"><div class=\"vc_col-sm-12 wpb_column vc_column_container\"><div class=\"vc_column-inner\"><div class=\"wpb_wrapper\"><div class=\"w-tabs style_default switch_click accordion has_scrolling\"><div class=\"w-tabs-sections titles-align_none icon_chevron cpos_right\"><div class=\"w-tabs-section active\" id=\"i7d6\"><button class=\"w-tabs-section-header active\" aria-controls=\"content-i7d6\" aria-expanded=\"true\"><h2 class=\"w-tabs-section-title\">Sistema de Retorno Retardado (DRS)<\/h2><div class=\"w-tabs-section-control\"><\/div><\/button><div  class=\"w-tabs-section-content\" id=\"content-i7d6\"><div class=\"w-tabs-section-content-h i-cf\"><div class=\"g-cols wpb_row via_flex valign_top type_default stacking_default\"><div class=\"vc_col-sm-12 wpb_column vc_column_container\"><div class=\"vc_column-inner\"><div class=\"wpb_wrapper\"><div class=\"wpb_text_column\"><div class=\"wpb_wrapper\"><p style=\"text-align: left;\"><img loading=\"lazy\" decoding=\"async\" class=\"alignright wp-image-2059\" src=\"https:\/\/www.dadco.net\/wp-content\/uploads\/2013\/03\/drs_system.gif\" alt=\"\" width=\"179\" height=\"130\">El Sistema de Retorno Retardado (DRS) de DADCO se usa en aplicaciones de troquel cuando es necesario que la carrera de retorno de los cilindros permanezca retra\u00edda durante la operaci\u00f3n. Este sistema de lubricaci\u00f3n personalizado hidr\u00e1ulico accionado por nitr\u00f3geno, permite que los cilindros hidr\u00e1ulicos funcionen como resortes de nitr\u00f3geno normales durante la carrera descendente, que permanezcan retra\u00eddos con m\u00ednima recuperaci\u00f3n el\u00e1stica mientras abre el troquel para evitar la deformaci\u00f3n de la pieza. Un DRS se compone de cuatro componentes principales: cilindro, acumulador, panel de control y manguera hidr\u00e1ulica con adaptadores  <\/p>\n<\/div><\/div><div class=\"w-btn-wrapper align_none\"><a class=\"w-btn us-btn-style_1\" target=\"_blank\" href=\"https:\/\/www.dadco.net\/wp-content\/uploads\/2023\/06\/spanish_drs_catalog.pdf\"><span class=\"w-btn-label\">PDF para imprimir<\/span><\/a><\/div><div class=\"w-btn-wrapper align_none\"><a class=\"w-btn us-btn-style_1\" target=\"_blank\" href=\"https:\/\/www.youtube.com\/watch?v=q5mq8SnpBxU\"><span class=\"w-btn-label\">Video<\/span><\/a><\/div><\/div><\/div><\/div><\/div><\/div><\/div><\/div><div class=\"w-tabs-section\" id=\"ae13\"><button class=\"w-tabs-section-header\" aria-controls=\"content-ae13\" aria-expanded=\"false\"><h2 class=\"w-tabs-section-title\">Instalaci\u00f3n y mantenimiento de DRS<\/h2><div class=\"w-tabs-section-control\"><\/div><\/button><div  class=\"w-tabs-section-content\" id=\"content-ae13\"><div class=\"w-tabs-section-content-h i-cf\"><div class=\"g-cols wpb_row via_flex valign_top type_default stacking_default\"><div class=\"vc_col-sm-12 wpb_column vc_column_container\"><div class=\"vc_column-inner\"><div class=\"wpb_wrapper\"><div class=\"wpb_text_column\"><div class=\"wpb_wrapper\"><p>Instrucciones detalladas para la instalaci\u00f3n y mantenimiento de los Sistemas de retorno retardado de DADCO. Debe leerse ANTES de su uso\/instalaci\u00f3n.<\/p>\n<\/div><\/div><div class=\"w-btn-wrapper align_none\"><a class=\"w-btn us-btn-style_1\" target=\"_blank\" href=\"https:\/\/www.dadco.net\/wp-content\/uploads\/2023\/08\/Spanish-DRS.pdf\"><span class=\"w-btn-label\">Manual de instalaci\u00f3n y mantenimiento del DRS<\/span><\/a><\/div><div class=\"w-btn-wrapper align_none\"><a class=\"w-btn us-btn-style_1\" target=\"_blank\" href=\"https:\/\/www.youtube.com\/watch?v=6Uz98CZF-P4\"><span class=\"w-btn-label\">Video<\/span><\/a><\/div><\/div><\/div><\/div><\/div><\/div><\/div><\/div><\/div><\/div><\/div><\/div><\/div><div class=\"vc_col-sm-12 wpb_column vc_column_container\"><div class=\"vc_column-inner\"><div class=\"wpb_wrapper\"><\/div><\/div><\/div><\/div><\/div><\/section>\n","protected":false},"excerpt":{"rendered":"Sistema de Retorno Retardado (DRS)El Sistema de Retorno Retardado (DRS) de DADCO se usa en aplicaciones de troquel cuando es necesario que la carrera de retorno de los cilindros permanezca retra\u00edda durante la operaci\u00f3n. Este sistema de lubricaci\u00f3n personalizado hidr\u00e1ulico accionado por nitr\u00f3geno, permite que los cilindros hidr\u00e1ulicos funcionen como resortes de nitr\u00f3geno normales durante...","protected":false},"author":1,"featured_media":0,"parent":14306,"menu_order":5,"comment_status":"closed","ping_status":"closed","template":"","meta":{"footnotes":""},"class_list":["post-15206","page","type-page","status-publish","hentry"],"acf":[],"_links":{"self":[{"href":"https:\/\/www.dadco.net\/es\/wp-json\/wp\/v2\/pages\/15206","targetHints":{"allow":["GET"]}}],"collection":[{"href":"https:\/\/www.dadco.net\/es\/wp-json\/wp\/v2\/pages"}],"about":[{"href":"https:\/\/www.dadco.net\/es\/wp-json\/wp\/v2\/types\/page"}],"author":[{"embeddable":true,"href":"https:\/\/www.dadco.net\/es\/wp-json\/wp\/v2\/users\/1"}],"replies":[{"embeddable":true,"href":"https:\/\/www.dadco.net\/es\/wp-json\/wp\/v2\/comments?post=15206"}],"version-history":[{"count":5,"href":"https:\/\/www.dadco.net\/es\/wp-json\/wp\/v2\/pages\/15206\/revisions"}],"predecessor-version":[{"id":30331,"href":"https:\/\/www.dadco.net\/es\/wp-json\/wp\/v2\/pages\/15206\/revisions\/30331"}],"up":[{"embeddable":true,"href":"https:\/\/www.dadco.net\/es\/wp-json\/wp\/v2\/pages\/14306"}],"wp:attachment":[{"href":"https:\/\/www.dadco.net\/es\/wp-json\/wp\/v2\/media?parent=15206"}],"curies":[{"name":"wp","href":"https:\/\/api.w.org\/{rel}","templated":true}]}}