{"id":15157,"date":"2022-09-09T01:49:58","date_gmt":"2022-09-09T01:49:58","guid":{"rendered":"https:\/\/www.dadco.net\/soporte\/elevadores-de-nitrogeno\/"},"modified":"2024-05-03T11:03:15","modified_gmt":"2024-05-03T15:03:15","slug":"elevadores-de-nitrogeno","status":"publish","type":"page","link":"https:\/\/www.dadco.net\/es\/soporte\/elevadores-de-nitrogeno\/","title":{"rendered":"Elevadores de nitr\u00f3geno"},"content":{"rendered":"<section class=\"l-section wpb_row height_medium\"><div class=\"l-section-h i-cf\"><div class=\"g-cols vc_row via_flex valign_top type_default stacking_default\"><div class=\"vc_col-sm-12 wpb_column vc_column_container\"><div class=\"vc_column-inner\"><div class=\"wpb_wrapper\"><h1 class=\"w-post-elm post_custom_field us_custom_eb849559 type_text h1_title color_link_inherit\"><span class=\"w-post-elm-value\">Elevadores de nitr\u00f3geno<\/span><\/h1><\/div><\/div><\/div><\/div><\/div><\/section><section class=\"l-section wpb_row height_medium\"><div class=\"l-section-h i-cf\"><div class=\"g-cols vc_row via_flex valign_top type_default stacking_default\"><div class=\"vc_col-sm-12 wpb_column vc_column_container\"><div class=\"vc_column-inner\"><div class=\"wpb_wrapper\"><div class=\"w-tabs layout_hor style_modern switch_click has_scrolling\" style=\"--sections-title-size:1.1rem\" data-accordion-at-width=\"768\"><div class=\"w-tabs-list items_3 align_none\" style=\"font-family:var(--h1-font-family);\"><div class=\"w-tabs-list-h\"><button class=\"w-tabs-item active defined-active\" aria-controls=\"content-c1ed\" aria-expanded=\"true\"><span class=\"w-tabs-item-title\">Instalaci\u00f3n y Operaci\u00f3n<\/span><\/button><button class=\"w-tabs-item\" aria-controls=\"content-i567\" aria-expanded=\"false\"><span class=\"w-tabs-item-title\">Accesorios<\/span><\/button><button class=\"w-tabs-item\" aria-controls=\"content-p7cb\" aria-expanded=\"false\"><span class=\"w-tabs-item-title\">Mantenimiento<\/span><\/button><\/div><\/div><div class=\"w-tabs-sections titles-align_none icon_plus cpos_right\"><div class=\"w-tabs-section active\" id=\"c1ed\"><button class=\"w-tabs-section-header active\" aria-controls=\"content-c1ed\" aria-expanded=\"true\"><h2 class=\"w-tabs-section-title\">Instalaci\u00f3n y Operaci\u00f3n<\/h2><div class=\"w-tabs-section-control\"><\/div><\/button><div  class=\"w-tabs-section-content\" id=\"content-c1ed\"><div class=\"w-tabs-section-content-h i-cf\"><div class=\"g-cols wpb_row via_flex valign_top type_default stacking_default\"><div class=\"vc_col-sm-12 wpb_column vc_column_container\"><div class=\"vc_column-inner\"><div class=\"wpb_wrapper\"><div class=\"w-btn-wrapper align_none\"><a class=\"w-btn us-btn-style_1\" target=\"_blank\" href=\"https:\/\/www.dadco.net\/wp-content\/uploads\/2023\/06\/span_lifter_operation_bulletin.pdf\"><span class=\"w-btn-label\">Instalaci\u00f3n y operaci\u00f3n del elevador<\/span><\/a><\/div><\/div><\/div><\/div><\/div><\/div><\/div><\/div><div class=\"w-tabs-section\" id=\"i567\"><button class=\"w-tabs-section-header\" aria-controls=\"content-i567\" aria-expanded=\"false\"><h2 class=\"w-tabs-section-title\">Accesorios<\/h2><div class=\"w-tabs-section-control\"><\/div><\/button><div  class=\"w-tabs-section-content\" id=\"content-i567\"><div class=\"w-tabs-section-content-h i-cf\"><div class=\"g-cols wpb_row via_flex valign_top type_default stacking_default\"><div class=\"vc_col-sm-12 wpb_column vc_column_container\"><div class=\"vc_column-inner\"><div class=\"wpb_wrapper\"><div class=\"w-btn-wrapper align_none\"><a class=\"w-btn us-btn-style_1\" target=\"_blank\" href=\"https:\/\/www.dadco.net\/wp-content\/uploads\/2018\/07\/SL2.090-Long-Stk-Accessories.pdf\"><span class=\"w-btn-label\">Placa compacta con rieles SL2.090 y montaje lateral<\/span><\/a><\/div><\/div><\/div><\/div><\/div><\/div><\/div><\/div><div class=\"w-tabs-section\" id=\"p7cb\"><button class=\"w-tabs-section-header\" aria-controls=\"content-p7cb\" aria-expanded=\"false\"><h2 class=\"w-tabs-section-title\">Mantenimiento<\/h2><div class=\"w-tabs-section-control\"><\/div><\/button><div  class=\"w-tabs-section-content\" id=\"content-p7cb\"><div class=\"w-tabs-section-content-h i-cf\"><div class=\"g-cols wpb_row via_flex valign_top type_default stacking_default\"><div class=\"vc_col-sm-12 wpb_column vc_column_container\"><div class=\"vc_column-inner\"><div class=\"wpb_wrapper\"><div class=\"w-btn-wrapper align_none\"><a class=\"w-btn us-btn-style_1\" target=\"_blank\" href=\"https:\/\/www.dadco.net\/wp-content\/uploads\/2013\/03\/sl2_maint_bulletin.pdf\"><span class=\"w-btn-label\">Instrucciones de mantenimiento SL2<\/span><\/a><\/div><\/div><\/div><\/div><\/div><div class=\"g-cols wpb_row via_flex valign_top type_default stacking_default\"><div class=\"vc_col-sm-12 wpb_column vc_column_container\"><div class=\"vc_column-inner\"><div class=\"wpb_wrapper\"><div class=\"w-btn-wrapper align_none\"><a class=\"w-btn us-btn-style_1\" target=\"_blank\" href=\"https:\/\/www.dadco.net\/wp-content\/uploads\/2013\/03\/slc500_800_maint_-instr.pdf\"><span class=\"w-btn-label\">SLC.500\/SLC.800 Instrucciones de mantenimiento<\/span><\/a><\/div><\/div><\/div><\/div><\/div><div class=\"g-cols wpb_row via_flex valign_top type_default stacking_default\"><div class=\"vc_col-sm-12 wpb_column vc_column_container\"><div class=\"vc_column-inner\"><div class=\"wpb_wrapper\"><div class=\"w-btn-wrapper align_none\"><a class=\"w-btn us-btn-style_1\" target=\"_blank\" href=\"https:\/\/www.dadco.net\/wp-content\/uploads\/2013\/02\/sln.090_maintenance.pdf\"><span class=\"w-btn-label\">SLN.090 Instrucciones de mantenimiento<\/span><\/a><\/div><\/div><\/div><\/div><\/div><div class=\"g-cols wpb_row via_flex valign_top type_default stacking_default\"><div class=\"vc_col-sm-12 wpb_column vc_column_container\"><div class=\"vc_column-inner\"><div class=\"wpb_wrapper\"><div class=\"w-btn-wrapper align_none\"><a class=\"w-btn us-btn-style_1\" target=\"_blank\" href=\"https:\/\/www.dadco.net\/wp-content\/uploads\/2013\/03\/sln.180_maintenance.pdf\"><span class=\"w-btn-label\">SLN.180 Instrucciones de mantenimiento<\/span><\/a><\/div><\/div><\/div><\/div><\/div><div class=\"g-cols wpb_row via_flex valign_top type_default stacking_default\"><div class=\"vc_col-sm-12 wpb_column vc_column_container\"><div class=\"vc_column-inner\"><div class=\"wpb_wrapper\"><div class=\"w-btn-wrapper align_none\"><a class=\"w-btn us-btn-style_1\" target=\"_blank\" href=\"https:\/\/www.dadco.net\/wp-content\/uploads\/2013\/02\/sln300_repair_reva.pdf\"><span class=\"w-btn-label\">SLN.300 Instrucciones de mantenimiento<\/span><\/a><\/div><\/div><\/div><\/div><\/div><\/div><\/div><\/div><\/div><\/div><\/div><\/div><\/div><div class=\"vc_col-sm-12 wpb_column vc_column_container\"><div class=\"vc_column-inner\"><div class=\"wpb_wrapper\"><\/div><\/div><\/div><\/div><\/div><\/section>\n","protected":false},"excerpt":{"rendered":"Elevadores de nitr\u00f3genoInstalaci\u00f3n y Operaci\u00f3nAccesoriosMantenimientoInstalaci\u00f3n y Operaci\u00f3nInstalaci\u00f3n y operaci\u00f3n del elevadorAccesoriosPlaca compacta con rieles SL2.090 y montaje lateralMantenimientoInstrucciones de mantenimiento SL2SLC.500\/SLC.800 Instrucciones de mantenimientoSLN.090 Instrucciones de mantenimientoSLN.180 Instrucciones de mantenimientoSLN.300 Instrucciones de mantenimiento","protected":false},"author":1,"featured_media":0,"parent":14508,"menu_order":5,"comment_status":"closed","ping_status":"closed","template":"","meta":{"_acf_changed":false,"footnotes":""},"class_list":["post-15157","page","type-page","status-publish","hentry"],"acf":[],"_links":{"self":[{"href":"https:\/\/www.dadco.net\/es\/wp-json\/wp\/v2\/pages\/15157","targetHints":{"allow":["GET"]}}],"collection":[{"href":"https:\/\/www.dadco.net\/es\/wp-json\/wp\/v2\/pages"}],"about":[{"href":"https:\/\/www.dadco.net\/es\/wp-json\/wp\/v2\/types\/page"}],"author":[{"embeddable":true,"href":"https:\/\/www.dadco.net\/es\/wp-json\/wp\/v2\/users\/1"}],"replies":[{"embeddable":true,"href":"https:\/\/www.dadco.net\/es\/wp-json\/wp\/v2\/comments?post=15157"}],"version-history":[{"count":5,"href":"https:\/\/www.dadco.net\/es\/wp-json\/wp\/v2\/pages\/15157\/revisions"}],"predecessor-version":[{"id":31491,"href":"https:\/\/www.dadco.net\/es\/wp-json\/wp\/v2\/pages\/15157\/revisions\/31491"}],"up":[{"embeddable":true,"href":"https:\/\/www.dadco.net\/es\/wp-json\/wp\/v2\/pages\/14508"}],"wp:attachment":[{"href":"https:\/\/www.dadco.net\/es\/wp-json\/wp\/v2\/media?parent=15157"}],"curies":[{"name":"wp","href":"https:\/\/api.w.org\/{rel}","templated":true}]}}