{"id":15145,"date":"2022-09-09T01:49:36","date_gmt":"2022-09-09T01:49:36","guid":{"rendered":"https:\/\/www.dadco.net\/soporte\/carga-y-analisis-de-presion-de-resortes-de-nitrogen\/"},"modified":"2023-11-09T20:34:20","modified_gmt":"2023-11-09T20:34:20","slug":"carga-y-analisis-de-presion-de-resortes-de-nitrogen","status":"publish","type":"page","link":"https:\/\/www.dadco.net\/es\/soporte\/carga-y-analisis-de-presion-de-resortes-de-nitrogen\/","title":{"rendered":"Carga y An\u00e1lisis de presi\u00f3n de resortes de nitr\u00f3gen"},"content":{"rendered":"<section class=\"l-section wpb_row height_auto\"><div class=\"l-section-h i-cf\"><div class=\"g-cols vc_row via_flex valign_top type_default stacking_default\"><div class=\"vc_col-sm-12 wpb_column vc_column_container\"><div class=\"vc_column-inner\"><div class=\"wpb_wrapper\"><div class=\"w-tabs style_default switch_click accordion has_scrolling\"><div class=\"w-tabs-sections titles-align_none icon_chevron cpos_right\"><div class=\"w-tabs-section active\" id=\"e0da\"><button class=\"w-tabs-section-header active\" aria-controls=\"content-e0da\" aria-expanded=\"true\"><h2 class=\"w-tabs-section-title\">C\u00e9lulas de carga<\/h2><div class=\"w-tabs-section-control\"><\/div><\/button><div  class=\"w-tabs-section-content\" id=\"content-e0da\"><div class=\"w-tabs-section-content-h i-cf\"><div class=\"g-cols wpb_row via_flex valign_top type_default stacking_default\"><div class=\"vc_col-sm-12 wpb_column vc_column_container\"><div class=\"vc_column-inner\"><div class=\"wpb_wrapper\"><div class=\"wpb_text_column\"><div class=\"wpb_wrapper\"><h3>Micro c\u00e9lulas de carga<\/h3>\n<p>Detalla c\u00f3mo utilizar una c\u00e9lula de carga serie micro (C)<\/p>\n<\/div><\/div><div class=\"w-btn-wrapper align_none\"><a class=\"w-btn us-btn-style_1\" target=\"_blank\" href=\"https:\/\/dadco.net\/wp-content\/uploads\/2016\/09\/microLC.pdf\"><span class=\"w-btn-label\">Micro c\u00e9lulas de carga<\/span><\/a><\/div><\/div><\/div><\/div><\/div><div class=\"g-cols wpb_row via_flex valign_top type_default stacking_default\"><div class=\"vc_col-sm-12 wpb_column vc_column_container\"><div class=\"vc_column-inner\"><div class=\"wpb_wrapper\"><div class=\"wpb_text_column\"><div class=\"wpb_wrapper\"><h3>Celda de carga est\u00e1ndar<\/h3>\n<p>Detalla c\u00f3mo utilizar una c\u00e9lula de carga para resortes de nitr\u00f3geno<\/p>\n<\/div><\/div><div class=\"w-btn-wrapper align_none\"><a class=\"w-btn us-btn-style_1\" target=\"_blank\" href=\"https:\/\/dadco.net\/wp-content\/uploads\/2013\/02\/standard_lc3.pdf\"><span class=\"w-btn-label\">Celda de carga est\u00e1ndar<\/span><\/a><\/div><\/div><\/div><\/div><\/div><div class=\"g-cols wpb_row via_flex valign_top type_default stacking_default\"><div class=\"vc_col-sm-12 wpb_column vc_column_container\"><div class=\"vc_column-inner\"><div class=\"wpb_wrapper\"><div class=\"wpb_text_column\"><div class=\"wpb_wrapper\"><h3>Celda de carga s\u00faper compacta<\/h3>\n<p>Detalla c\u00f3mo utilizar una c\u00e9lula de carga serie s\u00faper compacta (SC)<\/p>\n<\/div><\/div><div class=\"w-btn-wrapper align_none\"><a class=\"w-btn us-btn-style_1\" target=\"_blank\" href=\"https:\/\/dadco.net\/wp-content\/uploads\/2016\/09\/sc_loadcell3.pdf\"><span class=\"w-btn-label\">Celda de carga s\u00faper compacta<\/span><\/a><\/div><\/div><\/div><\/div><\/div><div class=\"g-cols wpb_row via_flex valign_top type_default stacking_default\"><div class=\"vc_col-sm-12 wpb_column vc_column_container\"><div class=\"vc_column-inner\"><div class=\"wpb_wrapper\"><div class=\"wpb_text_column\"><div class=\"wpb_wrapper\"><h3>Celda de carga digital<\/h3>\n<p>Gu\u00eda para el uso de la c\u00e9lula de carga digital para resortes de nitr\u00f3geno series micro\/mini y\/o series de resortes de nitr\u00f3geno grandes\/compactos<\/p>\n<\/div><\/div><div class=\"w-btn-wrapper align_none\"><a class=\"w-btn us-btn-style_1\" target=\"_blank\" href=\"https:\/\/dadco.net\/wp-content\/uploads\/2016\/09\/digital_load_cell.pdf\"><span class=\"w-btn-label\">Celda de carga digital<\/span><\/a><\/div><\/div><\/div><\/div><\/div><div class=\"g-cols wpb_row via_flex valign_top type_default stacking_default\"><div class=\"vc_col-sm-12 wpb_column vc_column_container\"><div class=\"vc_column-inner\"><div class=\"wpb_wrapper\"><div class=\"wpb_text_column\"><div class=\"wpb_wrapper\"><h3>Tabla de fuerza de los resortes de nitr\u00f3geno<\/h3>\n<p>Tablas de fuerza para todas las series de resortes de nitr\u00f3geno en un bolet\u00edn tama\u00f1o p\u00f3ster<\/p>\n<\/div><\/div><div class=\"w-btn-wrapper align_none\"><a class=\"w-btn us-btn-style_1\" target=\"_blank\" href=\"https:\/\/dadco.net\/wp-content\/uploads\/2016\/10\/forcechart.pdf\"><span class=\"w-btn-label\">Tabla de fuerza de los resortes de nitr\u00f3geno<\/span><\/a><\/div><\/div><\/div><\/div><\/div><\/div><\/div><\/div><div class=\"w-tabs-section\" id=\"zf61\"><button class=\"w-tabs-section-header\" aria-controls=\"content-zf61\" aria-expanded=\"false\"><h2 class=\"w-tabs-section-title\">Banco de pruebas<\/h2><div class=\"w-tabs-section-control\"><\/div><\/button><div  class=\"w-tabs-section-content\" id=\"content-zf61\"><div class=\"w-tabs-section-content-h i-cf\"><div class=\"g-cols wpb_row via_flex valign_top type_default stacking_default\"><div class=\"vc_col-sm-12 wpb_column vc_column_container\"><div class=\"vc_column-inner\"><div class=\"wpb_wrapper\"><div class=\"wpb_text_column\"><div class=\"wpb_wrapper\"><h3>Banco de pruebas port\u00e1til<\/h3>\n<p>Instrucciones para usar el banco de pruebas port\u00e1til para probar resortes de nitr\u00f3geno m\u00e1s grandes<\/p>\n<\/div><\/div><div class=\"w-btn-wrapper align_none\"><a class=\"w-btn us-btn-style_1\" target=\"_blank\" href=\"https:\/\/dadco.net\/wp-content\/uploads\/2022\/09\/PTS-25-Bulletin_B16112A.pdf\"><span class=\"w-btn-label\">Banco de pruebas port\u00e1til<\/span><\/a><\/div><\/div><\/div><\/div><\/div><div class=\"g-cols wpb_row via_flex valign_top type_default stacking_default\"><div class=\"vc_col-sm-12 wpb_column vc_column_container\"><div class=\"vc_column-inner\"><div class=\"wpb_wrapper\"><div class=\"wpb_text_column\"><div class=\"wpb_wrapper\"><h3>Banco de pruebas Micro, Mini y Ultra Force\u00ae<\/h3>\n<p>Detalles del banco de pruebas micro, mini y Ultra Force<sup>\u00ae<\/sup> (U.0175 \u2013 U.1600), as\u00ed como instrucciones de uso<\/p>\n<\/div><\/div><div class=\"w-btn-wrapper align_none\"><a class=\"w-btn us-btn-style_1\" target=\"_blank\" href=\"https:\/\/dadco.net\/wp-content\/uploads\/2016\/09\/micro_mini_tstand.pdf\"><span class=\"w-btn-label\">Banco de pruebas Micro, Mini y Ultra Force\u00ae<\/span><\/a><\/div><\/div><\/div><\/div><\/div><div class=\"g-cols wpb_row via_flex valign_top type_default stacking_default\"><div class=\"vc_col-sm-12 wpb_column vc_column_container\"><div class=\"vc_column-inner\"><div class=\"wpb_wrapper\"><div class=\"wpb_text_column\"><div class=\"wpb_wrapper\"><h3>Banco de pruebas micro<\/h3>\n<p>Las instrucciones para usar un banco de pruebas para resortes de nitr\u00f3geno serie micro (C)<\/p>\n<\/div><\/div><div class=\"w-btn-wrapper align_none\"><a class=\"w-btn us-btn-style_1\" target=\"_blank\" href=\"https:\/\/dadco.net\/wp-content\/uploads\/2016\/09\/mts125.pdf\"><span class=\"w-btn-label\">Banco de pruebas micro<\/span><\/a><\/div><\/div><\/div><\/div><\/div><\/div><\/div><\/div><div class=\"w-tabs-section\" id=\"ycd3\"><button class=\"w-tabs-section-header\" aria-controls=\"content-ycd3\" aria-expanded=\"false\"><h2 class=\"w-tabs-section-title\">Carga y An\u00e1lisis<\/h2><div class=\"w-tabs-section-control\"><\/div><\/button><div  class=\"w-tabs-section-content\" id=\"content-ycd3\"><div class=\"w-tabs-section-content-h i-cf\"><div class=\"g-cols wpb_row via_flex valign_top type_default stacking_default\"><div class=\"vc_col-sm-12 wpb_column vc_column_container\"><div class=\"vc_column-inner\"><div class=\"wpb_wrapper\"><div class=\"wpb_text_column\"><div class=\"wpb_wrapper\"><h3>Carga de resortes de nitr\u00f3geno<\/h3>\n<p>Instrucciones para cargar resortes de nitr\u00f3geno<\/p>\n<\/div><\/div><div class=\"w-btn-wrapper align_none\"><a class=\"w-btn us-btn-style_1\" target=\"_blank\" href=\"https:\/\/dadco.net\/wp-content\/uploads\/2013\/02\/charging_bulletin.pdf\"><span class=\"w-btn-label\">Carga de resortes de nitr\u00f3geno<\/span><\/a><\/div><\/div><\/div><\/div><\/div><div class=\"g-cols wpb_row via_flex valign_top type_default stacking_default\"><div class=\"vc_col-sm-12 wpb_column vc_column_container\"><div class=\"vc_column-inner\"><div class=\"wpb_wrapper\"><div class=\"wpb_text_column\"><div class=\"wpb_wrapper\"><h3>Sistema compensador de presi\u00f3n de nitr\u00f3geno: DGB-150 \/ Surge Tank<\/h3>\n<p>Caracter\u00edsticas del sistema compensador de nitr\u00f3geno, junto con las especificaciones y la informaci\u00f3n para pedir tanques de expansi\u00f3n.<\/p>\n<\/div><\/div><div class=\"w-btn-wrapper align_none\"><a class=\"w-btn us-btn-style_1\" target=\"_blank\" href=\"https:\/\/dadco.net\/wp-content\/uploads\/2013\/02\/booster_surgetank.pdf\"><span class=\"w-btn-label\">Sistema compensador de presi\u00f3n de nitr\u00f3geno: DGB-150 \/ Surge Tank<\/span><\/a><\/div><\/div><\/div><\/div><\/div><div class=\"g-cols wpb_row via_flex valign_top type_default stacking_default\"><div class=\"vc_col-sm-12 wpb_column vc_column_container\"><div class=\"vc_column-inner\"><div class=\"wpb_wrapper\"><div class=\"wpb_text_column\"><div class=\"wpb_wrapper\"><h3>Tanque de expansi\u00f3n con kits de llenado<\/h3>\n<p>Detalles de los diferentes kits de llenado que se pueden combinar con un tanque de expansi\u00f3n como una estaci\u00f3n de llenado auxiliar.<\/p>\n<\/div><\/div><div class=\"w-btn-wrapper align_none\"><a class=\"w-btn us-btn-style_1\" target=\"_blank\" href=\"https:\/\/dadco.net\/wp-content\/uploads\/2013\/03\/surge_tank_filling_assembly_kits.pdf\"><span class=\"w-btn-label\">Tanque de expansi\u00f3n con kits de llenado<\/span><\/a><\/div><\/div><\/div><\/div><\/div><div class=\"g-cols wpb_row via_flex valign_top type_default stacking_default\"><div class=\"vc_col-sm-12 wpb_column vc_column_container\"><div class=\"vc_column-inner\"><div class=\"wpb_wrapper\"><div class=\"wpb_text_column\"><div class=\"wpb_wrapper\"><h3>Analizador de presi\u00f3n: 90.315.5<\/h3>\n<p>Instrucciones para utilizar este analizador de presi\u00f3n de m\u00faltiples bits para la carga, descarga y medici\u00f3n de presi\u00f3n en resortes de nitr\u00f3geno.<\/p>\n<\/div><\/div><div class=\"w-btn-wrapper align_none\"><a class=\"w-btn us-btn-style_1\" target=\"_blank\" href=\"https:\/\/dadco.net\/wp-content\/uploads\/2013\/02\/dpa51.pdf\"><span class=\"w-btn-label\">Analizador de presi\u00f3n: 90.315.5<\/span><\/a><\/div><\/div><\/div><\/div><\/div><div class=\"g-cols wpb_row via_flex valign_top type_default stacking_default\"><div class=\"vc_col-sm-12 wpb_column vc_column_container\"><div class=\"vc_column-inner\"><div class=\"wpb_wrapper\"><div class=\"wpb_text_column\"><div class=\"wpb_wrapper\"><h3>Ensamble de llenado con conexi\u00f3n r\u00e1pida: 90.310.340<\/h3>\n<p>Detalles del 90.310.340 utilizado para cargar resortes de nitr\u00f3geno de alta presi\u00f3n, presentando la funci\u00f3n de descarga f\u00e1cil de la presi\u00f3n residual al desconectar.<\/p>\n<\/div><\/div><div class=\"w-btn-wrapper align_none\"><a class=\"w-btn us-btn-style_1\" target=\"_blank\" href=\"https:\/\/dadco.net\/wp-content\/uploads\/2014\/03\/90.310.340_operational_bulletin.pdf\"><span class=\"w-btn-label\">Ensamble de llenado con conexi\u00f3n r\u00e1pida: 90.310.340<\/span><\/a><\/div><div class=\"w-btn-wrapper align_none\"><a class=\"w-btn us-btn-style_1\" target=\"_blank\" href=\"https:\/\/dadco.net\/wp-content\/uploads\/2013\/03\/90.310.340_vent_instructions.pdf\"><span class=\"w-btn-label\">Instrucciones de ajuste de ventilaci\u00f3n<\/span><\/a><\/div><\/div><\/div><\/div><\/div><div class=\"g-cols wpb_row via_flex valign_top type_default stacking_default\"><div class=\"vc_col-sm-12 wpb_column vc_column_container\"><div class=\"vc_column-inner\"><div class=\"wpb_wrapper\"><div class=\"wpb_text_column\"><div class=\"wpb_wrapper\"><h3>Hardware de llenado<\/h3>\n<p>Bolet\u00edn que detalla la variedad de hardware de carga que se encuentra disponible<\/p>\n<\/div><\/div><div class=\"w-btn-wrapper align_none\"><a class=\"w-btn us-btn-style_1\" target=\"_blank\" href=\"https:\/\/dadco.net\/wp-content\/uploads\/2013\/02\/filling_hardwarerevc.pdf\"><span class=\"w-btn-label\">Hardware de llenado<\/span><\/a><\/div><\/div><\/div><\/div><\/div><\/div><\/div><\/div><\/div><\/div><\/div><\/div><\/div><\/div><\/div><\/section>\n","protected":false},"excerpt":{"rendered":"C\u00e9lulas de cargaMicro c\u00e9lulas de carga Detalla c\u00f3mo utilizar una c\u00e9lula de carga serie micro (C) Micro c\u00e9lulas de cargaCelda de carga est\u00e1ndar Detalla c\u00f3mo utilizar una c\u00e9lula de carga para resortes de nitr\u00f3geno Celda de carga est\u00e1ndarCelda de carga s\u00faper compacta Detalla c\u00f3mo utilizar una c\u00e9lula de carga serie s\u00faper compacta (SC) Celda de...","protected":false},"author":1,"featured_media":0,"parent":14508,"menu_order":3,"comment_status":"closed","ping_status":"closed","template":"","meta":{"footnotes":""},"class_list":["post-15145","page","type-page","status-publish","hentry"],"acf":[],"_links":{"self":[{"href":"https:\/\/www.dadco.net\/es\/wp-json\/wp\/v2\/pages\/15145","targetHints":{"allow":["GET"]}}],"collection":[{"href":"https:\/\/www.dadco.net\/es\/wp-json\/wp\/v2\/pages"}],"about":[{"href":"https:\/\/www.dadco.net\/es\/wp-json\/wp\/v2\/types\/page"}],"author":[{"embeddable":true,"href":"https:\/\/www.dadco.net\/es\/wp-json\/wp\/v2\/users\/1"}],"replies":[{"embeddable":true,"href":"https:\/\/www.dadco.net\/es\/wp-json\/wp\/v2\/comments?post=15145"}],"version-history":[{"count":5,"href":"https:\/\/www.dadco.net\/es\/wp-json\/wp\/v2\/pages\/15145\/revisions"}],"predecessor-version":[{"id":28887,"href":"https:\/\/www.dadco.net\/es\/wp-json\/wp\/v2\/pages\/15145\/revisions\/28887"}],"up":[{"embeddable":true,"href":"https:\/\/www.dadco.net\/es\/wp-json\/wp\/v2\/pages\/14508"}],"wp:attachment":[{"href":"https:\/\/www.dadco.net\/es\/wp-json\/wp\/v2\/media?parent=15145"}],"curies":[{"name":"wp","href":"https:\/\/api.w.org\/{rel}","templated":true}]}}