{"id":14614,"date":"2022-09-15T15:43:59","date_gmt":"2022-09-15T15:43:59","guid":{"rendered":"https:\/\/www.dadco.net\/soporte\/preguntas-frecuentes\/directiva-de-equipos-de-presion-ped\/"},"modified":"2024-02-26T11:22:50","modified_gmt":"2024-02-26T16:22:50","slug":"directiva-de-equipos-de-presion-ped","status":"publish","type":"page","link":"https:\/\/www.dadco.net\/es\/soporte\/preguntas-frecuentes\/directiva-de-equipos-de-presion-ped\/","title":{"rendered":"Directiva de equipos de presi\u00f3n (PED)"},"content":{"rendered":"<section class=\"l-section wpb_row height_auto\"><div class=\"l-section-h i-cf\"><div class=\"g-cols vc_row via_flex valign_top type_default stacking_default\"><div class=\"vc_col-sm-12 wpb_column vc_column_container\"><div class=\"vc_column-inner\"><div class=\"wpb_wrapper\"><div class=\"w-tabs style_default switch_click accordion has_scrolling\"><div class=\"w-tabs-sections titles-align_none icon_chevron cpos_right\"><div class=\"w-tabs-section active\" id=\"o495\"><button class=\"w-tabs-section-header active\" aria-controls=\"content-o495\" aria-expanded=\"true\"><h2 class=\"w-tabs-section-title\">Preguntas generales sobre la Directiva de equipos de presi\u00f3n (PED)<\/h2><div class=\"w-tabs-section-control\"><\/div><\/button><div  class=\"w-tabs-section-content\" id=\"content-o495\"><div class=\"w-tabs-section-content-h i-cf\"><div class=\"g-cols wpb_row via_flex valign_top type_default stacking_default\"><div class=\"vc_col-sm-12 wpb_column vc_column_container\"><div class=\"vc_column-inner\"><div class=\"wpb_wrapper\"><div class=\"wpb_text_column\"><div class=\"wpb_wrapper\"><div class=\"wrap\">\n<section id=\"contentwrap\">\n<section id=\"content\">\n<article id=\"post-428\" class=\"post\">\n<div class=\"entry\">\n<div id=\"target-id632347f0c1aa3\" class=\"collapseomatic_content \">\n<div>\n<h3>\u00bfQu\u00e9 es PED?<\/h3>\n<p>PED quiere decir Pressure Equipment Directive (directiva de equipos de presi\u00f3n). En un af\u00e1n por armonizar la legislaci\u00f3n nacional con respecto al dise\u00f1o, fabricaci\u00f3n y prueba de recipientes de presi\u00f3n, el Parlamento Europeo y el Consejo de la Uni\u00f3n Europea adopt\u00f3 el PED. El PED entr\u00f3 en vigor el 29 de mayo de 2002, estableciendo que todos los recipientes a presi\u00f3n fabricados y comercializados en la UE a partir de esa fecha, estar\u00edan sujetos a los requerimientos de la PED.  <\/p>\n<\/div>\n<\/div>\n<\/div>\n<\/article>\n<\/section>\n<\/section>\n<\/div>\n<\/div><\/div><\/div><\/div><\/div><\/div><div class=\"g-cols wpb_row via_flex valign_top type_default stacking_default\"><div class=\"vc_col-sm-12 wpb_column vc_column_container\"><div class=\"vc_column-inner\"><div class=\"wpb_wrapper\"><div class=\"wpb_text_column\"><div class=\"wpb_wrapper\"><div>\n<h3>\u00bfDADCO cumple con la PED?<\/h3>\n<p>S\u00ed, DADCO est\u00e1 certificado por T\u00dcV CERT, T\u00dcV Rheinland \/ Berlin-Brandenburg en conformidad con la PED. Todos los resortes de nitr\u00f3geno de DADCO cumplen con la PED y los de venta en la UE, de acuerdo con la PED incluyen la marca CE, por ejemplo CE 0035. De acuerdo con PED, la marca CE s\u00f3lo se puede usar en los cilindros que se encuentran dentro de las categor\u00edas especificadas conforme a la PED (es decir, los tama\u00f1os m\u00e1s peque\u00f1os no llevan la marca CE).  <\/p>\n<\/div>\n<\/div><\/div><\/div><\/div><\/div><\/div><div class=\"g-cols wpb_row via_flex valign_top type_default stacking_default\"><div class=\"vc_col-sm-12 wpb_column vc_column_container\"><div class=\"vc_column-inner\"><div class=\"wpb_wrapper\"><div class=\"wpb_text_column\"><div class=\"wpb_wrapper\"><div>\n<h3>\u00bfEn conformidad con la PED, fue necesario modificar el dise\u00f1o de los resortes de nitr\u00f3geno de DADCO?<\/h3>\n<p>No, no tuvimos que hacer ninguna modificaci\u00f3n en el dise\u00f1o de los resortes de nitr\u00f3geno de DADCO para cumplir con la PED.<\/p>\n<\/div>\n<\/div><\/div><\/div><\/div><\/div><\/div><div class=\"g-cols wpb_row via_flex valign_top type_default stacking_default\"><div class=\"vc_col-sm-12 wpb_column vc_column_container\"><div class=\"vc_column-inner\"><div class=\"wpb_wrapper\"><div class=\"wpb_text_column\"><div class=\"wpb_wrapper\"><div>\n<h3>\u00bfBajo qu\u00e9 m\u00f3dulo de la PED est\u00e1 aprobado DADCO?<\/h3>\n<p>DADCO est\u00e1 aprobado por T\u00dcV CERT, T\u00dcV Rheinland \/ Berlin-Brandenburg bajo PED, M\u00f3dulo A1.<\/p>\n<\/div>\n<\/div><\/div><\/div><\/div><\/div><\/div><div class=\"g-cols wpb_row via_flex valign_top type_default stacking_default\"><div class=\"vc_col-sm-12 wpb_column vc_column_container\"><div class=\"vc_column-inner\"><div class=\"wpb_wrapper\"><div class=\"wpb_text_column\"><div class=\"wpb_wrapper\"><div>\n<h3>\u00bfHabr\u00e1 alg\u00fan problema en lo que se refiere a la reparaci\u00f3n o reacondicionamiento de resortes de nitr\u00f3geno DADCO m\u00e1s viejos?<\/h3>\n<p>No, la capacidad de reparar o modernizar los cilindros existentes de DADCO seguir\u00e1 siendo tan f\u00e1cil como lo ha sido siempre. Todos los componentes de PED que forman parte de los resortes de nitr\u00f3geno son iguales a los fabricados antes de la creaci\u00f3n de la PED. El mejor camino para un mantenimiento seguro es un entrenamiento adecuado, cumplimiento de las instrucciones de mantenimiento publicadas y el uso de piezas del mismo OEM.  <\/p>\n<\/div>\n<\/div><\/div><\/div><\/div><\/div><\/div><div class=\"g-cols wpb_row via_flex valign_top type_default stacking_default\"><div class=\"vc_col-sm-12 wpb_column vc_column_container\"><div class=\"vc_column-inner\"><div class=\"wpb_wrapper\"><div class=\"wpb_text_column\"><div class=\"wpb_wrapper\"><div>\n<h3>\u00bfDe acuerdo a PED es necesario hacer auditor\u00eda de los materiales utilizados en la producci\u00f3n?<\/h3>\n<p>S\u00ed, la PED exige que los materiales de los recipientes de presi\u00f3n tengan un alto nivel de trazabilidad. Estos materiales tambi\u00e9n deben cumplir con los requisitos de impacto y alargamiento. Todos los materiales utilizados en la Serie 90.10 (ISO) ya cumplen con este requisito.  <\/p>\n<\/div>\n<\/div><\/div><\/div><\/div><\/div><\/div><div class=\"g-cols wpb_row via_flex valign_top type_default stacking_default\"><div class=\"vc_col-sm-12 wpb_column vc_column_container\"><div class=\"vc_column-inner\"><div class=\"wpb_wrapper\"><div class=\"wpb_text_column\"><div class=\"wpb_wrapper\"><h3>\u00bfCu\u00e1l es la diferencia entre los cilindros de DADCO marcados CE y los que no tienen la marca CE?<\/h3>\n<p>El dise\u00f1o, proceso, materiales y nivel de calidad son los mismos. Los cilindros marcados CE est\u00e1n sujetos a pruebas adicionales de soldadura y de presi\u00f3n, de acuerdo con los requerimientos de la PED. La marca CE s\u00f3lo es necesario en aquellos productos que se comercialicen en la UE, la marca CE est\u00e1 disponible como una opci\u00f3n para embarques nacionales.<\/p>\n<\/div><\/div><\/div><\/div><\/div><\/div><\/div><\/div><\/div><\/div><\/div><\/div><\/div><\/div><\/div><\/div><\/section>\n","protected":false},"excerpt":{"rendered":"Preguntas generales sobre la Directiva de equipos de presi\u00f3n (PED) \u00bfQu\u00e9 es PED? PED quiere decir Pressure Equipment Directive (directiva de equipos de presi\u00f3n). En un af\u00e1n por armonizar la legislaci\u00f3n nacional con respecto al dise\u00f1o, fabricaci\u00f3n y prueba de recipientes de presi\u00f3n, el Parlamento Europeo y el Consejo de la Uni\u00f3n Europea adopt\u00f3 el...","protected":false},"author":1,"featured_media":0,"parent":14572,"menu_order":5,"comment_status":"closed","ping_status":"closed","template":"","meta":{"footnotes":""},"class_list":["post-14614","page","type-page","status-publish","hentry"],"acf":[],"_links":{"self":[{"href":"https:\/\/www.dadco.net\/es\/wp-json\/wp\/v2\/pages\/14614","targetHints":{"allow":["GET"]}}],"collection":[{"href":"https:\/\/www.dadco.net\/es\/wp-json\/wp\/v2\/pages"}],"about":[{"href":"https:\/\/www.dadco.net\/es\/wp-json\/wp\/v2\/types\/page"}],"author":[{"embeddable":true,"href":"https:\/\/www.dadco.net\/es\/wp-json\/wp\/v2\/users\/1"}],"replies":[{"embeddable":true,"href":"https:\/\/www.dadco.net\/es\/wp-json\/wp\/v2\/comments?post=14614"}],"version-history":[{"count":5,"href":"https:\/\/www.dadco.net\/es\/wp-json\/wp\/v2\/pages\/14614\/revisions"}],"predecessor-version":[{"id":31171,"href":"https:\/\/www.dadco.net\/es\/wp-json\/wp\/v2\/pages\/14614\/revisions\/31171"}],"up":[{"embeddable":true,"href":"https:\/\/www.dadco.net\/es\/wp-json\/wp\/v2\/pages\/14572"}],"wp:attachment":[{"href":"https:\/\/www.dadco.net\/es\/wp-json\/wp\/v2\/media?parent=14614"}],"curies":[{"name":"wp","href":"https:\/\/api.w.org\/{rel}","templated":true}]}}