{"id":14595,"date":"2022-09-15T15:40:18","date_gmt":"2022-09-15T15:40:18","guid":{"rendered":"https:\/\/www.dadco.net\/soporte\/preguntas-frecuentes\/cilindros-de-aire\/"},"modified":"2024-02-26T11:22:34","modified_gmt":"2024-02-26T16:22:34","slug":"cilindros-de-aire","status":"publish","type":"page","link":"https:\/\/www.dadco.net\/es\/soporte\/preguntas-frecuentes\/cilindros-de-aire\/","title":{"rendered":"Cilindros de aire"},"content":{"rendered":"<section class=\"l-section wpb_row height_auto\"><div class=\"l-section-h i-cf\"><div class=\"g-cols vc_row via_flex valign_top type_default stacking_default\"><div class=\"vc_col-sm-12 wpb_column vc_column_container\"><div class=\"vc_column-inner\"><div class=\"wpb_wrapper\"><div class=\"w-tabs style_default switch_click accordion has_scrolling\"><div class=\"w-tabs-sections titles-align_none icon_chevron cpos_right\"><div class=\"w-tabs-section active\" id=\"mdbf\"><button class=\"w-tabs-section-header active\" aria-controls=\"content-mdbf\" aria-expanded=\"true\"><h2 class=\"w-tabs-section-title\">Preguntas Generales sobre cilindros de aire<\/h2><div class=\"w-tabs-section-control\"><\/div><\/button><div  class=\"w-tabs-section-content\" id=\"content-mdbf\"><div class=\"w-tabs-section-content-h i-cf\"><div class=\"g-cols wpb_row via_flex valign_top type_default stacking_default\"><div class=\"vc_col-sm-12 wpb_column vc_column_container\"><div class=\"vc_column-inner\"><div class=\"wpb_wrapper\"><div class=\"wpb_text_column\"><div class=\"wpb_wrapper\"><h3>\u00bfLos cilindros de aire HP de DADCO cumplen con los est\u00e1ndares automotrices?<\/h3>\n<p>S\u00ed, la serie HP cumple o excede la mayor\u00eda de los est\u00e1ndares en todo el mundo. El producto cumple con los Est\u00e1ndares m\u00e9tricos norteamericanos automotrices (NAAMS), con la Organizaci\u00f3n internacional de est\u00e1ndares (ISO 6431) y con los Est\u00e1ndares alemanes automotrices (Verband Deutscher Maschinen \u2013 und Anlagenbau e.V. \u2014 VDMA 24-562).<\/p>\n<\/div><\/div><\/div><\/div><\/div><\/div><div class=\"g-cols wpb_row via_flex valign_top type_default stacking_default\"><div class=\"vc_col-sm-12 wpb_column vc_column_container\"><div class=\"vc_column-inner\"><div class=\"wpb_wrapper\"><div class=\"wpb_text_column\"><div class=\"wpb_wrapper\"><div>\n<h3>\u00bfTiene interruptores de proximidad o interruptores reed disponibles?<\/h3>\n<\/p>\n<\/div>\n<div>\n<p>S\u00ed, ambos est\u00e1n disponibles.<\/p>\n<p>Los interruptores magn\u00e9ticos tipo reed son un tipo popular de sensor. Por lo general, el sensor reed se fija con el birlo externo del cilindro y descansa firmemente contra el tubo no magn\u00e9tico. El sensor percibe al pist\u00f3n magn\u00e9tico cuando el pist\u00f3n pasa por el sensor.  <\/p>\n<p>Otro sensor popular es el sensor de proximidad. Algunos sensores de proximidad est\u00e1n espec\u00edficamente dise\u00f1ados para usarse con cilindros, sin embargo los m\u00e1s convencionales se pueden adaptar a los cilindros neum\u00e1ticos. El cilindro se debe fabricar con un alojamiento para el sensor. Consulte la p\u00e1gina 29 en el cat\u00e1logo Cilindros m\u00e9tricos de aire HP para solicitar informaci\u00f3n.   <\/p>\n<\/div>\n<\/div><\/div><\/div><\/div><\/div><\/div><\/div><\/div><\/div><div class=\"w-tabs-section\" id=\"f81b\"><button class=\"w-tabs-section-header\" aria-controls=\"content-f81b\" aria-expanded=\"false\"><h2 class=\"w-tabs-section-title\">Pedidos y reparaci\u00f3n<\/h2><div class=\"w-tabs-section-control\"><\/div><\/button><div  class=\"w-tabs-section-content\" id=\"content-f81b\"><div class=\"w-tabs-section-content-h i-cf\"><div class=\"g-cols wpb_row via_flex valign_top type_default stacking_default\"><div class=\"vc_col-sm-12 wpb_column vc_column_container\"><div class=\"vc_column-inner\"><div class=\"wpb_wrapper\"><div class=\"wpb_text_column\"><div class=\"wpb_wrapper\"><h3>\u00bfPuedo pedir una longitud carrera que no aparece en el cat\u00e1logo?<\/h3>\n<p>S\u00ed, las longitudes de carrera especiales est\u00e1n disponibles con un cargo adicional. P\u00f3ngase en contacto con DADCO para preguntar por la disponibilidad.<\/p>\n<\/div><\/div><\/div><\/div><\/div><\/div><div class=\"g-cols wpb_row via_flex valign_top type_default stacking_default\"><div class=\"vc_col-sm-12 wpb_column vc_column_container\"><div class=\"vc_column-inner\"><div class=\"wpb_wrapper\"><div class=\"wpb_text_column\"><div class=\"wpb_wrapper\"><h3>\u00bfC\u00f3mo puedo reparar mis cilindros de aire de la serie HP?<\/h3>\n<\/div><\/div><div class=\"w-hwrapper valign_top align_none\"><div class=\"w-btn-wrapper align_none\"><a class=\"w-btn us-btn-style_1\" target=\"_blank\" href=\"https:\/\/www.dadco.net\/wp-content\/uploads\/2013\/02\/hp_repair_kit-bulletin_revB4.pdf\"><span class=\"w-btn-label\">Instalaci\u00f3n del kit de reparaci\u00f3n del cilindro HP de Aire<\/span><\/a><\/div><div class=\"w-btn-wrapper align_none\"><a class=\"w-btn us-btn-style_1\" target=\"_blank\" href=\"https:\/\/www.dadco.net\/wp-content\/uploads\/2013\/02\/hp_sealrepair_revb.pdf\"><span class=\"w-btn-label\">Instalaci\u00f3n del kit de juntas del cilindro HP de Aire<\/span><\/a><\/div><div class=\"w-btn-wrapper align_none\"><a class=\"w-btn us-btn-style_1\" target=\"_blank\" href=\"https:\/\/www.dadco.net\/wp-content\/uploads\/2013\/03\/hpn_repair_reva.pdf\"><span class=\"w-btn-label\">Instalaci\u00f3n del kit de juntas del cilindro HP de Aire HP.N<\/span><\/a><\/div><div class=\"w-btn-wrapper align_none\"><a class=\"w-btn us-btn-style_1\" target=\"_blank\" href=\"https:\/\/www.dadco.net\/wp-content\/uploads\/2013\/02\/spHPsquare.pdf\"><span class=\"w-btn-label\">Instalaci\u00f3n del kit de juntas del HP.S.50 Instalaci\u00f3n del kit de juntas<\/span><\/a><\/div><\/div><\/div><\/div><\/div><\/div><\/div><\/div><\/div><\/div><\/div><\/div><\/div><\/div><\/div><\/div><\/section>\n","protected":false},"excerpt":{"rendered":"Preguntas Generales sobre cilindros de aire\u00bfLos cilindros de aire HP de DADCO cumplen con los est\u00e1ndares automotrices? S\u00ed, la serie HP cumple o excede la mayor\u00eda de los est\u00e1ndares en todo el mundo. El producto cumple con los Est\u00e1ndares m\u00e9tricos norteamericanos automotrices (NAAMS), con la Organizaci\u00f3n internacional de est\u00e1ndares (ISO 6431) y con los Est\u00e1ndares...","protected":false},"author":1,"featured_media":0,"parent":14572,"menu_order":3,"comment_status":"closed","ping_status":"closed","template":"","meta":{"footnotes":""},"class_list":["post-14595","page","type-page","status-publish","hentry"],"acf":[],"_links":{"self":[{"href":"https:\/\/www.dadco.net\/es\/wp-json\/wp\/v2\/pages\/14595","targetHints":{"allow":["GET"]}}],"collection":[{"href":"https:\/\/www.dadco.net\/es\/wp-json\/wp\/v2\/pages"}],"about":[{"href":"https:\/\/www.dadco.net\/es\/wp-json\/wp\/v2\/types\/page"}],"author":[{"embeddable":true,"href":"https:\/\/www.dadco.net\/es\/wp-json\/wp\/v2\/users\/1"}],"replies":[{"embeddable":true,"href":"https:\/\/www.dadco.net\/es\/wp-json\/wp\/v2\/comments?post=14595"}],"version-history":[{"count":5,"href":"https:\/\/www.dadco.net\/es\/wp-json\/wp\/v2\/pages\/14595\/revisions"}],"predecessor-version":[{"id":31152,"href":"https:\/\/www.dadco.net\/es\/wp-json\/wp\/v2\/pages\/14595\/revisions\/31152"}],"up":[{"embeddable":true,"href":"https:\/\/www.dadco.net\/es\/wp-json\/wp\/v2\/pages\/14572"}],"wp:attachment":[{"href":"https:\/\/www.dadco.net\/es\/wp-json\/wp\/v2\/media?parent=14595"}],"curies":[{"name":"wp","href":"https:\/\/api.w.org\/{rel}","templated":true}]}}