{"id":14589,"date":"2022-09-15T15:36:50","date_gmt":"2022-09-15T15:36:50","guid":{"rendered":"https:\/\/www.dadco.net\/soporte\/preguntas-frecuentes\/elevadores-de-nitrogeno\/"},"modified":"2024-02-26T11:22:33","modified_gmt":"2024-02-26T16:22:33","slug":"elevadores-de-nitrogeno","status":"publish","type":"page","link":"https:\/\/www.dadco.net\/es\/soporte\/preguntas-frecuentes\/elevadores-de-nitrogeno\/","title":{"rendered":"Elevadores de nitr\u00f3geno"},"content":{"rendered":"<section class=\"l-section wpb_row height_auto\"><div class=\"l-section-h i-cf\"><div class=\"g-cols vc_row via_flex valign_top type_default stacking_default\"><div class=\"vc_col-sm-12 wpb_column vc_column_container\"><div class=\"vc_column-inner\"><div class=\"wpb_wrapper\"><div class=\"w-tabs style_default switch_click accordion has_scrolling\"><div class=\"w-tabs-sections titles-align_none icon_chevron cpos_right\"><div class=\"w-tabs-section active\" id=\"xaed\"><button class=\"w-tabs-section-header active\" aria-controls=\"content-xaed\" aria-expanded=\"true\"><h2 class=\"w-tabs-section-title\">Instalaci\u00f3n<\/h2><div class=\"w-tabs-section-control\"><\/div><\/button><div  class=\"w-tabs-section-content\" id=\"content-xaed\"><div class=\"w-tabs-section-content-h i-cf\"><div class=\"g-cols wpb_row via_flex valign_top type_default stacking_default\"><div class=\"vc_col-sm-12 wpb_column vc_column_container\"><div class=\"vc_column-inner\"><div class=\"wpb_wrapper\"><div class=\"wpb_text_column\"><div class=\"wpb_wrapper\"><h3>\u00bfC\u00f3mo instalo mis nuevos elevadores de nitr\u00f3geno?<\/h3>\n<\/div><\/div><div class=\"w-btn-wrapper align_none\"><a class=\"w-btn us-btn-style_1\" target=\"_blank\" href=\"https:\/\/www.dadco.net\/wp-content\/uploads\/2013\/02\/lifter_installation_bulletin_revb.pdf\"><span class=\"w-btn-label\">Instalaci\u00f3n y operaci\u00f3n de los elevadores de nitr\u00f3geno<\/span><\/a><\/div><\/div><\/div><\/div><\/div><\/div><\/div><\/div><div class=\"w-tabs-section\" id=\"ldd7\"><button class=\"w-tabs-section-header\" aria-controls=\"content-ldd7\" aria-expanded=\"false\"><h2 class=\"w-tabs-section-title\">Reparaci\u00f3n<\/h2><div class=\"w-tabs-section-control\"><\/div><\/button><div  class=\"w-tabs-section-content\" id=\"content-ldd7\"><div class=\"w-tabs-section-content-h i-cf\"><div class=\"g-cols wpb_row via_flex valign_top type_default stacking_default\"><div class=\"vc_col-sm-12 wpb_column vc_column_container\"><div class=\"vc_column-inner\"><div class=\"wpb_wrapper\"><div class=\"wpb_text_column\"><div class=\"wpb_wrapper\"><h3>\u00bfC\u00f3mo instalo mis nuevos elevadores de nitr\u00f3geno?<\/h3>\n<\/div><\/div><div class=\"w-btn-wrapper align_none\"><a class=\"w-btn us-btn-style_1\" target=\"_blank\" href=\"https:\/\/www.dadco.net\/wp-content\/uploads\/2013\/02\/lifter_installation_bulletin_revb.pdf\"><span class=\"w-btn-label\">Instalaci\u00f3n y operaci\u00f3n de los elevadores de nitr\u00f3geno<\/span><\/a><\/div><\/div><\/div><\/div><\/div><div class=\"g-cols wpb_row via_flex valign_top type_default stacking_default\"><div class=\"vc_col-sm-12 wpb_column vc_column_container\"><div class=\"vc_column-inner\"><div class=\"wpb_wrapper\"><div class=\"wpb_text_column\"><div class=\"wpb_wrapper\"><h3>\u00bfC\u00f3mo reparo mis elevadores de nitr\u00f3geno?<\/h3>\n<p><strong>1.Determine el kit de reparaci\u00f3n necesario:<\/strong><br \/>\nElevador de nitr\u00f3geno de dos postes SL2.090 \u2013 Kit de reparaci\u00f3n SL2.RK.090<br \/>\nElevador de nitr\u00f3geno de dos postes SL2.180 \u2013 Kit de reparaci\u00f3n SL2.RK.180<br \/>\nSLN.090 Elevador de nitr\u00f3geno SLN.090 \u2013 Kit de reparaci\u00f3n SLN.RK.090<br \/>\nSLN.180 Elevador de nitr\u00f3geno SLN.180 \u2013 Kit de reparaci\u00f3n SLN.RK.180<br \/>\nSLN.300 Elevador de nitr\u00f3geno SLN.300- Kit de reparaci\u00f3n SLN.RK.300<br \/>\nSLC.500 Elevador de nitr\u00f3geno SLC.500 \u2013 Kit de reparaci\u00f3n SLC.RK.500<br \/>\nSLC.800 Elevador de nitr\u00f3geno SLC.800 \u2013 Kit de reparaci\u00f3n SLC.RK.800<\/p>\n<p><strong>2. Siga el bolet\u00edn de reparaci\u00f3n para reparar los elevadores de nitr\u00f3geno:<\/strong><\/p>\n<\/div><\/div><div class=\"w-hwrapper valign_top wrap align_none\"><div class=\"w-btn-wrapper align_none\"><a class=\"w-btn us-btn-style_1\" target=\"_blank\" href=\"https:\/\/www.dadco.net\/wp-content\/uploads\/2018\/07\/SL2.090-Long-Stk-Accessories.pdf\"><span class=\"w-btn-label\">Elevador de nitr\u00f3geno de dos postes SL2.090 \u2013 Instrucciones de mantenimiento<\/span><\/a><\/div><div class=\"w-btn-wrapper align_none\"><a class=\"w-btn us-btn-style_1\" target=\"_blank\" href=\"https:\/\/www.dadco.net\/wp-content\/uploads\/2013\/02\/sl2180_repair.pdf\"><span class=\"w-btn-label\">Elevador de nitr\u00f3geno de dos postes SL2.180 \u2013 Instrucciones de mantenimiento se usa junto con el<\/span><\/a><\/div><div class=\"w-btn-wrapper align_none\"><a class=\"w-btn us-btn-style_1\" target=\"_blank\" href=\"https:\/\/www.dadco.net\/wp-content\/uploads\/2013\/02\/sln090_maintenance.pdf\"><span class=\"w-btn-label\">SLN.090 Elevador de nitr\u00f3geno SLN.090 \u2013 Instrucciones de Mantenimiento<\/span><\/a><\/div><div class=\"w-btn-wrapper align_none\"><a class=\"w-btn us-btn-style_1\" target=\"_blank\" href=\"https:\/\/www.dadco.net\/wp-content\/uploads\/2013\/02\/sln300_repair_insert.pdf\"><span class=\"w-btn-label\">SLN.300 Elevador de nitr\u00f3geno SLN.090 \u2013 Instrucciones de Mantenimiento<\/span><\/a><\/div><div class=\"w-btn-wrapper align_none\"><a class=\"w-btn us-btn-style_1\" target=\"_blank\" href=\"https:\/\/www.dadco.net\/wp-content\/uploads\/2013\/02\/sln300_repair_insert.pdf\"><span class=\"w-btn-label\">Instrucciones complementarias (B07129A)<\/span><\/a><\/div><div class=\"w-btn-wrapper align_none\"><a class=\"w-btn us-btn-style_1\" target=\"_blank\" href=\"https:\/\/www.dadco.net\/wp-content\/uploads\/2013\/02\/slc500_800_maint_instr.pdf\"><span class=\"w-btn-label\">SLC.500\/SLC.800 Elevadores de nitr\u00f3geno con riel SLC.500\/SLC.800 \u2013 Instrucciones de Mantenimiento<\/span><\/a><\/div><\/div><\/div><\/div><\/div><\/div><\/div><\/div><\/div><\/div><\/div><\/div><\/div><\/div><\/div><\/div><\/section>\n","protected":false},"excerpt":{"rendered":"Instalaci\u00f3n\u00bfC\u00f3mo instalo mis nuevos elevadores de nitr\u00f3geno? Instalaci\u00f3n y operaci\u00f3n de los elevadores de nitr\u00f3genoReparaci\u00f3n\u00bfC\u00f3mo instalo mis nuevos elevadores de nitr\u00f3geno? Instalaci\u00f3n y operaci\u00f3n de los elevadores de nitr\u00f3geno\u00bfC\u00f3mo reparo mis elevadores de nitr\u00f3geno? 1.Determine el kit de reparaci\u00f3n necesario: Elevador de nitr\u00f3geno de dos postes SL2.090 \u2013 Kit de reparaci\u00f3n SL2.RK.090 Elevador de nitr\u00f3geno...","protected":false},"author":1,"featured_media":0,"parent":14572,"menu_order":2,"comment_status":"closed","ping_status":"closed","template":"","meta":{"_acf_changed":false,"footnotes":""},"class_list":["post-14589","page","type-page","status-publish","hentry"],"acf":[],"_links":{"self":[{"href":"https:\/\/www.dadco.net\/es\/wp-json\/wp\/v2\/pages\/14589","targetHints":{"allow":["GET"]}}],"collection":[{"href":"https:\/\/www.dadco.net\/es\/wp-json\/wp\/v2\/pages"}],"about":[{"href":"https:\/\/www.dadco.net\/es\/wp-json\/wp\/v2\/types\/page"}],"author":[{"embeddable":true,"href":"https:\/\/www.dadco.net\/es\/wp-json\/wp\/v2\/users\/1"}],"replies":[{"embeddable":true,"href":"https:\/\/www.dadco.net\/es\/wp-json\/wp\/v2\/comments?post=14589"}],"version-history":[{"count":5,"href":"https:\/\/www.dadco.net\/es\/wp-json\/wp\/v2\/pages\/14589\/revisions"}],"predecessor-version":[{"id":31151,"href":"https:\/\/www.dadco.net\/es\/wp-json\/wp\/v2\/pages\/14589\/revisions\/31151"}],"up":[{"embeddable":true,"href":"https:\/\/www.dadco.net\/es\/wp-json\/wp\/v2\/pages\/14572"}],"wp:attachment":[{"href":"https:\/\/www.dadco.net\/es\/wp-json\/wp\/v2\/media?parent=14589"}],"curies":[{"name":"wp","href":"https:\/\/api.w.org\/{rel}","templated":true}]}}