{"id":14546,"date":"2022-10-25T16:41:35","date_gmt":"2022-10-25T16:41:35","guid":{"rendered":"https:\/\/www.dadco.net\/productos\/power-components\/"},"modified":"2023-12-27T13:35:28","modified_gmt":"2023-12-27T18:35:28","slug":"power-components","status":"publish","type":"page","link":"https:\/\/www.dadco.net\/es\/productos\/power-components\/","title":{"rendered":"Power Components"},"content":{"rendered":"<section class=\"l-section wpb_row height_auto\"><div class=\"l-section-h i-cf\"><div class=\"g-cols vc_row via_flex valign_top type_default stacking_default\"><div class=\"vc_col-sm-12 wpb_column vc_column_container\"><div class=\"vc_column-inner\"><div class=\"wpb_wrapper\"><div class=\"w-tabs style_default switch_click accordion has_scrolling\"><div class=\"w-tabs-sections titles-align_none icon_chevron cpos_right\"><div class=\"w-tabs-section active\" id=\"a9ca\"><button class=\"w-tabs-section-header active\" aria-controls=\"content-a9ca\" aria-expanded=\"true\"><h2 class=\"w-tabs-section-title\">Power Components &#8211; Actuadores Power Lift<\/h2><div class=\"w-tabs-section-control\"><\/div><\/button><div  class=\"w-tabs-section-content\" id=\"content-a9ca\"><div class=\"w-tabs-section-content-h i-cf\"><div class=\"g-cols wpb_row via_flex valign_top type_default stacking_default\"><div class=\"vc_col-sm-12 wpb_column vc_column_container\"><div class=\"vc_column-inner\"><div class=\"wpb_wrapper\"><div class=\"wpb_text_column\"><div class=\"wpb_wrapper\"><p><img loading=\"lazy\" decoding=\"async\" class=\"size-full wp-image-8568 alignright\" src=\"https:\/\/www.dadco.net\/wp-content\/uploads\/2018\/03\/pla_group-e1662481019704.jpg\" alt=\"\" width=\"151\" height=\"148\"><\/p>\n<h3>Actuadores Power Lift<\/h3>\n<p>El Actuador Power Lift es un dispositivo automatizado de transmisi\u00f3n de energ\u00eda que convierte el movimiento giratorio en movimiento lineal cuando est\u00e1 conectado a una fuente de energ\u00eda, como ser\u00eda cilindro o un motor.<\/p>\n<p>Dise\u00f1ado para aplicaciones de espacio limitado, el Power Lift Actuator puede elevar, bajar, girar, sujetar, empujar, tirar, comprobar, posicionar o accionar cualquier unidad de carga o accesorio de forma sencilla y econ\u00f3mica. La serie Power Lift Actuator es amplia y ofrece unidades con capacidad 1:1 \u00f3 2:1, diversas opciones de montaje universales y varias opciones de cubo. Para facilitar los dise\u00f1os de instalaci\u00f3n, hay disponibles plantillas CAD para la serie de actuadores Power Lift.<\/p>\n<\/div><\/div><div class=\"w-btn-wrapper align_none\"><a class=\"w-btn us-btn-style_1 icon_atleft\" target=\"_blank\" href=\"https:\/\/www.dadco.net\/wp-content\/uploads\/2018\/03\/pla_catalog.pdf\"><i class=\"fas fa-print\"><\/i><span class=\"w-btn-label\">Serie 1-4 PDF para imprimir<\/span><\/a><\/div><div class=\"w-btn-wrapper align_none\"><a class=\"w-btn us-btn-style_1 icon_atleft\" target=\"_blank\" href=\"https:\/\/www.dadco.net\/wp-content\/uploads\/2018\/03\/pla_5.pdf\"><i class=\"fas fa-print\"><\/i><span class=\"w-btn-label\">Serie 5 PDF para imprimir<\/span><\/a><\/div><\/div><\/div><\/div><\/div><\/div><\/div><\/div><\/div><\/div><\/div><\/div><\/div><\/div><\/div><\/section>\n","protected":false},"excerpt":{"rendered":"Power Components &#8211; Actuadores Power Lift Actuadores Power Lift El Actuador Power Lift es un dispositivo automatizado de transmisi\u00f3n de energ\u00eda que convierte el movimiento giratorio en movimiento lineal cuando est\u00e1 conectado a una fuente de energ\u00eda, como ser\u00eda cilindro o un motor. Dise\u00f1ado para aplicaciones de espacio limitado, el Power Lift Actuator puede elevar,...","protected":false},"author":1,"featured_media":0,"parent":14306,"menu_order":8,"comment_status":"closed","ping_status":"closed","template":"","meta":{"footnotes":""},"class_list":["post-14546","page","type-page","status-publish","hentry"],"acf":[],"_links":{"self":[{"href":"https:\/\/www.dadco.net\/es\/wp-json\/wp\/v2\/pages\/14546","targetHints":{"allow":["GET"]}}],"collection":[{"href":"https:\/\/www.dadco.net\/es\/wp-json\/wp\/v2\/pages"}],"about":[{"href":"https:\/\/www.dadco.net\/es\/wp-json\/wp\/v2\/types\/page"}],"author":[{"embeddable":true,"href":"https:\/\/www.dadco.net\/es\/wp-json\/wp\/v2\/users\/1"}],"replies":[{"embeddable":true,"href":"https:\/\/www.dadco.net\/es\/wp-json\/wp\/v2\/comments?post=14546"}],"version-history":[{"count":5,"href":"https:\/\/www.dadco.net\/es\/wp-json\/wp\/v2\/pages\/14546\/revisions"}],"predecessor-version":[{"id":30328,"href":"https:\/\/www.dadco.net\/es\/wp-json\/wp\/v2\/pages\/14546\/revisions\/30328"}],"up":[{"embeddable":true,"href":"https:\/\/www.dadco.net\/es\/wp-json\/wp\/v2\/pages\/14306"}],"wp:attachment":[{"href":"https:\/\/www.dadco.net\/es\/wp-json\/wp\/v2\/media?parent=14546"}],"curies":[{"name":"wp","href":"https:\/\/api.w.org\/{rel}","templated":true}]}}