{"id":14508,"date":"2022-09-01T15:32:37","date_gmt":"2022-09-01T19:32:37","guid":{"rendered":"https:\/\/www.dadco.net\/soporte\/"},"modified":"2024-01-25T23:30:08","modified_gmt":"2024-01-26T04:30:08","slug":"soporte","status":"publish","type":"page","link":"https:\/\/www.dadco.net\/es\/soporte\/","title":{"rendered":"Soporte"},"content":{"rendered":"<section class=\"l-section wpb_row height_medium\"><div class=\"l-section-h i-cf\"><div class=\"g-cols vc_row via_flex valign_top type_default stacking_default\"><div class=\"vc_col-sm-12 wpb_column vc_column_container\"><div class=\"vc_column-inner\"><div class=\"wpb_wrapper\"><h1 class=\"w-post-elm post_custom_field us_custom_eb849559 type_text h1_title color_link_inherit\"><span class=\"w-post-elm-value\">Soporte<\/span><\/h1><\/div><\/div><\/div><\/div><\/div><\/section><section class=\"l-section wpb_row large-text height_auto\"><div class=\"l-section-h i-cf\"><div class=\"g-cols vc_row via_flex valign_top type_default stacking_default\"><div class=\"vc_col-sm-12 wpb_column vc_column_container\"><div class=\"vc_column-inner\"><div class=\"wpb_wrapper\"><div class=\"wpb_text_column large-text\"><div class=\"wpb_wrapper\"><p>DADCO ofrece una amplia colecci\u00f3n de materiales de referencia, desde preguntas frecuentes hasta boletines de soporte.<\/p>\n<\/div><\/div><\/div><\/div><\/div><\/div><\/div><\/section><section class=\"l-section wpb_row product-support height_medium\"><div class=\"l-section-h i-cf\"><div class=\"g-cols vc_row via_flex valign_top type_default stacking_default\"><div class=\"vc_col-sm-4 wpb_column vc_column_container\"><div class=\"vc_column-inner\"><div class=\"wpb_wrapper\"><div class=\"w-iconbox iconpos_top style_default color_primary align_center no_text icontype_img\"><a title=\"Sistemas y Resortes de Nitr\u00f3geno\" href=\"https:\/\/www.dadco.net\/es\/soporte\/nitrogen-gas-springs-systems\/\" class=\"w-iconbox-link\" aria-label=\"Sistemas y Resortes de Nitr\u00f3geno\"><div class=\"w-iconbox-icon\" style=\"font-size:15rem;\"><img loading=\"lazy\" decoding=\"async\" width=\"400\" height=\"274\" src=\"https:\/\/www.dadco.net\/wp-content\/uploads\/2023\/03\/Nitrogen-Gas-Springs-Systems.png\" class=\"attachment-full size-full\" alt=\"\" srcset=\"https:\/\/www.dadco.net\/wp-content\/uploads\/2023\/03\/Nitrogen-Gas-Springs-Systems.png 400w, https:\/\/www.dadco.net\/wp-content\/uploads\/2023\/03\/Nitrogen-Gas-Springs-Systems-300x206.png 300w\" sizes=\"auto, (max-width: 400px) 100vw, 400px\" \/><\/div><\/a><div class=\"w-iconbox-meta\"><a title=\"Sistemas y Resortes de Nitr\u00f3geno\" href=\"https:\/\/www.dadco.net\/es\/soporte\/nitrogen-gas-springs-systems\/\" class=\"w-iconbox-link\" aria-label=\"Sistemas y Resortes de Nitr\u00f3geno\"><h3 class=\"w-iconbox-title\">Sistemas y Resortes de Nitr\u00f3geno<\/h3><\/a><\/div><\/div><\/div><\/div><\/div><div class=\"vc_col-sm-4 wpb_column vc_column_container\"><div class=\"vc_column-inner\"><div class=\"wpb_wrapper\"><div class=\"w-iconbox iconpos_top style_default color_primary align_center no_text icontype_img\"><a title=\"Elevadores de nitr\u00f3geno\" href=\"https:\/\/www.dadco.net\/es\/soporte\/elevadores-de-nitrogeno\/\" class=\"w-iconbox-link\" aria-label=\"Elevadores de nitr\u00f3geno\"><div class=\"w-iconbox-icon\" style=\"font-size:15rem;\"><img loading=\"lazy\" decoding=\"async\" width=\"400\" height=\"246\" src=\"https:\/\/www.dadco.net\/wp-content\/uploads\/2023\/03\/Nitrogen-Gas-Spring-Lifters.jpg\" class=\"attachment-full size-full\" alt=\"\" srcset=\"https:\/\/www.dadco.net\/wp-content\/uploads\/2023\/03\/Nitrogen-Gas-Spring-Lifters.jpg 400w, https:\/\/www.dadco.net\/wp-content\/uploads\/2023\/03\/Nitrogen-Gas-Spring-Lifters-300x185.jpg 300w\" sizes=\"auto, (max-width: 400px) 100vw, 400px\" \/><\/div><\/a><div class=\"w-iconbox-meta\"><a title=\"Elevadores de nitr\u00f3geno\" href=\"https:\/\/www.dadco.net\/es\/soporte\/elevadores-de-nitrogeno\/\" class=\"w-iconbox-link\" aria-label=\"Elevadores de nitr\u00f3geno\"><h3 class=\"w-iconbox-title\">Elevadores de nitr\u00f3geno<\/h3><\/a><\/div><\/div><\/div><\/div><\/div><div class=\"vc_col-sm-4 wpb_column vc_column_container\"><div class=\"vc_column-inner\"><div class=\"wpb_wrapper\"><div class=\"w-iconbox iconpos_top style_default color_primary align_center no_text icontype_img\"><a href=\"https:\/\/www.dadco.net\/es\/soporte\/grs-grs-hd\/\" class=\"w-iconbox-link\" aria-label=\"GRS\/GRS.HD\"><div class=\"w-iconbox-icon\" style=\"font-size:15rem;\"><img loading=\"lazy\" decoding=\"async\" width=\"400\" height=\"244\" src=\"https:\/\/www.dadco.net\/wp-content\/uploads\/2023\/03\/GRS-GRS.HD_-1.png\" class=\"attachment-full size-full\" alt=\"\" srcset=\"https:\/\/www.dadco.net\/wp-content\/uploads\/2023\/03\/GRS-GRS.HD_-1.png 400w, https:\/\/www.dadco.net\/wp-content\/uploads\/2023\/03\/GRS-GRS.HD_-1-300x183.png 300w\" sizes=\"auto, (max-width: 400px) 100vw, 400px\" \/><\/div><\/a><div class=\"w-iconbox-meta\"><a href=\"https:\/\/www.dadco.net\/es\/soporte\/grs-grs-hd\/\" class=\"w-iconbox-link\" aria-label=\"GRS\/GRS.HD\"><h3 class=\"w-iconbox-title\">GRS\/GRS.HD<\/h3><\/a><\/div><\/div><\/div><\/div><\/div><\/div><\/div><\/section><section class=\"l-section wpb_row product-support height_medium\"><div class=\"l-section-h i-cf\"><div class=\"g-cols vc_row via_flex valign_top type_default stacking_default\"><div class=\"vc_col-sm-4 wpb_column vc_column_container\"><div class=\"vc_column-inner\"><div class=\"wpb_wrapper\"><div class=\"w-iconbox iconpos_top style_default color_primary align_center no_text icontype_img\"><a title=\"Sistemas de Retorno Retardado\" href=\"https:\/\/www.dadco.net\/es\/soporte\/sistemas-de-retorno-retardado\/\" class=\"w-iconbox-link\" aria-label=\"Sistemas de Retorno Retardado\"><div class=\"w-iconbox-icon\" style=\"font-size:15rem;\"><img loading=\"lazy\" decoding=\"async\" width=\"500\" height=\"435\" src=\"https:\/\/www.dadco.net\/wp-content\/uploads\/2023\/05\/DRS-Manual-Cover-website-1.png\" class=\"attachment-full size-full\" alt=\"\" srcset=\"https:\/\/www.dadco.net\/wp-content\/uploads\/2023\/05\/DRS-Manual-Cover-website-1.png 500w, https:\/\/www.dadco.net\/wp-content\/uploads\/2023\/05\/DRS-Manual-Cover-website-1-300x261.png 300w\" sizes=\"auto, (max-width: 500px) 100vw, 500px\" \/><\/div><\/a><div class=\"w-iconbox-meta\"><a title=\"Sistemas de Retorno Retardado\" href=\"https:\/\/www.dadco.net\/es\/soporte\/sistemas-de-retorno-retardado\/\" class=\"w-iconbox-link\" aria-label=\"Sistemas de Retorno Retardado\"><h3 class=\"w-iconbox-title\">Sistemas de Retorno Retardado<\/h3><\/a><\/div><\/div><\/div><\/div><\/div><div class=\"vc_col-sm-4 wpb_column vc_column_container\"><div class=\"vc_column-inner\"><div class=\"wpb_wrapper\"><div class=\"w-iconbox iconpos_top style_default color_primary align_center no_text icontype_img\"><a title=\"Cilindros neum\u00e1ticos m\u00e9tricos HP\" href=\"https:\/\/www.dadco.net\/es\/soporte\/hp-metric-air-cylinders\/\" class=\"w-iconbox-link\" aria-label=\"Cilindros neum\u00e1ticos m\u00e9tricos HP\"><div class=\"w-iconbox-icon\" style=\"font-size:15rem;\"><img loading=\"lazy\" decoding=\"async\" width=\"400\" height=\"319\" src=\"https:\/\/www.dadco.net\/wp-content\/uploads\/2023\/03\/hp-cover-1.png\" class=\"attachment-full size-full\" alt=\"\" srcset=\"https:\/\/www.dadco.net\/wp-content\/uploads\/2023\/03\/hp-cover-1.png 400w, https:\/\/www.dadco.net\/wp-content\/uploads\/2023\/03\/hp-cover-1-300x239.png 300w\" sizes=\"auto, (max-width: 400px) 100vw, 400px\" \/><\/div><\/a><div class=\"w-iconbox-meta\"><a title=\"Cilindros neum\u00e1ticos m\u00e9tricos HP\" href=\"https:\/\/www.dadco.net\/es\/soporte\/hp-metric-air-cylinders\/\" class=\"w-iconbox-link\" aria-label=\"Cilindros neum\u00e1ticos m\u00e9tricos HP\"><h3 class=\"w-iconbox-title\">Cilindros neum\u00e1ticos m\u00e9tricos HP<\/h3><\/a><\/div><\/div><\/div><\/div><\/div><div class=\"vc_col-sm-4 wpb_column vc_column_container\"><div class=\"vc_column-inner\"><div class=\"wpb_wrapper\"><div class=\"w-iconbox iconpos_top style_default color_primary align_center\"><a title=\"Video\" href=\"https:\/\/www.dadco.net\/es\/soporte\/video\/\" class=\"w-iconbox-link\" aria-label=\"V\u00eddeos instructivos\"><div class=\"w-iconbox-icon\" style=\"font-size:5rem;\"><i class=\"fas fa-video\"><\/i><\/div><\/a><div class=\"w-iconbox-meta\"><a title=\"Video\" href=\"https:\/\/www.dadco.net\/es\/soporte\/video\/\" class=\"w-iconbox-link\" aria-label=\"V\u00eddeos instructivos\"><h3 class=\"w-iconbox-title\">V\u00eddeos instructivos<\/h3><\/a><div class=\"w-iconbox-text\"><p>DADCO cuenta con una extensa biblioteca de videos de producto para ayudar a los clientes&#8230;<\/p>\n<\/div><\/div><\/div><\/div><\/div><\/div><\/div><\/div><\/section><section class=\"l-section wpb_row product-support height_medium\"><div class=\"l-section-h i-cf\"><div class=\"g-cols vc_row via_flex valign_middle type_default stacking_default\"><div class=\"vc_col-sm-4 wpb_column vc_column_container\"><div class=\"vc_column-inner\"><div class=\"wpb_wrapper\"><div class=\"w-iconbox iconpos_top style_default color_primary align_center\"><a title=\"Preguntas Frecuentes\" href=\"https:\/\/www.dadco.net\/es\/soporte\/preguntas-frecuentes\/resortes-de-nitrogeno\/\" class=\"w-iconbox-link\" aria-label=\"Preguntas Frecuentes\"><div class=\"w-iconbox-icon\" style=\"font-size:5rem;\"><i class=\"fas fa-question-circle\"><\/i><\/div><\/a><div class=\"w-iconbox-meta\"><a title=\"Preguntas Frecuentes\" href=\"https:\/\/www.dadco.net\/es\/soporte\/preguntas-frecuentes\/resortes-de-nitrogeno\/\" class=\"w-iconbox-link\" aria-label=\"Preguntas Frecuentes\"><h3 class=\"w-iconbox-title\">Preguntas Frecuentes<\/h3><\/a><div class=\"w-iconbox-text\"><p>Tiene alguna pregunta sobre alguno de nuestros productos&#8230;<\/p>\n<\/div><\/div><\/div><\/div><\/div><\/div><\/div><\/div><\/section>\n","protected":false},"excerpt":{"rendered":"SoporteDADCO ofrece una amplia colecci\u00f3n de materiales de referencia, desde preguntas frecuentes hasta boletines de soporte. Sistemas y Resortes de Nitr\u00f3genoElevadores de nitr\u00f3genoGRS\/GRS.HDSistemas de Retorno RetardadoCilindros neum\u00e1ticos m\u00e9tricos HPV\u00eddeos instructivosDADCO cuenta con una extensa biblioteca de videos de producto para ayudar a los clientes... Preguntas FrecuentesTiene alguna pregunta sobre alguno de nuestros productos...","protected":false},"author":1,"featured_media":0,"parent":0,"menu_order":0,"comment_status":"closed","ping_status":"closed","template":"","meta":{"footnotes":""},"class_list":["post-14508","page","type-page","status-publish","hentry"],"acf":[],"_links":{"self":[{"href":"https:\/\/www.dadco.net\/es\/wp-json\/wp\/v2\/pages\/14508","targetHints":{"allow":["GET"]}}],"collection":[{"href":"https:\/\/www.dadco.net\/es\/wp-json\/wp\/v2\/pages"}],"about":[{"href":"https:\/\/www.dadco.net\/es\/wp-json\/wp\/v2\/types\/page"}],"author":[{"embeddable":true,"href":"https:\/\/www.dadco.net\/es\/wp-json\/wp\/v2\/users\/1"}],"replies":[{"embeddable":true,"href":"https:\/\/www.dadco.net\/es\/wp-json\/wp\/v2\/comments?post=14508"}],"version-history":[{"count":5,"href":"https:\/\/www.dadco.net\/es\/wp-json\/wp\/v2\/pages\/14508\/revisions"}],"predecessor-version":[{"id":30897,"href":"https:\/\/www.dadco.net\/es\/wp-json\/wp\/v2\/pages\/14508\/revisions\/30897"}],"wp:attachment":[{"href":"https:\/\/www.dadco.net\/es\/wp-json\/wp\/v2\/media?parent=14508"}],"curies":[{"name":"wp","href":"https:\/\/api.w.org\/{rel}","templated":true}]}}