{"id":14490,"date":"2022-09-02T15:29:37","date_gmt":"2022-09-02T15:29:37","guid":{"rendered":"https:\/\/www.dadco.net\/productos\/sistema-power-cam\/"},"modified":"2023-12-27T13:17:32","modified_gmt":"2023-12-27T18:17:32","slug":"sistema-power-cam","status":"publish","type":"page","link":"https:\/\/www.dadco.net\/es\/productos\/sistema-power-cam\/","title":{"rendered":"Sistema Power Cam"},"content":{"rendered":"<section class=\"l-section wpb_row height_auto\"><div class=\"l-section-h i-cf\"><div class=\"g-cols vc_row via_flex valign_top type_default stacking_default\"><div class=\"vc_col-sm-12 wpb_column vc_column_container\"><div class=\"vc_column-inner\"><div class=\"wpb_wrapper\"><div class=\"wpb_text_column\"><div class=\"wpb_wrapper\"><p>El sistema Power Cam y Power Pump de DADCO se utiliza normalmente para operaciones secundarias dentro del troquel (perforar, formar, formaci\u00f3n, hacer pesta\u00f1as, etc.) y puede reemplazar las herramientas existentes para crear un dise\u00f1o simplificado ahorrando tiempo y dinero. Cada sistema requiere al menos un Power Cam, un Power Pump y un m\u00e9todo de comunicaci\u00f3n entre los dos, por ejemplo una manguera hidr\u00e1ulica. DADCO ofrece dos sistemas Power Cam y Power Pump:<\/p>\n<\/div><\/div><\/div><\/div><\/div><\/div><\/div><\/section><section class=\"l-section wpb_row height_medium\"><div class=\"l-section-h i-cf\"><div class=\"g-cols vc_row via_flex valign_top type_default stacking_default\"><div class=\"vc_col-sm-12 wpb_column vc_column_container\"><div class=\"vc_column-inner\"><div class=\"wpb_wrapper\"><div class=\"w-tabs style_default switch_click accordion has_scrolling\"><div class=\"w-tabs-sections titles-align_none icon_chevron cpos_right\"><div class=\"w-tabs-section active\" id=\"zc9e\"><button class=\"w-tabs-section-header active\" aria-controls=\"content-zc9e\" aria-expanded=\"true\"><h2 class=\"w-tabs-section-title\">Sistema Power Cam y Power Pump<\/h2><div class=\"w-tabs-section-control\"><\/div><\/button><div  class=\"w-tabs-section-content\" id=\"content-zc9e\"><div class=\"w-tabs-section-content-h i-cf\"><div class=\"g-cols wpb_row via_flex valign_top type_default stacking_default\"><div class=\"vc_col-sm-12 wpb_column vc_column_container\"><div class=\"vc_column-inner\"><div class=\"wpb_wrapper\"><div class=\"wpb_text_column\"><div class=\"wpb_wrapper\"><h3><img loading=\"lazy\" decoding=\"async\" class=\"size-full wp-image-497 alignright\" src=\"https:\/\/www.dadco.net\/wp-content\/uploads\/2013\/02\/power_cam_group.gif\" alt=\"\" width=\"157\" height=\"170\">Sistema Power Cam<\/h3>\n<p>Dise\u00f1ados con componentes gu\u00eda de alta calidad para garantizar una vida excepcional, DADCO ofrece dos Sistemas Power Cam y Power Pump con diferentes clasificaciones de fuerza (15 kN, 40 kN) para dar cabida a una variedad de operaciones. Cada sistema requiere al menos un Power Cam, un Power Pump y un m\u00e9todo de comunicaci\u00f3n entre los dos, por ejemplo una manguera hidr\u00e1ulica. El Power Pump se compone de un cilindro hidr\u00e1ulico y de un acumulador de nitr\u00f3geno sobre aceite, montado sobre una base de distribuci\u00f3n (manifold). El Power Cam es un actuador compacto que es accionado por el Power Pump y puede instalarse en cualquier orientaci\u00f3n. Cuando se instalan en conjunto las mismas series y modelos de carrera, la Power Pump transferir\u00e1 su recorrido, velocidad y presi\u00f3n a la Power Cam con una relaci\u00f3n de 1:1.<\/p>\n<\/div><\/div><div class=\"w-btn-wrapper align_none\"><a class=\"w-btn us-btn-style_1 icon_atleft\" target=\"_blank\" rel=\"nofollow\" href=\"https:\/\/www.dadco.net\/CDS\/catalog-en\/?page=search&amp;cid=pow_cam_pow_pump_sys\"><i class=\"fas fa-list\"><\/i><span class=\"w-btn-label\">Cat\u00e1logo en l\u00ednea<\/span><\/a><\/div><div class=\"w-btn-wrapper align_none\"><a class=\"w-btn us-btn-style_1 icon_atleft\" target=\"_blank\" href=\"https:\/\/www.dadco.net\/wp-content\/uploads\/2013\/02\/power_cam_catalog1.pdf\"><i class=\"fas fa-print\"><\/i><span class=\"w-btn-label\">PDF para imprimir<\/span><\/a><\/div><div class=\"w-btn-wrapper align_none\"><a class=\"w-btn us-btn-style_1 icon_atleft\" target=\"_blank\" href=\"https:\/\/www.dadco.net\/wp-content\/uploads\/2013\/02\/powercam_installation_bulletin.pdf\"><i class=\"fas fa-info\"><\/i><span class=\"w-btn-label\">Bolet\u00edn Relacionado<\/span><\/a><\/div><div class=\"w-btn-wrapper align_none\"><a class=\"w-btn us-btn-style_1 icon_atleft\" target=\"_blank\" href=\"https:\/\/youtu.be\/JpqORazq38Q\"><i class=\"fas fa-video\"><\/i><span class=\"w-btn-label\">Video<\/span><\/a><\/div><\/div><\/div><\/div><\/div><\/div><\/div><\/div><\/div><\/div><\/div><\/div><\/div><\/div><\/div><\/section>\n","protected":false},"excerpt":{"rendered":"El sistema Power Cam y Power Pump de DADCO se utiliza normalmente para operaciones secundarias dentro del troquel (perforar, formar, formaci\u00f3n, hacer pesta\u00f1as, etc.) y puede reemplazar las herramientas existentes para crear un dise\u00f1o simplificado ahorrando tiempo y dinero. Cada sistema requiere al menos un Power Cam, un Power Pump y un m\u00e9todo de comunicaci\u00f3n...","protected":false},"author":1,"featured_media":0,"parent":14306,"menu_order":7,"comment_status":"closed","ping_status":"closed","template":"","meta":{"footnotes":""},"class_list":["post-14490","page","type-page","status-publish","hentry"],"acf":[],"_links":{"self":[{"href":"https:\/\/www.dadco.net\/es\/wp-json\/wp\/v2\/pages\/14490","targetHints":{"allow":["GET"]}}],"collection":[{"href":"https:\/\/www.dadco.net\/es\/wp-json\/wp\/v2\/pages"}],"about":[{"href":"https:\/\/www.dadco.net\/es\/wp-json\/wp\/v2\/types\/page"}],"author":[{"embeddable":true,"href":"https:\/\/www.dadco.net\/es\/wp-json\/wp\/v2\/users\/1"}],"replies":[{"embeddable":true,"href":"https:\/\/www.dadco.net\/es\/wp-json\/wp\/v2\/comments?post=14490"}],"version-history":[{"count":5,"href":"https:\/\/www.dadco.net\/es\/wp-json\/wp\/v2\/pages\/14490\/revisions"}],"predecessor-version":[{"id":30313,"href":"https:\/\/www.dadco.net\/es\/wp-json\/wp\/v2\/pages\/14490\/revisions\/30313"}],"up":[{"embeddable":true,"href":"https:\/\/www.dadco.net\/es\/wp-json\/wp\/v2\/pages\/14306"}],"wp:attachment":[{"href":"https:\/\/www.dadco.net\/es\/wp-json\/wp\/v2\/media?parent=14490"}],"curies":[{"name":"wp","href":"https:\/\/api.w.org\/{rel}","templated":true}]}}