{"id":14476,"date":"2022-09-02T15:29:51","date_gmt":"2022-09-02T19:29:51","guid":{"rendered":"https:\/\/www.dadco.net\/productos\/cilindros-neumaticos\/"},"modified":"2024-11-04T15:38:34","modified_gmt":"2024-11-04T20:38:34","slug":"cilindros-neumaticos","status":"publish","type":"page","link":"https:\/\/www.dadco.net\/es\/productos\/cilindros-neumaticos\/","title":{"rendered":"Cilindros de aire"},"content":{"rendered":"<section class=\"l-section wpb_row height_auto\"><div class=\"l-section-h i-cf\"><div class=\"g-cols vc_row via_flex valign_top type_default stacking_default\"><div class=\"vc_col-sm-12 wpb_column vc_column_container\"><div class=\"vc_column-inner\"><div class=\"wpb_wrapper\"><div class=\"wpb_text_column\"><div class=\"wpb_wrapper\"><p>Los cilindros actuadores neum\u00e1ticos de DADCO son muy vers\u00e1tiles y con una amplia gama de opciones para ajustarse a la mayor\u00eda de los requerimientos individuales de cilindros m\u00e9tricos de nuestros clientes. Estos cilindros cumplen o exceden la mayor\u00eda de los est\u00e1ndares mundiales, incluidos los NAAMS (North American Automotive Metric Standards), ISO 6431 ( International Standards Organization) y los est\u00e1ndares alemanes, (Verband Deutscher Maschinen \u2013 und Anlagenbau e.V. \u2014 VDMA 24-562).<\/p>\n<\/div><\/div><\/div><\/div><\/div><\/div><\/div><\/section><section class=\"l-section wpb_row height_medium\"><div class=\"l-section-h i-cf\"><div class=\"g-cols vc_row via_flex valign_top type_default stacking_default\"><div class=\"vc_col-sm-12 wpb_column vc_column_container\"><div class=\"vc_column-inner\"><div class=\"wpb_wrapper\"><div class=\"w-tabs style_default switch_click accordion has_scrolling\"><div class=\"w-tabs-sections titles-align_none icon_chevron cpos_right\"><div class=\"w-tabs-section active\" id=\"qa80\"><button class=\"w-tabs-section-header active\" aria-controls=\"content-qa80\" aria-expanded=\"true\"><h2 class=\"w-tabs-section-title\">Cilindros actuadores neum\u00e1ticos HP<\/h2><div class=\"w-tabs-section-control\"><\/div><\/button><div  class=\"w-tabs-section-content\" id=\"content-qa80\"><div class=\"w-tabs-section-content-h i-cf\"><div class=\"g-cols wpb_row via_flex valign_top type_default stacking_default\"><div class=\"vc_col-sm-12 wpb_column vc_column_container\"><div class=\"vc_column-inner\"><div class=\"wpb_wrapper\"><div class=\"wpb_text_column\"><div class=\"wpb_wrapper\"><p><img loading=\"lazy\" decoding=\"async\" class=\"size-full wp-image-500 alignright\" src=\"https:\/\/www.dadco.net\/wp-content\/uploads\/2013\/02\/hp_group.gif\" alt=\"\" width=\"157\" height=\"170\"><\/p>\n<h3>Cilindros actuadores neum\u00e1ticos HP<\/h3>\n<p>Extremadamente durable y vers\u00e1til, la serie HP ofrece modelos con diez di\u00e1metros diferentes (de 32 mm a 250 mm), presentando puertos BSPP est\u00e1ndar y un modelo opcional antigiro. Fabricados para cumplir con los rigurosos est\u00e1ndares, estos cilindros neum\u00e1ticos se componen de tubos y pistones de aluminio anticorrosivos, de alta resistencia y alta calidad. Adicionalmente incluyen controles ajustables de amortiguamiento en cada extremo, bujes con doble v\u00e1stago y lubricaci\u00f3n permanente. Un amplio surtido de montajes ajustables, cabeza de v\u00e1stago alternativa, adaptadores y accesorios completan la l\u00ednea de productos.<\/p>\n<\/div><\/div><div class=\"w-btn-wrapper align_none\"><a class=\"w-btn us-btn-style_1 icon_atleft\" target=\"_blank\" rel=\"nofollow\" href=\"https:\/\/www.dadco.net\/CDS\/catalog-en\/?page=search&amp;cid=air_cylinders\"><i class=\"fas fa-list\"><\/i><span class=\"w-btn-label\">Cat\u00e1logo en l\u00ednea<\/span><\/a><\/div><div class=\"w-btn-wrapper align_none\"><a class=\"w-btn us-btn-style_1 icon_atleft\" target=\"_blank\" href=\"https:\/\/www.dadco.net\/wp-content\/uploads\/2023\/06\/span_hp_catalog.pdf\"><i class=\"fas fa-print\"><\/i><span class=\"w-btn-label\">PDF para imprimir<\/span><\/a><\/div><\/div><\/div><\/div><\/div><div class=\"g-cols wpb_row via_flex valign_top type_default stacking_default\"><div class=\"vc_col-sm-12 wpb_column vc_column_container\"><div class=\"vc_column-inner\"><div class=\"wpb_wrapper\"><div class=\"wpb_text_column\"><div class=\"wpb_wrapper\"><h3>HP3.40 Cilindro neum\u00e1tico de doble acci\u00f3n<\/h3>\n<p>El HP3.40 de DADCO es un nuevo cilindro m\u00e9trico neum\u00e1tico de tres posiciones que ofrece posiciones completamente extendidas y completamente retra\u00eddas, as\u00ed como una posici\u00f3n intermedia fija que se puede alcanzar tanto en la carrera de avance como en la de retorno seg\u00fan los controles de suministro de aire.<\/p>\n<\/div><\/div><div class=\"w-btn-wrapper align_none\"><a class=\"w-btn us-btn-style_1 icon_atleft\" target=\"_blank\" rel=\"nofollow\" href=\"https:\/\/www.dadco.net\/CDS\/catalog-en\/?page=search&amp;cid=hp3_main_cylinder\"><i class=\"fas fa-list\"><\/i><span class=\"w-btn-label\">Cat\u00e1logo en l\u00ednea<\/span><\/a><\/div><div class=\"w-btn-wrapper align_none\"><a class=\"w-btn us-btn-style_1 icon_atleft\" target=\"_blank\" href=\"https:\/\/www.dadco.net\/wp-content\/uploads\/2023\/09\/spanish_HP3.pdf\"><i class=\"fas fa-print\"><\/i><span class=\"w-btn-label\">PDF para imprimir<\/span><\/a><\/div><\/div><\/div><\/div><\/div><div class=\"g-cols wpb_row via_flex valign_top type_default stacking_default\"><div class=\"vc_col-sm-12 wpb_column vc_column_container\"><div class=\"vc_column-inner\"><div class=\"wpb_wrapper\"><div class=\"wpb_text_column\"><div class=\"wpb_wrapper\"><h3>Cilindros neum\u00e1ticos anti giro en sistema m\u00e9trico<\/h3>\n<p>Dise\u00f1ado especificamente para aplicaciones con espacio limitado, el HP.STB.50 es una soluci\u00f3n que ahorra espacio. El Cilindro Neum\u00e1tico se suministra con un sistema de amortiguaci\u00f3n ajustable en ambos extremos para satisfacer las necesidades de velocidad y desaceleraci\u00f3n.<\/p>\n<\/div><\/div><div class=\"w-btn-wrapper align_none\"><a class=\"w-btn us-btn-style_1 icon_atleft\" target=\"_blank\" href=\"https:\/\/www.dadco.net\/wp-content\/uploads\/2019\/01\/HP_nonrotating.pdf\"><i class=\"fas fa-print\"><\/i><span class=\"w-btn-label\">PDF para imprimir<\/span><\/a><\/div><\/div><\/div><\/div><\/div><div class=\"g-cols wpb_row via_flex valign_top type_default stacking_default\"><div class=\"vc_col-sm-12 wpb_column vc_column_container\"><div class=\"vc_column-inner\"><div class=\"wpb_wrapper\"><div class=\"wpb_text_column\"><div class=\"wpb_wrapper\"><h3>Elevador directo de un solo poste<\/h3>\n<p>El cilindro neum\u00e1tico m\u00e9trico HP de 40 mm de di\u00e1metro, combinado con un conjunto de placas de montaje y un v\u00e1stago gu\u00eda integrado, brinda elevaci\u00f3n antigiro, ideal para usar como un elevador de tiras compacto.<\/p>\n<\/div><\/div><div class=\"w-btn-wrapper align_none\"><a class=\"w-btn us-btn-style_1 icon_atleft\" target=\"_blank\" href=\"https:\/\/www.dadco.net\/wp-content\/uploads\/2022\/05\/single_post_lift.pdf\"><i class=\"fas fa-print\"><\/i><span class=\"w-btn-label\">PDF para imprimir<\/span><\/a><\/div><\/div><\/div><\/div><\/div><div class=\"g-cols wpb_row via_flex valign_top type_default stacking_default\"><div class=\"vc_col-sm-12 wpb_column vc_column_container\"><div class=\"vc_column-inner\"><div class=\"wpb_wrapper\"><div class=\"wpb_text_column\"><div class=\"wpb_wrapper\"><h3>Sistema LP.HP.NY<\/h3>\n<p>Este sistema est\u00e1 dise\u00f1ado para cumplir con la especificaci\u00f3n de General Motors, GM#N90.80.105. El juego completo contiene dos cilindros neum\u00e1ticos HP DADCO antigiro de 40 mm de di\u00e1metro, equipados con sensores de proximidad y soportes grandes para adaptarse a diversas configuraciones de montaje. El juego consta de un regulador de aire, un cable y mangueras neum\u00e1tica para facilitar la instalaci\u00f3n.<\/p>\n<\/div><\/div><div class=\"w-btn-wrapper align_none\"><a class=\"w-btn us-btn-style_1 icon_atleft\" target=\"_blank\" href=\"https:\/\/www.dadco.net\/wp-content\/uploads\/2022\/07\/LP.HP_.NY-System-Set_revc.pdf\"><i class=\"fas fa-print\"><\/i><span class=\"w-btn-label\">PDF para imprimir<\/span><\/a><\/div><\/div><\/div><\/div><\/div><\/div><\/div><\/div><\/div><\/div><\/div><\/div><\/div><\/div><\/div><\/section>\n","protected":false},"excerpt":{"rendered":"Los cilindros actuadores neum\u00e1ticos de DADCO son muy vers\u00e1tiles y con una amplia gama de opciones para ajustarse a la mayor\u00eda de los requerimientos individuales de cilindros m\u00e9tricos de nuestros clientes. Estos cilindros cumplen o exceden la mayor\u00eda de los est\u00e1ndares mundiales, incluidos los NAAMS (North American Automotive Metric Standards), ISO 6431 ( International Standards...","protected":false},"author":1,"featured_media":0,"parent":14306,"menu_order":6,"comment_status":"closed","ping_status":"closed","template":"","meta":{"footnotes":""},"class_list":["post-14476","page","type-page","status-publish","hentry"],"acf":[],"_links":{"self":[{"href":"https:\/\/www.dadco.net\/es\/wp-json\/wp\/v2\/pages\/14476","targetHints":{"allow":["GET"]}}],"collection":[{"href":"https:\/\/www.dadco.net\/es\/wp-json\/wp\/v2\/pages"}],"about":[{"href":"https:\/\/www.dadco.net\/es\/wp-json\/wp\/v2\/types\/page"}],"author":[{"embeddable":true,"href":"https:\/\/www.dadco.net\/es\/wp-json\/wp\/v2\/users\/1"}],"replies":[{"embeddable":true,"href":"https:\/\/www.dadco.net\/es\/wp-json\/wp\/v2\/comments?post=14476"}],"version-history":[{"count":5,"href":"https:\/\/www.dadco.net\/es\/wp-json\/wp\/v2\/pages\/14476\/revisions"}],"predecessor-version":[{"id":32282,"href":"https:\/\/www.dadco.net\/es\/wp-json\/wp\/v2\/pages\/14476\/revisions\/32282"}],"up":[{"embeddable":true,"href":"https:\/\/www.dadco.net\/es\/wp-json\/wp\/v2\/pages\/14306"}],"wp:attachment":[{"href":"https:\/\/www.dadco.net\/es\/wp-json\/wp\/v2\/media?parent=14476"}],"curies":[{"name":"wp","href":"https:\/\/api.w.org\/{rel}","templated":true}]}}