{"id":14470,"date":"2022-09-02T15:29:15","date_gmt":"2022-09-02T15:29:15","guid":{"rendered":"https:\/\/www.dadco.net\/productos\/elevadores-de-nitrogeno\/"},"modified":"2023-12-27T13:13:00","modified_gmt":"2023-12-27T18:13:00","slug":"elevadores-de-nitrogeno","status":"publish","type":"page","link":"https:\/\/www.dadco.net\/es\/productos\/elevadores-de-nitrogeno\/","title":{"rendered":"Elevadores de Nitr\u00f3geno"},"content":{"rendered":"<section class=\"l-section wpb_row height_auto\"><div class=\"l-section-h i-cf\"><div class=\"g-cols vc_row via_flex valign_top type_default stacking_default\"><div class=\"vc_col-sm-12 wpb_column vc_column_container\"><div class=\"vc_column-inner\"><div class=\"wpb_wrapper\"><div class=\"wpb_text_column\"><div class=\"wpb_wrapper\"><p>Ahorre tiempo en dise\u00f1o, construcci\u00f3n e instalaci\u00f3n con la iniciativa todo-en-uno de DADCO de elevadores de nitr\u00f3geno con gu\u00edas. Disponibles en una amplia gama de modelos, incluyendo versiones antigiro y con amortiguaci\u00f3n, esta serie es ideal para troqueles progresivos.<\/p>\n<\/div><\/div><\/div><\/div><\/div><\/div><\/div><\/section><section class=\"l-section wpb_row height_medium\"><div class=\"l-section-h i-cf\"><div class=\"g-cols vc_row via_flex valign_top type_default stacking_default\"><div class=\"vc_col-sm-12 wpb_column vc_column_container\"><div class=\"vc_column-inner\"><div class=\"wpb_wrapper\"><div class=\"w-tabs style_default switch_click accordion\"><div class=\"w-tabs-sections titles-align_none icon_chevron cpos_right\"><div class=\"w-tabs-section active\" id=\"n132\"><button class=\"w-tabs-section-header active\" aria-controls=\"content-n132\" aria-expanded=\"true\"><h2 class=\"w-tabs-section-title\">Elevadores de Nitr\u00f3geno Antigiro<\/h2><div class=\"w-tabs-section-control\"><\/div><\/button><div  class=\"w-tabs-section-content\" id=\"content-n132\"><div class=\"w-tabs-section-content-h i-cf\"><div class=\"g-cols wpb_row via_flex valign_top type_default stacking_default\"><div class=\"vc_col-sm-12 wpb_column vc_column_container\"><div class=\"vc_column-inner\"><div class=\"wpb_wrapper\"><div class=\"wpb_text_column\"><div class=\"wpb_wrapper\"><p><img loading=\"lazy\" decoding=\"async\" class=\"size-full wp-image-468 alignright\" src=\"https:\/\/www.dadco.net\/wp-content\/uploads\/2013\/02\/sln_090_180_group1.jpg\" alt=\"\" width=\"153\" height=\"158\"><\/p>\n<h3>SLN.090 , SLN.180 y SLN.300<\/h3>\n<p>Los elevadores de nitr\u00f3geno antigiro SLN.090 y SLN.180 ofrecen una iniciativa todo-en-uno para aplicaciones de elevaci\u00f3n guiada. Estos elevadores incluyen una gu\u00eda para aplicaciones de elevaci\u00f3n simple, multipunto o de riel y son ideales para troqueles progresivos de estampado. Los tres modelos de fuerza (0.1 toneladas, 0.2 toneladas, 0.3 toneladas) son accionados por resortes de nitr\u00f3geno Micro o Mini de DADCO.<\/p>\n<\/div><\/div><div class=\"w-hwrapper valign_top wrap align_none\"><div class=\"w-btn-wrapper align_none\"><a class=\"w-btn us-btn-style_1 icon_atleft\" target=\"_blank\" rel=\"nofollow\" href=\"https:\/\/www.dadco.net\/CDS\/catalog-en\/?page=search&amp;cid=micro_non-rotating_nitrogen_gas_spring_lifters\"><i class=\"far fa-list\"><\/i><span class=\"w-btn-label\">Cat\u00e1logo en l\u00ednea<\/span><\/a><\/div><div class=\"w-btn-wrapper align_none\"><a class=\"w-btn us-btn-style_1 icon_atleft\" target=\"_blank\" href=\"https:\/\/www.dadco.net\/wp-content\/uploads\/2023\/06\/span_lifters_catalog.pdf#page=5\"><i class=\"fas fa-print\"><\/i><span class=\"w-btn-label\">PDF para imprimir<\/span><\/a><\/div><\/div><\/div><\/div><\/div><\/div><\/div><\/div><\/div><div class=\"w-tabs-section\" id=\"f881\"><button class=\"w-tabs-section-header\" aria-controls=\"content-f881\" aria-expanded=\"false\"><h2 class=\"w-tabs-section-title\">Elevadores de nitr\u00f3geno con riel<\/h2><div class=\"w-tabs-section-control\"><\/div><\/button><div  class=\"w-tabs-section-content\" id=\"content-f881\"><div class=\"w-tabs-section-content-h i-cf\"><div class=\"g-cols wpb_row via_flex valign_top type_default stacking_default\"><div class=\"vc_col-sm-12 wpb_column vc_column_container\"><div class=\"vc_column-inner\"><div class=\"wpb_wrapper\"><div class=\"wpb_text_column\"><div class=\"wpb_wrapper\"><p><img loading=\"lazy\" decoding=\"async\" class=\"size-full wp-image-478 alignright\" src=\"https:\/\/www.dadco.net\/wp-content\/uploads\/2013\/02\/slc500_800pic.jpg\" alt=\"\" width=\"157\" height=\"170\"><\/p>\n<h3>SLC.500, SLC.800<\/h3>\n<p>Los elevadores de nitr\u00f3geno LC.500 y SLC.800 eliminan la necesidad de una gu\u00eda separada y elementos de absorci\u00f3n de impacto y ofrecen elevaci\u00f3n estable en aplicaciones con riel. Estos elevadores, disponibles en dos modelos de fuerza (0.24 toneladas, 0.8 toneladas), se suministran como unidades interconectadas para proporcionar una fuerza uniforme para poder manipular mejor la pieza y son ideales en aplicaciones de elevadores con riel de troqueles progresivos, de sujeci\u00f3n del trabajo y de balanceo.<\/p>\n<\/div><\/div><div class=\"w-hwrapper valign_top wrap align_none\"><div class=\"w-btn-wrapper align_none\"><a class=\"w-btn us-btn-style_1 icon_atleft\" target=\"_blank\" rel=\"nofollow\" href=\"https:\/\/www.dadco.net\/CDS\/catalog-en\/?page=search&amp;cid=nitrogen_gas_spring_rail_lifters\"><i class=\"fas fa-list\"><\/i><span class=\"w-btn-label\">Cat\u00e1logo en l\u00ednea<\/span><\/a><\/div><div class=\"w-btn-wrapper align_none\"><a class=\"w-btn us-btn-style_1 icon_atleft\" target=\"_blank\" href=\"https:\/\/www.dadco.net\/wp-content\/uploads\/2023\/06\/span_lifters_catalog.pdf#page=13\"><i class=\"fas fa-print\"><\/i><span class=\"w-btn-label\">PDF para imprimir<\/span><\/a><\/div><div class=\"w-btn-wrapper align_none\"><a class=\"w-btn us-btn-style_1 icon_atleft\" target=\"_blank\" href=\"https:\/\/youtu.be\/4LPsqptYDgQ\"><i class=\"fas fa-video\"><\/i><span class=\"w-btn-label\">Video<\/span><\/a><\/div><\/div><\/div><\/div><\/div><\/div><\/div><\/div><\/div><div class=\"w-tabs-section\" id=\"of42\"><button class=\"w-tabs-section-header\" aria-controls=\"content-of42\" aria-expanded=\"false\"><h2 class=\"w-tabs-section-title\">Micro elevadores de nitr\u00f3geno de dos postes<\/h2><div class=\"w-tabs-section-control\"><\/div><\/button><div  class=\"w-tabs-section-content\" id=\"content-of42\"><div class=\"w-tabs-section-content-h i-cf\"><div class=\"g-cols wpb_row via_flex valign_top type_default stacking_default\"><div class=\"vc_col-sm-12 wpb_column vc_column_container\"><div class=\"vc_column-inner\"><div class=\"wpb_wrapper\"><div class=\"wpb_text_column\"><div class=\"wpb_wrapper\"><p><img loading=\"lazy\" decoding=\"async\" class=\"alignright wp-image-2563 size-full\" src=\"https:\/\/www.dadco.net\/wp-content\/uploads\/2013\/02\/sl2_090_180_grp1.gif\" alt=\"\" width=\"150\" height=\"93\"><\/p>\n<h3>SL2.090, SL2.180 y SL2.300<\/h3>\n<p>Los elevadores de nitr\u00f3geno de dos postes, SL2.090, SL2.180 y SL2.300 son resistentes y confiables. Estos elevadores cuentan con placas de riel de perfil estrecho (25 mm, 32 mm y 55 mm) para fijaci\u00f3n y son ideales en aplicaciones con elevadores de riel de troqueles progresivos, sujeci\u00f3n del trabajo y balanceo. Los tres modelos de fuerza (0.1 toneladas, 0.2 toneladas, 0.3 toneladas) son accionados por resortes de nitr\u00f3geno Micro o Mini de DADCO.<\/p>\n<\/div><\/div><div class=\"w-btn-wrapper align_none\"><a class=\"w-btn us-btn-style_1 icon_atleft\" target=\"_blank\" rel=\"nofollow\" href=\"https:\/\/www.dadco.net\/CDS\/catalog-en\/?page=search&amp;cid=nitrogen_gas_spring_two_post_lifters\"><i class=\"fas fa-list\"><\/i><span class=\"w-btn-label\">Cat\u00e1logo en l\u00ednea<\/span><\/a><\/div><div class=\"w-btn-wrapper align_none\"><a class=\"w-btn us-btn-style_1 icon_atleft\" target=\"_blank\" href=\"https:\/\/www.dadco.net\/wp-content\/uploads\/2023\/06\/span_lifters_catalog.pdf#page=9\"><i class=\"fas fa-print\"><\/i><span class=\"w-btn-label\">PDF para imprimir<\/span><\/a><\/div><\/div><\/div><\/div><\/div><\/div><\/div><\/div><div class=\"w-tabs-section\" id=\"y46e\"><button class=\"w-tabs-section-header\" aria-controls=\"content-y46e\" aria-expanded=\"false\"><h2 class=\"w-tabs-section-title\">Modelo con Brida<\/h2><div class=\"w-tabs-section-control\"><\/div><\/button><div  class=\"w-tabs-section-content\" id=\"content-y46e\"><div class=\"w-tabs-section-content-h i-cf\"><div class=\"g-cols wpb_row via_flex valign_top type_default stacking_default\"><div class=\"vc_col-sm-12 wpb_column vc_column_container\"><div class=\"vc_column-inner\"><div class=\"wpb_wrapper\"><div class=\"wpb_text_column\"><div class=\"wpb_wrapper\"><p><img loading=\"lazy\" decoding=\"async\" class=\"alignright wp-image-10870 size-full\" src=\"https:\/\/www.dadco.net\/wp-content\/uploads\/2022\/09\/flange_model-e1679326596961.gif\" alt=\"\" width=\"65\" height=\"150\"><\/p>\n<h3>SLN.180 Modelo con brida <\/h3>\n<p>El micro elevador de nitr\u00f3geno con brida, SLN.180 cumple con los est\u00e1ndares de troquel de Ford (WDX06-80M) para componentes y se utiliza para extraer las piezas del troquel en aplicaciones de conformado. Se ofrecen dos opciones de modelos para dar cabida a diferentes tipos de aplicaciones de extracci\u00f3n para rebordeadoras.<\/p>\n<\/div><\/div><div class=\"w-btn-wrapper align_none\"><a class=\"w-btn us-btn-style_1 icon_atleft\" target=\"_blank\" rel=\"nofollow\" href=\"https:\/\/www.dadco.net\/CDS\/catalog-en\/?page=search&amp;cid=micro_non-rotating_nitrogen_gas_spring_lifters\"><i class=\"fas fa-list\"><\/i><span class=\"w-btn-label\">Cat\u00e1logo en l\u00ednea<\/span><\/a><\/div><div class=\"w-btn-wrapper align_none\"><a class=\"w-btn us-btn-style_1 icon_atleft\" target=\"_blank\" href=\"https:\/\/www.dadco.net\/wp-content\/uploads\/2023\/06\/span_lifters_catalog.pdf#page=15\"><i class=\"fas fa-print\"><\/i><span class=\"w-btn-label\">PDF para imprimir<\/span><\/a><\/div><\/div><\/div><\/div><\/div><\/div><\/div><\/div><\/div><\/div><\/div><\/div><\/div><\/div><\/div><\/section>\n","protected":false},"excerpt":{"rendered":"Ahorre tiempo en dise\u00f1o, construcci\u00f3n e instalaci\u00f3n con la iniciativa todo-en-uno de DADCO de elevadores de nitr\u00f3geno con gu\u00edas. Disponibles en una amplia gama de modelos, incluyendo versiones antigiro y con amortiguaci\u00f3n, esta serie es ideal para troqueles progresivos. Elevadores de Nitr\u00f3geno Antigiro SLN.090 , SLN.180 y SLN.300 Los elevadores de nitr\u00f3geno antigiro SLN.090 y...","protected":false},"author":1,"featured_media":0,"parent":14306,"menu_order":4,"comment_status":"closed","ping_status":"closed","template":"","meta":{"footnotes":""},"class_list":["post-14470","page","type-page","status-publish","hentry"],"acf":[],"_links":{"self":[{"href":"https:\/\/www.dadco.net\/es\/wp-json\/wp\/v2\/pages\/14470","targetHints":{"allow":["GET"]}}],"collection":[{"href":"https:\/\/www.dadco.net\/es\/wp-json\/wp\/v2\/pages"}],"about":[{"href":"https:\/\/www.dadco.net\/es\/wp-json\/wp\/v2\/types\/page"}],"author":[{"embeddable":true,"href":"https:\/\/www.dadco.net\/es\/wp-json\/wp\/v2\/users\/1"}],"replies":[{"embeddable":true,"href":"https:\/\/www.dadco.net\/es\/wp-json\/wp\/v2\/comments?post=14470"}],"version-history":[{"count":5,"href":"https:\/\/www.dadco.net\/es\/wp-json\/wp\/v2\/pages\/14470\/revisions"}],"predecessor-version":[{"id":30307,"href":"https:\/\/www.dadco.net\/es\/wp-json\/wp\/v2\/pages\/14470\/revisions\/30307"}],"up":[{"embeddable":true,"href":"https:\/\/www.dadco.net\/es\/wp-json\/wp\/v2\/pages\/14306"}],"wp:attachment":[{"href":"https:\/\/www.dadco.net\/es\/wp-json\/wp\/v2\/media?parent=14470"}],"curies":[{"name":"wp","href":"https:\/\/api.w.org\/{rel}","templated":true}]}}