{"id":14444,"date":"2022-09-02T15:29:26","date_gmt":"2022-09-02T19:29:26","guid":{"rendered":"https:\/\/www.dadco.net\/productos\/juegos-de-guias-de-retencion\/"},"modified":"2026-02-04T12:54:25","modified_gmt":"2026-02-04T17:54:25","slug":"juegos-de-guias-de-retencion","status":"publish","type":"page","link":"https:\/\/www.dadco.net\/es\/productos\/juegos-de-guias-de-retencion\/","title":{"rendered":"Juegos de gu\u00edas de retenci\u00f3n"},"content":{"rendered":"<section class=\"l-section wpb_row height_auto\"><div class=\"l-section-h i-cf\"><div class=\"g-cols vc_row via_flex valign_top type_default stacking_default\"><div class=\"vc_col-sm-12 wpb_column vc_column_container\"><div class=\"vc_column-inner\"><div class=\"wpb_wrapper\"><div class=\"wpb_text_column\"><div class=\"wpb_wrapper\"><p>Las Gu\u00edas de Retenci\u00f3n de DADCO (GRS) se utilizan para reemplazar los pernos, bujes y bobinas comunes. Esta l\u00ednea de productos cuenta con un dise\u00f1o robusto con carcasa de una sola pieza que incluye limpiadores superior e inferior, carcasa de retenci\u00f3n con ajuste de precisi\u00f3n, bujes compuestos y dos opciones de montaje con retenedores. Agujeros de fijaci\u00f3n situados en la parte superior del v\u00e1stago gu\u00eda que permiten contar con sujetadores largos para un acoplamiento en rosca y mayor resistencia al impacto.<\/p>\n<\/div><\/div><\/div><\/div><\/div><\/div><\/div><\/section><section class=\"l-section wpb_row height_medium\"><div class=\"l-section-h i-cf\"><div class=\"g-cols vc_row via_flex valign_top type_default stacking_default\"><div class=\"vc_col-sm-12 wpb_column vc_column_container\"><div class=\"vc_column-inner\"><div class=\"wpb_wrapper\"><div class=\"w-tabs style_default switch_click accordion\"><div class=\"w-tabs-sections titles-align_none icon_chevron cpos_right\"><div class=\"w-tabs-section active\" id=\"c6b5\"><button class=\"w-tabs-section-header active\" aria-controls=\"content-c6b5\" aria-expanded=\"true\"><h2 class=\"w-tabs-section-title\">Juegos de gu\u00edas de retenci\u00f3n<\/h2><div class=\"w-tabs-section-control\"><\/div><\/button><div  class=\"w-tabs-section-content\" id=\"content-c6b5\"><div class=\"w-tabs-section-content-h i-cf\"><div class=\"g-cols wpb_row via_flex valign_top type_default stacking_default\"><div class=\"vc_col-sm-12 wpb_column vc_column_container\"><div class=\"vc_column-inner\"><div class=\"wpb_wrapper\"><div class=\"wpb_text_column\"><div class=\"wpb_wrapper\"><p><img loading=\"lazy\" decoding=\"async\" class=\"alignright wp-image-8532 size-full\" src=\"https:\/\/www.dadco.net\/wp-content\/uploads\/2017\/12\/grs_new-group-photo_2017-e1679326408986.jpg\" alt=\"\" width=\"180\" height=\"120\"><\/p>\n<h3>Juegos de gu\u00edas de retenci\u00f3n est\u00e1ndar y para trabajo pesado (GRS \/ GRS.HD)<\/h3>\n<p>Las gu\u00edas de retenci\u00f3n de la serie GRS est\u00e1n disponibles en seis modelos de di\u00e1metro de v\u00e1stago est\u00e1ndar (25 mm, 30 mm, 36 mm, 45 mm, 50 mm y 65 mm) y se pueden solicitar en longitudes de carrera incrementales de 20 mm a 150 mm o m\u00e1s. Los modelos est\u00e1ndar brindan gu\u00eda y retenci\u00f3n combinadas con carcasas robustas de una pieza y limpiadores superior e inferior. Los modelos HD para trabajo pesado, disponibles con di\u00e1metro de v\u00e1stago de 30 mm, 36 mm, 45 mm, 50 mm y 65 mm, son m\u00e1s robustos, ideales para aplicaciones muy exigentes y su robusta configuraci\u00f3n permite hasta 10 veces la masa y mayor velocidad de operaci\u00f3n que los modelos est\u00e1ndar.<\/p>\n<\/div><\/div><div class=\"w-hwrapper valign_top wrap align_none\"><div class=\"w-btn-wrapper align_none\"><a class=\"w-btn us-btn-style_1 icon_atleft\" target=\"_blank\" rel=\"nofollow\" href=\"https:\/\/www.dadco.net\/CDS\/catalog-en\/?page=search&amp;cid=guide_retainer_sets\"><i class=\"far fa-list\"><\/i><span class=\"w-btn-label\">Cat\u00e1logo en l\u00ednea<\/span><\/a><\/div><div class=\"w-btn-wrapper align_none\"><a class=\"w-btn us-btn-style_1 icon_atleft\" target=\"_blank\" rel=\"nofollow\" href=\"https:\/\/www.dadco.net\/wp-content\/uploads\/2026\/02\/spanish_grs_catalog.pdf\"><i class=\"fas fa-print\"><\/i><span class=\"w-btn-label\">PDF para imprimir<\/span><\/a><\/div><\/div><\/div><\/div><\/div><\/div><div class=\"g-cols wpb_row via_flex valign_top type_default stacking_default\"><div class=\"vc_col-sm-12 wpb_column vc_column_container\"><div class=\"vc_column-inner\"><div class=\"wpb_wrapper\"><div class=\"wpb_text_column\"><div class=\"wpb_wrapper\"><h3>GRS.20.HD1\/HD2<\/h3>\n<p>Presentamos la nueva incorporaci\u00f3n a la l\u00ednea Heavy Duty GRS: los modelos GRS.20.HD1 y GRS.20.HD2. Estos modelos son los m\u00e1s compactos dentro de la Serie Heavy Duty (HD), con el di\u00e1metro de v\u00e1stago m\u00e1s peque\u00f1o, pero ofreciendo un rendimiento de primera categor\u00eda.  Gracias a sus componentes guiados de alta calidad, estos modelos garantizan una vida \u00fatil prolongada, asegurando durabilidad y confiabilidad en cualquier aplicaci\u00f3n.<\/p>\n<\/div><\/div><div class=\"w-hwrapper valign_top wrap align_none\"><div class=\"w-btn-wrapper align_none\"><a class=\"w-btn us-btn-style_1 icon_atleft\" target=\"_blank\" rel=\"nofollow\" href=\"https:\/\/www.dadco.net\/CDS\/catalog-en\/?page=search&amp;cid=grs_25_hd1_hd2\"><i class=\"far fa-list\"><\/i><span class=\"w-btn-label\">Cat\u00e1logo en l\u00ednea<\/span><\/a><\/div><div class=\"w-btn-wrapper align_none\"><a class=\"w-btn us-btn-style_1 icon_atleft\" target=\"_blank\" rel=\"nofollow\" href=\"https:\/\/www.dadco.net\/wp-content\/uploads\/2024\/08\/Spanish-GRS.20-Bulletin.pdf\"><i class=\"fas fa-print\"><\/i><span class=\"w-btn-label\">PDF para imprimir<\/span><\/a><\/div><\/div><\/div><\/div><\/div><\/div><div class=\"g-cols wpb_row via_flex valign_top type_default stacking_default\"><div class=\"vc_col-sm-12 wpb_column vc_column_container\"><div class=\"vc_column-inner\"><div class=\"wpb_wrapper\"><div class=\"wpb_text_column\"><div class=\"wpb_wrapper\"><h3>GRS.25.HD1\/HD2<\/h3>\n<p>Presentamos la nueva incorporaci\u00f3n a la l\u00ednea Heavy Duty GRS: los modelos GRS.25.HD1 y GRS.25.HD2. Gracias a sus componentes guiados de alta calidad, estos modelos garantizan una vida \u00fatil prolongada, asegurando durabilidad y confiabilidad en cualquier aplicaci\u00f3n.<\/p>\n<\/div><\/div><div class=\"w-hwrapper valign_top wrap align_none\"><div class=\"w-btn-wrapper align_none\"><a class=\"w-btn us-btn-style_1 icon_atleft\" target=\"_blank\" rel=\"nofollow\" href=\"https:\/\/www.dadco.net\/CDS\/catalog-en\/?page=search&amp;cid=grs_25_hd1_hd2\"><i class=\"far fa-list\"><\/i><span class=\"w-btn-label\">Cat\u00e1logo en l\u00ednea<\/span><\/a><\/div><div class=\"w-btn-wrapper align_none\"><a class=\"w-btn us-btn-style_1 icon_atleft\" target=\"_blank\" rel=\"nofollow\" href=\"https:\/\/www.dadco.net\/wp-content\/uploads\/2023\/11\/B23126-Spanish-GRS.25.HD_.pdf\"><i class=\"fas fa-print\"><\/i><span class=\"w-btn-label\">PDF para imprimir<\/span><\/a><\/div><\/div><\/div><\/div><\/div><\/div><div class=\"g-cols wpb_row via_flex valign_top type_default stacking_default\"><div class=\"vc_col-sm-12 wpb_column vc_column_container\"><div class=\"vc_column-inner\"><div class=\"wpb_wrapper\"><div class=\"wpb_text_column\"><div class=\"wpb_wrapper\"><h3>GRS.45.HD4\/HD5<\/h3>\n<p>\u00a1Ya est\u00e1n aqu\u00ed los nuevos GRS.45.HD4 y GRS.45.HD5! Los dos modelos ofrecen retenedores de perfil bajo, con una construcci\u00f3n resistente para la instalaci\u00f3n en rieles.<\/p>\n<\/div><\/div><div class=\"w-hwrapper valign_top wrap align_none\"><div class=\"w-btn-wrapper align_none\"><a class=\"w-btn us-btn-style_1 icon_atleft\" target=\"_blank\" rel=\"nofollow\" href=\"https:\/\/www.dadco.net\/CDS\/catalog-en\/?page=search&amp;cid=grs_hd\"><i class=\"far fa-list\"><\/i><span class=\"w-btn-label\">Cat\u00e1logo en l\u00ednea<\/span><\/a><\/div><div class=\"w-btn-wrapper align_none\"><a class=\"w-btn us-btn-style_1 icon_atleft\" target=\"_blank\" href=\"https:\/\/www.dadco.net\/wp-content\/uploads\/2023\/06\/span_GRS.45.HD4_5.pdf\"><i class=\"fas fa-print\"><\/i><span class=\"w-btn-label\">PDF para imprimir<\/span><\/a><\/div><\/div><\/div><\/div><\/div><\/div><div class=\"g-cols wpb_row via_flex valign_top type_default stacking_default\"><div class=\"vc_col-sm-12 wpb_column vc_column_container\"><div class=\"vc_column-inner\"><div class=\"wpb_wrapper\"><div class=\"wpb_text_column\"><div class=\"wpb_wrapper\"><h3>GRS.50.HD2\/HD3<\/h3>\n<p>\u00a1Ya est\u00e1n aqu\u00ed los nuevos GRS.50.HD2 y GRS.50.HD3 Los dos modelos ofrecen retenedores de perfil bajo, con una construcci\u00f3n resistente para la instalaci\u00f3n en rieles.<\/p>\n<\/div><\/div><div class=\"w-hwrapper valign_top wrap align_none\"><div class=\"w-btn-wrapper align_none\"><a class=\"w-btn us-btn-style_1 icon_atleft\" target=\"_blank\" rel=\"nofollow\" href=\"https:\/\/www.dadco.net\/CDS\/catalog-en\/?page=search&amp;cid=grs_hd\"><i class=\"far fa-list\"><\/i><span class=\"w-btn-label\">Cat\u00e1logo en l\u00ednea<\/span><\/a><\/div><div class=\"w-btn-wrapper align_none\"><a class=\"w-btn us-btn-style_1 icon_atleft\" target=\"_blank\" rel=\"nofollow\" href=\"https:\/\/www.dadco.net\/wp-content\/uploads\/2025\/07\/GRS.50.HD2_HD3.pdf\"><i class=\"fas fa-print\"><\/i><span class=\"w-btn-label\">PDF para imprimir<\/span><\/a><\/div><\/div><\/div><\/div><\/div><\/div><\/div><\/div><\/div><\/div><\/div><\/div><\/div><\/div><\/div><\/div><\/section>\n","protected":false},"excerpt":{"rendered":"Las Gu\u00edas de Retenci\u00f3n de DADCO (GRS) se utilizan para reemplazar los pernos, bujes y bobinas comunes. Esta l\u00ednea de productos cuenta con un dise\u00f1o robusto con carcasa de una sola pieza que incluye limpiadores superior e inferior, carcasa de retenci\u00f3n con ajuste de precisi\u00f3n, bujes compuestos y dos opciones de montaje con retenedores. Agujeros...","protected":false},"author":1,"featured_media":0,"parent":14306,"menu_order":3,"comment_status":"closed","ping_status":"closed","template":"","meta":{"footnotes":""},"class_list":["post-14444","page","type-page","status-publish","hentry"],"acf":[],"_links":{"self":[{"href":"https:\/\/www.dadco.net\/es\/wp-json\/wp\/v2\/pages\/14444","targetHints":{"allow":["GET"]}}],"collection":[{"href":"https:\/\/www.dadco.net\/es\/wp-json\/wp\/v2\/pages"}],"about":[{"href":"https:\/\/www.dadco.net\/es\/wp-json\/wp\/v2\/types\/page"}],"author":[{"embeddable":true,"href":"https:\/\/www.dadco.net\/es\/wp-json\/wp\/v2\/users\/1"}],"replies":[{"embeddable":true,"href":"https:\/\/www.dadco.net\/es\/wp-json\/wp\/v2\/comments?post=14444"}],"version-history":[{"count":7,"href":"https:\/\/www.dadco.net\/es\/wp-json\/wp\/v2\/pages\/14444\/revisions"}],"predecessor-version":[{"id":33632,"href":"https:\/\/www.dadco.net\/es\/wp-json\/wp\/v2\/pages\/14444\/revisions\/33632"}],"up":[{"embeddable":true,"href":"https:\/\/www.dadco.net\/es\/wp-json\/wp\/v2\/pages\/14306"}],"wp:attachment":[{"href":"https:\/\/www.dadco.net\/es\/wp-json\/wp\/v2\/media?parent=14444"}],"curies":[{"name":"wp","href":"https:\/\/api.w.org\/{rel}","templated":true}]}}